{"id":4373,"date":"2025-05-22T14:56:27","date_gmt":"2025-05-22T17:56:27","guid":{"rendered":"https:\/\/uenf.br\/posgraduacao\/biociencias-biotecnologia\/?page_id=4373"},"modified":"2025-08-27T09:34:59","modified_gmt":"2025-08-27T12:34:59","slug":"1997-mestrado","status":"publish","type":"page","link":"https:\/\/uenf.br\/posgraduacao\/biociencias-biotecnologia\/1997-mestrado\/","title":{"rendered":"Ano 1997 Mestrado"},"content":{"rendered":"<p><strong>Disserta\u00e7\u00e3o de Mestrado 1997<\/strong><strong>:<\/strong><\/p>\n<p><strong>1 \u2013ADRIANA LANFREDI RANGEL\u00a0\u00a0 <\/strong><\/p>\n<p><strong>\u00a0Data<\/strong>: 04\/06\/1997<\/p>\n<p><strong>T\u00edtulo: \u201c<\/strong>CONTRIBUI\u00c7\u00c3O AO ESTUDO ULTRAESTRUTUTURAL DE TROFOZO\u00cdTOS DE GIARDIA LAMBLIA\u201d<\/p>\n<p><strong>Orientador: <\/strong>Wanderley de Souza<\/p>\n<p>_______________________________________________<\/p>\n<p><strong>2 \u2013ANA PAULA MADEIRA DI BENEDITTO<\/strong><\/p>\n<p><strong>Data<\/strong>: 21\/08\/1997<\/p>\n<p><strong>T\u00edtulo<\/strong>: \u201cCAPTURA ACIDENTAL DE PEQUENOS CET\u00c1CEOS EM REDE DE ESPERA: UMA AMEA\u00c7A \u00c0S POPULA\u00c7\u00d5ES DO NORTE DO RIO DE JANEIRO?\u201d<\/p>\n<p><strong>Orientador: <\/strong>Neuza Rejane Wille Lima<\/p>\n<p><strong>Banca: <\/strong>Rui Cerqueira Silva<\/p>\n<p>Emygdio Leite de Ara\u00fajo Monteiro-Filho<\/p>\n<p>Ilana Rosental Zalmon<\/p>\n<p>_______________________________________________<\/p>\n<p><strong>3\u2013 ALESSANDRA ROCHA MELO<\/strong><\/p>\n<p><strong>Data<\/strong>: 26\/08\/1997<\/p>\n<p><strong>T\u00edtulo<\/strong>: \u201cINTERA\u00c7\u00c3O ENTRE SUBUNIDADES DO COMPLEXO NF-KB COM A PRINCIPAL PROTE\u00cdNA DE CHOQUE T\u00c9RMICO-70KDA \u2013 EM C\u00c9LULAS DE LINFOMA ATIVIDADAS\u201d<\/p>\n<p><strong>Orientador: <\/strong>Irina Guzhova<\/p>\n<p><strong>Banca: <\/strong>Ekkehard Hansen<\/p>\n<p>Marta Sampaio de Freitas<\/p>\n<p>Jos\u00e9 Xavier Filho<\/p>\n<p>_______________________________________________<\/p>\n<p><strong>4 \u2013RENATA MARIA ARRUDA RAMOS <\/strong><\/p>\n<p><strong>Data<\/strong>: 14\/10\/1997<\/p>\n<p><strong>T\u00edtulo<\/strong>: \u201cDETERMINA\u00c7\u00c3O DE IDADE E BIOLOGIA REPRODUTIVA DE PONTOPORIA BLAINVILLEI E DA FORMA MARINHA DE SOTALIA FLUVIATILIS (CETACEA: PONTOPORIIDAE E DELPHINIDAE) NO NORTE SO RIO DE JANEIRO\u201d<\/p>\n<p><strong>Orientador: <\/strong>Neuza Rejane Wille Lima<\/p>\n<p><strong>Banca: <\/strong>Paulo C\u00e9sar Sim\u00f5es-Lopes<\/p>\n<p>Luiz Ant\u00f4nio Pereira<\/p>\n<p>Carlos Ruiz-Miranda<\/p>\n<p>_______________________________________________<\/p>\n<p><strong>5 \u2013M\u00c1RCIA MARIA GON\u00c7ALVES<\/strong><\/p>\n<p><strong>Data<\/strong>: 18\/11\/1997<\/p>\n<p><strong>T\u00edtulo<\/strong>: \u201cCARACTER\u00cdSTICAS BIOL\u00d3GICAS E BIOQU\u00cdMICAS DO CRUST\u00c1CEO RENAEIDAE XIPHOPENAEUS KROYERI (HELLER, 1862), CAPTURADO NO LITORAL DE S\u00c3O JO\u00c3O DA BARRA, RJ\u201d<\/p>\n<p><strong>Orientador: <\/strong>Carlos Eduardo de Rezende<\/p>\n<p><strong>Banca: <\/strong>Ilana Rosental Zalmon<\/p>\n<p>Wanderley de Souza<\/p>\n<p>Wolfgang Christian Pfeiffer<\/p>\n<p>_______________________________________________<\/p>\n<p><strong>6 \u2013KARLA CONSORT RIBEIRO\u00a0\u00a0\u00a0 <\/strong><\/p>\n<p><strong>\u00a0Data<\/strong>: 09\/12\/1997<\/p>\n<p><strong>T\u00edtulo: <\/strong>\u201cESTUDO DO PROCESSO MIT\u00d3TICO EM TRITRICHOMONAS FOETUS\u201d<\/p>\n<p><strong>Orientador: <\/strong>Dra Marlene Benchimol<\/p>\n<p>_______________________________________________<\/p>\n<p>&nbsp;<\/p>\n","protected":false},"excerpt":{"rendered":"<p>Disserta\u00e7\u00e3o de Mestrado 1997: 1 \u2013ADRIANA LANFREDI RANGEL\u00a0\u00a0 \u00a0Data: 04\/06\/1997 T\u00edtulo: \u201cCONTRIBUI\u00c7\u00c3O AO ESTUDO ULTRAESTRUTUTURAL DE TROFOZO\u00cdTOS DE GIARDIA LAMBLIA\u201d&#8230;<\/p>\n","protected":false},"author":25,"featured_media":0,"parent":0,"menu_order":0,"comment_status":"closed","ping_status":"closed","template":"","meta":{"footnotes":""},"class_list":["post-4373","page","type-page","status-publish","hentry"],"_links":{"self":[{"href":"https:\/\/uenf.br\/posgraduacao\/biociencias-biotecnologia\/wp-json\/wp\/v2\/pages\/4373","targetHints":{"allow":["GET"]}}],"collection":[{"href":"https:\/\/uenf.br\/posgraduacao\/biociencias-biotecnologia\/wp-json\/wp\/v2\/pages"}],"about":[{"href":"https:\/\/uenf.br\/posgraduacao\/biociencias-biotecnologia\/wp-json\/wp\/v2\/types\/page"}],"author":[{"embeddable":true,"href":"https:\/\/uenf.br\/posgraduacao\/biociencias-biotecnologia\/wp-json\/wp\/v2\/users\/25"}],"replies":[{"embeddable":true,"href":"https:\/\/uenf.br\/posgraduacao\/biociencias-biotecnologia\/wp-json\/wp\/v2\/comments?post=4373"}],"version-history":[{"count":0,"href":"https:\/\/uenf.br\/posgraduacao\/biociencias-biotecnologia\/wp-json\/wp\/v2\/pages\/4373\/revisions"}],"wp:attachment":[{"href":"https:\/\/uenf.br\/posgraduacao\/biociencias-biotecnologia\/wp-json\/wp\/v2\/media?parent=4373"}],"curies":[{"name":"wp","href":"https:\/\/api.w.org\/{rel}","templated":true}]}}