{"id":4389,"date":"2025-05-22T15:11:46","date_gmt":"2025-05-22T18:11:46","guid":{"rendered":"https:\/\/uenf.br\/posgraduacao\/biociencias-biotecnologia\/?page_id=4389"},"modified":"2025-08-27T10:47:24","modified_gmt":"2025-08-27T13:47:24","slug":"ano-2003-mestrado","status":"publish","type":"page","link":"https:\/\/uenf.br\/posgraduacao\/biociencias-biotecnologia\/ano-2003-mestrado\/","title":{"rendered":"Ano 2003 Mestrado"},"content":{"rendered":"<p><strong>Disserta\u00e7\u00e3o de Mestrado 200<\/strong><strong>3:<\/strong><\/p>\n<p><strong>1 \u2013 ADRIANA DIAS MOREIRA MENEZES<\/strong><\/p>\n<p><strong>Data<\/strong>: 24\/02\/2003<\/p>\n<p><strong>T\u00edtulo<\/strong>: \u201cEXPRESS\u00c3O HETER\u00d3LOGA DO GENE atpg1 DE Arabidopsis thaliana QUE CODIFICA PARA A BOMBA AtPGP1 E SUA INTERA\u00c7\u00c3O COM METABOLITOS SECUND\u00c1RIOS\u201d<\/p>\n<p><strong>Orientador: <\/strong>Laura Jane Moreira Santiago<\/p>\n<p><strong>Banca: <\/strong>Gilberto Sachetto Martins<\/p>\n<p>Carlos Roberto Ribeiro Matos<\/p>\n<p>Jo\u00e3o Carlos de Aquino Almeida<\/p>\n<p>_______________________________________________<\/p>\n<p><strong>2\u2013JORGE LUIZ DA CUNHA MORAES<\/strong><\/p>\n<p><strong>Data<\/strong>: 26\/02\/2003<\/p>\n<p><strong>T\u00edtulo<\/strong>: \u201c METABOLISMO GLICOL\u00cdTICO E GLICOGEN\u00d3LICO DURANTE A EMBRIOG\u00caNESE DO CARRAPATO BOVINO Boophilus microplus\u201d<\/p>\n<p><strong>Orientador: <\/strong>Jorge Luiz da Cunha Moraes<\/p>\n<p><strong>Banca:<\/strong> Marcus Fernandes de Oliveira<\/p>\n<p>Jos\u00e9 Xavier Filho<\/p>\n<p>Renato Augusto DaMatta<\/p>\n<p>_______________________________________________<\/p>\n<p><strong>3 \u2013 C\u00cdNTIA NEVES BARRETO CARNEIRO<\/strong><\/p>\n<p><strong>Data<\/strong>: 21\/03\/2003<\/p>\n<p><strong>T\u00edtulo: \u201c<\/strong>ESTUDO DE SACAROSE HIDROLASE NO INTESTINO M\u00c9DIO DE LARVAS DE DIATRAEA SACCHARALIS\u201d<\/p>\n<p><strong>Orientador: <\/strong>Elisa Mitiko Isejima<\/p>\n<p>_______________________________________________<\/p>\n<p><strong>4 \u2013 ROSIVANY AUXILIADORA GOMES<\/strong><\/p>\n<p><strong>Data<\/strong>: 01\/04\/2003<\/p>\n<p><strong>T\u00edtulo<\/strong>: \u201cCARACTERIZA\u00c7\u00c3O MORFOL\u00d3GICA E DISTRIBUI\u00c7\u00c3O DE ESTRUTURAS SECRETORAS DA L\u00c2MINA FOLIAR DE Psidium guajava, Eugenia uniflora E Myviaria cauliflora (MYRTACEAE)\u201d<\/p>\n<p><strong>Orientador: <\/strong>Fl\u00e1vio Costa Miguens<\/p>\n<p><strong>Banca: <\/strong>Cl\u00e1udia Franca Barros<\/p>\n<p>Silverado Felipe da Silveira<\/p>\n<p>Jos\u00e9 Xavier Filho<\/p>\n<p>_______________________________________________<\/p>\n<p><strong>5 \u2013 DANIELE SEIPEL DA SILVA LIM YAN<\/strong><\/p>\n<p><strong>Data<\/strong>: 14\/04\/2003<\/p>\n<p><strong>T\u00edtulo: <\/strong>\u201cCARACTERIZA\u00c7\u00c3O PARASITOL\u00d3GICA E GEN\u00c9TICA DE ISOLADOS DE TOXOPLASMA GONDII OBTIDOS DE GALINHAS DOM\u00c9STICAS (GALLUS DOMESTICUS) NOS MUNIC\u00cdPIOS DE CAMPOS DOS GOYTACAZES, CONCEI\u00c7\u00c3O DE MACABU E CARAPEBUS\/RJ\u201d<\/p>\n<p><strong>Orientador: <\/strong>L\u00edlian Maria Garcia Bahia de Oiveira<\/p>\n<p>_______________________________________________<\/p>\n<p><strong>6 \u2013 RITA DE C\u00c1SSIA MOTH\u00c9 ESCOCARD<\/strong><\/p>\n<p><strong>Data<\/strong>: 15\/04\/2003<\/p>\n<p><strong>T\u00edtulo: <\/strong>\u201cParticipa\u00e7\u00e3o de neutr\u00f3filos no processo inflamat\u00f3rio agudo induzido pelo veneno de Bothrops atrox\u201d<\/p>\n<p><strong>Orientador: <\/strong>Thereza Liberman Kipnis<\/p>\n<p>_______________________________________________<\/p>\n<p><strong>7\u2013MARIANA RANGEL TAVARES<\/strong><\/p>\n<p><strong>Data<\/strong>: 07\/05\/2003<\/p>\n<p><strong>T\u00edtulo<\/strong>: \u201cIDENTIFICA\u00c7\u00c3O E CARACATERIZA\u00c7\u00c3O PARCIAL DE UMA LIPOXIGENASE INDUZIDA EM FOLHAS DE MARACUJ\u00c1 (Passiflora edulis f. flavicarpa) AP\u00d3S FERIMENTO MEC\u00c2NICO E TRATAMENTO COM METIL JAMONATO\u201d<\/p>\n<p><strong>Orientador: <\/strong>T\u00e2nia Jacinto Freitas da Silva<\/p>\n<p><strong>Banca:<\/strong> Rosana Rodrigues<\/p>\n<p>Ant\u00f4nia Elenir Am\u00e2ncio Oliveira<\/p>\n<p>M\u00e1rcio Alves Ferreira<\/p>\n<p>_______________________________________________<\/p>\n<p><strong>8\u2013 CASSIANA ROCHA DE AZEVEDO<\/strong><\/p>\n<p><strong>Data<\/strong>: 12\/05\/2003<\/p>\n<p><strong>T\u00edtulo<\/strong>: \u201cCARACTERIZA\u00c7\u00c3O PARCIAL DE INSULINA DE FOLHAS DE Bauhinia variegata\u201d<\/p>\n<p><strong>Orientador: <\/strong>Jos\u00e9 Xavier-Filho<\/p>\n<p><strong>Banca: <\/strong>Ekkehard Enerst Theodor Hansen<\/p>\n<p>Isabel de F\u00e1tia Correia Batista<\/p>\n<p>Telma Nair Santana Pereira<\/p>\n<p>_______________________________________________<\/p>\n<p><strong>9\u2013 ANDRESSA SALES COELHO <\/strong><\/p>\n<p><strong>Data<\/strong>: 20\/05\/2003<\/p>\n<p><strong>T\u00edtulo: \u201c<\/strong>ONTOGENIA DOS CHOROS E TRINOS EMITIDOS POR MICOS-LE\u00d5ES-DOURADOS, LEONTOPITHECUS ROSALIA\u201d<\/p>\n<p><strong>Orientador: <\/strong>Carlos Ramon Ruiz-Miranda<\/p>\n<p>_______________________________________________<\/p>\n<p><strong>10 \u2013 TATIANA STANISZ NUNES<\/strong><\/p>\n<p><strong>Data<\/strong>: 12\/06\/2003<\/p>\n<p><strong>T\u00edtulo: <\/strong>\u201cCARACTERIZA\u00c7\u00c3O ESPACIAL E TEMPORAL DA COMUNIDADE FITOPLANCT\u00d4NICA DE UMA LAGOA COSTEIRA DA REGI\u00c3O NORTE FLUMINENSE: LAGOA DO A\u00c7U, CAMPOS \/ S\u00c3O JO\u00c3O DA BARRA, RJ\u201d<\/p>\n<p><strong>Orientador: <\/strong>Marina Satika Suzuki<\/p>\n<p>_______________________________________________<\/p>\n<p><strong>11\u2013 ANA PAULA DA SILVA<\/strong><\/p>\n<p><strong>Data<\/strong>: 26\/06\/2003<\/p>\n<p><strong>T\u00edtulo: \u201c<\/strong>CARACTERIZA\u00c7\u00c3O QU\u00cdMICA DO SOLO SUPERFICIAL, PRODU\u00c7\u00c3O DE SERAPILHEIRA E APORTE DE NUTRIENTES EM MOITAS DA FORMA\u00c7\u00c3O ARBUSTIVA ABERTA DE CLUSIA DA RESTINGA DE CARAPEBUS, NO PARQUE NACIONAL DA RESTINGA DE JURUBATIBA, RJ\u201d<\/p>\n<p><strong>Orientador: <\/strong>Dora Mariva Villela<\/p>\n<p>_______________________________________________<\/p>\n<p><strong>12 \u2013 FL\u00c1VIA EMENEGILDA DA SILVA <\/strong><\/p>\n<p><strong>Data<\/strong>: 26\/08\/2003<\/p>\n<p><strong>T\u00edtulo<\/strong>: \u201cO EFEITO DE ALTAS CONCENTRA\u00c7\u00d5ES DE C\u00c1LCIO E GLICOSE SOBRE A ATIVIDADE DAS Ca2+ -ATPases EM MEMBRANAS INTRACELULARES DE Saccharomyces cerevisiae\u201d<\/p>\n<p><strong>Orientador: <\/strong>Lev Alexandrovitch Okorokov<\/p>\n<p><strong>Banca: <\/strong>Elvira Carvajal<\/p>\n<p>Elba Pinto da Silva Bon<\/p>\n<p>Arnoldo Rocha Fa\u00e7anha<\/p>\n<p>_______________________________________________<\/p>\n<p><strong>13 \u2013 MAGDALENA VIANNA FERREIRA <\/strong><\/p>\n<p><strong>Data<\/strong>: 29\/08\/2003<\/p>\n<p><strong>T\u00edtulo<\/strong>: \u201cMECANISMO EFETOR, EXPRESS\u00c3O DE MOL\u00c9CULAS DE SUPERF\u00cdCIE E ALTERA\u00c7\u00d5ES ESTRUTURAI S REFERENTES \u00c0 APOPTOSE in vitro DE TROMB\u00d3CITOS DE GALO\u201d<\/p>\n<p><strong>Orientador: <\/strong>Renato Augusto DaMatta<\/p>\n<p><strong>Banca: <\/strong>Luciana Barreto Chiarini<\/p>\n<p>Carlos Peres Silva<\/p>\n<p>Arnoldo Rocha Fa\u00e7anha<\/p>\n<p>_______________________________________________<\/p>\n<p><strong>14 \u2013 RICARDO DE FREITAS NETTO<\/strong><\/p>\n<p><strong>Data<\/strong>: 01\/09\/2003<\/p>\n<p><strong>T\u00edtulo: <\/strong>\u201cLEVANTAMENTO DAS ARTES DE PESCA NO LITORAL DO ESTADO DO ESP\u00cdRITO SANTO E SUAS INTERA\u00c7\u00d5ES COM CET\u00c1CEOS\u201d<\/p>\n<p><strong>Orientador: <\/strong>Ana Paula Madeira Di Beneditto<\/p>\n<p>_______________________________________________<\/p>\n<p><strong>15 \u2013 ELAINE BERNINI<\/strong><\/p>\n<p><strong>Data<\/strong>: 08\/09\/2003<\/p>\n<p><strong>T\u00edtulo: <\/strong>\u201cESTRUTURA VEGETAL E CONCENTRA\u00c7\u00c3O DE NUTRIENTES DAS FOLHAS E DO SEDIMENTO DAS ESP\u00c9CIES EM FLORESTAS DE MANGUE DO ESTU\u00c1RIO DO RIO PARA\u00cdBA DO SUL, ESTADO DO RIO DE JANEIRO, BRASIL\u201d<\/p>\n<p><strong>Orientador: <\/strong>Carlos Eduardo de Rezende<\/p>\n<p>_______________________________________________<\/p>\n<p><strong>16 \u2013 ALYNE DE OLIVEIRA SILVA<\/strong><\/p>\n<p><strong>Data<\/strong>: 26\/09\/2003<\/p>\n<p><strong>T\u00edtulo<\/strong>: \u201cTRANSFORMA\u00c7\u00c3O DE PLANTAS DE TABACO (Nicotina tabacum L.) COM O GENE LACK DE\u00a0 Leishmania chagasi E AVALIA\u00c7\u00c3O DE SUA EXPRESS\u00c3O\u201d<\/p>\n<p><strong>Orientador: <\/strong>Ekkehard Ernst Theodor Hansen<\/p>\n<p><strong>Banca: <\/strong>Elisabeth Atalla Mansur de Oliveira<\/p>\n<p>Andr\u00e9a Cristina Veto Arnholdt<\/p>\n<p>Jacinto Freitas da Silva<\/p>\n<p>_______________________________________________<\/p>\n<p><strong>17 \u2013 JULIANA MARTINS RIBEIRO<\/strong><\/p>\n<p><strong>Data<\/strong>: 29\/09\/2003<\/p>\n<p><strong>T\u00edtulo<\/strong>: \u201cTRANSFORMA\u00c7\u00c3O DE PLANTAS DE TABACO (Nicotina tabacum L.) COM OS GENES RECOMBINANTES 35SHBsAg E 35 SHBsAgER\u201d<\/p>\n<p><strong>Orientador: <\/strong>Ekkehard Ernst Theodor Hansen<\/p>\n<p><strong>Banca: <\/strong>Ana Carolina Paulo Vicente<\/p>\n<p>K\u00e1tia Valevski Sales Fernandes<\/p>\n<p>Milton Masahiko Kanashiro<\/p>\n<p>_______________________________________________<\/p>\n<p><strong>18 \u2013 GABRIELA \u00cdRIS GOMES<\/strong><\/p>\n<p><strong>Data<\/strong>: 30\/09\/2003<\/p>\n<p><strong>T\u00edtulo<\/strong>: \u201cO ESTADO FUNCIONAL DO SISTEMA COMPLEMENTO EM PACIENTES COM HANSEN\u00cdASE NA CIDADE DE CAMPOS DOS GOYTACAZES\u201d<\/p>\n<p><strong>Orientador: <\/strong>Thereza Liberman Kipnis<\/p>\n<p><strong>Banca: <\/strong>Elizabeth Sampaio Pereira<\/p>\n<p>Anneelise Maria de Oliveira Wilken de Abreu<\/p>\n<p>Elena Lassounskaia<\/p>\n<p>_______________________________________________<\/p>\n<p><strong>19 \u2013 POLIANA DEOLINDO<\/strong><\/p>\n<p><strong>Data<\/strong>: 03\/10\/2003<\/p>\n<p><strong>T\u00edtulo<\/strong>: \u201cFRA\u00c7\u00d5ES DO VENENO DE Bothrops jararaca COM ATIVIDADE DA ENZIMA L-AMINO\u00c1CIDO OXIDASE INDUZEM MORTE CELULAR PROGRAMADA EM EPIMASTIGOTAS DE Trypanosoma cruzi\u201d<\/p>\n<p><strong>Orientador: <\/strong>Elias Walter Alves \/ Renato Augusto DaMatta<\/p>\n<p><strong>Banca:<\/strong><\/p>\n<p>_______________________________________________<\/p>\n<p><strong>20 \u2013 MICHELLE TONIATO RODRIGUES<\/strong><\/p>\n<p><strong>Data<\/strong>: 09\/12\/2003<\/p>\n<p><strong>T\u00edtulo<\/strong>: \u201cDISTRIBUI\u00c7\u00c3O DE MERC\u00daRIO EM Hoplias malabaricus NA POR\u00c7\u00c3O INFERIOR DO RIO PARA\u00cdBA DO SUL\u201d<\/p>\n<p><strong>Orientador: <\/strong>Cristina Maria Magalh\u00e3es de Souza<\/p>\n<p><strong>Banca: <\/strong>Emanoel Vieira da Silva Filho<\/p>\n<p>D\u00e1lcio Ricardo de Andrade<\/p>\n<p>Carlos Eduardo Veiga de Carvalho<\/p>\n<p>Ronaldo Novelli<\/p>\n<p>_______________________________________________<\/p>\n<p><strong>21 \u2013 GLAUCE MAGALH\u00c3ES GON\u00c7ALVES<\/strong><\/p>\n<p><strong>Data<\/strong>: 18\/12\/2003<\/p>\n<p><strong>T\u00edtulo<\/strong>: \u201cDIN\u00c2MICA E FLUXO DE METAIS PESADOS NAS FRA\u00c7\u00d5ES PARTICULADA E DISSOLVIDA NO ESTR\u00daARIO DO RIO PARA\u00cdBA DO SUL, RJ, SOB DIFERENTES CONDI\u00c7\u00d5ES DE MAR\u00c9 E VAZ\u00c3O\u201d<\/p>\n<p><strong>Orientador: <\/strong>Carlos E. Veiga de Carvalho<\/p>\n<p><strong>Banca: <\/strong>Cristina Maria M. de Souza<\/p>\n<p>Marina Satika Suzuki<\/p>\n<p>Jo\u00e3o Paulo Machado Torres<\/p>\n<p>_______________________________________________<\/p>\n<p><strong>22\u2013 M\u00d4NICA CRISTINA RIBEIRO CRESPO<\/strong><\/p>\n<p><strong>Data<\/strong>: 19\/12\/2003<\/p>\n<p><strong>T\u00edtulo<\/strong>: \u201cHIDROQU\u00cdMICA, COMPOSI\u00c7\u00c3O QU\u00cdMICA DO SEDIMENTO E DA COMUNIDADE DE MACR\u00d3FITAS AQU\u00c1TICAS SUBMERSAS DA LAGOA DO CAMPELO, CAMPOS DOS GOYTACAZES \u2013 S\u00c3O FRANCISCO DO ITABAPOANA, RJ\u201d<\/p>\n<p><strong>Orientador: <\/strong>Marina Satika Suzuki<\/p>\n<p><strong>Banca: <\/strong>Val\u00e9ria de Oliveira Fernandes Kale<\/p>\n<p>Glauca Torres Aragon<\/p>\n<p>Paulo Pedrosa Andrade<\/p>\n<p>_______________________________________________<\/p>\n","protected":false},"excerpt":{"rendered":"<p>Disserta\u00e7\u00e3o de Mestrado 2003: 1 \u2013 ADRIANA DIAS MOREIRA MENEZES Data: 24\/02\/2003 T\u00edtulo: \u201cEXPRESS\u00c3O HETER\u00d3LOGA DO GENE atpg1 DE Arabidopsis&#8230;<\/p>\n","protected":false},"author":25,"featured_media":0,"parent":0,"menu_order":0,"comment_status":"closed","ping_status":"closed","template":"","meta":{"footnotes":""},"class_list":["post-4389","page","type-page","status-publish","hentry"],"_links":{"self":[{"href":"https:\/\/uenf.br\/posgraduacao\/biociencias-biotecnologia\/wp-json\/wp\/v2\/pages\/4389","targetHints":{"allow":["GET"]}}],"collection":[{"href":"https:\/\/uenf.br\/posgraduacao\/biociencias-biotecnologia\/wp-json\/wp\/v2\/pages"}],"about":[{"href":"https:\/\/uenf.br\/posgraduacao\/biociencias-biotecnologia\/wp-json\/wp\/v2\/types\/page"}],"author":[{"embeddable":true,"href":"https:\/\/uenf.br\/posgraduacao\/biociencias-biotecnologia\/wp-json\/wp\/v2\/users\/25"}],"replies":[{"embeddable":true,"href":"https:\/\/uenf.br\/posgraduacao\/biociencias-biotecnologia\/wp-json\/wp\/v2\/comments?post=4389"}],"version-history":[{"count":0,"href":"https:\/\/uenf.br\/posgraduacao\/biociencias-biotecnologia\/wp-json\/wp\/v2\/pages\/4389\/revisions"}],"wp:attachment":[{"href":"https:\/\/uenf.br\/posgraduacao\/biociencias-biotecnologia\/wp-json\/wp\/v2\/media?parent=4389"}],"curies":[{"name":"wp","href":"https:\/\/api.w.org\/{rel}","templated":true}]}}