{"id":4633,"date":"2025-09-19T09:49:22","date_gmt":"2025-09-19T12:49:22","guid":{"rendered":"https:\/\/uenf.br\/posgraduacao\/biociencias-biotecnologia\/?page_id=4633"},"modified":"2025-09-19T09:49:22","modified_gmt":"2025-09-19T12:49:22","slug":"bolsa-cnpq","status":"publish","type":"page","link":"https:\/\/uenf.br\/posgraduacao\/biociencias-biotecnologia\/bolsas\/bolsa-cnpq\/","title":{"rendered":"Bolsa CNPq"},"content":{"rendered":"<div>Acesse a PORTARIA CNPq N\u00ba 2.346, DE 8 DE AGOSTO DE 2025 que disp\u00f5e sobre as possibilidades de ac\u00famulo de bolsas do CNPq e de complementa\u00e7\u00e3o financeira advinda de outras fontes.<\/div>\n<div>LINK:\u00a0<a href=\"http:\/\/memoria2.cnpq.br\/web\/guest\/view\/-\/journal_content\/56_INSTANCE_0oED\/10157\/22706767\" target=\"_blank\" rel=\"noopener\" data-saferedirecturl=\"https:\/\/www.google.com\/url?q=http:\/\/memoria2.cnpq.br\/web\/guest\/view\/-\/journal_content\/56_INSTANCE_0oED\/10157\/22706767&amp;source=gmail&amp;ust=1758371994427000&amp;usg=AOvVaw2pUmn6VCgGFp5Xj4QXCf1Q\">http:\/\/memoria2.cnpq.br\/web\/guest\/view\/-\/journal_content\/56_INSTANCE_0oED\/10157\/22706767<\/a><\/div>\n","protected":false},"excerpt":{"rendered":"<p>Acesse a PORTARIA CNPq N\u00ba 2.346, DE 8 DE AGOSTO DE 2025 que disp\u00f5e sobre as possibilidades de ac\u00famulo de&#8230;<\/p>\n","protected":false},"author":25,"featured_media":0,"parent":300,"menu_order":4,"comment_status":"closed","ping_status":"closed","template":"","meta":{"footnotes":""},"class_list":["post-4633","page","type-page","status-publish","hentry"],"_links":{"self":[{"href":"https:\/\/uenf.br\/posgraduacao\/biociencias-biotecnologia\/wp-json\/wp\/v2\/pages\/4633","targetHints":{"allow":["GET"]}}],"collection":[{"href":"https:\/\/uenf.br\/posgraduacao\/biociencias-biotecnologia\/wp-json\/wp\/v2\/pages"}],"about":[{"href":"https:\/\/uenf.br\/posgraduacao\/biociencias-biotecnologia\/wp-json\/wp\/v2\/types\/page"}],"author":[{"embeddable":true,"href":"https:\/\/uenf.br\/posgraduacao\/biociencias-biotecnologia\/wp-json\/wp\/v2\/users\/25"}],"replies":[{"embeddable":true,"href":"https:\/\/uenf.br\/posgraduacao\/biociencias-biotecnologia\/wp-json\/wp\/v2\/comments?post=4633"}],"version-history":[{"count":0,"href":"https:\/\/uenf.br\/posgraduacao\/biociencias-biotecnologia\/wp-json\/wp\/v2\/pages\/4633\/revisions"}],"up":[{"embeddable":true,"href":"https:\/\/uenf.br\/posgraduacao\/biociencias-biotecnologia\/wp-json\/wp\/v2\/pages\/300"}],"wp:attachment":[{"href":"https:\/\/uenf.br\/posgraduacao\/biociencias-biotecnologia\/wp-json\/wp\/v2\/media?parent=4633"}],"curies":[{"name":"wp","href":"https:\/\/api.w.org\/{rel}","templated":true}]}}