{"id":4667,"date":"2025-10-03T14:30:33","date_gmt":"2025-10-03T17:30:33","guid":{"rendered":"https:\/\/uenf.br\/posgraduacao\/biociencias-biotecnologia\/?page_id=4667"},"modified":"2025-12-08T09:20:31","modified_gmt":"2025-12-08T12:20:31","slug":"selecao-1o-2026-mestrado-e-doutorado","status":"publish","type":"page","link":"https:\/\/uenf.br\/posgraduacao\/biociencias-biotecnologia\/processo-seletivo\/selecao-1o-2026-mestrado-e-doutorado\/","title":{"rendered":"Sele\u00e7\u00e3o 1\u00ba\/2026 &#8211; Mestrado e Doutorado"},"content":{"rendered":"<p>Confere o <span style=\"color: #800000\"><a style=\"color: #800000\" href=\"https:\/\/uenf.br\/posgraduacao\/biociencias-biotecnologia\/processo-seletivo\/selecao-1o-2026-mestrado-e-doutorado\/resultado-selecao-ms\/\"><strong>RESULTADO<\/strong> DO PROCESSO SELETIVO PARA O MESTRADO E DOUTORADO- PPGBB \u2013<\/a><\/span><br \/>\n<span style=\"color: #800000\">Edital 1\u00ba\/2026\u00a0<\/span><\/p>\n<p><span style=\"color: #1568e6\"><a style=\"color: #1568e6\" href=\"https:\/\/uenf.br\/posgraduacao\/biociencias-biotecnologia\/processo-seletivo\/selecao-1o-2026-mestrado-e-doutorado\/banca-selecao-2026-1\/\"><strong>\u21d2 Composi\u00e7\u00e3o das Bancas avaliadoras\u00a0<\/strong><\/a><\/span><\/p>\n<p><span style=\"color: #1568e6\"><strong>\u21d2 <a style=\"color: #1568e6\" href=\"https:\/\/uenf.br\/posgraduacao\/biociencias-biotecnologia\/processo-seletivo\/selecao-1o-2026-mestrado-e-doutorado\/entrevista-ms-e-ds\/\" target=\"_blank\" rel=\"noopener\">Confere o cronograma de entrevistas do processo seletivo 2026.1<\/a><\/strong><\/span><\/p>\n<p>&nbsp;<\/p>\n<p><span style=\"color: #441fab\"><strong>\u21d2 PROVA de INGL\u00caS (Mestrado e Doutorado) \u00a0&#8211; acesse <a style=\"color: #441fab\" href=\"https:\/\/uenf.br\/posgraduacao\/biociencias-biotecnologia\/processo-seletivo\/selecao-1o-2026-mestrado-e-doutorado\/mestrado-e-doutorado-1o-2026-orientacoes-para-a-prova-de-ingles\/\" target=\"_blank\" rel=\"noopener\">aqui<\/a> as orienta\u00e7\u00f5es<\/strong><\/span><\/p>\n<p style=\"padding-left: 40px\"><span style=\"color: #441fab\"><strong>DATA:<\/strong> 17\/11\/2025 (9:00h &#8211; 12:00h &#8211; hor\u00e1rio Bras\u00edlia)<\/span><\/p>\n<p style=\"padding-left: 40px\"><span style=\"color: #441fab\"><strong>MESTRADO:<\/strong> SALA MINIAUDIT\u00d3RIO\u00a0 P\u00e1tio CBB<\/span><\/p>\n<p style=\"padding-left: 40px\"><span style=\"color: #441fab\"><strong>DOUTORADO:<\/strong> 107 CBB &#8211; 1\u00ba andar<\/span><\/p>\n<p><span style=\"color: #941313\"><strong><span style=\"color: #441fab\"><span style=\"color: #800000\">\u21d2<\/span><\/span><\/strong><span style=\"color: #441fab\">\u00a0<\/span>Acesse a<strong> LISTAGEM DAS<\/strong><\/span><span style=\"color: #800000\">\u00a0<strong><a style=\"color: #800000\" href=\"https:\/\/uenf.br\/posgraduacao\/biociencias-biotecnologia\/processo-seletivo\/selecao-1o-2026-mestrado-e-doutorado\/inscricoes-homologadas-ms\/\" target=\"_blank\" rel=\"noopener\">INSCRI\u00c7\u00d5ES HOMOLOGADAS MESTRADO ap\u00f3s recurso<\/a><\/strong><\/span><\/p>\n<p><span style=\"color: #941313\"><strong><span style=\"color: #441fab\"><span style=\"color: #800000\">\u21d2<\/span><\/span><\/strong><span style=\"color: #441fab\">\u00a0<\/span>Acesse a<strong><a href=\"https:\/\/uenf.br\/posgraduacao\/biociencias-biotecnologia\/?page_id=4777&amp;preview=true\" target=\"_blank\" rel=\"noopener\"><span style=\"color: #993300\">\u00a0LISTAGEM DAS<\/span><span style=\"color: #800000\"><span style=\"color: #993300\"> I<\/span>NSCRI\u00c7\u00d5ES HOMOLOGADAS DE DOUTORADO AP\u00d3S RECURSO<\/span><\/a><\/strong><\/span><\/p>\n<p>&nbsp;<\/p>\n<p><span style=\"color: #1278c7\"><strong>\u21d2 \u00a0ACESSE o <a style=\"color: #1278c7\" href=\"https:\/\/forms.gle\/Y1tqFNhoCDVm6bR59\" target=\"_blank\" rel=\"noopener\">FORMUL\u00c1RIO DE INSCRI\u00c7\u00c3O<\/a><\/strong><\/span><\/p>\n<p><span style=\"color: #1278c7\"><strong>\u21d2 \u00a0<\/strong><\/span>Consulte o <a href=\"https:\/\/uenf.br\/posgraduacao\/biociencias-biotecnologia\/wp-content\/uploads\/sites\/12\/2025\/10\/Edital_processo_seletivo_MS_DS_PGBB_2026_1.pdf\" target=\"_blank\" rel=\"noopener\"><span style=\"color: #0978d9\"><strong>Edital para Processo Seletivo para o Mestrado (MS) e para o Doutorado (DS)<\/strong><\/span><\/a><span style=\"color: #0978d9\"><strong>\u00a0<\/strong><\/span>do Programa de P\u00f3s-Gradua\u00e7\u00e3o em Bioci\u00eancias e Biotecnologia (PPGBB), com ingresso em 1\u00ba\/2026.<\/p>\n<p><span style=\"color: #168fc7\"><span style=\"color: #0978d9\"><strong>N\u00famero de Vagas:\u00a0Mestrado &#8211; <span style=\"color: #000000\">20;\u00a0<\/span><\/strong><\/span><\/span><span style=\"color: #0978d9\"><strong>Doutorad<\/strong><\/span><span style=\"color: #168fc7\"><span style=\"color: #0978d9\"><strong>o &#8211; <span style=\"color: #000000\">20<\/span><\/strong><\/span><\/span><\/p>\n<p><span style=\"color: #168fc7\"><span style=\"color: #0978d9\"><strong>Inscri\u00e7\u00f5es:<\/strong><\/span> <span style=\"color: #000000\">de <\/span><\/span><span style=\"color: #000000\"><strong>06<\/strong>\/<strong>10<\/strong>\/<strong>2025 <\/strong>a<strong> 06<\/strong>\/<strong>11<\/strong>\/<strong>2025<\/strong><\/span><\/p>\n<p><span style=\"color: #168fc7\"><span style=\"color: #0978d9\"><strong>Prova de Ingles: <span style=\"color: #000000\">17<\/span><\/strong><span style=\"color: #000000\">\/<\/span><strong><span style=\"color: #000000\">11<\/span><\/strong><span style=\"color: #000000\">\/<\/span><strong><span style=\"color: #000000\">2025<\/span><\/strong><\/span><\/span><\/p>\n<p><span style=\"color: #168fc7\"><span style=\"color: #0978d9\"><strong>Entrevista: <\/strong><span style=\"color: #000000\"><strong>24<\/strong>\/<strong>11<\/strong>\/<strong>2025<\/strong> a <strong>26\/11<\/strong>\/<strong>2025<\/strong><\/span><\/span><\/span><\/p>\n<p><span style=\"color: #0978d9\"><strong>Formul\u00e1rios:\u00a0<\/strong><\/span><\/p>\n<div style=\"padding-left: 40px\">\n<ul>\n<li class=\"post-headline\"><span style=\"color: #08679e\"><a style=\"color: #08679e\" href=\"https:\/\/uenf.br\/posgraduacao\/wp-content\/uploads\/2019\/12\/Fomulario-inscricao-Processo-seletivo_PG.pdf\" target=\"_blank\" rel=\"noopener\">Formul\u00e1rio-de-Inscri\u00e7\u00e3o_UENF<\/a>\u00a0<\/span><\/li>\n<li><span style=\"color: #08679e\"><a style=\"color: #08679e\" href=\"https:\/\/uenf.br\/posgraduacao\/wp-content\/uploads\/2019\/12\/Fomulario-inscricao-Processo-seletivo_Carta.pdf\" target=\"_blank\" rel=\"noopener\">Carta-de-Refer\u00eancia_UENF<\/a>\u00a0<\/span><\/li>\n<li class=\"post-headline\"><span style=\"color: #08679e\"><a style=\"color: #08679e\" href=\"https:\/\/uenf.br\/posgraduacao\/biociencias-biotecnologia\/wp-content\/uploads\/sites\/12\/2025\/10\/Ficha-para-exame-ingles-PGBB-2026.pdf\" target=\"_blank\" rel=\"noopener\">Ficha-para-exame-ingles-PGBB-2026<\/a>\u00a0<\/span><\/li>\n<li class=\"post-headline\"><span style=\"color: #08679e\"><a style=\"color: #08679e\" href=\"https:\/\/uenf.br\/posgraduacao\/biociencias-biotecnologia\/wp-content\/uploads\/sites\/12\/2025\/10\/Ficha-para-entrevista-e-pre-projeto-PGBB-2026.pdf\" target=\"_blank\" rel=\"noopener\">Ficha-para-entrevista e pre-projeto PGBB-2026<\/a><\/span><\/li>\n<li><span style=\"color: #08679e\"><a style=\"color: #08679e\" href=\"https:\/\/uenf.br\/posgraduacao\/wp-content\/uploads\/2019\/12\/Recommendation-letter.pdf\" target=\"_blank\" rel=\"noopener\">Recommendation Letter form (English)\u00a0 \u00a0<\/a><\/span><\/li>\n<\/ul>\n<p><span style=\"color: #0978d9\">Avalia\u00e7\u00e3o de candidatos ao <strong>sistema de cotas<\/strong> da P\u00f3s-Gradua\u00e7\u00e3o: <\/span>para maiores informa\u00e7\u00f5es, acesse o <a href=\"https:\/\/uenf.br\/posgraduacao\/biociencias-biotecnologia\/wp-content\/uploads\/sites\/12\/2025\/10\/Edital_processo_seletivo_MS_DS_PGBB_2026_1.pdf\" target=\"_blank\" rel=\"noopener\"><span style=\"color: #0978d9\">Edital<\/span> <\/a>e acesse<strong><span style=\"color: #097bbd\"> <a style=\"color: #097bbd\" href=\"https:\/\/uenf.br\/posgraduacao\/avaliacao-socioeconomica-de-editais-da-pos-graduacao\/\" target=\"_blank\" rel=\"noopener\">aqui<\/a><\/span><\/strong><\/p>\n<ul>\n<li>O formul\u00e1rio eletr\u00f4nico e a listagem da documenta\u00e7\u00e3o comprobat\u00f3ria a ser enviada pelo candidato est\u00e3o dispon\u00edveis no endere\u00e7o eletr\u00f4nico: <a href=\"https:\/\/uenf.br\/posgraduacao\/avaliacao-socioeconomica-de-editais-da-pos-graduacao\/\">https:\/\/uenf.br\/posgraduacao\/avaliacao-socioeconomica-de-editais-da-pos-graduacao\/<\/a><\/li>\n<\/ul>\n<p>&nbsp;<\/p>\n<p><strong><span style=\"color: #0978d9\"><span style=\"color: #1278c7\">\u21d2 \u00a0<\/span>Vai se inscrever? <\/span><\/strong><strong><span style=\"color: #0978d9\">Confira a Cartilha do Candidato\u00a0 e tire todas as suas d\u00favidas sobre o processo seletivo do nosso Programa!<\/span><\/strong><\/p>\n<p><strong><span style=\"color: #800000\"><a style=\"color: #800000\" href=\"https:\/\/uenf.br\/posgraduacao\/biociencias-biotecnologia\/wp-content\/uploads\/sites\/12\/2025\/10\/Cartilha-candidatoa-PGBB_2026-1.pdf\">CARTILHA DO CANDIDATO (a) PGBB 2026.1<\/a><\/span><\/strong><\/p>\n<ul>\n<li><span style=\"color: #800000\"><strong>REUNI\u00c3O COM CANDIDATOS (AS) INTERESSADOS (AS) NA SELE\u00c7\u00c3O PGBB 1\u00ba\/2026: <\/strong><\/span><\/li>\n<\/ul>\n<p><span style=\"color: #800000\">O Programa de P\u00f3s-Gradua\u00e7\u00e3o em Bioci\u00eancias e Biotecnologia (PGBB\/UENF) convida os (as) <strong>candidatos (as) interessados (as) na<\/strong> <strong>sele\u00e7\u00e3o 1\u00ba\/2026<\/strong> para uma reuni\u00e3o informativa sobre o processo de inscri\u00e7\u00e3o.<\/span><\/p>\n<p><span style=\"color: #800000\">Data: 28\/10\/2025\u00a0<\/span><\/p>\n<p><span style=\"color: #800000\">Hor\u00e1rio: 15:00 horas<\/span><\/p>\n<p><span style=\"color: #800000\">Acesso: <a style=\"color: #800000\" href=\"https:\/\/meet.google.com\/bzs-wgmg-xhd\">Clique aqui para participar da reuni\u00e3o\u00a0<\/a>\u00a0<\/span><\/p>\n<p><span style=\"color: #800000\">\u2666 A reuni\u00e3o \u00e9 <strong>opcional<\/strong> e tem como objetivo esclarecer d\u00favidas e oferecer orienta\u00e7\u00f5es sobre o processo de inscri\u00e7\u00e3o.<\/span><\/p>\n<p>&nbsp;<\/p>\n<p>&nbsp;<\/p>\n<\/div>\n","protected":false},"excerpt":{"rendered":"<p>Confere o RESULTADO DO PROCESSO SELETIVO PARA O MESTRADO E DOUTORADO- PPGBB \u2013 Edital 1\u00ba\/2026\u00a0 \u21d2 Composi\u00e7\u00e3o das Bancas avaliadoras\u00a0&#8230;<\/p>\n","protected":false},"author":25,"featured_media":0,"parent":86,"menu_order":0,"comment_status":"closed","ping_status":"closed","template":"","meta":{"footnotes":""},"class_list":["post-4667","page","type-page","status-publish","hentry"],"_links":{"self":[{"href":"https:\/\/uenf.br\/posgraduacao\/biociencias-biotecnologia\/wp-json\/wp\/v2\/pages\/4667","targetHints":{"allow":["GET"]}}],"collection":[{"href":"https:\/\/uenf.br\/posgraduacao\/biociencias-biotecnologia\/wp-json\/wp\/v2\/pages"}],"about":[{"href":"https:\/\/uenf.br\/posgraduacao\/biociencias-biotecnologia\/wp-json\/wp\/v2\/types\/page"}],"author":[{"embeddable":true,"href":"https:\/\/uenf.br\/posgraduacao\/biociencias-biotecnologia\/wp-json\/wp\/v2\/users\/25"}],"replies":[{"embeddable":true,"href":"https:\/\/uenf.br\/posgraduacao\/biociencias-biotecnologia\/wp-json\/wp\/v2\/comments?post=4667"}],"version-history":[{"count":0,"href":"https:\/\/uenf.br\/posgraduacao\/biociencias-biotecnologia\/wp-json\/wp\/v2\/pages\/4667\/revisions"}],"up":[{"embeddable":true,"href":"https:\/\/uenf.br\/posgraduacao\/biociencias-biotecnologia\/wp-json\/wp\/v2\/pages\/86"}],"wp:attachment":[{"href":"https:\/\/uenf.br\/posgraduacao\/biociencias-biotecnologia\/wp-json\/wp\/v2\/media?parent=4667"}],"curies":[{"name":"wp","href":"https:\/\/api.w.org\/{rel}","templated":true}]}}