{"id":4777,"date":"2025-11-14T17:55:33","date_gmt":"2025-11-14T20:55:33","guid":{"rendered":"https:\/\/uenf.br\/posgraduacao\/biociencias-biotecnologia\/?page_id=4777"},"modified":"2025-12-08T10:11:32","modified_gmt":"2025-12-08T13:11:32","slug":"inscricoes-homologadas-ds","status":"publish","type":"page","link":"https:\/\/uenf.br\/posgraduacao\/biociencias-biotecnologia\/processo-seletivo\/selecao-1o-2026-mestrado-e-doutorado\/inscricoes-homologadas-ds\/","title":{"rendered":"Inscri\u00e7\u00f5es homologadas DS"},"content":{"rendered":"<p><strong>INSCRI\u00c7\u00d5ES HOMOLOGADAS PARA O DOUTORADO<\/strong><\/p>\n<ul>\n<li>Amanda Mello da Silva Oliveira<\/li>\n<li>Amanda Toledo Machado<\/li>\n<li>Caroline Bittencourt Miranda<\/li>\n<li>Daniella Costantini das Chagas Ribeiro<\/li>\n<li>Eunice Petris Ribeiro<\/li>\n<li>Ian de Oliveira Gomes<\/li>\n<li>Isabela Lohaine da Silva Pereira<\/li>\n<li>J\u00e9ssica Macedo Rafael de Arruda<\/li>\n<li>Kamila Muller Beazussi<\/li>\n<li>Kayo Barreto de Almeida<\/li>\n<li>La\u00eds Nogueira Machado<\/li>\n<li>Lanna de Oliveira Corredouro Pereira<\/li>\n<li>Let\u00edcia dos Santos Nascimento<\/li>\n<li>Lu\u00eds Eduardo Magro de Queiroz<\/li>\n<li>Lu\u00eds Otavio da Silva Pacheco<\/li>\n<li>Marcos Roberto Dias Campos<\/li>\n<li>Mariana Barreto Martins<\/li>\n<li>Matheus Alves Brito de Almeida<\/li>\n<li>Milena de Farias Azeredo<\/li>\n<li>Mridusmita Das<\/li>\n<li>Nataly da Silva Duarte<\/li>\n<li>Remy Gabriel Cabezudo Cobos<\/li>\n<li>Sabrina Pereira Chiarello<\/li>\n<li>Tha\u00eds Rangel Figueiredo<\/li>\n<li>Victor dos Santos Lopes<\/li>\n<li>Victoria Benazio da Silva<\/li>\n<li>Viviane Carreiro Felipe<\/li>\n<li>Yhony Sumari Misaico<\/li>\n<\/ul>\n<div><\/div>\n","protected":false},"excerpt":{"rendered":"<p>INSCRI\u00c7\u00d5ES HOMOLOGADAS PARA O DOUTORADO Amanda Mello da Silva Oliveira Amanda Toledo Machado Caroline Bittencourt Miranda Daniella Costantini das Chagas&#8230;<\/p>\n","protected":false},"author":25,"featured_media":0,"parent":4667,"menu_order":3,"comment_status":"closed","ping_status":"closed","template":"","meta":{"footnotes":""},"class_list":["post-4777","page","type-page","status-publish","hentry"],"_links":{"self":[{"href":"https:\/\/uenf.br\/posgraduacao\/biociencias-biotecnologia\/wp-json\/wp\/v2\/pages\/4777","targetHints":{"allow":["GET"]}}],"collection":[{"href":"https:\/\/uenf.br\/posgraduacao\/biociencias-biotecnologia\/wp-json\/wp\/v2\/pages"}],"about":[{"href":"https:\/\/uenf.br\/posgraduacao\/biociencias-biotecnologia\/wp-json\/wp\/v2\/types\/page"}],"author":[{"embeddable":true,"href":"https:\/\/uenf.br\/posgraduacao\/biociencias-biotecnologia\/wp-json\/wp\/v2\/users\/25"}],"replies":[{"embeddable":true,"href":"https:\/\/uenf.br\/posgraduacao\/biociencias-biotecnologia\/wp-json\/wp\/v2\/comments?post=4777"}],"version-history":[{"count":0,"href":"https:\/\/uenf.br\/posgraduacao\/biociencias-biotecnologia\/wp-json\/wp\/v2\/pages\/4777\/revisions"}],"up":[{"embeddable":true,"href":"https:\/\/uenf.br\/posgraduacao\/biociencias-biotecnologia\/wp-json\/wp\/v2\/pages\/4667"}],"wp:attachment":[{"href":"https:\/\/uenf.br\/posgraduacao\/biociencias-biotecnologia\/wp-json\/wp\/v2\/media?parent=4777"}],"curies":[{"name":"wp","href":"https:\/\/api.w.org\/{rel}","templated":true}]}}