{"id":4781,"date":"2025-11-14T18:01:07","date_gmt":"2025-11-14T21:01:07","guid":{"rendered":"https:\/\/uenf.br\/posgraduacao\/biociencias-biotecnologia\/?page_id=4781"},"modified":"2025-12-08T10:10:51","modified_gmt":"2025-12-08T13:10:51","slug":"inscricoes-homologadas-ms","status":"publish","type":"page","link":"https:\/\/uenf.br\/posgraduacao\/biociencias-biotecnologia\/processo-seletivo\/selecao-1o-2026-mestrado-e-doutorado\/inscricoes-homologadas-ms\/","title":{"rendered":"Inscri\u00e7\u00f5es Homologadas MS"},"content":{"rendered":"<p><strong>INSCRI\u00c7\u00d5ES\u00a0 HOMOLOGADAS\u00a0 PARA O MESTRADO<\/strong><\/p>\n<ul>\n<li>Andr\u00e9 Luiz Rodrigues<\/li>\n<li>Bruna Rodrigues da Silva<\/li>\n<li>Carolina Amado Marquez<\/li>\n<li>Caroline Lima da Costa Silvestre<\/li>\n<li>Daiana de Almeida Alves<\/li>\n<li>Daniel Areias da Silva Raquita<\/li>\n<li>Edison Palomino Guerrera<\/li>\n<li>Gabriel Lobo da Silva Rosa<\/li>\n<li>Giovanni Franchesco Poma Gamarra<\/li>\n<li>Giullia Madeira Rios<\/li>\n<li>Guilherme Salles de Escobar Gon\u00e7alves<\/li>\n<li>Ismael Mot\u00e9 Soares Reis<\/li>\n<li>Jackelyn Noemi Caico Laura<\/li>\n<li>Jacielle Miranda Almeida<\/li>\n<li>Jadson de Souza Almeida<\/li>\n<li>Jeniffer Cristina Serpa da Rosa Santos<\/li>\n<li>Karen Leodelgario de Farias<\/li>\n<li>Karoline Rezende Benvindo Pessanha<\/li>\n<li>Laura Irene Ferreira Alves<\/li>\n<li>Let\u00edcia Ramos Viana<\/li>\n<li>Lucas Elohim Cardoso Viana Baptista<\/li>\n<li>Ludmarry Cust\u00f3dio Pessanha<\/li>\n<li>Luren Nieves Sevilla Casta\u00f1eda<\/li>\n<li>Marcela Firme do Amaral<\/li>\n<li>Maria Clara Menezes dos Santos<\/li>\n<li>Maria Eduarda da Silva Pena<\/li>\n<li>Matheus Petterson dos Santos<\/li>\n<li>Mayra dos Santos Gomes<\/li>\n<li>M\u00f4nica Pereira Gon\u00e7alves da Cunha<\/li>\n<li>Nadine Lobo Siqueira<\/li>\n<li>N\u00e1dia Santos Del\u00f4go Lana<\/li>\n<li>Nubia Silva Freitas<\/li>\n<li>Paulo V\u00edtor Maravilha Braga<\/li>\n<li>Rafaela Pinheiro Coelho<\/li>\n<li>Silvia Aparecida Ribeiro dos Santos<\/li>\n<li>Tha\u00eds Pires Quaglia<\/li>\n<li>Thiago Cavalcante Cordeiro<\/li>\n<li>Victor Pessanha de Freitas<\/li>\n<li>Vin\u00edcius Manh\u00e3es de Souza<\/li>\n<\/ul>\n<div><\/div>\n<div><strong>INSCRI\u00c7\u00d5ES N\u00c3O HOMOLOGADAS PARA O MESTRADO\u00a0<\/strong><\/div>\n<div>\n<ul>\n<li>Fabr\u00edcio Ara\u00fajo Aguiar: recurso indeferido<\/li>\n<li>Onwuka Ifeoma Florence: n\u00e3o apresentou recurso<\/li>\n<li>Paulo Ricardo Pinheiro Fran\u00e7a: recurso indeferido<\/li>\n<\/ul>\n<p>&nbsp;<\/p>\n<\/div>\n","protected":false},"excerpt":{"rendered":"<p>INSCRI\u00c7\u00d5ES\u00a0 HOMOLOGADAS\u00a0 PARA O MESTRADO Andr\u00e9 Luiz Rodrigues Bruna Rodrigues da Silva Carolina Amado Marquez Caroline Lima da Costa Silvestre&#8230;<\/p>\n","protected":false},"author":25,"featured_media":0,"parent":4667,"menu_order":3,"comment_status":"closed","ping_status":"closed","template":"","meta":{"footnotes":""},"class_list":["post-4781","page","type-page","status-publish","hentry"],"_links":{"self":[{"href":"https:\/\/uenf.br\/posgraduacao\/biociencias-biotecnologia\/wp-json\/wp\/v2\/pages\/4781","targetHints":{"allow":["GET"]}}],"collection":[{"href":"https:\/\/uenf.br\/posgraduacao\/biociencias-biotecnologia\/wp-json\/wp\/v2\/pages"}],"about":[{"href":"https:\/\/uenf.br\/posgraduacao\/biociencias-biotecnologia\/wp-json\/wp\/v2\/types\/page"}],"author":[{"embeddable":true,"href":"https:\/\/uenf.br\/posgraduacao\/biociencias-biotecnologia\/wp-json\/wp\/v2\/users\/25"}],"replies":[{"embeddable":true,"href":"https:\/\/uenf.br\/posgraduacao\/biociencias-biotecnologia\/wp-json\/wp\/v2\/comments?post=4781"}],"version-history":[{"count":0,"href":"https:\/\/uenf.br\/posgraduacao\/biociencias-biotecnologia\/wp-json\/wp\/v2\/pages\/4781\/revisions"}],"up":[{"embeddable":true,"href":"https:\/\/uenf.br\/posgraduacao\/biociencias-biotecnologia\/wp-json\/wp\/v2\/pages\/4667"}],"wp:attachment":[{"href":"https:\/\/uenf.br\/posgraduacao\/biociencias-biotecnologia\/wp-json\/wp\/v2\/media?parent=4781"}],"curies":[{"name":"wp","href":"https:\/\/api.w.org\/{rel}","templated":true}]}}