{"id":4821,"date":"2025-11-27T15:43:09","date_gmt":"2025-11-27T18:43:09","guid":{"rendered":"https:\/\/uenf.br\/posgraduacao\/biociencias-biotecnologia\/?page_id=4821"},"modified":"2025-12-19T17:36:39","modified_gmt":"2025-12-19T20:36:39","slug":"resultado-selecao-ms","status":"publish","type":"page","link":"https:\/\/uenf.br\/posgraduacao\/biociencias-biotecnologia\/processo-seletivo\/selecao-1o-2026-mestrado-e-doutorado\/resultado-selecao-ms\/","title":{"rendered":"Resultados Sele\u00e7\u00e3o MS e DS  &#8211; 2026.1"},"content":{"rendered":"<p><span style=\"color: #0b53bf\"><strong>Confira aqui o <a style=\"color: #0b53bf\" href=\"https:\/\/uenf.br\/posgraduacao\/biociencias-biotecnologia\/wp-content\/uploads\/sites\/12\/2025\/12\/RESULTADO-FINAL-DO-PROCESSO-SELETIVO-PARA-O-MESTRADO_PGBB-2026.pdf\" target=\"_blank\" rel=\"noopener\">RESULTADO FINAL DO PROCESSO SELETIVO PARA O MESTRADO \/ Final Result of the Master\u2019s Selection Process<\/a><\/strong><\/span><\/p>\n<p><span style=\"color: #0b53bf\"><strong>Confira aqui o <a style=\"color: #0b53bf\" href=\"https:\/\/uenf.br\/posgraduacao\/biociencias-biotecnologia\/wp-content\/uploads\/sites\/12\/2025\/12\/RESULTADO-FINAL-DO-PROCESSO-SELETIVO-PARA-O-DOUTORADO_PGBB-2026.pdf\">RESULTADO FINAL DO PROCESSO SELETIVO PARA O DOUTORADO \/ Final Result of the Doctoral Selection Process<\/a><\/strong><\/span><\/p>\n<p style=\"padding-left: 40px\"><span style=\"text-decoration: underline\">Lista de candidatos que encaminharam recurso \/List of candidates who submitted an appeal:<\/span><\/p>\n<p style=\"padding-left: 40px\">1. Guilherme Salles de Escobar (MS)<br \/>\n2. Jacielle Miranda Almeida (MS)<br \/>\n3. Jadson de Souza Almeida (MS)<br \/>\n4. Karen Leodelgario de Farias (MS)<br \/>\n5. Ludmarry Cust\u00f3dio Pessanha (MS)<br \/>\n6. Maria Eduarda da Silva Pena (MS)<br \/>\n7. Nadia Santo Delogo (MS)<br \/>\n8. Thais Pires Quaglia (MS)<br \/>\n9. Caroline Bittencourt Miranda (DS)<br \/>\n10. Isabela Lohaine da Silva Pereira (DS)<br \/>\n11. J\u00e9ssica Macedo Rafael de Arruda (DS)<br \/>\n12. Leticia dos Santos Nascimento<br \/>\n13. Luis Eduardo Magro de Queiroz (DS)<br \/>\n14. Milena de Farias Azeredo (DS)<br \/>\n15. Mrisusmita Das (DS)<br \/>\n16. Thais Rangel Figueiredo (DS)<br \/>\n17. Viviane Carreiro Felipe (DS)<\/p>\n<p style=\"padding-left: 40px\"><em><span style=\"text-decoration: underline\">Observa\u00e7\u00e3o\/Note<\/span>: Cada candidato que encaminhou recurso recebeu e\u2011mail da Coordena\u00e7\u00e3o contendo o resultado da avalia\u00e7\u00e3o da Comiss\u00e3o de Sele\u00e7\u00e3o. \/ Each candidate who submitted an appeal received an e-mail containing the result of the evaluation by the Selection Committee.<\/em><\/p>\n<p>&nbsp;<\/p>\n<p>&nbsp;<\/p>\n<p><span style=\"color: #0c56c4\">Confira aqui o <a style=\"color: #0c56c4\" href=\"https:\/\/uenf.br\/posgraduacao\/biociencias-biotecnologia\/wp-content\/uploads\/sites\/12\/2025\/11\/RESULTADO-DO-PROCESSO-SELETIVO-PARA-O-MESTRADO_assinado.pdf\" target=\"_blank\" rel=\"noopener\">RESULTADO PRELIMINAR DO PROCESSO SELETIVO PARA O MESTRADO<\/a><\/span><\/p>\n<p><span style=\"color: #0c56c4\">Confira aqui o <a style=\"color: #0c56c4\" href=\"https:\/\/uenf.br\/posgraduacao\/biociencias-biotecnologia\/wp-content\/uploads\/sites\/12\/2025\/11\/RESULTADO-DO-PROCESSO-SELETIVO-PARA-O-DOUTORADO.pdf\">RESULTADO PRELIMINAR DO PROCESSO SELETIVO PARA O DOUTORADO<\/a><\/span><\/p>\n","protected":false},"excerpt":{"rendered":"<p>Confira aqui o RESULTADO FINAL DO PROCESSO SELETIVO PARA O MESTRADO \/ Final Result of the Master\u2019s Selection Process Confira&#8230;<\/p>\n","protected":false},"author":25,"featured_media":0,"parent":4667,"menu_order":0,"comment_status":"closed","ping_status":"closed","template":"","meta":{"footnotes":""},"class_list":["post-4821","page","type-page","status-publish","hentry"],"_links":{"self":[{"href":"https:\/\/uenf.br\/posgraduacao\/biociencias-biotecnologia\/wp-json\/wp\/v2\/pages\/4821","targetHints":{"allow":["GET"]}}],"collection":[{"href":"https:\/\/uenf.br\/posgraduacao\/biociencias-biotecnologia\/wp-json\/wp\/v2\/pages"}],"about":[{"href":"https:\/\/uenf.br\/posgraduacao\/biociencias-biotecnologia\/wp-json\/wp\/v2\/types\/page"}],"author":[{"embeddable":true,"href":"https:\/\/uenf.br\/posgraduacao\/biociencias-biotecnologia\/wp-json\/wp\/v2\/users\/25"}],"replies":[{"embeddable":true,"href":"https:\/\/uenf.br\/posgraduacao\/biociencias-biotecnologia\/wp-json\/wp\/v2\/comments?post=4821"}],"version-history":[{"count":0,"href":"https:\/\/uenf.br\/posgraduacao\/biociencias-biotecnologia\/wp-json\/wp\/v2\/pages\/4821\/revisions"}],"up":[{"embeddable":true,"href":"https:\/\/uenf.br\/posgraduacao\/biociencias-biotecnologia\/wp-json\/wp\/v2\/pages\/4667"}],"wp:attachment":[{"href":"https:\/\/uenf.br\/posgraduacao\/biociencias-biotecnologia\/wp-json\/wp\/v2\/media?parent=4821"}],"curies":[{"name":"wp","href":"https:\/\/api.w.org\/{rel}","templated":true}]}}