{"id":4876,"date":"2025-12-08T10:35:39","date_gmt":"2025-12-08T13:35:39","guid":{"rendered":"https:\/\/uenf.br\/posgraduacao\/biociencias-biotecnologia\/?page_id=4876"},"modified":"2026-02-12T19:45:04","modified_gmt":"2026-02-12T22:45:04","slug":"doutorado-sanduiche-no-exterior-2025-2-capes-pdse","status":"publish","type":"page","link":"https:\/\/uenf.br\/posgraduacao\/biociencias-biotecnologia\/processo-seletivo\/doutorado-sanduiche-no-exterior-2025-2-capes-pdse\/","title":{"rendered":"Doutorado Sandu\u00edche no Exterior 2025\/2026 &#8211; CAPES PDSE"},"content":{"rendered":"<div class=\"page\" title=\"Page 1\">\n<div class=\"layoutArea\">\n<div class=\"column\">\n<p><span style=\"color: #0d6ad4\"><strong><a style=\"color: #0d6ad4\" href=\"https:\/\/www.gov.br\/capes\/pt-br\/acesso-a-informacao\/acoes-e-programas\/bolsas\/bolsas-e-auxilios-internacionais\/encontre-aqui\/paises\/multinacional\/programa-de-doutorado-sanduiche-no-exterior-pdse\">Programa de Doutorad<span style=\"color: #0d6ad4\">o-sandu\u00edche no Exterior<\/span><\/a><span style=\"color: #0d6ad4\"> &#8211; CAPES PDSE 2025 &#8211; \u00a02\u00aa Chamada <\/span><\/strong><\/span><span style=\"color: #000080\">\u00a0<\/span><\/p>\n<\/div>\n<h5 style=\"padding-left: 40px\"><span style=\"color: #333399\">Candidatos inscritos: Gustavo Duncan Franco; Lorran Yves Machado de Sousa.<\/span><\/h5>\n<h5 style=\"padding-left: 40px\"><span style=\"color: #333399\">Comiss\u00e3o Especial de Avalia\u00e7\u00e3o: Profa. Elena Lassounskaia, Profa. Anna L. Okorokova Fa\u00e7anha, \u00a0Prof. \u00a0Renato Augusto da Matta.<\/span><\/h5>\n<h5 style=\"padding-left: 40px\"><span style=\"color: #333399\">Candidatos aprovados (ordem classificat\u00f3ria):\u00a0<\/span><span style=\"color: #333399\">1\u00aa coloca\u00e7\u00e3o \u2013 Gustavo Duncan Franco; <\/span><span style=\"color: #333399\">2\u00aa coloca\u00e7\u00e3o \u2013 Lorran Yves Machado de Souza.<\/span><\/h5>\n<h5 style=\"padding-left: 40px\"><span style=\"color: #333399\">Candidatos homologados: <\/span><span style=\"color: #333399\">\u00a0Gustavo Duncan Franco e <\/span><span style=\"color: #333399\">Lorran Yves Machado de Souza\u00a0<\/span><\/h5>\n<\/div>\n<div><\/div>\n<div class=\"layoutArea\">\n<div class=\"column\">\n<p><strong><span style=\"color: #0d6ad4\"><a style=\"color: #0d6ad4\" href=\"https:\/\/uenf.br\/posgraduacao\/biociencias-biotecnologia\/wp-content\/uploads\/sites\/12\/2025\/12\/Edital-PDSE-PPGBB-UENF-2025_2.pdf\">Edital PGBB PDSE 2025.2<\/a><\/span><\/strong>para selec\u0327a\u0303o interna de discente(s) para pleitear bolsa de doutorado sandui\u0301che no exterior (PSDE), para realizac\u0327a\u0303o de esta\u0301gio de doutorado sandui\u0301che no exterior por um peri\u0301odo de 4 a 9 meses, com inicio das atividades no exterior entre os meses de Setembro e Outubro de 2026, atendendo as normas do <span style=\"color: #0a71bf\"><a style=\"color: #0a71bf\" href=\"https:\/\/www.gov.br\/capes\/pt-br\/centrais-de-conteudo\/editais\/08102025_Edital_2696973_SEI_2695934_Edital_17_2025__.pdf\">Edital No 17\/2025 da CAPES<\/a><\/span> (consulte edital completo <a href=\"https:\/\/www.gov.br\/capes\/pt-br\/centrais-de-conteudo\/editais\/21082025_Edital_2662823_SEI_2661209_Edital_n__17_2025.pdf\">aqui<\/a>) e<span style=\"color: #0a71bf\"><a style=\"color: #0a71bf\" href=\"https:\/\/uenf.br\/posgraduacao\/wp-content\/uploads\/2025\/08\/SEI_110564738_Edital_de_Selecao_41.pdf\"> Edital PROPPG-UENF-PDSE No 01\/2025<\/a>.<\/span><\/p>\n<p class=\" \"><strong>Segunda chamada:<\/strong><\/p>\n<ul>\n<li><span style=\"color: #0f88bf\">Elabora\u00e7\u00e3o, divulga\u00e7\u00e3o de <span style=\"color: #800000\"><a style=\"color: #800000\" href=\"https:\/\/uenf.br\/posgraduacao\/biociencias-biotecnologia\/wp-content\/uploads\/sites\/12\/2025\/12\/Edital-PDSE-PPGBB-UENF-2025_2.pdf\">edital interno PGBB<\/a><\/span>para sele\u00e7\u00e3o dos candidatos pelos Programas de PG.<span style=\"text-decoration: underline;color: #800000\"> Ate\u0301 dia 19 de dezembro de 2025<\/span>. <strong>Programas de P\u00f3s-Gradua\u00e7\u00e3o<\/strong><\/span><\/li>\n<li><span style=\"color: #0f88bf\">Publica\u00e7\u00e3o dos resultados sele\u00e7\u00e3o pela PPG. <span style=\"text-decoration: underline;color: #800000\">At\u00e9 dia 06 de fevereiro de 2026 <\/span>. <strong>Programas de P\u00f3s-Gradua\u00e7\u00e3o.<\/strong><\/span><\/li>\n<li><span style=\"color: #0f88bf\">Envio dos resultados oficiais e de toda a documenta\u00e7\u00e3o pertinente para a ProPPG. At\u00e9 09 de fevereiro de 2026. <strong>Programas de P\u00f3s-Gradua\u00e7\u00e3o<\/strong>.<\/span><\/li>\n<li><span style=\"color: #0f88bf\">Homologa\u00e7\u00e3o interna dos candidatos aprovados para a bolsa PDSE. At\u00e9 10 de fevereiro de 2026. <strong>Pr\u00f3-Reitoria de P\u00f3s-Gradua\u00e7\u00e3o<\/strong><\/span><\/li>\n<li>Inscri\u00e7\u00e3o das candidaturas no sistema da CAPES, incluindo preenchimento do formul\u00e1rio de inscri\u00e7\u00e3o online e envio da documenta\u00e7\u00e3o obrigat\u00f3ria. Do dia 4 de fevereiro at\u00e9 4 de mar\u00e7o de 2026. <strong>Candidato <\/strong><\/li>\n<li>Homologa\u00e7\u00e3o dos candidatos inscritos no sistema da Capes. De 12 de mar\u00e7o a 02 de abril de 2026. <strong>Pr\u00f3-Reitoria de P\u00f3s-Gradua\u00e7\u00e3o ou \u00f3rg\u00e3o equivalente <\/strong><\/li>\n<li>Publica\u00e7\u00e3o da rela\u00e7\u00e3o das inscri\u00e7\u00f5es homologadas. A partir de 8 de abril de 2026.\u00a0<strong>CAPES<\/strong><\/li>\n<li>An\u00e1lise t\u00e9cnica das candidaturas pela CAPES. De 9 de abril a 22 de maio de 2026\u00a0<strong>CAPES<\/strong><\/li>\n<li>Publica\u00e7\u00e3o da rela\u00e7\u00e3o de aprovados na an\u00e1lise documental anterior \u00e0 an\u00e1lise dos recursos A partir de 26 de maio de 2026\u00a0<strong>CAPES<\/strong><\/li>\n<li>Interposi\u00e7\u00e3o de recurso administrativo nos casos de indeferimento na etapa de an\u00e1lise t\u00e9cnica. Em at\u00e9 10 dias corridos, contados a partir da data de envio da comunica\u00e7\u00e3o de indeferimento pela CAPES para o e-mail informado no ato da inscri\u00e7\u00e3o. <strong>Candidato <\/strong><\/li>\n<li>Publica\u00e7\u00e3o da rela\u00e7\u00e3o de aprovados na an\u00e1lise documental ap\u00f3s an\u00e1lise dos recursos. A partir de 4 de junho de 2026.\u00a0<strong>CAPES<\/strong><\/li>\n<li>In\u00edcio das atividades no exterior. Setembro e Outubro de 2026. <strong>Bolsista<\/strong><\/li>\n<\/ul>\n<\/div>\n<\/div>\n<\/div>\n","protected":false},"excerpt":{"rendered":"<p>Programa de Doutorado-sandu\u00edche no Exterior &#8211; CAPES PDSE 2025 &#8211; \u00a02\u00aa Chamada \u00a0 Candidatos inscritos: Gustavo Duncan Franco; Lorran Yves&#8230;<\/p>\n","protected":false},"author":25,"featured_media":0,"parent":86,"menu_order":0,"comment_status":"closed","ping_status":"closed","template":"","meta":{"footnotes":""},"class_list":["post-4876","page","type-page","status-publish","hentry"],"_links":{"self":[{"href":"https:\/\/uenf.br\/posgraduacao\/biociencias-biotecnologia\/wp-json\/wp\/v2\/pages\/4876","targetHints":{"allow":["GET"]}}],"collection":[{"href":"https:\/\/uenf.br\/posgraduacao\/biociencias-biotecnologia\/wp-json\/wp\/v2\/pages"}],"about":[{"href":"https:\/\/uenf.br\/posgraduacao\/biociencias-biotecnologia\/wp-json\/wp\/v2\/types\/page"}],"author":[{"embeddable":true,"href":"https:\/\/uenf.br\/posgraduacao\/biociencias-biotecnologia\/wp-json\/wp\/v2\/users\/25"}],"replies":[{"embeddable":true,"href":"https:\/\/uenf.br\/posgraduacao\/biociencias-biotecnologia\/wp-json\/wp\/v2\/comments?post=4876"}],"version-history":[{"count":0,"href":"https:\/\/uenf.br\/posgraduacao\/biociencias-biotecnologia\/wp-json\/wp\/v2\/pages\/4876\/revisions"}],"up":[{"embeddable":true,"href":"https:\/\/uenf.br\/posgraduacao\/biociencias-biotecnologia\/wp-json\/wp\/v2\/pages\/86"}],"wp:attachment":[{"href":"https:\/\/uenf.br\/posgraduacao\/biociencias-biotecnologia\/wp-json\/wp\/v2\/media?parent=4876"}],"curies":[{"name":"wp","href":"https:\/\/api.w.org\/{rel}","templated":true}]}}