{"id":5167,"date":"2026-04-16T15:39:57","date_gmt":"2026-04-16T18:39:57","guid":{"rendered":"https:\/\/uenf.br\/posgraduacao\/biociencias-biotecnologia\/?page_id=5167"},"modified":"2026-05-07T14:52:15","modified_gmt":"2026-05-07T17:52:15","slug":"2026-2","status":"publish","type":"page","link":"https:\/\/uenf.br\/posgraduacao\/biociencias-biotecnologia\/teses-defendidas-2\/2026-2\/","title":{"rendered":"2026"},"content":{"rendered":"<p><strong>Disserta\u00e7\u00e3o 2026<\/strong><\/p>\n<ul>\n<li>Clique no autor para acessar a disserta\u00e7\u00e3o completa:<\/li>\n<\/ul>\n<p><strong>1 \u2013<a href=\"https:\/\/uenf.br\/posgraduacao\/biociencias-biotecnologia\/wp-content\/uploads\/sites\/12\/2026\/04\/2-Dissertacao_Victor_Versao_Final.pdf\">VICTOR DOS SANTOS LOPES <\/a><\/strong><strong>\u00a0 \u00a0 \u00a0 \u00a0 \u00a0 \u00a0 \u00a0 \u00a0 \u00a0 \u00a0 \u00a0 \u00a0 \u00a0 \u00a0 \u00a0 \u00a0\u00a0<\/strong><\/p>\n<p><strong>Data:<\/strong>\u00a0<strong>29\/01\/2026\u00a0\u00a0 <\/strong><\/p>\n<p><strong>T\u00edtulo:<\/strong>\u00a0\u201cAn\u00e1lise multi\u00f4mica dos genes associados \u00e0 autofagia como indicadores progn\u00f3sticos no c\u00e2ncer\u201d<\/p>\n<p><strong>Orientador:<\/strong>\u00a0Dr. Enrique Medina-Acosta \u2013 UENF<\/p>\n<p><strong>Banca:<\/strong> Dr\u00aa Cristina dos Santos Ferreira \u2013 UENF<\/p>\n<p>Dr. Ant\u00f4nio Jesus Dorighetto Cogo \u2013 UENF<\/p>\n<p>Dr\u00aa Yzabella Alves Campos Nogueira\u00a0 \u2013 UENF<\/p>\n<p>_____________________________________________________________<\/p>\n<p><strong>2 \u2013\u00a0<\/strong><strong>MARIANA BARRETO MARTINS\u00a0\u00a0\u00a0\u00a0\u00a0\u00a0\u00a0\u00a0\u00a0\u00a0\u00a0\u00a0\u00a0\u00a0\u00a0\u00a0\u00a0\u00a0\u00a0\u00a0\u00a0\u00a0\u00a0\u00a0\u00a0\u00a0\u00a0\u00a0\u00a0\u00a0\u00a0\u00a0 <\/strong><\/p>\n<p><strong>Data:<\/strong>\u00a0<strong>05\/02\/2026\u00a0\u00a0\u00a0 <\/strong><\/p>\n<p><b>\u00a0 \u00a0 \u00a0<\/b><\/p>\n<p><strong>Orientador:<\/strong>\u00a0Dr. Glauber Monteiro Dias\u00a0 \u2013 UENF<\/p>\n<p><strong>Banca:<\/strong>\u00a0Dr\u00aa Ana Eliza Zeraik \u2013 UENF<\/p>\n<p>Dr\u00aa Thais Louvain de Souza \u2013 FMC<\/p>\n<p>Dr. \u00c1lvaro Fabr\u00edcio Lopes Rios \u2013 UENF<\/p>\n<p>&nbsp;<\/p>\n<p><strong>3 \u2013 <a href=\"https:\/\/uenf.br\/posgraduacao\/biociencias-biotecnologia\/wp-content\/uploads\/sites\/12\/2026\/04\/Dissertacao-FInalizada-Lais-N-Machado-1.pdf\">Lais Nogueira Machado<\/a><\/strong><strong>\u00a0 \u00a0 \u00a0 \u00a0 \u00a0 \u00a0 \u00a0 \u00a0 \u00a0 \u00a0 \u00a0 \u00a0 \u00a0 \u00a0 \u00a0 \u00a0 \u00a0 \u00a0 \u00a0 \u00a0<\/strong><\/p>\n<p><strong>Data:<\/strong>\u00a0<strong>06\/02\/2026\u00a0\u00a0\u00a0 <\/strong><\/p>\n<p><strong>T\u00edtulo:<\/strong>\u00a0&#8220;Constru\u00e7\u00e3o de um mutante nulo no gene que codifica uma ciclopropano sintase de \u00e1cidos graxos (Cfa) de\u00a0Pseudomonas aeruginosa\u00a0para avaliar sua influ\u00eancia sobre o estresse oxidativo&#8221;<\/p>\n<p><strong>Orientador:<\/strong>\u00a0Dr. Diogo de Abreu Meireles \u2013 UENF<\/p>\n<p><strong>Banca:<\/strong>\u00a0Dr\u00aa Regina L\u00facia Baldini \u2013 UFRRJ<\/p>\n<p>Dr. Felipe Astolpho de Almeida \u2013 UENF<\/p>\n<p>&nbsp;<\/p>\n<p><strong>4\u2013\u00a0<\/strong><strong>LANNA DE OLIVEIRA CORREDOURO PEREIRA\u00a0\u00a0\u00a0\u00a0 <\/strong><\/p>\n<p><strong>Data:<\/strong>\u00a0<strong>10\/02\/2026\u00a0\u00a0\u00a0 <\/strong><\/p>\n<p><strong>T\u00edtulo:<\/strong>\u00a0\u201cDesenvolvimento e Valida\u00e7\u00e3o de Testes Imunoqu\u00edmicos para o Diagn\u00f3stico da Paratuberculose Bovina em Fezes\u201d<\/p>\n<p><strong>Orientador:<\/strong>\u00a0Dr\u00aa Elena Lassounskaia\u00a0\u00a0 \u2013 UENF<\/p>\n<p><strong>Banca:<\/strong>\u00a0Dr\u00aa Pollyana Maria de Oliveira Pimentel \u2013 UFF<\/p>\n<p>Dr\u00aa Alba Lucinia Peixoto Rangel \u2013 UENF<\/p>\n<p>Dr. Fabr\u00edcio Moreira Almeida \u2013 UENF<\/p>\n<p>&nbsp;<\/p>\n<p><strong>5 \u2013\u00a0<\/strong><strong>AMANDA TOLEDO MACHADO\u00a0\u00a0\u00a0\u00a0\u00a0\u00a0\u00a0\u00a0\u00a0\u00a0\u00a0\u00a0\u00a0\u00a0\u00a0\u00a0\u00a0\u00a0\u00a0\u00a0\u00a0\u00a0\u00a0\u00a0\u00a0\u00a0\u00a0\u00a0\u00a0\u00a0\u00a0\u00a0\u00a0 <\/strong><\/p>\n<p><strong>Data:<\/strong>\u00a0<strong>10\/02\/2026\u00a0\u00a0\u00a0 <\/strong><\/p>\n<p><strong>T\u00edtulo:<\/strong>\u00a0\u201cCaracteriza\u00e7\u00e3o do canal de c\u00e1lcio CRAC e sua influ\u00eancia no desenvolvimento de\u00a0Tribolium castaneum\u201d<\/p>\n<p>&nbsp;<\/p>\n<p><strong>Orientador:<\/strong>\u00a0Dr\u00aa Ana Eliza Zeraik\u00a0\u00a0 \u2013 UENF<\/p>\n<p>&nbsp;<\/p>\n<p><strong>Banca:<\/strong>\u00a0Dr\u00aa Ana Paula Ulian de Ara\u00fajo \u2013 IFCSC<\/p>\n<p>Dr. Gabriel Bonan Taveira \u2013 UENF<\/p>\n<p>Dr. Gustavo Lazzaro Rezende \u2013 UENF<\/p>\n<p>&nbsp;<\/p>\n<p><strong>6 \u2013 <a href=\"https:\/\/uenf.br\/posgraduacao\/biociencias-biotecnologia\/wp-content\/uploads\/sites\/12\/2026\/05\/THAIS-RANGEL-FIGUEIREDO.pdf\">THAIS RANGEL FIGUEIREDO<\/a><\/strong><strong>\u00a0 \u00a0 \u00a0 \u00a0 \u00a0 \u00a0 \u00a0 \u00a0 \u00a0 \u00a0 \u00a0 \u00a0 \u00a0 \u00a0 \u00a0 \u00a0 \u00a0 \u00a0 \u00a0 \u00a0 \u00a0 \u00a0<\/strong><\/p>\n<p><strong>Data:<\/strong>\u00a0<strong>10\/02\/2026\u00a0\u00a0\u00a0 <\/strong><\/p>\n<p><strong>T\u00edtulo:<\/strong>\u00a0\u201cEXPLORANDO A PROTE\u00cdNA SmE16 DE\u00a0Schistosoma mansoni: UM ESTUDO BIOF\u00cdSICO DE DE SUAS FUN\u00c7\u00d5ES E INTERA\u00c7\u00d5ES\u201d<\/p>\n<p>&nbsp;<\/p>\n<p><strong>Orientador:<\/strong>\u00a0Dr\u00aa Ana Eliza Zeraik\u00a0\u00a0 \u2013 UENF<\/p>\n<p>&nbsp;<\/p>\n<p><strong>Banca<\/strong> Dr. Jorge Hernandez Fernandez \u2013 UENF<\/p>\n<p>Dr. Arnoldo Rocha Fa\u00e7anha \u2013 UENF<\/p>\n<p>Dr. Jos\u00e9 Luiz de Souza Lopes \u2013 USP<\/p>\n<p>&nbsp;<\/p>\n<p><strong>7 \u2013\u00a0<\/strong><strong>Marcos Roberto Dias Campos\u00a0\u00a0\u00a0\u00a0\u00a0\u00a0\u00a0\u00a0\u00a0\u00a0\u00a0\u00a0\u00a0\u00a0\u00a0\u00a0\u00a0\u00a0\u00a0\u00a0\u00a0\u00a0\u00a0\u00a0\u00a0\u00a0\u00a0\u00a0\u00a0\u00a0\u00a0\u00a0\u00a0 <\/strong><\/p>\n<p><strong>Data:<\/strong>\u00a0<strong>10\/02\/2026\u00a0\u00a0\u00a0 <\/strong><\/p>\n<p><strong>T\u00edtulo:<\/strong>\u00a0\u201cEvas\u00e3o do sistema microbicida de \u00f3xido n\u00edtrico e prefer\u00eancia de infec\u00e7\u00e3o de\u00a0Toxoplasma gondii\u00a0em diferentes tipos de macr\u00f3fagos peritoneais murinos\u201d<\/p>\n<p>&nbsp;<\/p>\n<p><strong>Orientador:<\/strong>\u00a0Dr. Renato Augusto DaMatta\u00a0\u00a0 \u2013 UENF<\/p>\n<p>&nbsp;<\/p>\n<p><strong>Banca<\/strong> Dr\u00aa Alba Luciania Peixoto Rangel \u2013 UENF<\/p>\n<p>Dr. Milton Masahiko Kanashiro \u2013 UENF<\/p>\n<p>Dr. Tiago Wilson Patriarca Mineo \u2013 UFU<\/p>\n<p>&nbsp;<\/p>\n<p><strong>8 \u2013<a href=\"https:\/\/uenf.br\/posgraduacao\/biociencias-biotecnologia\/wp-content\/uploads\/sites\/12\/2026\/05\/1.-Dissertacao-Yhony-Sumari-Misaico_AEZ.pdf\">YHONY SUMARI MISAICO <\/a><\/strong><strong>\u00a0 \u00a0 \u00a0 \u00a0 \u00a0 \u00a0 \u00a0 \u00a0 \u00a0 \u00a0 \u00a0 \u00a0 \u00a0 \u00a0 \u00a0 \u00a0 \u00a0 \u00a0 \u00a0<\/strong><\/p>\n<p><strong>Data:<\/strong>\u00a0<strong>11\/02\/2026\u00a0\u00a0\u00a0 <\/strong><\/p>\n<p><strong>T\u00edtulo:<\/strong>\u00a0\u201cEXPLORANDO A INTERFACE STIM-ORAI NA ATIVA\u00c7\u00c3O DO CANAL CRAC EM PARASITOS HELMINTOS\u201d<\/p>\n<p>&nbsp;<\/p>\n<p><strong>Orientador:<\/strong>\u00a0Dr\u00aa Ana Eliza Zeraik\u00a0\u00a0 \u2013 UENF<\/p>\n<p>&nbsp;<\/p>\n<p><strong>Banca<\/strong> Dr\u00aa Anna Lvovna Okorokova Fa\u00e7anha \u2013 UENF<\/p>\n<p>Dr\u00aa \u00c9rica de Oliveira Mello \u2013 UENF<\/p>\n<p>Dr. Wallance Moreira Pazin \u2013 UNESP<\/p>\n<p>&nbsp;<\/p>\n<p><strong>9 \u2013\u00a0<\/strong><strong>Amanda Mello da Silva Oliveira\u00a0\u00a0\u00a0\u00a0\u00a0\u00a0\u00a0\u00a0\u00a0\u00a0\u00a0\u00a0\u00a0\u00a0\u00a0\u00a0\u00a0\u00a0\u00a0\u00a0\u00a0\u00a0\u00a0\u00a0\u00a0\u00a0\u00a0\u00a0\u00a0\u00a0\u00a0 <\/strong><\/p>\n<p><strong>Data:<\/strong>\u00a0<strong>11\/02\/2026\u00a0\u00a0\u00a0 <\/strong><\/p>\n<p><strong>T\u00edtulo:<\/strong>\u00a0\u201cEfeito in vivo Anti-Plasmodium chabaudi\u00a0do Metalocomplexo FeBS\u201d<\/p>\n<p>&nbsp;<\/p>\n<p><strong>Orientador:<\/strong>\u00a0Dr. S\u00e9rgio Henrique Seabra\u00a0\u00a0 \u2013 UENF<\/p>\n<p>&nbsp;<\/p>\n<p><strong>Banca<\/strong> Dr. Felipe Figueir\u00f4a Moreira \u2013 UENF<\/p>\n<p>Dr\u00aa Juliana de Ara\u00fajo Portes \u2013 UFRJ<\/p>\n<p>Dr\u00aa Valdirene Moreira Gomes \u2013 UENF<\/p>\n<p>&nbsp;<\/p>\n<p><strong>10 \u2013 <a href=\"https:\/\/uenf.br\/posgraduacao\/biociencias-biotecnologia\/wp-content\/uploads\/sites\/12\/2026\/04\/DISSERTACAO-FINAL-DE-MESTRADO-JESSICA-MACEDO.pdf\">J\u00c9SSICA MACEDO RAFAEL DE ARRUDA<\/a><\/strong><\/p>\n<p><strong>Data:<\/strong>\u00a0<strong>20\/02\/2026\u00a0\u00a0\u00a0 <\/strong><\/p>\n<p><strong>T\u00edtulo:<\/strong>\u00a0\u201cMAPEAMENTO E CARACTERIZA\u00c7\u00c3O DE NOVAS REGI\u00d5ES CANDIDATAS A ICRs NO GENOMA BOVINO\u201d<\/p>\n<p>&nbsp;<\/p>\n<p><strong>Orientador:<\/strong>\u00a0Dr. \u00c1lvaro Fabr\u00edcio Lopes Rios\u00a0\u00a0 \u2013 UENF<\/p>\n<p>&nbsp;<\/p>\n<p><strong>Banca<\/strong> Dr. Milton Masahiko Kanashiro \u2013 UENF<\/p>\n<p>Dr. Victor Martin Quintana Flores \u2013 UENF<\/p>\n<p>Dr\u00aa Juliana Rodrigues Leopoldo \u2013 USP<\/p>\n<p>&nbsp;<\/p>\n<p><strong>11 \u2013\u00a0<\/strong><strong>Pethersen Jos\u00e9 Moraes dos Reis Bueno Rocha\u00a0\u00a0 <\/strong><\/p>\n<p><strong>Data:<\/strong>\u00a0<strong>23\/02\/2026\u00a0\u00a0\u00a0 <\/strong><\/p>\n<p><strong>T\u00edtulo:<\/strong>\u00a0\u201cPADR\u00c3O DE METILA\u00c7\u00c3O DO DNA NO GENE DO RECEPTOR DE OCITOCINA (OXTR) EM UMA AMOSTRA PEDI\u00c1TRICA COM TRANSTORNO DO ESPECTRO AUTISTA (TEA) E SEUS GENITORES ATENDIDOS NO INSTITUTO DEPSIQUIATRIA DA UNIVERSIDADE FEDERAL DO RIO DE JANEIRO (IPUB\/UFRJ)\u201d<\/p>\n<p><strong>Orientador:<\/strong>\u00a0Dr. \u00c1lvaro Fabr\u00edcio Lopes Rios\u00a0\u00a0 \u2013 UENF<\/p>\n<p><strong>Banca<\/strong> Dr. Milton Masahiko Kanashiro \u2013 UENF<\/p>\n<p>Dr. Victor Martin Quintana Flores \u2013 UENF<\/p>\n<p>Dr\u00aa Juliana Rodrigues Leopoldo \u2013 USP<\/p>\n<p>&nbsp;<\/p>\n<p><strong>12 \u2013\u00a0<\/strong><strong>J\u00falio C\u00e9zar Rosa de Souza J\u00fanior\u00a0\u00a0\u00a0\u00a0\u00a0\u00a0\u00a0\u00a0\u00a0\u00a0\u00a0\u00a0\u00a0\u00a0\u00a0\u00a0\u00a0\u00a0\u00a0\u00a0\u00a0\u00a0\u00a0\u00a0\u00a0 <\/strong><\/p>\n<p><strong>Data:<\/strong>\u00a0<strong>23\/02\/2026\u00a0\u00a0\u00a0 <\/strong><\/p>\n<p><strong>T\u00edtulo:<\/strong>\u00a0\u201cAn\u00e1lise molecular de parasitas de mico-le\u00e3o-dourado (Leontopithecus rosalia) e saguis h\u00edbridos (Callithrix penicillata\u00a0xCallithrix jacchus) da \u00c1rea de Prote\u00e7\u00e3o Ambiental da Bacia do Rio S\u00e3o Jo\u00e3o\/ Mico-le\u00e3o-dourado\u201d<\/p>\n<p><strong>Orientador:<\/strong>\u00a0Dr. Glauber Monteiro Dias\u00a0\u00a0 \u2013 UENF<\/p>\n<p>&nbsp;<\/p>\n<p><strong>Banca<\/strong> Dr\u00aa Bianca Cardozo Afonso \u2013 UENF<\/p>\n<p>Dr. Edwards Fraz\u00e3o Teixeira \u2013 UENF<\/p>\n<p>Dr. Renato Augusto DaMatta \u2013 UENF<\/p>\n<p>&nbsp;<\/p>\n<p><strong>13 \u2013\u00a0<\/strong><strong>Remy Gabriel Cabezudo Cobos\u00a0\u00a0\u00a0\u00a0\u00a0\u00a0\u00a0\u00a0\u00a0\u00a0\u00a0\u00a0\u00a0\u00a0\u00a0\u00a0\u00a0\u00a0\u00a0\u00a0\u00a0\u00a0\u00a0\u00a0\u00a0\u00a0\u00a0\u00a0\u00a0 <\/strong><\/p>\n<p><strong>Data:<\/strong>\u00a0<strong>23\/02\/2026\u00a0\u00a0\u00a0 <\/strong><\/p>\n<p><strong>T\u00edtulo:<\/strong>\u00a0\u201cCaracteriza\u00e7\u00e3o Biof\u00edsica e Bioqu\u00edmica das prote\u00ednas codificadas pelos Micro-Exon Genes (MEGs) 3.3 e 3.4 do\u00a0Schistosoma mansoni\u201d<\/p>\n<p>&nbsp;<\/p>\n<p><strong>Orientador:<\/strong>\u00a0Dr\u00aa Ana Eliza Zeraik\u00a0\u00a0 \u2013 UENF<\/p>\n<p>&nbsp;<\/p>\n<p><strong>Banca<\/strong> Dr. \u00cdtalo Augusto Cavini \u2013 USP<\/p>\n<p>Dr. Ant\u00f4nio Jesus Dorighetto Cogo \u2013 UENF<\/p>\n<p>Dr. Andr\u00e9 de Oliveira Carvalho \u2013 UENF<\/p>\n<p>&nbsp;<\/p>\n<p><strong>14 \u2013\u00a0<\/strong><strong>Ana Fl\u00e1via Ribeiro Mendieta\u00a0\u00a0\u00a0\u00a0\u00a0\u00a0\u00a0\u00a0\u00a0\u00a0\u00a0\u00a0\u00a0\u00a0\u00a0\u00a0\u00a0\u00a0\u00a0\u00a0\u00a0\u00a0\u00a0\u00a0\u00a0\u00a0\u00a0\u00a0\u00a0\u00a0\u00a0\u00a0\u00a0\u00a0\u00a0 <\/strong><\/p>\n<p><strong>Data:<\/strong>\u00a0<strong>24\/02\/2026\u00a0\u00a0\u00a0 <\/strong><\/p>\n<p><strong>T\u00edtulo<\/strong>\u201cBloqueio de IgE por N-carbamil-L-\u00e1cido glut\u00e2mico: uma abordagem terap\u00eautica promissora para alergias\u201d<\/p>\n<p>&nbsp;<\/p>\n<p><strong>Orientador:<\/strong>\u00a0Dr\u00aa Olga Lima Tavares Machado\u00a0\u00a0 \u2013 UENF<\/p>\n<p>&nbsp;<\/p>\n<p><strong>Banca<\/strong> Dr\u00aa Alba Lucinia Peixoto Rangel \u2013 UENF<\/p>\n<p>Dr. Mauricio Afonso Vericimo \u2013 UFF<\/p>\n<p>Dr. Fabr\u00edcio Moreira Almeida \u2013 UENF<\/p>\n<p>&nbsp;<\/p>\n<p><strong>15 \u2013\u00a0<\/strong><strong>Let\u00edcia dos Santos Nascimento\u00a0\u00a0\u00a0\u00a0\u00a0\u00a0\u00a0\u00a0\u00a0\u00a0\u00a0\u00a0\u00a0\u00a0\u00a0\u00a0\u00a0\u00a0\u00a0\u00a0\u00a0\u00a0\u00a0\u00a0\u00a0\u00a0\u00a0\u00a0\u00a0 <\/strong><\/p>\n<p><strong>Data:<\/strong>\u00a0<strong>25\/02\/2026\u00a0\u00a0\u00a0 <\/strong><\/p>\n<p><strong>T\u00edtulo: <\/strong>\u201cEdi\u00e7\u00e3o g\u00eanica CRISPR-Cas9 otimizada com ssODNs para produ\u00e7\u00e3o de fibronectina humana recombinante em c\u00e9lulas epiteliais da gl\u00e2ndula mam\u00e1ria bovina\u201d<\/p>\n<p>&nbsp;<\/p>\n<p><strong>Orientador:<\/strong>\u00a0Dr. \u00c1lvaro Fabr\u00edcio Lopes Rios\u00a0\u00a0 \u2013 UENF<\/p>\n<p>&nbsp;<\/p>\n<p>&nbsp;<\/p>\n<p><strong>Banca<\/strong> Dr. S\u00e9rgio Henrique Seabra \u2013 UENF<\/p>\n<p>Dr. Milton Masahiko Kanashiro \u2013 UENF<\/p>\n<p>Dr. Hyago Passe Pereira \u2013 UFJF<\/p>\n<p>&nbsp;<\/p>\n<p><strong>16 \u2013\u00a0<\/strong><strong>Viviane Carreiro Felipe\u00a0\u00a0\u00a0\u00a0\u00a0\u00a0\u00a0\u00a0\u00a0\u00a0\u00a0\u00a0\u00a0\u00a0\u00a0\u00a0\u00a0\u00a0\u00a0\u00a0\u00a0\u00a0\u00a0\u00a0\u00a0\u00a0\u00a0\u00a0\u00a0\u00a0\u00a0\u00a0\u00a0\u00a0\u00a0\u00a0\u00a0\u00a0\u00a0\u00a0\u00a0\u00a0\u00a0\u00a0 <\/strong><\/p>\n<p><strong>Data:<\/strong>\u00a0<strong>03\/03\/2026\u00a0\u00a0\u00a0 <\/strong><\/p>\n<p><strong>T\u00edtulo: <\/strong>\u201cMorfanatonomia foliar e anatomia do lenho de tr\u00eas esp\u00e9cies de\u00a0Ficus\u00a0sect.\u00a0Americanae\u00a0(Moraceae) em restingas do estado do Rio de Janeiro\u201d<\/p>\n<p><strong>Orientador:<\/strong>\u00a0Dr\u00aa Maura da Cunha\u00a0\u00a0 \u2013 UENF<\/p>\n<p>Dr. Leandro Cardoso Pederneiras &#8211; UFF<\/p>\n<p>&nbsp;<\/p>\n<p><strong>Banca<\/strong> Dr. Jo\u00e3o Victor de Souza Castelar \u2013 UERJ<\/p>\n<p>Dr\u00aa Claudia Franca Barros \u2013 Jardim Bot\u00e2nico\/RJ<\/p>\n","protected":false},"excerpt":{"rendered":"<p>Disserta\u00e7\u00e3o 2026 Clique no autor para acessar a disserta\u00e7\u00e3o completa: 1 \u2013VICTOR DOS SANTOS LOPES \u00a0 \u00a0 \u00a0 \u00a0 \u00a0&#8230;<\/p>\n","protected":false},"author":25,"featured_media":0,"parent":277,"menu_order":0,"comment_status":"closed","ping_status":"closed","template":"","meta":{"footnotes":""},"class_list":["post-5167","page","type-page","status-publish","hentry"],"_links":{"self":[{"href":"https:\/\/uenf.br\/posgraduacao\/biociencias-biotecnologia\/wp-json\/wp\/v2\/pages\/5167","targetHints":{"allow":["GET"]}}],"collection":[{"href":"https:\/\/uenf.br\/posgraduacao\/biociencias-biotecnologia\/wp-json\/wp\/v2\/pages"}],"about":[{"href":"https:\/\/uenf.br\/posgraduacao\/biociencias-biotecnologia\/wp-json\/wp\/v2\/types\/page"}],"author":[{"embeddable":true,"href":"https:\/\/uenf.br\/posgraduacao\/biociencias-biotecnologia\/wp-json\/wp\/v2\/users\/25"}],"replies":[{"embeddable":true,"href":"https:\/\/uenf.br\/posgraduacao\/biociencias-biotecnologia\/wp-json\/wp\/v2\/comments?post=5167"}],"version-history":[{"count":1,"href":"https:\/\/uenf.br\/posgraduacao\/biociencias-biotecnologia\/wp-json\/wp\/v2\/pages\/5167\/revisions"}],"predecessor-version":[{"id":5222,"href":"https:\/\/uenf.br\/posgraduacao\/biociencias-biotecnologia\/wp-json\/wp\/v2\/pages\/5167\/revisions\/5222"}],"up":[{"embeddable":true,"href":"https:\/\/uenf.br\/posgraduacao\/biociencias-biotecnologia\/wp-json\/wp\/v2\/pages\/277"}],"wp:attachment":[{"href":"https:\/\/uenf.br\/posgraduacao\/biociencias-biotecnologia\/wp-json\/wp\/v2\/media?parent=5167"}],"curies":[{"name":"wp","href":"https:\/\/api.w.org\/{rel}","templated":true}]}}