{"id":59,"date":"2013-11-21T12:42:00","date_gmt":"2013-11-21T12:42:00","guid":{"rendered":"http:\/\/uenf.br\/pos-graduacao\/biociencias-biotecnologia\/?page_id=59"},"modified":"2026-04-17T11:16:32","modified_gmt":"2026-04-17T14:16:32","slug":"colegiado-pgbb","status":"publish","type":"page","link":"https:\/\/uenf.br\/posgraduacao\/biociencias-biotecnologia\/apresentacao\/colegiado-pgbb\/","title":{"rendered":"Comiss\u00e3o Coordenadora"},"content":{"rendered":"<p><strong><span style=\"color: #0b71bf\">Comiss\u00e3o Coordenadora do Programa de P\u00f3s-Gradua\u00e7\u00e3o em Bioci\u00eancias e Biotecnologia<\/span><\/strong><\/p>\n<ul>\n<li><span style=\"color: #0b71bf\"><a style=\"color: #0b71bf\" href=\"https:\/\/uenf.br\/cbb\/lfbm\/professores\/anna-lvovna-okorokova-facanha\/\">Prof\u00aa. Anna L. Okorokova Fa\u00e7anha<\/a>&#8211;<\/span> Presidente e Coordenadora do Programa<\/li>\n<li><a href=\"https:\/\/nanobiotec.uenf.br\/equipe\/profa-ana-zeraik\"><span style=\"color: #0b71bf\">Prof\u00aa. Ana Eliza Zeraik<\/span><\/a> &#8211; Representante do LQFPP<\/li>\n<li><span style=\"color: #0b71bf\">Prof. Enrique Medina-Acosta<\/span> &#8211; Representante do LBT<\/li>\n<li><span style=\"color: #0b71bf\">Prof. Arnoldo Rocha Fa\u00e7anha<\/span> &#8211; Representante do LBCT<\/li>\n<li><span style=\"color: #0b71bf\">Prof\u00aa Elena Lassounskaia<\/span> &#8211; Representante do LBR<\/li>\n<li><span style=\"color: #3366ff\"><span style=\"color: #0b71bf\">Prof. Andr\u00e9 de Oliveira Carvalho <\/span><\/span>&#8211; Representante do LFBM<\/li>\n<\/ul>\n<ul>\n<li><span style=\"color: #0b71bf\">Silvia Aparecida Ribeiro dos Santos <\/span>&#8211; Representante dos P\u00f3s-Graduandos -Mestrado<\/li>\n<li><span id=\"c25\" class=\"PDfZbf\"><span style=\"color: #0b71bf\">Marcos Roberto Dias Campos<\/span>&#8211; Representante dos P\u00f3s-Graduandos &#8211; Doutorado<\/span><\/li>\n<\/ul>\n<ul>\n<li><span style=\"color: #0a5ebf\"><strong>Calend\u00e1rio de Reuni\u00e3o PGBB 1\u00ba semestre\/2026: <span style=\"color: #000000\">(18\/05\/2026,\u00a0 22\/06\/2026)<\/span><\/strong><\/span><\/li>\n<\/ul>\n<ul>\n<li><span style=\"color: #0a5ebf\"><strong>Calend\u00e1rio de Reuni\u00e3o PGBB 2025<\/strong><\/span><br \/>\n<table style=\"height: 274px\" width=\"144\">\n<tbody>\n<tr>\n<td width=\"109\"><strong>Mar\u00e7o<\/strong><\/td>\n<td width=\"85\"><strong>17\/03<\/strong><\/td>\n<\/tr>\n<tr>\n<td width=\"109\"><strong>Abril<\/strong><\/td>\n<td width=\"85\"><strong>14\/04<\/strong><\/td>\n<\/tr>\n<tr>\n<td width=\"109\"><strong>Maio<\/strong><\/td>\n<td width=\"85\"><strong>19\/05<\/strong><\/td>\n<\/tr>\n<tr>\n<td width=\"109\"><strong>Junho<\/strong><\/td>\n<td width=\"85\"><strong>23\/06<\/strong><\/td>\n<\/tr>\n<tr>\n<td width=\"109\"><strong>Agosto<\/strong><\/td>\n<td width=\"85\"><strong>18\/08<\/strong><\/td>\n<\/tr>\n<tr>\n<td width=\"109\"><strong>Setembro<\/strong><\/td>\n<td width=\"85\"><strong>15\/09<\/strong><\/td>\n<\/tr>\n<tr>\n<td width=\"109\"><strong>Outubro<\/strong><\/td>\n<td width=\"85\"><strong>13\/10<\/strong><\/td>\n<\/tr>\n<tr>\n<td width=\"109\"><strong>Novembro<\/strong><\/td>\n<td width=\"85\"><strong>17\/11<\/strong><\/td>\n<\/tr>\n<tr>\n<td width=\"109\"><strong>Dezembro<\/strong><\/td>\n<td width=\"85\"><strong>15\/12<\/strong><\/td>\n<\/tr>\n<\/tbody>\n<\/table>\n<\/li>\n<li>\n<h4><span style=\"color: #0670c2\"><strong><a style=\"color: #0670c2\" href=\"https:\/\/uenf.br\/posgraduacao\/biociencias-biotecnologia\/apresentacao\/coordenadores-da-pgbb\/\">Hist\u00f3rico de Coordenadores da PGBB<\/a><\/strong><\/span><\/h4>\n<\/li>\n<li>\n<h4><span style=\"color: #000000\"><a style=\"color: #000000\" href=\"https:\/\/uenf.br\/posgraduacao\/biociencias-biotecnologia\/apresentacao\/colegiado-pgbb\/competencias-do-colegiado\/\"><strong>Compet\u00eancias da Comiss\u00e3o Coordenadora do Programa<\/strong><\/a><\/span><\/h4>\n<\/li>\n<\/ul>\n<div><\/div>\n<div>\n<div style=\"padding-left: 240px\"><\/div>\n<div><\/div>\n<div><\/div>\n<div><\/div>\n<div style=\"padding-left: 60px\"><\/div>\n<div><\/div>\n<div><\/div>\n<div><\/div>\n<div><\/div>\n<div><\/div>\n<\/div>\n","protected":false},"excerpt":{"rendered":"<p>Comiss\u00e3o Coordenadora do Programa de P\u00f3s-Gradua\u00e7\u00e3o em Bioci\u00eancias e Biotecnologia Prof\u00aa. Anna L. Okorokova Fa\u00e7anha&#8211; Presidente e Coordenadora do Programa&#8230;<\/p>\n","protected":false},"author":25,"featured_media":0,"parent":652,"menu_order":2,"comment_status":"closed","ping_status":"open","template":"","meta":{"footnotes":""},"class_list":["post-59","page","type-page","status-publish","hentry"],"_links":{"self":[{"href":"https:\/\/uenf.br\/posgraduacao\/biociencias-biotecnologia\/wp-json\/wp\/v2\/pages\/59","targetHints":{"allow":["GET"]}}],"collection":[{"href":"https:\/\/uenf.br\/posgraduacao\/biociencias-biotecnologia\/wp-json\/wp\/v2\/pages"}],"about":[{"href":"https:\/\/uenf.br\/posgraduacao\/biociencias-biotecnologia\/wp-json\/wp\/v2\/types\/page"}],"author":[{"embeddable":true,"href":"https:\/\/uenf.br\/posgraduacao\/biociencias-biotecnologia\/wp-json\/wp\/v2\/users\/25"}],"replies":[{"embeddable":true,"href":"https:\/\/uenf.br\/posgraduacao\/biociencias-biotecnologia\/wp-json\/wp\/v2\/comments?post=59"}],"version-history":[{"count":0,"href":"https:\/\/uenf.br\/posgraduacao\/biociencias-biotecnologia\/wp-json\/wp\/v2\/pages\/59\/revisions"}],"up":[{"embeddable":true,"href":"https:\/\/uenf.br\/posgraduacao\/biociencias-biotecnologia\/wp-json\/wp\/v2\/pages\/652"}],"wp:attachment":[{"href":"https:\/\/uenf.br\/posgraduacao\/biociencias-biotecnologia\/wp-json\/wp\/v2\/media?parent=59"}],"curies":[{"name":"wp","href":"https:\/\/api.w.org\/{rel}","templated":true}]}}