{"id":611,"date":"2016-02-15T18:19:35","date_gmt":"2016-02-15T20:19:35","guid":{"rendered":"http:\/\/uenf.br\/pos-graduacao\/biociencias-biotecnologia\/?page_id=611"},"modified":"2026-03-05T16:57:25","modified_gmt":"2026-03-05T19:57:25","slug":"aluno-inicial","status":"publish","type":"page","link":"https:\/\/uenf.br\/posgraduacao\/biociencias-biotecnologia\/discentes\/aluno-inicial\/","title":{"rendered":"Aluno Inicial 2026\/1\u00ba"},"content":{"rendered":"<p><strong>Matr\u00edcula Inicial<\/strong> dos alunos aprovados no processo seletivo (2026\/1) \u2013 <strong>11\/02\/2026 a 13\/02\/2026<\/strong><\/p>\n<p>Deve ser realizada de forma <strong>on line<\/strong> pelo <a href=\"https:\/\/academico.uenf.br\/usuarios\/sign_in\">Sistema Acad\u00eamico da UENF<\/a>. Os alunos receber\u00e3o um e-mail da Coordena\u00e7\u00e3o do Programa com a\u00a0 senha de acesso e o passo a passo dos procedimentos a serem seguidos para realiza\u00e7\u00e3o da matr\u00edcula.<\/p>\n<p>Inicio do 1\u00b0 semestre de 2026:<strong> 02 de mar\u00e7o de 2026<\/strong><\/p>\n<p>Encerramento do 1\u00b0 semestre de 2026: <strong>12 de junho<\/strong><strong>\u00a0de 2026<\/strong><\/p>\n<p>Acesse aqui o <a href=\"https:\/\/uenf.br\/posgraduacao\/biociencias-biotecnologia\/wp-content\/uploads\/sites\/12\/2026\/02\/CalendarioAcademico2026PROPPG-com-alteracao.pdf\">CalendarioAcademico2026PROPPG com altera\u00e7\u00e3o<\/a><\/p>\n<p>&nbsp;<\/p>\n<p>Consulte aqui as <a href=\"https:\/\/uenf.br\/posgraduacao\/biociencias-biotecnologia\/wp-content\/uploads\/sites\/12\/2026\/03\/Disciplinas-Oferecidas-PGBB-1o-semestre-2026-1.pdf\">Disciplinas-Oferecidas-PGBB-1\u00ba-semestre-2026<\/a><\/p>\n<div><\/div>\n<div>_________________________________<\/div>\n<div>Em caso de problemas ou d\u00favidas, entrar em contato com a Coordena\u00e7\u00e3o do PPGBB pelo e-mail: <a href=\"mailto:cpgcbb@uenf.br\">cpgcbb@uenf.br<\/a><\/div>\n<p>&nbsp;<\/p>\n","protected":false},"excerpt":{"rendered":"<p>Matr\u00edcula Inicial dos alunos aprovados no processo seletivo (2026\/1) \u2013 11\/02\/2026 a 13\/02\/2026 Deve ser realizada de forma on line&#8230;<\/p>\n","protected":false},"author":25,"featured_media":0,"parent":311,"menu_order":1,"comment_status":"closed","ping_status":"closed","template":"","meta":{"footnotes":""},"class_list":["post-611","page","type-page","status-publish","hentry"],"_links":{"self":[{"href":"https:\/\/uenf.br\/posgraduacao\/biociencias-biotecnologia\/wp-json\/wp\/v2\/pages\/611","targetHints":{"allow":["GET"]}}],"collection":[{"href":"https:\/\/uenf.br\/posgraduacao\/biociencias-biotecnologia\/wp-json\/wp\/v2\/pages"}],"about":[{"href":"https:\/\/uenf.br\/posgraduacao\/biociencias-biotecnologia\/wp-json\/wp\/v2\/types\/page"}],"author":[{"embeddable":true,"href":"https:\/\/uenf.br\/posgraduacao\/biociencias-biotecnologia\/wp-json\/wp\/v2\/users\/25"}],"replies":[{"embeddable":true,"href":"https:\/\/uenf.br\/posgraduacao\/biociencias-biotecnologia\/wp-json\/wp\/v2\/comments?post=611"}],"version-history":[{"count":0,"href":"https:\/\/uenf.br\/posgraduacao\/biociencias-biotecnologia\/wp-json\/wp\/v2\/pages\/611\/revisions"}],"up":[{"embeddable":true,"href":"https:\/\/uenf.br\/posgraduacao\/biociencias-biotecnologia\/wp-json\/wp\/v2\/pages\/311"}],"wp:attachment":[{"href":"https:\/\/uenf.br\/posgraduacao\/biociencias-biotecnologia\/wp-json\/wp\/v2\/media?parent=611"}],"curies":[{"name":"wp","href":"https:\/\/api.w.org\/{rel}","templated":true}]}}