{"id":692,"date":"2017-05-03T15:42:08","date_gmt":"2017-05-03T15:42:08","guid":{"rendered":"http:\/\/uenf.br\/pos-graduacao\/biociencias-biotecnologia\/?page_id=692"},"modified":"2024-06-19T20:14:02","modified_gmt":"2024-06-19T23:14:02","slug":"portarias","status":"publish","type":"page","link":"https:\/\/uenf.br\/posgraduacao\/biociencias-biotecnologia\/portarias\/","title":{"rendered":"Portarias"},"content":{"rendered":"<ul>\n<li><strong>Portaria da Capes com o Regulamento de apoio a Programas de P\u00f3s-Gradua\u00e7\u00e3o<\/strong><\/li>\n<\/ul>\n<p><a href=\"http:\/\/uenf.br\/pos-graduacao\/wp-content\/uploads\/2016\/11\/PORTARIA-N-156-DE-28-DE-NOVEMBRO-DE-2014.pdf\">Anexo do regulamento<\/a><\/p>\n<ul>\n<li><strong>Portaria Reitoria UENF n\u00ba22 de 3 de novembro de 2016 \u2013 Estabelece as normas para utiliza\u00e7\u00e3o de recursos Proap-CAPES<\/strong><\/li>\n<\/ul>\n<p><a href=\"http:\/\/uenf.br\/pos-graduacao\/wp-content\/uploads\/2016\/11\/Portaria-Reitoria-n%C2%BA-22-Normas-para-utiliza%C3%A7%C3%A3o-de-recursos-PROAP-CAPES.pdf\">Normas da UENF para utiliza\u00e7\u00e3o dos recurso Proap-CAPES\u00a0<\/a><\/p>\n<ul>\n<li><strong>Roteiro para Presta\u00e7\u00e3o de Contas<\/strong><\/li>\n<\/ul>\n<p><a href=\"http:\/\/uenf.br\/pos-graduacao\/wp-content\/uploads\/2016\/12\/Roteiro-Presta%C3%A7%C3%A3o-de-Contas.pdf\">Roteiro Presta\u00e7\u00e3o de Contas: Aux\u00edlio Financeiro \u00e0 Pesquisador (AFP) e \u00e0 estudante (AFE)<\/a><\/p>\n<ul>\n<li><strong>\u00a0Portaria n\u00ba. 64, de 24\/03\/2010<\/strong><\/li>\n<\/ul>\n<p><a href=\"https:\/\/uenf.br\/posgraduacao\/gmp\/wp-content\/uploads\/sites\/6\/2012\/10\/Regulamento_PROAP_Portaria64_2403101.pdf\">Regulamento PROAP Portaria n\u00ba 64 de 24\/03\/2010<\/a><\/p>\n<ul>\n<li><strong>Portaria n\u00ba. 191, de 04\/10\/2011<\/strong><\/li>\n<\/ul>\n<p>Define, para efeitos de enquadramento nos programas e cursos e p\u00f3s-gradua\u00e7\u00e3o, as categorias de docentes dos programas desse n\u00edvel de ensino.<\/p>\n<p><a href=\"https:\/\/uenf.br\/posgraduacao\/gmp\/wp-content\/uploads\/sites\/6\/2012\/10\/CAPES-PORTARIA-N%C2%BA-191.pdf\">CAPES PORTARIA N\u00ba 191<\/a><\/p>\n<ul>\n<li><strong>Portaria n\u00ba. 192, de 04\/10\/2011<\/strong><\/li>\n<\/ul>\n<div>\u00a0Define, para efeitos da avalia\u00e7\u00e3o, realizada pela CAPES, a atua\u00e7\u00e3o nos programas e cursos de p\u00f3s-gradua\u00e7\u00e3o das diferentes categorias de docentes.<\/div>\n<div><a href=\"https:\/\/uenf.br\/posgraduacao\/gmp\/wp-content\/uploads\/sites\/6\/2012\/10\/CAPES-PORTARIA-N%C2%BA-192.pdf\">CAPES PORTARIA N\u00ba 192<\/a><\/div>\n<ul>\n<li><strong>\u00a0Portaria n\u00ba. 2, de 04\/01\/2012<\/strong><\/li>\n<\/ul>\n<p>Define, para efeitos de enquadramento nos programas e cursos e p\u00f3s-gradua\u00e7\u00e3o, as categorias de docentes dos programas desse n\u00edvel de ensino.<\/p>\n<p><a title=\"Portaria Capes n\u00ba 2, de 04\/01\/2012\" href=\"https:\/\/uenf.br\/posgraduacao\/gmp\/wp-content\/uploads\/sites\/6\/2013\/09\/Portaria-2_4-Jan-2012_DefineCategoriasDocentes.pdf\" target=\"_blank\" rel=\"noopener\">CAPES PORTARIA N\u00ba 2<\/a><\/p>\n<h2 id=\"tituloPrincipal\">\u00a0<strong><a title=\"Todas portarias Capes\" href=\"http:\/\/www.capes.gov.br\/sobre-a-capes\/legislacao\/2340-portarias\" target=\"_blank\" rel=\"noopener\">Outras Portarias Capes<\/a><\/strong><\/h2>\n<div><\/div>\n","protected":false},"excerpt":{"rendered":"<p>Portaria da Capes com o Regulamento de apoio a Programas de P\u00f3s-Gradua\u00e7\u00e3o Anexo do regulamento Portaria Reitoria UENF n\u00ba22 de&#8230;<\/p>\n","protected":false},"author":25,"featured_media":0,"parent":0,"menu_order":0,"comment_status":"closed","ping_status":"closed","template":"","meta":{"footnotes":""},"class_list":["post-692","page","type-page","status-publish","hentry"],"_links":{"self":[{"href":"https:\/\/uenf.br\/posgraduacao\/biociencias-biotecnologia\/wp-json\/wp\/v2\/pages\/692","targetHints":{"allow":["GET"]}}],"collection":[{"href":"https:\/\/uenf.br\/posgraduacao\/biociencias-biotecnologia\/wp-json\/wp\/v2\/pages"}],"about":[{"href":"https:\/\/uenf.br\/posgraduacao\/biociencias-biotecnologia\/wp-json\/wp\/v2\/types\/page"}],"author":[{"embeddable":true,"href":"https:\/\/uenf.br\/posgraduacao\/biociencias-biotecnologia\/wp-json\/wp\/v2\/users\/25"}],"replies":[{"embeddable":true,"href":"https:\/\/uenf.br\/posgraduacao\/biociencias-biotecnologia\/wp-json\/wp\/v2\/comments?post=692"}],"version-history":[{"count":0,"href":"https:\/\/uenf.br\/posgraduacao\/biociencias-biotecnologia\/wp-json\/wp\/v2\/pages\/692\/revisions"}],"wp:attachment":[{"href":"https:\/\/uenf.br\/posgraduacao\/biociencias-biotecnologia\/wp-json\/wp\/v2\/media?parent=692"}],"curies":[{"name":"wp","href":"https:\/\/api.w.org\/{rel}","templated":true}]}}