{"id":86,"date":"2013-11-21T17:02:50","date_gmt":"2013-11-21T19:02:50","guid":{"rendered":"http:\/\/uenf.br\/pos-graduacao\/biociencias-biotecnologia\/?page_id=86"},"modified":"2026-03-18T13:58:49","modified_gmt":"2026-03-18T16:58:49","slug":"processo-seletivo","status":"publish","type":"page","link":"https:\/\/uenf.br\/posgraduacao\/biociencias-biotecnologia\/processo-seletivo\/","title":{"rendered":"Processos Seletivos PGBB"},"content":{"rendered":"<div class=\"post-bodycopy clearfix\">\n<ul>\n<li><a href=\"https:\/\/uenf.br\/posgraduacao\/biociencias-biotecnologia\/doutorado-sanduiche-no-exterior-2025-2-capes-pdse\/\" target=\"_blank\" rel=\"noopener\"><span style=\"color: #0858c2\"><strong>Edital Doutorado Sandu\u00edche no Exterior 2025.2- CAPES PDSE<\/strong><\/span><\/a><\/li>\n<\/ul>\n<h6 style=\"padding-left: 80px\"><span style=\"color: #000080\">Candidatos inscritos: Gustavo Duncan Franco; Lorran Yves Machado de Sousa.<\/span><\/h6>\n<h6 style=\"padding-left: 80px\"><span style=\"color: #000080\">Comiss\u00e3o Especial de Avalia\u00e7\u00e3o: Profa. Elena Lassounskaia, Profa. Anna L. Okorokova Fa\u00e7anha, \u00a0Prof. \u00a0Renato Augusto da Matta.<\/span><\/h6>\n<h6 style=\"padding-left: 80px\"><span style=\"color: #000080\">Candidatos aprovados (ordem classificat\u00f3ria):\u00a0<\/span><span style=\"color: #000080\">1\u00aa coloca\u00e7\u00e3o \u2013 Gustavo Duncan Franco; <\/span><span style=\"color: #000080\">2\u00aa coloca\u00e7\u00e3o \u2013 Lorran Yves Machado de Souza<\/span><\/h6>\n<h5><\/h5>\n<\/div>\n<ul>\n<li><span style=\"color: #1b7dbf\"><a style=\"color: #1b7dbf\" href=\"https:\/\/uenf.br\/posgraduacao\/biociencias-biotecnologia\/processo-seletivo\/selecao-1o-2026-mestrado-e-doutorado\/\" target=\"_blank\" rel=\"noopener\"><strong>Processo Seletivo 1\u00ba\/2026 &#8211; Mestrado e Doutorado<\/strong><\/a><\/span><\/li>\n<\/ul>\n<p><span style=\"color: #800000\">Mestrado e Doutorado 1\u00ba\/2026 <\/span><em><span style=\"color: #800000\">\/ <\/span><\/em><span style=\"color: #800000\"><em>Admission for the first semester of 2026 \/ <\/em><\/span><em><span style=\"color: #800000\">La admisi\u00f3n para el primer semestre de 2026<\/span><\/em><\/p>\n<p><img loading=\"lazy\" decoding=\"async\" class=\"alignnone size-medium wp-image-4705\" src=\"https:\/\/uenf.br\/posgraduacao\/biociencias-biotecnologia\/wp-content\/uploads\/sites\/12\/2025\/10\/PGBB-2026-PT-300x300.jpg\" alt=\"\" width=\"300\" height=\"300\" srcset=\"https:\/\/uenf.br\/posgraduacao\/biociencias-biotecnologia\/wp-content\/uploads\/sites\/12\/2025\/10\/PGBB-2026-PT-300x300.jpg 300w, https:\/\/uenf.br\/posgraduacao\/biociencias-biotecnologia\/wp-content\/uploads\/sites\/12\/2025\/10\/PGBB-2026-PT-150x150.jpg 150w, https:\/\/uenf.br\/posgraduacao\/biociencias-biotecnologia\/wp-content\/uploads\/sites\/12\/2025\/10\/PGBB-2026-PT-600x600.jpg 600w, https:\/\/uenf.br\/posgraduacao\/biociencias-biotecnologia\/wp-content\/uploads\/sites\/12\/2025\/10\/PGBB-2026-PT.jpg 720w\" sizes=\"auto, (max-width: 300px) 100vw, 300px\" \/><img loading=\"lazy\" decoding=\"async\" class=\"alignnone size-medium wp-image-4706\" src=\"https:\/\/uenf.br\/posgraduacao\/biociencias-biotecnologia\/wp-content\/uploads\/sites\/12\/2025\/10\/PGBB-2026-ES-300x300.jpg\" alt=\"\" width=\"300\" height=\"300\" srcset=\"https:\/\/uenf.br\/posgraduacao\/biociencias-biotecnologia\/wp-content\/uploads\/sites\/12\/2025\/10\/PGBB-2026-ES-300x300.jpg 300w, https:\/\/uenf.br\/posgraduacao\/biociencias-biotecnologia\/wp-content\/uploads\/sites\/12\/2025\/10\/PGBB-2026-ES-150x150.jpg 150w, https:\/\/uenf.br\/posgraduacao\/biociencias-biotecnologia\/wp-content\/uploads\/sites\/12\/2025\/10\/PGBB-2026-ES-600x600.jpg 600w, https:\/\/uenf.br\/posgraduacao\/biociencias-biotecnologia\/wp-content\/uploads\/sites\/12\/2025\/10\/PGBB-2026-ES.jpg 720w\" sizes=\"auto, (max-width: 300px) 100vw, 300px\" \/><img loading=\"lazy\" decoding=\"async\" class=\"alignnone size-medium wp-image-4707\" src=\"https:\/\/uenf.br\/posgraduacao\/biociencias-biotecnologia\/wp-content\/uploads\/sites\/12\/2025\/10\/PGBB-2026-EN-300x300.jpg\" alt=\"\" width=\"300\" height=\"300\" srcset=\"https:\/\/uenf.br\/posgraduacao\/biociencias-biotecnologia\/wp-content\/uploads\/sites\/12\/2025\/10\/PGBB-2026-EN-300x300.jpg 300w, https:\/\/uenf.br\/posgraduacao\/biociencias-biotecnologia\/wp-content\/uploads\/sites\/12\/2025\/10\/PGBB-2026-EN-150x150.jpg 150w, https:\/\/uenf.br\/posgraduacao\/biociencias-biotecnologia\/wp-content\/uploads\/sites\/12\/2025\/10\/PGBB-2026-EN-600x600.jpg 600w, https:\/\/uenf.br\/posgraduacao\/biociencias-biotecnologia\/wp-content\/uploads\/sites\/12\/2025\/10\/PGBB-2026-EN.jpg 720w\" sizes=\"auto, (max-width: 300px) 100vw, 300px\" \/><\/p>\n<div class=\"post-bodycopy clearfix\">\n<ul>\n<li><strong style=\"color: #0680d1\"><a style=\"color: #0680d1\" href=\"https:\/\/uenf.br\/posgraduacao\/biociencias-biotecnologia\/wp-content\/uploads\/sites\/12\/2025\/09\/Edital-PDSE-PPGBB-UENF-2025_1_.pdf\" target=\"_blank\" rel=\"noopener\">Edital PGBB 2025.1 PDSE CAPES<\/a><\/strong><strong><span style=\"color: #0680d1\">\u00a0 \u00a0Doutorado Sandu\u00edche no Exterior<\/span><\/strong><\/li>\n<\/ul>\n<p style=\"padding-left: 40px\"><strong>Candidatos inscritos:\u00a0<\/strong>Higor Almeida Cordeiro Nogueira; Marcos Joel Hern\u00e1ndez Pe\u00f1a.<\/p>\n<p style=\"padding-left: 40px\"><strong>Processo Seletivo PDSE PGBB\/Comiss\u00e3o Especial de Avalia\u00e7\u00e3o<\/strong>: Prof. Andre de Oliveira Carvalho, Profa. Anna Lvovna Okorokova, \u00a0Prof. Arnoldo Fa\u00e7anha.<\/p>\n<p style=\"padding-left: 40px\"><strong>Candidatos aprovados (ordem classificat\u00f3ria):<\/strong><\/p>\n<p style=\"padding-left: 40px\">1\u00aa coloca\u00e7\u00e3o \u2013 Marcos Joel Hern\u00e1ndez Pe\u00f1a<br \/>\n2\u00aa coloca\u00e7\u00e3o \u2013 Higor Almeida Cordeiro Nogueira<\/p>\n<p style=\"padding-left: 40px\"><span style=\"color: #0680d1\"><strong>Candidatos homologados:\u00a0<\/strong>Marcos Joel Hern\u00e1ndez Pe\u00f1a e Higor Almeida Cordeiro Nogueira <\/span>(confira a lista <a href=\"https:\/\/uenf.br\/posgraduacao\/biociencias-biotecnologia\/wp-content\/uploads\/sites\/12\/2025\/10\/SEI_115089063_Despacho_de_Publicacao.pdf\">SEI_115089063_Despacho_de_Publicacao<\/a>)<\/p>\n<p><img loading=\"lazy\" decoding=\"async\" class=\"alignnone size-medium wp-image-4625\" src=\"https:\/\/uenf.br\/posgraduacao\/biociencias-biotecnologia\/wp-content\/uploads\/sites\/12\/2025\/09\/PGBB-Edital-PDSE-2025-1-divulgacao-300x300.jpg\" alt=\"\" width=\"300\" height=\"300\" srcset=\"https:\/\/uenf.br\/posgraduacao\/biociencias-biotecnologia\/wp-content\/uploads\/sites\/12\/2025\/09\/PGBB-Edital-PDSE-2025-1-divulgacao-300x300.jpg 300w, https:\/\/uenf.br\/posgraduacao\/biociencias-biotecnologia\/wp-content\/uploads\/sites\/12\/2025\/09\/PGBB-Edital-PDSE-2025-1-divulgacao-150x150.jpg 150w, https:\/\/uenf.br\/posgraduacao\/biociencias-biotecnologia\/wp-content\/uploads\/sites\/12\/2025\/09\/PGBB-Edital-PDSE-2025-1-divulgacao-600x600.jpg 600w, https:\/\/uenf.br\/posgraduacao\/biociencias-biotecnologia\/wp-content\/uploads\/sites\/12\/2025\/09\/PGBB-Edital-PDSE-2025-1-divulgacao.jpg 720w\" sizes=\"auto, (max-width: 300px) 100vw, 300px\" \/><\/p>\n<p>&nbsp;<\/p>\n<ul>\n<li><span style=\"color: #01398c\"><a style=\"color: #01398c\" href=\"https:\/\/uenf.br\/posgraduacao\/edital\/pepd\/\" target=\"_blank\" rel=\"noopener\"><strong>EDITAL PROPPG 01\/2025 &#8211; \u00a0Programa de Est\u00e1gio P\u00f3s-Doutoral (PEPD UENF)<\/strong><\/a><\/span><\/li>\n<\/ul>\n<p style=\"padding-left: 80px\"><span style=\"color: #3366ff\">Inscri\u00e7\u00f5es: 21\/03\/2025 \u00e0 14\/04\/2025 ; \u00a0<\/span><span style=\"color: #3366ff\">Cotas de bolsas para PGBB: 2<\/span><\/p>\n<p><a href=\"https:\/\/uenf.br\/posgraduacao\/wp-content\/uploads\/2020\/09\/Edital_PROPPG-02_2025.pdf\" target=\"_blank\" rel=\"noopener\"><img loading=\"lazy\" decoding=\"async\" class=\"alignnone size-medium wp-image-4272\" src=\"https:\/\/uenf.br\/posgraduacao\/biociencias-biotecnologia\/wp-content\/uploads\/sites\/12\/2025\/03\/PGBB-Edital-EPEDJ-2025-1-divulgacao--300x300.jpg\" alt=\"\" width=\"300\" height=\"300\" srcset=\"https:\/\/uenf.br\/posgraduacao\/biociencias-biotecnologia\/wp-content\/uploads\/sites\/12\/2025\/03\/PGBB-Edital-EPEDJ-2025-1-divulgacao--300x300.jpg 300w, https:\/\/uenf.br\/posgraduacao\/biociencias-biotecnologia\/wp-content\/uploads\/sites\/12\/2025\/03\/PGBB-Edital-EPEDJ-2025-1-divulgacao--150x150.jpg 150w, https:\/\/uenf.br\/posgraduacao\/biociencias-biotecnologia\/wp-content\/uploads\/sites\/12\/2025\/03\/PGBB-Edital-EPEDJ-2025-1-divulgacao--600x600.jpg 600w, https:\/\/uenf.br\/posgraduacao\/biociencias-biotecnologia\/wp-content\/uploads\/sites\/12\/2025\/03\/PGBB-Edital-EPEDJ-2025-1-divulgacao-.jpg 718w\" sizes=\"auto, (max-width: 300px) 100vw, 300px\" \/><\/a><\/p>\n<ul>\n<li><span style=\"color: #0574a3\"><a style=\"color: #0574a3\" href=\"https:\/\/uenf.br\/posgraduacao\/biociencias-biotecnologia\/doutorado-sanduiche-no-exterior-edital-capes-pdse-2024-2\/\" target=\"_blank\" rel=\"noopener\"><strong>Doutorado Sandu\u00edche no Exterior CAPES PDSE 2024<\/strong><strong>.2<\/strong><\/a><\/span><\/li>\n<li><span style=\"color: #054fa3\"><a style=\"color: #054fa3\" href=\"https:\/\/uenf.br\/posgraduacao\/biociencias-biotecnologia\/processo-seletivo\/mestrado-e-doutorado-1o-2025\/\" target=\"_blank\" rel=\"noopener\"><strong>Sele\u00e7\u00e3o 1\u00ba\/2025 &#8211; Mestrado e Doutorado<\/strong><\/a><\/span><\/li>\n<li><span style=\"color: #0574a3\"><a style=\"color: #0574a3\" href=\"https:\/\/uenf.br\/posgraduacao\/biociencias-biotecnologia\/processo-seletivo\/programa-de-doutorado-sanduiche-no-exterior-pdse\/\"><strong>CAPES Programa de Doutorado-sandu\u00edche no Exterior\u00a0 &#8211; PDSE 2024\/25<\/strong><\/a><\/span><\/li>\n<li><span style=\"color: #0574a3\"><a style=\"color: #0574a3\" href=\"https:\/\/uenf.br\/posgraduacao\/biociencias-biotecnologia\/processo-seletivo\/move-la-america\/\"><strong>MOVE LA AMERICA CAPES<\/strong><\/a><\/span><\/li>\n<li><span style=\"color: #0574a3\"><a style=\"color: #0574a3\" href=\"https:\/\/uenf.br\/posgraduacao\/biociencias-biotecnologia\/processo-seletivo\/edital-capes-pdse-2024\/\"><strong>CAPES PDSE 2024<\/strong><\/a><strong>.1<\/strong><\/span><\/li>\n<li><span style=\"color: #054fa3\"><strong><a style=\"color: #054fa3\" href=\"https:\/\/uenf.br\/posgraduacao\/biociencias-biotecnologia\/processo-seletivo\/mestrado-e-doutorado-1o-2024\/\">Mestrado e Doutorado 1\u00ba\/2024<\/a><\/strong><\/span><\/li>\n<li><span style=\"color: #0574a3\"><a style=\"color: #0574a3\" href=\"https:\/\/uenf.br\/posgraduacao\/biociencias-biotecnologia\/processo-seletivo\/edital-pdse-2024\/\"><strong>CAPES PDSE 2023<\/strong><\/a><\/span><\/li>\n<\/ul>\n<p>&nbsp;<\/p>\n<\/div>\n","protected":false},"excerpt":{"rendered":"<p>Edital Doutorado Sandu\u00edche no Exterior 2025.2- CAPES PDSE Candidatos inscritos: Gustavo Duncan Franco; Lorran Yves Machado de Sousa. Comiss\u00e3o Especial&#8230;<\/p>\n","protected":false},"author":25,"featured_media":0,"parent":0,"menu_order":2,"comment_status":"closed","ping_status":"closed","template":"","meta":{"footnotes":""},"class_list":["post-86","page","type-page","status-publish","hentry"],"_links":{"self":[{"href":"https:\/\/uenf.br\/posgraduacao\/biociencias-biotecnologia\/wp-json\/wp\/v2\/pages\/86","targetHints":{"allow":["GET"]}}],"collection":[{"href":"https:\/\/uenf.br\/posgraduacao\/biociencias-biotecnologia\/wp-json\/wp\/v2\/pages"}],"about":[{"href":"https:\/\/uenf.br\/posgraduacao\/biociencias-biotecnologia\/wp-json\/wp\/v2\/types\/page"}],"author":[{"embeddable":true,"href":"https:\/\/uenf.br\/posgraduacao\/biociencias-biotecnologia\/wp-json\/wp\/v2\/users\/25"}],"replies":[{"embeddable":true,"href":"https:\/\/uenf.br\/posgraduacao\/biociencias-biotecnologia\/wp-json\/wp\/v2\/comments?post=86"}],"version-history":[{"count":0,"href":"https:\/\/uenf.br\/posgraduacao\/biociencias-biotecnologia\/wp-json\/wp\/v2\/pages\/86\/revisions"}],"wp:attachment":[{"href":"https:\/\/uenf.br\/posgraduacao\/biociencias-biotecnologia\/wp-json\/wp\/v2\/media?parent=86"}],"curies":[{"name":"wp","href":"https:\/\/api.w.org\/{rel}","templated":true}]}}