{"id":879,"date":"2018-04-24T11:10:02","date_gmt":"2018-04-24T14:10:02","guid":{"rendered":"http:\/\/uenf.br\/posgraduacao\/biociencias-biotecnologia\/?page_id=879"},"modified":"2023-10-17T23:02:14","modified_gmt":"2023-10-18T02:02:14","slug":"devolucao-de-bolsas","status":"publish","type":"page","link":"https:\/\/uenf.br\/posgraduacao\/biociencias-biotecnologia\/bolsas\/devolucao-de-bolsas\/","title":{"rendered":"Devolu\u00e7\u00e3o de Bolsas"},"content":{"rendered":"<div id=\"wrapper\">\n<div id=\"container\">\n<table id=\"layout\" border=\"0\" cellspacing=\"0\" cellpadding=\"0\">\n<tbody>\n<tr id=\"bodyrow\">\n<td id=\"middle\">\n<div id=\"post-905\" class=\"post post-905 page type-page status-publish hentry odd\">\n<h3 class=\"post-headline\"><span style=\"color: #05619e\">Procedimentos para Devolu\u00e7\u00e3o de Bolsas<\/span><\/h3>\n<div class=\"post-bodycopy clearfix\">\n<p><span style=\"color: #05619e\"><strong>BOLSAS UENF<\/strong><\/span><\/p>\n<p>Quando acontece o recebimento indevido de bolsa UENF por migra\u00e7\u00e3o do p\u00f3s-graduando para o sistema CAPES, CNPq ou por cancelamento tardio da bolsa, o p\u00f3s-graduando dever\u00e1 ressarcir os cofres p\u00fablicos, com a devolu\u00e7\u00e3o integral do valor recebido o mais rapidamente poss\u00edvel.<\/p>\n<p>Para fazer a devolu\u00e7\u00e3o do valor da bolsa o p\u00f3s-graduando dever\u00e1 seguir as instru\u00e7\u00f5es <a href=\"https:\/\/uenf.br\/posgraduacao\/wp-content\/uploads\/2020\/09\/PROCEDIMENTO-PARA-DEVOLUCAO-DE-BOLSA-GRE-1.pdf\"><span style=\"color: #024366\">aqui<\/span><\/a><span style=\"color: #024366\">:<\/span><\/p>\n<p>Ap\u00f3s a devolu\u00e7\u00e3o, o comprovante dever\u00e1 ser entregue na respectiva coordena\u00e7\u00e3o atrav\u00e9s da plataforma Sei do orientador e e-mail: cpgcbb@uenf.br, salientando que devem ser entregues a GRE e o comprovante de pagamento ou a GRE autenticada.<\/p>\n<p><span style=\"color: #05619e\"><strong>BOLSAS CAPES<\/strong><\/span><\/p>\n<p>Em caso de necessidade de \u00a0devolu\u00e7\u00e3o de bolsas da CAPES os interessados dever\u00e3o acessar\u00a0<span style=\"color: #024366\"><a style=\"color: #024366\" href=\"https:\/\/uenf.br\/posgraduacao\/wp-content\/uploads\/2020\/12\/GRU.pdf\">aqui<\/a>\u00a0<\/span>\u00a0instru\u00e7\u00f5es e\u00a0<span style=\"color: #024366\"><a style=\"color: #024366\" href=\"https:\/\/consulta.tesouro.fazenda.gov.br\/gru_novosite\/gru_simples.asp\">aqui<\/a><\/span>\u00a0para gera\u00e7\u00e3o da GRU. Ap\u00f3s o pagamento, o\u00a0<em>comprovante de pagamento e a GRU<\/em>\u00a0ou a\u00a0<em>GRU autenticada<\/em> dever\u00e1 ser entregue \u00e0 coordena\u00e7\u00e3o do respectivo Programa de P\u00f3s-Gradua\u00e7\u00e3o que o remeter\u00e1 a Pr\u00f3-PPG mediante processo SEI devidamente instru\u00eddo.<\/p>\n<p><span style=\"color: #05619e\"><strong>BOLSA FAPERJ<\/strong><\/span><\/p>\n<\/div>\n<\/div>\n<\/td>\n<\/tr>\n<tr>\n<td id=\"footer\" colspan=\"2\"><\/td>\n<\/tr>\n<\/tbody>\n<\/table>\n<\/div>\n<\/div>\n<div id=\"assinatura\"><\/div>\n<div id=\"container_assinatura\">\n<div class=\"assinatura_texto\">\n<div class=\"content_assinatura\"><\/div>\n<\/div>\n<\/div>\n","protected":false},"excerpt":{"rendered":"<p>Procedimentos para Devolu\u00e7\u00e3o de Bolsas BOLSAS UENF Quando acontece o recebimento indevido de bolsa UENF por migra\u00e7\u00e3o do p\u00f3s-graduando para&#8230;<\/p>\n","protected":false},"author":25,"featured_media":0,"parent":300,"menu_order":3,"comment_status":"closed","ping_status":"closed","template":"","meta":{"footnotes":""},"class_list":["post-879","page","type-page","status-publish","hentry"],"_links":{"self":[{"href":"https:\/\/uenf.br\/posgraduacao\/biociencias-biotecnologia\/wp-json\/wp\/v2\/pages\/879","targetHints":{"allow":["GET"]}}],"collection":[{"href":"https:\/\/uenf.br\/posgraduacao\/biociencias-biotecnologia\/wp-json\/wp\/v2\/pages"}],"about":[{"href":"https:\/\/uenf.br\/posgraduacao\/biociencias-biotecnologia\/wp-json\/wp\/v2\/types\/page"}],"author":[{"embeddable":true,"href":"https:\/\/uenf.br\/posgraduacao\/biociencias-biotecnologia\/wp-json\/wp\/v2\/users\/25"}],"replies":[{"embeddable":true,"href":"https:\/\/uenf.br\/posgraduacao\/biociencias-biotecnologia\/wp-json\/wp\/v2\/comments?post=879"}],"version-history":[{"count":0,"href":"https:\/\/uenf.br\/posgraduacao\/biociencias-biotecnologia\/wp-json\/wp\/v2\/pages\/879\/revisions"}],"up":[{"embeddable":true,"href":"https:\/\/uenf.br\/posgraduacao\/biociencias-biotecnologia\/wp-json\/wp\/v2\/pages\/300"}],"wp:attachment":[{"href":"https:\/\/uenf.br\/posgraduacao\/biociencias-biotecnologia\/wp-json\/wp\/v2\/media?parent=879"}],"curies":[{"name":"wp","href":"https:\/\/api.w.org\/{rel}","templated":true}]}}