{"id":91,"date":"2013-11-21T17:09:41","date_gmt":"2013-11-21T17:09:41","guid":{"rendered":"http:\/\/uenf.br\/pos-graduacao\/biociencias-biotecnologia\/?page_id=91"},"modified":"2024-02-09T21:42:12","modified_gmt":"2024-02-10T00:42:12","slug":"edital-da-pgbb-1o-semestre2014","status":"publish","type":"page","link":"https:\/\/uenf.br\/posgraduacao\/biociencias-biotecnologia\/processo-seletivo\/edital-da-pgbb-1o-semestre2014\/","title":{"rendered":"Mestrado e Doutorado 1\u00ba\/2024: Edital e Formul\u00e1rios"},"content":{"rendered":"<p><span style=\"color: #3d85c6\">MESTRADO E DOUTORADO 2024\/1-EDITAL PROCESSO SELETIVO PGBB<\/span><\/p>\n<p><span style=\"color: #3d85c6\">\u00a0<\/span>As inscri\u00e7\u00f5es ocorrer\u00e3o no per\u00edodo de <strong>1 a 30\/11\/2023<\/strong>\u00a0para o Processo Seletivo de Mestrado e Doutorado 2024\/1.<\/p>\n<p>Clique aqui para acessar<span style=\"color: #029fe8\"> <a style=\"color: #029fe8\" href=\"https:\/\/uenf.br\/posgraduacao\/biociencias-biotecnologia\/wp-content\/uploads\/sites\/12\/2023\/10\/Edital-selecao-PGBB-2024.pdf\">Edital-selecao-PGBB-2024<\/a> <\/span>e obter mais informa\u00e7\u00f5es.<\/p>\n<p><em><strong>INSCRI\u00c7\u00d5ES:<\/strong><\/em><\/p>\n<div>\u2022\u00a0Per\u00edodo: de\u00a001\/11\/2023\u00a0a\u00a030\/11\/2023<\/div>\n<div>\u2022\u00a0N\u00e3o ser\u00e1 cobrada a\u00a0Taxa de Inscri\u00e7\u00e3o<\/div>\n<div>\u2022\u00a0N\u00famero de Vagas<\/div>\n<div>\n<div>\u00a0 Mestrado: 20<\/div>\n<div>\n<p>\u00a0 Doutorado: 20<\/p>\n<\/div>\n<\/div>\n<div>\u2022 \u00c1reas de Concentra\u00e7\u00e3o:<\/div>\n<div>\u00a0 Biologia Celular e Molecular Vegetal e Ecossist\u00eamica;<\/div>\n<div>\n<p>\u00a0 Biotecnologia &amp; Biologia Celular e Molecular em Sa\u00fade<\/p>\n<\/div>\n<p>Todas as inscri\u00e7\u00f5es acompanhadas da documenta\u00e7\u00e3o especificada no\u00a0Edital de Sele\u00e7\u00e3o, dever\u00e3o ser enviadas\u00a0exclusivamente atrav\u00e9s do e-mail:\u00a0<span style=\"color: #000080\">c<a style=\"color: #000080\" href=\"mailto:pgcbb@uenf.br\" target=\"_blank\" rel=\"noopener\">pgcbb@uenf.br<\/a><\/span>,\u00a0at\u00e9 o dia\u00a030\/11\/2023 \u00e0s 23:59 (hor\u00e1rio de Bras\u00edlia).<\/p>\n<p>___________________________________________________________________________<\/p>\n<div class=\"post-headline\">\n<h2><span style=\"color: #0275b3\">Formul\u00e1rios:<\/span><\/h2>\n<\/div>\n<div class=\"post-bodycopy clearfix\">\n<p>Clique aqui, para acessar o\u00a0<span style=\"color: #0997e3\"><a style=\"color: #0997e3\" href=\"https:\/\/uenf.br\/posgraduacao\/biociencias-biotecnologia\/wp-content\/uploads\/sites\/12\/2013\/11\/Formul%C3%A1rio-de-Inscri%C3%A7%C3%A3o.doc\">Formul\u00e1rio de Inscri\u00e7\u00e3o<\/a><\/span><\/p>\n<p>Clique aqui, para acessar o <a href=\"https:\/\/uenf.br\/posgraduacao\/biociencias-biotecnologia\/wp-content\/uploads\/sites\/12\/2023\/10\/Ficha-para-exame-ingles-PGBB.pdf\"><span style=\"color: #0997e3\">Ficha para exame ingl\u00eas PGBB<\/span><\/a><\/p>\n<p>Clique aqui, para acessar a\u00a0<span style=\"color: #0997e3\"><a style=\"color: #0997e3\" href=\"https:\/\/uenf.br\/posgraduacao\/biociencias-biotecnologia\/wp-content\/uploads\/sites\/12\/2013\/11\/Carta-de-Refer%C3%AAncia.doc\">Carta de Refer\u00eancia<\/a><\/span><\/p>\n<p><strong>(O Semestre 2024.1 n\u00e3o ser\u00e1 cobrada a taxa de inscri\u00e7\u00e3o)<\/strong><\/p>\n<p>Clique aqui, para acessar o Formul\u00e1rio de Recurso: Modelo-para-recurso-edital-1<\/p>\n<p><b>____________________________________________________________________<\/b><\/p>\n<p><span style=\"color: #0275b3\"><strong><u>RESERVA DE COTAS <\/u><\/strong><\/span><\/p>\n<p><strong>Acesse aqui as <span style=\"color: #0997e3\"><a style=\"color: #0997e3\" href=\"https:\/\/uenf.br\/posgraduacao\/biociencias-biotecnologia\/wp-content\/uploads\/sites\/12\/2022\/10\/ANEXO-III-sistema-de-cotas-1.pdf\">ANEXO III sistema de cotas<\/a><\/span> &#8211; Instru\u00e7\u00f5es Espec\u00edficas<\/strong><\/p>\n<p>&nbsp;<\/p>\n<p><strong>ATEN\u00c7\u00c3O:<br \/>\n<\/strong>TODOS os candidatos COTISTAS\u00a0dever\u00e3o preencher as\u00a0informa\u00e7\u00f5es do Formul\u00e1rio S\u00f3cio Econ\u00f4mico e anexar os respectivos comprovantes. Aqueles que concorrerem \u00e0\u00a0cota \u00e9tnica racial e ind\u00edgena\u00a0dever\u00e3o anexar tamb\u00e9m o respectivo\u00a0formul\u00e1rio de autodeclara\u00e7\u00e3o.<\/p>\n<p><span style=\"color: #0997e3\"><a style=\"color: #0997e3\" href=\"https:\/\/uenf.br\/posgraduacao\/producao-vegetal\/wp-content\/uploads\/sites\/10\/2017\/10\/Formul%C3%A1rios-de-Informa%C3%A7%C3%B5es-Socioecon%C3%B4micas.pdf\">FORMUL\u00c1RIO DE INFORMA\u00c7\u00d5ES S\u00d3CIOECON\u00d4MICAS<\/a>\u00a0<\/span>(Somente para cotistas)<\/p>\n<p>Clique aqui, para acessar a\u00a0<span style=\"color: #0997e3\"><a style=\"color: #0997e3\" href=\"https:\/\/uenf.br\/posgraduacao\/biociencias-biotecnologia\/wp-content\/uploads\/sites\/12\/2019\/09\/Autodeclara%C3%A7%C3%A3o-%C3%89tnico-Racial.pdf\">Autodeclara\u00e7\u00e3o-\u00c9tnico-Racial<\/a><\/span>\u00a0(Somente para cotistas)<\/p>\n<p>Clique aqui, para acessar a\u00a0<a href=\"https:\/\/uenf.br\/posgraduacao\/biociencias-biotecnologia\/wp-content\/uploads\/sites\/12\/2019\/09\/Autodeclara%C3%A7%C3%A3o-Ind%C3%ADgenas.pdf\"><span style=\"color: #0997e3\">Autodeclara\u00e7\u00e3o-Ind\u00edgenas<\/span>\u00a0<\/a>(Somente para cotistas)<\/p>\n<p>&nbsp;<\/p>\n<p>&nbsp;<\/p>\n<\/div>\n","protected":false},"excerpt":{"rendered":"<p>MESTRADO E DOUTORADO 2024\/1-EDITAL PROCESSO SELETIVO PGBB \u00a0As inscri\u00e7\u00f5es ocorrer\u00e3o no per\u00edodo de 1 a 30\/11\/2023\u00a0para o Processo Seletivo de&#8230;<\/p>\n","protected":false},"author":25,"featured_media":0,"parent":86,"menu_order":1,"comment_status":"closed","ping_status":"open","template":"","meta":{"footnotes":""},"class_list":["post-91","page","type-page","status-publish","hentry"],"_links":{"self":[{"href":"https:\/\/uenf.br\/posgraduacao\/biociencias-biotecnologia\/wp-json\/wp\/v2\/pages\/91","targetHints":{"allow":["GET"]}}],"collection":[{"href":"https:\/\/uenf.br\/posgraduacao\/biociencias-biotecnologia\/wp-json\/wp\/v2\/pages"}],"about":[{"href":"https:\/\/uenf.br\/posgraduacao\/biociencias-biotecnologia\/wp-json\/wp\/v2\/types\/page"}],"author":[{"embeddable":true,"href":"https:\/\/uenf.br\/posgraduacao\/biociencias-biotecnologia\/wp-json\/wp\/v2\/users\/25"}],"replies":[{"embeddable":true,"href":"https:\/\/uenf.br\/posgraduacao\/biociencias-biotecnologia\/wp-json\/wp\/v2\/comments?post=91"}],"version-history":[{"count":0,"href":"https:\/\/uenf.br\/posgraduacao\/biociencias-biotecnologia\/wp-json\/wp\/v2\/pages\/91\/revisions"}],"up":[{"embeddable":true,"href":"https:\/\/uenf.br\/posgraduacao\/biociencias-biotecnologia\/wp-json\/wp\/v2\/pages\/86"}],"wp:attachment":[{"href":"https:\/\/uenf.br\/posgraduacao\/biociencias-biotecnologia\/wp-json\/wp\/v2\/media?parent=91"}],"curies":[{"name":"wp","href":"https:\/\/api.w.org\/{rel}","templated":true}]}}