{"id":106,"date":"2013-11-01T18:14:36","date_gmt":"2013-11-01T18:14:36","guid":{"rendered":"http:\/\/uenf.br\/pos-graduacao\/ciencia-animal\/?page_id=106"},"modified":"2022-01-27T12:51:07","modified_gmt":"2022-01-27T12:51:07","slug":"calendario-academico","status":"publish","type":"page","link":"https:\/\/uenf.br\/posgraduacao\/ciencia-animal\/disciplinas\/calendario-academico\/","title":{"rendered":"Calend\u00e1rio acad\u00eamico"},"content":{"rendered":"<ul>\n<li><a href=\"https:\/\/uenf.br\/posgraduacao\/calendario-academico\/\">2020 &#8211;<\/a><\/li>\n<li><a href=\"http:\/\/uenf.br\/posgraduacao\/wp-content\/uploads\/2019\/06\/Calend%C3%A1rio-Acad%C3%AAmico-2019-2.pdf\">2019\/II<\/a><\/li>\n<li><a href=\"http:\/\/uenf.br\/pos-graduacao\/wp-content\/uploads\/2018\/12\/2019-1.pdf\">2019\/I<\/a><\/li>\n<li><a href=\"http:\/\/uenf.br\/posgraduacao\/ciencia-animal\/wp-content\/uploads\/sites\/5\/2013\/11\/CALENDARIO-ACADEMICO-2018.pdf\">2018<\/a><\/li>\n<li><a href=\"http:\/\/uenf.br\/posgraduacao\/ciencia-animal\/wp-content\/uploads\/sites\/5\/2013\/11\/CALENDARIO-ACADEMICO-2017-2.pdf\">2017\/II<\/a><\/li>\n<li><a href=\"http:\/\/uenf.br\/posgraduacao\/ciencia-animal\/wp-content\/uploads\/sites\/5\/2013\/11\/CALENDARIO-ACADEMICO-PG-2016e2017.pdf\">2016\/II e 2017\/I<\/a> (Retificado\u00a0pela CPPG em 08\/03\/2017)<\/li>\n<li><a href=\"http:\/\/uenf.br\/posgraduacao\/ciencia-animal\/wp-content\/uploads\/sites\/5\/2013\/11\/CALENDARIO-2016-1.pdf\" rel=\"\">2016\/I<\/a><\/li>\n<li><a href=\"http:\/\/uenf.br\/posgraduacao\/ciencia-animal\/wp-content\/uploads\/sites\/5\/2013\/11\/Calend\u00e1rio-Acad\u00eamico-PG-do-2\u00ba-Semestre-de-2015-Aprovado-pelo-Colac-05-10-2015.pdf\">2015\/II<\/a> (Aprovado pelo COLAC em 05\/10\/2015)<\/li>\n<li><a href=\"http:\/\/uenf.br\/posgraduacao\/ciencia-animal\/wp-content\/uploads\/sites\/5\/2013\/11\/2015.1.pdf\">2015\/I<\/a><\/li>\n<li><a href=\"http:\/\/uenf.br\/posgraduacao\/ciencia-animal\/wp-content\/uploads\/sites\/5\/2013\/11\/Calend\u00e1rio-do-2\u00ba-semestre-de-2014-P\u00f3s-gradua\u00e7ao.pdf\">2014\/II<\/a><\/li>\n<li><a href=\"http:\/\/uenf.br\/posgraduacao\/ciencia-animal\/wp-content\/uploads\/sites\/5\/2013\/11\/2014.1-ap\u00f3s-greve.pdf\">2014\/I<\/a>\u00a0(ap\u00f3s a greve)<\/li>\n<li><a href=\"http:\/\/uenf.br\/posgraduacao\/ciencia-animal\/wp-content\/uploads\/sites\/5\/2013\/11\/2014.1.pdf\">2014\/I<\/a>\u00a0(antes da greve)<\/li>\n<li><a href=\"http:\/\/uenf.br\/posgraduacao\/ciencia-animal\/wp-content\/uploads\/sites\/5\/2013\/11\/calend\u00e1rio-2013ii.pdf\">2013\/II<\/a><\/li>\n<li><a href=\"http:\/\/uenf.br\/posgraduacao\/ciencia-animal\/wp-content\/uploads\/sites\/5\/2013\/11\/Calend\u00e1rio-da-P\u00f3s-Gradua\u00e7\u00e3o-do-1\u00ba-Semestre-de-2013-2.pdf\">2013\/I<\/a><\/li>\n<li>2012\/II<\/li>\n<li><a href=\"http:\/\/www.uenf.br\/Uenf\/Downloads\/POS-GRADUACAO_8609_1325873277.pdf\">2012\/I<\/a><\/li>\n<li><a href=\"http:\/\/www.uenf.br\/Uenf\/Downloads\/SECACAD_7852_1313592882.pdf\">2011\/II<\/a><\/li>\n<li><a href=\"http:\/\/www.uenf.br\/Uenf\/Downloads\/POS-GRADUACAO_5555_1286219799.pdf\">2010\/II<\/a><\/li>\n<li><a href=\"http:\/\/www.uenf.br\/Uenf\/Downloads\/POS-GRADUACAO_5009_1261138387.pdf\" target=\"_blank\" rel=\"noopener noreferrer\">2010\/I<\/a><\/li>\n<li><a href=\"http:\/\/www.uenf.br\/Uenf\/Downloads\/PGANIMAL_4078_1245853573.pdf\">2009\/II<\/a><\/li>\n<li><a href=\"http:\/\/www.uenf.br\/Uenf\/Downloads\/PGANIMAL_4078_1229969582.pdf\">2009\/I<\/a><\/li>\n<li><a href=\"http:\/\/www.uenf.br\/Uenf\/Downloads\/PGANIMAL_4078_1213828652.pdf\">2008\/II<\/a><\/li>\n<li><a href=\"http:\/\/www.uenf.br\/Uenf\/Downloads\/PGANIMAL_4078_1198671576.pdf\">2008\/I<\/a><\/li>\n<li><a href=\"http:\/\/www.uenf.br\/Uenf\/Downloads\/PGANIMAL_4078_1184009706.pdf\">2007\/II<\/a><\/li>\n<li><a href=\"http:\/\/www.uenf.br\/Uenf\/Downloads\/PGANIMAL_4078_1170956928.pdf\">2007\/I<\/a><\/li>\n<li><a href=\"http:\/\/www.uenf.br\/Uenf\/Downloads\/PGANIMAL_4078_1170956941.pdf\">2006\/II<\/a><\/li>\n<\/ul>\n","protected":false},"excerpt":{"rendered":"<p>2020 &#8211; 2019\/II 2019\/I 2018 2017\/II 2016\/II e 2017\/I (Retificado\u00a0pela CPPG em 08\/03\/2017) 2016\/I 2015\/II (Aprovado pelo COLAC em 05\/10\/2015)&#8230;<\/p>\n","protected":false},"author":12,"featured_media":0,"parent":62,"menu_order":1,"comment_status":"open","ping_status":"open","template":"","meta":{"_seopress_robots_primary_cat":"","_seopress_titles_title":"","_seopress_titles_desc":"","_seopress_robots_index":"","footnotes":""},"class_list":["post-106","page","type-page","status-publish","hentry"],"_links":{"self":[{"href":"https:\/\/uenf.br\/posgraduacao\/ciencia-animal\/wp-json\/wp\/v2\/pages\/106","targetHints":{"allow":["GET"]}}],"collection":[{"href":"https:\/\/uenf.br\/posgraduacao\/ciencia-animal\/wp-json\/wp\/v2\/pages"}],"about":[{"href":"https:\/\/uenf.br\/posgraduacao\/ciencia-animal\/wp-json\/wp\/v2\/types\/page"}],"author":[{"embeddable":true,"href":"https:\/\/uenf.br\/posgraduacao\/ciencia-animal\/wp-json\/wp\/v2\/users\/12"}],"replies":[{"embeddable":true,"href":"https:\/\/uenf.br\/posgraduacao\/ciencia-animal\/wp-json\/wp\/v2\/comments?post=106"}],"version-history":[{"count":0,"href":"https:\/\/uenf.br\/posgraduacao\/ciencia-animal\/wp-json\/wp\/v2\/pages\/106\/revisions"}],"up":[{"embeddable":true,"href":"https:\/\/uenf.br\/posgraduacao\/ciencia-animal\/wp-json\/wp\/v2\/pages\/62"}],"wp:attachment":[{"href":"https:\/\/uenf.br\/posgraduacao\/ciencia-animal\/wp-json\/wp\/v2\/media?parent=106"}],"curies":[{"name":"wp","href":"https:\/\/api.w.org\/{rel}","templated":true}]}}