{"id":1573,"date":"2023-11-14T15:08:37","date_gmt":"2023-11-14T15:08:37","guid":{"rendered":"https:\/\/uenf.br\/posgraduacao\/ciencia-animal\/?page_id=1573"},"modified":"2024-10-30T15:12:00","modified_gmt":"2024-10-30T15:12:00","slug":"doutorado-2021","status":"publish","type":"page","link":"https:\/\/uenf.br\/posgraduacao\/ciencia-animal\/teses-e-dissertacoes\/doutorado\/doutorado-2021\/","title":{"rendered":"Doutorado 2021-2024"},"content":{"rendered":"<p><em><strong>Para teses defendidas na PGCA\/UFRRJ, <a href=\"https:\/\/sigaa.ufrrj.br\/sigaa\/public\/programa\/defesas.jsf?lc=pt_BR&amp;id=7934\">acesse aqui<\/a>.<\/strong><\/em><\/p>\n<p>&nbsp;<\/p>\n<hr \/>\n<p><strong><a href=\"http:\/\/uenf.br\/posgraduacao\/ciencia-animal\/wp-content\/uploads\/sites\/5\/2024\/10\/Tese-Tainara-AUTORIZADO.pdf\">Estudo de controle sobre a efic\u00e1cia e seguran\u00e7a do sistema Evolig para tratamento da ruptura de ligamento cruzado cranial em c\u00e3es<\/a><\/strong><br \/>\n<strong>Autor:\u00a0<\/strong>TAINARA MICAELE BEZERRA PEIXOTO<br \/>\n<strong>Tipo de Trabalho de Conclus\u00e3o:\u00a0<\/strong>TESE<br \/>\n<strong>Data da Defesa:\u00a0<\/strong>13\/03\/2024<br \/>\n<strong>\u00c1rea de Concentra\u00e7\u00e3o:\u00a0<\/strong>Reprodu\u00e7\u00e3o e Sa\u00fade Animal<br \/>\n<strong>Linha de Pesquisa:\u00a0<\/strong>REPRODU\u00c7\u00c3O E SANIDADE ANIMAL<br \/>\n<strong>Orientador:\u00a0<\/strong>ANDRE LACERDA DE ABREU OLIVEIRA<\/p>\n<hr \/>\n<p><strong>Avalia\u00e7\u00e3o de modelos para predi\u00e7\u00e3o do rendimento microbiano ruminal<\/strong><br \/>\n<strong>Autor:\u00a0<\/strong>CAMILA DA CONCEICAO CORDEIRO<br \/>\n<strong>Tipo de Trabalho de Conclus\u00e3o:\u00a0<\/strong>TESE<br \/>\n<strong>Data da Defesa:\u00a0<\/strong>01\/03\/2024<br \/>\n<strong>\u00c1rea de Concentra\u00e7\u00e3o:\u00a0<\/strong>Zootecnia<br \/>\n<strong>Linha de Pesquisa:\u00a0<\/strong>PRODU\u00c7\u00c3O DE RUMINANTES NO TR\u00d3PICO \u00daMIDO<br \/>\n<strong>Orientador:\u00a0<\/strong>RICARDO AUGUSTO MENDONCA VIEIRA<\/p>\n<hr \/>\n<p><strong><a href=\"http:\/\/uenf.br\/posgraduacao\/ciencia-animal\/wp-content\/uploads\/sites\/5\/2024\/10\/tese-vinicius-maretto-AUTORIZADO.pdf\">ATIVIDADE DA VIA L-ARG\/NO E L-ARG\/PAs NA MATURA\u00c7\u00c3O IN VITRO DE O\u00d3CITOS BOVINOS E SEUS REFLEXO NA PRODU\u00c7\u00c3O IN VITRO DE EMBRI\u00d5ES<\/a><\/strong><br \/>\n<strong>Autor:\u00a0<\/strong>VINICIUS MARETTO<br \/>\n<strong>Tipo de Trabalho de Conclus\u00e3o:\u00a0<\/strong>TESE<br \/>\n<strong>Data da Defesa:\u00a0<\/strong>01\/03\/2024<br \/>\n<strong>\u00c1rea de Concentra\u00e7\u00e3o:\u00a0<\/strong>Reprodu\u00e7\u00e3o e Sa\u00fade Animal<br \/>\n<strong>Linha de Pesquisa:\u00a0<\/strong>REPRODU\u00c7\u00c3O E SANIDADE ANIMAL<br \/>\n<strong>Orientador:\u00a0<\/strong>MARIA CLARA CALDAS BUSSIERE<\/p>\n<hr \/>\n<p><strong>ESTIMATIVAS DE PAR\u00c2METROS GEN\u00c9TICOS DE CARACTER\u00cdSTICAS DE CARCA\u00c7A OBTIDAS POR ULTRASSONOGRAFIA EM BOVINOS DAS RA\u00c7AS ABERDEEN ANGUS E BRANGUS<\/strong><br \/>\n<strong>Autor:\u00a0<\/strong>DOUGLAS MENA DO COUTO<br \/>\n<strong>Tipo de Trabalho de Conclus\u00e3o:\u00a0<\/strong>TESE<br \/>\n<strong>Data da Defesa:\u00a0<\/strong>01\/03\/2024<br \/>\n<strong>\u00c1rea de Concentra\u00e7\u00e3o:\u00a0<\/strong>Zootecnia<br \/>\n<strong>Linha de Pesquisa:\u00a0<\/strong>PRODU\u00c7\u00c3O DE RUMINANTES NO TR\u00d3PICO \u00daMIDO<br \/>\n<strong>Orientador:\u00a0<\/strong>CELIA RAQUEL QUIRINO<\/p>\n<hr \/>\n<p><strong><a href=\"http:\/\/uenf.br\/posgraduacao\/ciencia-animal\/wp-content\/uploads\/sites\/5\/2024\/10\/Tese-Ismael-Nacarati-1.pdf\">Uso de \u00f3leos essenciais e seus blends como aditivos para silagem de milho<\/a><\/strong><br \/>\n<strong>Autor:\u00a0<\/strong>ISMAEL NACARATI DA SILVA<br \/>\n<strong>Tipo de Trabalho de Conclus\u00e3o:\u00a0<\/strong>TESE<br \/>\n<strong>Data da Defesa:\u00a0<\/strong>23\/02\/2024<br \/>\n<strong>\u00c1rea de Concentra\u00e7\u00e3o:\u00a0<\/strong>Zootecnia<br \/>\n<strong>Linha de Pesquisa:\u00a0<\/strong>PRODU\u00c7\u00c3O DE RUMINANTES NO TR\u00d3PICO \u00daMIDO<br \/>\n<strong>Orientador:\u00a0<\/strong>TADEU SILVA DE OLIVEIRA<\/p>\n<hr \/>\n<p><strong>Uso de modelos matem\u00e1ticos e intelig\u00eancia artificial na estimativa das caracter\u00edsticas da lacta\u00e7\u00e3o de ovelhas leiteiras<\/strong><br \/>\n<strong>Autor:\u00a0<\/strong>LILIAN PAOLA GUEVARA MUNETON<br \/>\n<strong>Tipo de Trabalho de Conclus\u00e3o:\u00a0<\/strong>TESE<br \/>\n<strong>Data da Defesa:\u00a0<\/strong>22\/02\/2024<br \/>\n<strong>\u00c1rea de Concentra\u00e7\u00e3o:\u00a0<\/strong>Zootecnia<br \/>\n<strong>Linha de Pesquisa:\u00a0<\/strong>PRODU\u00c7\u00c3O DE RUMINANTES NO TR\u00d3PICO \u00daMIDO<br \/>\n<strong>Orientador:\u00a0<\/strong>ALBERTO MAGNO FERNANDES<\/p>\n<hr \/>\n<p><strong>Din\u00e2mica circadiana do pool de fibra em bovinos<\/strong><br \/>\n<strong>Autor:\u00a0<\/strong>LEONARDO VIANA DA SILVA<br \/>\n<strong>Tipo de Trabalho de Conclus\u00e3o:\u00a0<\/strong>TESE<br \/>\n<strong>Data da Defesa:\u00a0<\/strong>06\/09\/2023<br \/>\n<strong>\u00c1rea de Concentra\u00e7\u00e3o:\u00a0<\/strong>Zootecnia<br \/>\n<strong>Linha de Pesquisa:\u00a0<\/strong>PRODU\u00c7\u00c3O DE RUMINANTES NO TR\u00d3PICO \u00daMIDO<br \/>\n<strong>Orientador:\u00a0<\/strong>RICARDO AUGUSTO MENDONCA VIEIRA<\/p>\n<hr \/>\n<p><strong>Metabolizabilidade da silagem de milho em bovinos, caprinos e ovinos em fun\u00e7\u00e3o de n\u00edveis crescentes de fibra na dieta<\/strong><br \/>\n<strong>Autor:\u00a0<\/strong>MARCOS AUGUSTO DOS REIS NOGUEIRA<br \/>\n<strong>Tipo de Trabalho de Conclus\u00e3o:\u00a0<\/strong>TESE<br \/>\n<strong>Data da Defesa:\u00a0<\/strong>04\/09\/2023<br \/>\n<strong>\u00c1rea de Concentra\u00e7\u00e3o:\u00a0<\/strong>Zootecnia<br \/>\n<strong>Linha de Pesquisa:\u00a0<\/strong>PRODU\u00c7\u00c3O DE RUMINANTES NO TR\u00d3PICO \u00daMIDO<br \/>\n<strong>Orientador:\u00a0<\/strong>RICARDO AUGUSTO MENDONCA VIEIRA<\/p>\n<hr \/>\n<p><strong>Achados anatomopatol\u00f3gicos, parasitol\u00f3gicos e microbiol\u00f3gicos em Sotalia guianensis e a rela\u00e7\u00e3o com suas presas<\/strong><br \/>\n<strong>Autor:\u00a0<\/strong>ISIS DE OLIVEIRA CARVALHO DEMARQUE<br \/>\n<strong>Tipo de Trabalho de Conclus\u00e3o:\u00a0<\/strong>TESE<br \/>\n<strong>Data da Defesa:\u00a0<\/strong>29\/08\/2023<br \/>\n<strong>\u00c1rea de Concentra\u00e7\u00e3o:\u00a0<\/strong>Reprodu\u00e7\u00e3o e Sa\u00fade Animal<br \/>\n<strong>Linha de Pesquisa:\u00a0<\/strong>REPRODU\u00c7\u00c3O E SANIDADE ANIMAL<br \/>\n<strong>Orientador:\u00a0<\/strong>LEONARDO SERAFIM DA SILVEIRA<\/p>\n<hr \/>\n<p><strong>Desenvolvimento biomorfol\u00f3gico correlacionado a osteocronologia para determina\u00e7\u00e3o de idade populacional de Chelonia mydas (LINNAEUS, 1758) juvenis no Estado do Rio de Janeiro, Brasil<\/strong><br \/>\n<strong>Autor:\u00a0<\/strong>MARIAH BIANCHI REIS GUSMAO PETRONILHA<br \/>\n<strong>Tipo de Trabalho de Conclus\u00e3o:\u00a0<\/strong>TESE<br \/>\n<strong>Data da Defesa:\u00a0<\/strong>13\/06\/2023<br \/>\n<strong>\u00c1rea de Concentra\u00e7\u00e3o:\u00a0<\/strong>Reprodu\u00e7\u00e3o e Sa\u00fade Animal<br \/>\n<strong>Linha de Pesquisa:\u00a0<\/strong>REPRODU\u00c7\u00c3O E SANIDADE ANIMAL<br \/>\n<strong>Orientador:\u00a0<\/strong>EULOGIO CARLOS QUEIROZ DE CARVALHO<\/p>\n<hr \/>\n<p><strong>Avalia\u00e7\u00e3o sanit\u00e1ria de saguis h\u00edbridos (Callithrix sp. Erxleben, 1777) invasores na \u00e1rea de prote\u00e7\u00e3o do mico-le\u00e3o-dourado (Leontopithecus rosalia Linnaeus, 1766)<\/strong><br \/>\n<strong>Autor:\u00a0<\/strong>BIANCA CARDOZO AFONSO<br \/>\n<strong>Tipo de Trabalho de Conclus\u00e3o:\u00a0<\/strong>TESE<br \/>\n<strong>Data da Defesa:\u00a0<\/strong>11\/04\/2023<br \/>\n<strong>\u00c1rea de Concentra\u00e7\u00e3o:\u00a0<\/strong>Reprodu\u00e7\u00e3o e Sa\u00fade Animal<br \/>\n<strong>Linha de Pesquisa:\u00a0<\/strong>REPRODU\u00c7\u00c3O E SANIDADE ANIMAL<br \/>\n<strong>Orientador:\u00a0<\/strong>LEONARDO SERAFIM DA SILVEIRA<\/p>\n<hr \/>\n<p><strong><a href=\"https:\/\/uenf.br\/posgraduacao\/ciencia-animal\/wp-content\/uploads\/sites\/5\/2024\/06\/TESE-Joaquim.pdf\">Efeito da administra\u00e7\u00e3o de morfina e MK-801 na express\u00e3o de uma resposta locomotora condicionada e sensibilizada e na ativa\u00e7\u00e3o da prote\u00edna ERK 1\/2 em estruturas encef\u00e1licas relacionadas \u00e0 depend\u00eancia qu\u00edmica<\/a><\/strong><br \/>\n<strong>Autor:\u00a0<\/strong>JOAQUIM BARBOSA LEITE JUNIOR<br \/>\n<strong>Tipo de Trabalho de Conclus\u00e3o:\u00a0<\/strong>TESE<br \/>\n<strong>Data da Defesa:\u00a0<\/strong>29\/03\/2023<br \/>\n<strong>\u00c1rea de Concentra\u00e7\u00e3o:\u00a0<\/strong>Reprodu\u00e7\u00e3o e Sa\u00fade Animal<br \/>\n<strong>Linha de Pesquisa:\u00a0<\/strong>REPRODU\u00c7\u00c3O E SANIDADE ANIMAL<br \/>\n<strong>Orientador:\u00a0<\/strong>MARINETE PINHEIRO CARRERA<\/p>\n<hr \/>\n<p><strong><a href=\"https:\/\/uenf.br\/posgraduacao\/ciencia-animal\/wp-content\/uploads\/sites\/5\/2024\/06\/Tese-Arthur-Lobo-Paes.pdf\">Avalia\u00e7\u00e3o quantitativa do rendimento e potencial nutricional de forrageiras simulando per\u00edodos crescentes de diferimento<\/a><\/strong><br \/>\n<strong>Autor:\u00a0<\/strong>ARTHUR LOBO PAES<br \/>\n<strong>Tipo de Trabalho de Conclus\u00e3o:\u00a0<\/strong>TESE<br \/>\n<strong>Data da Defesa:\u00a0<\/strong>17\/03\/2023<br \/>\n<strong>\u00c1rea de Concentra\u00e7\u00e3o:\u00a0<\/strong>Zootecnia<br \/>\n<strong>Linha de Pesquisa:\u00a0<\/strong>PRODU\u00c7\u00c3O DE RUMINANTES NO TR\u00d3PICO \u00daMIDO<br \/>\n<strong>Orientador:\u00a0<\/strong>RICARDO AUGUSTO MENDONCA VIEIRA<\/p>\n<hr \/>\n<p><strong><a href=\"https:\/\/uenf.br\/posgraduacao\/ciencia-animal\/wp-content\/uploads\/sites\/5\/2024\/06\/tese-Antonio-Augusto-Carvas-SantAnna.pdf\">Abordagem bayesiana para ajuste de curvas de crescimento aplicada \u00e0 ci\u00eancia animal<\/a><\/strong><br \/>\n<strong>Autor:\u00a0<\/strong>ANTONIO AUGUSTO CARVAS SANT ANNA<br \/>\n<strong>Tipo de Trabalho de Conclus\u00e3o:\u00a0<\/strong>TESE<br \/>\n<strong>Data da Defesa:\u00a0<\/strong>15\/12\/2022<br \/>\n<strong>\u00c1rea de Concentra\u00e7\u00e3o:\u00a0<\/strong>Zootecnia<br \/>\n<strong>Linha de Pesquisa:\u00a0<\/strong>PRODU\u00c7\u00c3O DE N\u00c3O-RUMINANTES NO TR\u00d3PICO \u00daMIDO<br \/>\n<strong>Orientador:\u00a0<\/strong>LEONARDO SIQUEIRA GLORIA<\/p>\n<hr \/>\n<p><strong>Influ\u00eancia de diferentes densidades e frequ\u00eancias alimentares nos \u00edndices zoot\u00e9cnicos do Beijupir\u00e1 (Rachycentron canadum), em sistemas de recircula\u00e7\u00e3o de \u00e1gua com avalia\u00e7\u00e3o econ\u00f4mica<\/strong><br \/>\n<strong>Autor:\u00a0<\/strong>FERNANDO BOSISIO<br \/>\n<strong>Tipo de Trabalho de Conclus\u00e3o:\u00a0<\/strong>TESE<br \/>\n<strong>Data da Defesa:\u00a0<\/strong>30\/09\/2022<br \/>\n<strong>\u00c1rea de Concentra\u00e7\u00e3o:\u00a0<\/strong>Zootecnia<br \/>\n<strong>Linha de Pesquisa:\u00a0<\/strong>PRODU\u00c7\u00c3O DE N\u00c3O-RUMINANTES NO TR\u00d3PICO \u00daMIDO<br \/>\n<strong>Orientador:\u00a0<\/strong>MANUEL VAZQUEZ VIDAL JUNIOR<\/p>\n<hr \/>\n<p><strong><a href=\"https:\/\/uenf.br\/posgraduacao\/ciencia-animal\/wp-content\/uploads\/sites\/5\/2024\/06\/Tese-Manoel-Adriano.pdf\">Protocolo para transporte do peixe Betta (Betta splendens)<\/a><\/strong><br \/>\n<strong>Autor:\u00a0<\/strong>MANOEL ADRIANO DA CRUZ NETO<br \/>\n<strong>Tipo de Trabalho de Conclus\u00e3o:\u00a0<\/strong>TESE<br \/>\n<strong>Data da Defesa:\u00a0<\/strong>29\/09\/2022<br \/>\n<strong>\u00c1rea de Concentra\u00e7\u00e3o:\u00a0<\/strong>Zootecnia<br \/>\n<strong>Linha de Pesquisa:\u00a0<\/strong>PRODU\u00c7\u00c3O DE N\u00c3O-RUMINANTES NO TR\u00d3PICO \u00daMIDO<br \/>\n<strong>Orientador:\u00a0<\/strong>LEONARDO SIQUEIRA GLORIA<\/p>\n<hr \/>\n<p><strong><a href=\"https:\/\/uenf.br\/posgraduacao\/ciencia-animal\/wp-content\/uploads\/sites\/5\/2024\/06\/Tese-Danielle-Baffa-UENF-3-final.pdf\">Avalia\u00e7\u00e3o do efeito associativo entre forrageiras com diferentes propor\u00e7\u00f5es de volumoso\/concentrado<\/a><\/strong><br \/>\n<strong>Autor:\u00a0<\/strong>DANIELLE FERREIRA BAFFA<br \/>\n<strong>Tipo de Trabalho de Conclus\u00e3o:\u00a0<\/strong>TESE<br \/>\n<strong>Data da Defesa:\u00a0<\/strong>29\/08\/2022<br \/>\n<strong>\u00c1rea de Concentra\u00e7\u00e3o:\u00a0<\/strong>Zootecnia<br \/>\n<strong>Linha de Pesquisa:\u00a0<\/strong>PRODU\u00c7\u00c3O DE RUMINANTES NO TR\u00d3PICO \u00daMIDO<br \/>\n<strong>Orientador:\u00a0<\/strong>ALBERTO MAGNO FERNANDES<\/p>\n<hr \/>\n<p><strong><a href=\"https:\/\/uenf.br\/posgraduacao\/ciencia-animal\/wp-content\/uploads\/sites\/5\/2024\/06\/TESE-LETICIA-VERSIANI.pdf\">Micropl\u00e1sticos em trato intestinal de Sotalia guianensis (VAN BENEDEN, 1864)<\/a><\/strong><br \/>\n<strong>Autor:\u00a0<\/strong>LETICIA VERSIANI GOMES DA SILVA<br \/>\n<strong>Tipo de Trabalho de Conclus\u00e3o:\u00a0<\/strong>TESE<br \/>\n<strong>Data da Defesa:\u00a0<\/strong>25\/08\/2022<br \/>\n<strong>\u00c1rea de Concentra\u00e7\u00e3o:\u00a0<\/strong>Reprodu\u00e7\u00e3o e Sa\u00fade Animal<br \/>\n<strong>Linha de Pesquisa:\u00a0<\/strong>REPRODU\u00c7\u00c3O E SANIDADE ANIMAL<br \/>\n<strong>Orientador:\u00a0<\/strong>LEONARDO SERAFIM DA SILVEIRA<\/p>\n<hr \/>\n<p><strong><a href=\"https:\/\/uenf.br\/posgraduacao\/ciencia-animal\/wp-content\/uploads\/sites\/5\/2024\/06\/Tese-Araceli-2022-1.pdf\">Estudo demogr\u00e1fico e de diversidade gen\u00e9tica em bovinos da Ra\u00e7a Braford<\/a><\/strong><br \/>\n<strong>Autor:\u00a0<\/strong>ARACELI ROCIO MARISEL GONZALEZ<br \/>\n<strong>Tipo de Trabalho de Conclus\u00e3o:\u00a0<\/strong>TESE<br \/>\n<strong>Data da Defesa:\u00a0<\/strong>21\/06\/2022<br \/>\n<strong>\u00c1rea de Concentra\u00e7\u00e3o:\u00a0<\/strong>Zootecnia<br \/>\n<strong>Linha de Pesquisa:\u00a0<\/strong>PRODU\u00c7\u00c3O DE RUMINANTES NO TR\u00d3PICO \u00daMIDO<br \/>\n<strong>Orientador:\u00a0<\/strong>CELIA RAQUEL QUIRINO<\/p>\n<p>&nbsp;<\/p>\n<hr \/>\n<p><strong><a href=\"https:\/\/uenf.br\/posgraduacao\/ciencia-animal\/wp-content\/uploads\/sites\/5\/2024\/06\/Tese-final-Juliana-Souza-Ribeiro.pdf\">FAUNA ENDOPARASIT\u00c1RIA DE Colomesus psittacus (OSTEICHTHYES, TETRAODONTIFORMES) DO MUNIC\u00cdPIO DE RAPOSA, ILHA DE UPAON-A\u00c7U, ESTADO DO MARANH\u00c3O, BRASIL<\/a><\/strong><br \/>\n<strong>Autor:\u00a0<\/strong>JULIANA SOUZA RIBEIRO<br \/>\n<strong>Tipo de Trabalho de Conclus\u00e3o:\u00a0<\/strong>TESE<br \/>\n<strong>Data da Defesa:\u00a0<\/strong>02\/05\/2022<br \/>\n<strong>\u00c1rea de Concentra\u00e7\u00e3o:\u00a0<\/strong>Reprodu\u00e7\u00e3o e Sa\u00fade Animal<br \/>\n<strong>Linha de Pesquisa:\u00a0<\/strong>REPRODU\u00c7\u00c3O E SANIDADE ANIMAL<br \/>\n<strong>Orientador:\u00a0<\/strong>NICOLE BRAND EDERLI<\/p>\n<hr \/>\n<p><strong><a href=\"https:\/\/uenf.br\/posgraduacao\/ciencia-animal\/wp-content\/uploads\/sites\/5\/2024\/06\/Tese-mariana-Biscaro-Zofoli.pdf\">Anatomia macro e microsc\u00f3pica do tegumento cut\u00e2neo de Chelonia mydas (LINNAEUS,1758) encalhadas no litoral do Estado do Rio de Janeiro &#8211; RJ<\/a><br \/>\nAutor:\u00a0<\/strong>MARIANA BISCARO ZOFOLI<strong><br \/>\nTipo de Trabalho de Conclus\u00e3o:\u00a0<\/strong>TESE<strong><br \/>\nData da Defesa:\u00a0<\/strong>29\/04\/2022<strong><br \/>\n\u00c1rea de Concentra\u00e7\u00e3o:\u00a0<\/strong>Reprodu\u00e7\u00e3o e Sa\u00fade Animal<strong><br \/>\nLinha de Pesquisa:\u00a0<\/strong>REPRODU\u00c7\u00c3O E SANIDADE ANIMAL<strong><br \/>\nOrientador:\u00a0<\/strong>EULOGIO CARLOS QUEIROZ DE CARVALHO<\/p>\n<hr \/>\n<p><strong><a href=\"https:\/\/uenf.br\/posgraduacao\/ciencia-animal\/wp-content\/uploads\/sites\/5\/2024\/06\/TESE-ISABELA_AMORIM.pdf\">Avalia\u00e7\u00e3o do potencial forrageiro de h\u00edbridos de sorgo para ensilagem adaptados \u00e0 regi\u00e3o Norte Fluminense<\/a><\/strong><br \/>\n<strong>Autor:\u00a0<\/strong>ISABELA MORAES AMORIM<br \/>\n<strong>Tipo de Trabalho de Conclus\u00e3o:\u00a0<\/strong>TESE<br \/>\n<strong>Data da Defesa:\u00a0<\/strong>24\/02\/2022<br \/>\n<strong>\u00c1rea de Concentra\u00e7\u00e3o:\u00a0<\/strong>Zootecnia<br \/>\n<strong>Linha de Pesquisa:\u00a0<\/strong>PRODU\u00c7\u00c3O DE RUMINANTES NO TR\u00d3PICO \u00daMIDO<br \/>\n<strong>Orientador:\u00a0<\/strong>RICARDO AUGUSTO MENDONCA VIEIRA<\/p>\n<hr \/>\n<p><strong>Descri\u00e7\u00e3o morfol\u00f3gica do globo ocular de Tartaruga-verde &#8211; Chelonia mydas (LINNAEUS, 1758)<\/strong><br \/>\n<strong>Autor:\u00a0<\/strong>ALINE LUIZE DE MORAES SOUZA<br \/>\n<strong>Tipo de Trabalho de Conclus\u00e3o:\u00a0<\/strong>TESE<br \/>\n<strong>Data da Defesa:\u00a0<\/strong>22\/02\/2022<br \/>\n<strong>\u00c1rea de Concentra\u00e7\u00e3o:\u00a0<\/strong>Reprodu\u00e7\u00e3o e Sa\u00fade Animal<br \/>\n<strong>Linha de Pesquisa:\u00a0<\/strong>REPRODU\u00c7\u00c3O E SANIDADE ANIMAL<br \/>\n<strong>Orientador:\u00a0<\/strong>EULOGIO CARLOS QUEIROZ DE CARVALHO<\/p>\n<hr \/>\n<p><strong><a href=\"https:\/\/uenf.br\/posgraduacao\/ciencia-animal\/wp-content\/uploads\/sites\/5\/2024\/06\/Tese-Dr.-Corrigida-Nardele-1-2.pdf\">Comportamento dos nutrientes no trato gastrintestinal de bovinos em rela\u00e7\u00e3o aos n\u00edveis de consumo de fibra<\/a><\/strong><br \/>\n<strong>Autor:\u00a0<\/strong>NARDELE MORENO ROHEM JUNIOR<br \/>\n<strong>Tipo de Trabalho de Conclus\u00e3o:\u00a0<\/strong>TESE<br \/>\n<strong>Data da Defesa:\u00a0<\/strong>20\/12\/2021<br \/>\n<strong>\u00c1rea de Concentra\u00e7\u00e3o:\u00a0<\/strong>Zootecnia<br \/>\n<strong>Linha de Pesquisa:\u00a0<\/strong>PRODU\u00c7\u00c3O DE RUMINANTES NO TR\u00d3PICO \u00daMIDO<br \/>\n<strong>Orientador:\u00a0<\/strong>RICARDO AUGUSTO MENDONCA VIEIRA<\/p>\n<hr \/>\n<p><strong><a href=\"https:\/\/uenf.br\/posgraduacao\/ciencia-animal\/wp-content\/uploads\/sites\/5\/2024\/06\/Tese-Vilson-final-PGA-REVISADO-A-B-PDF-1.pdf\">AVALIA\u00c7\u00c3O DO TIPO DE SUTURA NA ANASTOMOSE ASS\u00c9PTICA MODIFICADA<\/a><\/strong><br \/>\n<strong>Autor:\u00a0<\/strong>VILSON LEITE BATISTA<br \/>\n<strong>Tipo de Trabalho de Conclus\u00e3o:\u00a0<\/strong>TESE<br \/>\n<strong>Data da Defesa:\u00a0<\/strong>30\/09\/2021<br \/>\n<strong>\u00c1rea de Concentra\u00e7\u00e3o:\u00a0<\/strong>Reprodu\u00e7\u00e3o e Sa\u00fade Animal<br \/>\n<strong>Linha de Pesquisa:\u00a0<\/strong>REPRODU\u00c7\u00c3O E SANIDADE ANIMAL<br \/>\n<strong>Orientador:\u00a0<\/strong>ANDRE LACERDA DE ABREU OLIVEIRA<\/p>\n<hr \/>\n<p><strong><a href=\"https:\/\/uenf.br\/posgraduacao\/ciencia-animal\/wp-content\/uploads\/sites\/5\/2024\/06\/TESE-GUILHERME-DE-SOUZA-VIEIRA-1.pdf\">AVALIA\u00c7\u00c3O HEMODIN\u00c2MICA E DA ACIDOSE METAB\u00d3LICA DURANTE A S\u00cdNDROME SEPSE EM RATOS WISTAR<\/a><\/strong><br \/>\n<strong>Autor:\u00a0<\/strong>GUILHERME DE SOUZA VIEIRA<br \/>\n<strong>Tipo de Trabalho de Conclus\u00e3o:\u00a0<\/strong>TESE<br \/>\n<strong>Data da Defesa:\u00a0<\/strong>30\/09\/2021<br \/>\n<strong>\u00c1rea de Concentra\u00e7\u00e3o:\u00a0<\/strong>Reprodu\u00e7\u00e3o e Sa\u00fade Animal<br \/>\n<strong>Linha de Pesquisa:\u00a0<\/strong>REPRODU\u00c7\u00c3O E SANIDADE ANIMAL<br \/>\n<strong>Orientador:\u00a0<\/strong>ANDRE LACERDA DE ABREU OLIVEIRA<\/p>\n<p><strong><a href=\"https:\/\/uenf.br\/posgraduacao\/ciencia-animal\/wp-content\/uploads\/sites\/5\/2024\/06\/Tese-Francielli-final-com-folha-de-aprovacao-assinada-1.pdf\">EEFEITO DA ODONTOPLASTIA SOBRE O CONSUMO E A DIGESTIBILIDADE DE P\u00d4NEIS ALIMENTADOS COM FENO DE TIFTON 85<\/a><\/strong><br \/>\n<strong>Autor:\u00a0<\/strong>FRANCIELLI PEREIRA GOBBI<br \/>\n<strong>Tipo de Trabalho de Conclus\u00e3o:\u00a0<\/strong>TESE<br \/>\n<strong>Data da Defesa:\u00a0<\/strong>10\/08\/2021<br \/>\n<strong>\u00c1rea de Concentra\u00e7\u00e3o:\u00a0<\/strong>Reprodu\u00e7\u00e3o e Sa\u00fade Animal<br \/>\n<strong>Linha de Pesquisa:\u00a0<\/strong>REPRODU\u00c7\u00c3O E SANIDADE ANIMAL<br \/>\n<strong>Orientador:\u00a0<\/strong>PAULA ALESSANDRA DI FILIPPO<\/p>\n<hr \/>\n<p><strong>Avalia\u00e7\u00e3o da Perfus\u00e3o Renal da Inflow Occlusion<\/strong><br \/>\n<strong>Autor:\u00a0<\/strong>LUCIANA DE MACEDO MELLO<br \/>\n<strong>Tipo de Trabalho de Conclus\u00e3o:\u00a0<\/strong>TESE<br \/>\n<strong>Data da Defesa:\u00a0<\/strong>29\/07\/2021<br \/>\n<strong>\u00c1rea de Concentra\u00e7\u00e3o:\u00a0<\/strong>Reprodu\u00e7\u00e3o e Sa\u00fade Animal<br \/>\n<strong>Linha de Pesquisa:\u00a0<\/strong>REPRODU\u00c7\u00c3O E SANIDADE ANIMAL<br \/>\n<strong>Orientador:\u00a0<\/strong>ANDRE LACERDA DE ABREU OLIVEIRA<\/p>\n<hr \/>\n<p><strong><a href=\"https:\/\/uenf.br\/posgraduacao\/ciencia-animal\/wp-content\/uploads\/sites\/5\/2024\/06\/TESE-PDF-JOAO-MARCOS-3.pdf\">INTERFER\u00caNCIA DA INIBI\u00c7\u00c3O DOPAMIN\u00c9RGICA NA JANELA DE CONSOLIDA\u00c7\u00c3O DA MEM\u00d3RIA E SEUS EFEITOS NA DEPEND\u00caNCIA QU\u00cdMICA \u00c0 MORFINA<\/a><\/strong><br \/>\n<strong>Autor:\u00a0<\/strong>JOAO MARCOS DE MELLO BASTOS<br \/>\n<strong>Tipo de Trabalho de Conclus\u00e3o:\u00a0<\/strong>TESE<br \/>\n<strong>Data da Defesa:\u00a0<\/strong>01\/06\/2021<br \/>\n<strong>\u00c1rea de Concentra\u00e7\u00e3o:\u00a0<\/strong>Reprodu\u00e7\u00e3o e Sa\u00fade Animal<br \/>\n<strong>Linha de Pesquisa:\u00a0<\/strong>REPRODU\u00c7\u00c3O E SANIDADE ANIMAL<br \/>\n<strong>Orientador:\u00a0<\/strong>MARINETE PINHEIRO CARRERA<\/p>\n<hr \/>\n<p><strong><a href=\"https:\/\/uenf.br\/posgraduacao\/ciencia-animal\/wp-content\/uploads\/sites\/5\/2024\/06\/Paula-Gebe-Defesa-de-tese-2021-Paula-Cabral-03-05-2021-_DOCX_-FINAL-revisado-1.pdf\">DELIMITA\u00c7\u00c3O DAS MARGENS TUMORAIS DO C\u00c2NCER DE MAMA POR IMAGEM VIDEOTERMOM\u00c9TRICA E A SUA RELA\u00c7\u00c3O COM A ATIVIDADE DAS BOMBAS DE PR\u00d3TONS &#8211; PROJETO MART<\/a><\/strong><br \/>\n<strong>Autor:\u00a0<\/strong>PAULA GEBE ABREU CABRAL<br \/>\n<strong>Tipo de Trabalho de Conclus\u00e3o:\u00a0<\/strong>TESE<br \/>\n<strong>Data da Defesa:\u00a0<\/strong>03\/05\/2021<br \/>\n<strong>\u00c1rea de Concentra\u00e7\u00e3o:\u00a0<\/strong>Reprodu\u00e7\u00e3o e Sa\u00fade Animal<br \/>\n<strong>Linha de Pesquisa:\u00a0<\/strong>REPRODU\u00c7\u00c3O E SANIDADE ANIMAL<br \/>\n<strong>Orientador:\u00a0<\/strong>ANDRE LACERDA DE ABREU OLIVEIRA<\/p>\n<hr \/>\n<p><strong><a href=\"https:\/\/uenf.br\/posgraduacao\/ciencia-animal\/wp-content\/uploads\/sites\/5\/2024\/06\/Marshal-TESE-VERSAO-FINAL-31MAIO2021.pdf\">EMPREGO DA DEXMEDETOMIDINA EM INFUS\u00c3O CONT\u00cdNUA E DO CARPROFENO OU FLUNIXIN EM EQUINOS SUBMETIDOS \u00c0 ORQUIECTOMIA EM POSI\u00c7\u00c3O QUADRUPEDAL<\/a><\/strong><br \/>\n<strong>Autor:\u00a0<\/strong>MARSHAL COSTA LEME<br \/>\n<strong>Tipo de Trabalho de Conclus\u00e3o:\u00a0<\/strong>TESE<br \/>\n<strong>Data da Defesa:\u00a0<\/strong>30\/03\/2021<br \/>\n<strong>\u00c1rea de Concentra\u00e7\u00e3o:\u00a0<\/strong>Reprodu\u00e7\u00e3o e Sa\u00fade Animal<br \/>\n<strong>Linha de Pesquisa:\u00a0<\/strong>REPRODU\u00c7\u00c3O E SANIDADE ANIMAL<br \/>\n<strong>Orientador:\u00a0<\/strong>PAULA ALESSANDRA DI FILIPPO<\/p>\n<hr \/>\n<p><strong>Contribui\u00e7\u00e3o ao conhecimento da fauna parasit\u00e1ria de aves do grupo dos rapinantes de Campos dos Goytacazes, RJ &#8211; BR<\/strong><br \/>\n<strong>Autor:\u00a0<\/strong>LUANNA CASTRO OLIVEIRA<br \/>\n<strong>Tipo de Trabalho de Conclus\u00e3o:\u00a0<\/strong>TESE<br \/>\n<strong>Data da Defesa:\u00a0<\/strong>29\/03\/2021<br \/>\n<strong>\u00c1rea de Concentra\u00e7\u00e3o:\u00a0<\/strong>Reprodu\u00e7\u00e3o e Sa\u00fade Animal<br \/>\n<strong>Linha de Pesquisa:\u00a0<\/strong>REPRODU\u00c7\u00c3O E SANIDADE ANIMAL<br \/>\n<strong>Orientador:\u00a0<\/strong>LEONARDO SERAFIM DA SILVEIRA<\/p>\n<hr \/>\n<p><strong><a href=\"https:\/\/uenf.br\/posgraduacao\/ciencia-animal\/wp-content\/uploads\/sites\/5\/2024\/06\/TESE-RAFAEL-UENF-DESENVOLVIMENTO-IOGURTE-PREBIOTICO-ADICAO-DE-BBV-Musa-spp.-ASSINADA-1.pdf\">Desenvolvimento e an\u00e1lise sensorial de iogurte simbi\u00f3tico com Lactobacillus acidophilus e com adi\u00e7\u00e3o de farinha de banana verde<\/a><\/strong><br \/>\n<strong>Autor:\u00a0<\/strong>RAFAEL DOS SANTOS COSTA<br \/>\n<strong>Tipo de Trabalho de Conclus\u00e3o:\u00a0<\/strong>TESE<br \/>\n<strong>Data da Defesa:\u00a0<\/strong>27\/02\/2021<br \/>\n<strong>\u00c1rea de Concentra\u00e7\u00e3o:\u00a0<\/strong>Zootecnia<br \/>\n<strong>Linha de Pesquisa:\u00a0<\/strong>PRODU\u00c7\u00c3O DE RUMINANTES NO TR\u00d3PICO \u00daMIDO<br \/>\n<strong>Orientador:\u00a0<\/strong>FABIO DA COSTA HENRY<\/p>\n<hr \/>\n<p><strong><a href=\"https:\/\/uenf.br\/posgraduacao\/ciencia-animal\/wp-content\/uploads\/sites\/5\/2024\/06\/Tese-finalizada-Michele-G.-Camilo-1.pdf\">Utiliza\u00e7\u00e3o de milheto (Pennisetum glaucum L.) na alimenta\u00e7\u00e3o de ruminantes na regi\u00e3o Norte e Noroeste Fluminense<\/a><\/strong><br \/>\n<strong>Autor:\u00a0<\/strong>MICHELE GABRIEL CAMILO<br \/>\n<strong>Tipo de Trabalho de Conclus\u00e3o:\u00a0<\/strong>TESE<br \/>\n<strong>Data da Defesa:\u00a0<\/strong>18\/02\/2022<br \/>\n<strong>\u00c1rea de Concentra\u00e7\u00e3o:\u00a0<\/strong>Zootecnia<br \/>\n<strong>Linha de Pesquisa:\u00a0<\/strong>PRODU\u00c7\u00c3O DE RUMINANTES NO TR\u00d3PICO \u00daMIDO<br \/>\n<strong>Orientador:\u00a0<\/strong>ALBERTO MAGNO FERNANDES<\/p>\n<hr \/>\n<p><strong><a href=\"https:\/\/uenf.br\/posgraduacao\/ciencia-animal\/wp-content\/uploads\/sites\/5\/2024\/06\/Tese-Henrique-Venial-Ds-Versao-Final.pdf\">Investiga\u00e7\u00e3o de infec\u00e7\u00e3o por Leishmania spp. em mam\u00edferos silvestres no Estado do Esp\u00edrito Santo, Brasil<\/a><\/strong><br \/>\n<strong>Autor:\u00a0<\/strong>HENRIQUE JORDEM VENIAL<br \/>\n<strong>Tipo de Trabalho de Conclus\u00e3o:\u00a0<\/strong>TESE<br \/>\n<strong>Data da Defesa:\u00a0<\/strong>29\/01\/2021<br \/>\n<strong>\u00c1rea de Concentra\u00e7\u00e3o:\u00a0<\/strong>Reprodu\u00e7\u00e3o e Sa\u00fade Animal<br \/>\n<strong>Linha de Pesquisa:\u00a0<\/strong>REPRODU\u00c7\u00c3O E SANIDADE ANIMAL<br \/>\n<strong>Orientador:\u00a0<\/strong>EULOGIO CARLOS QUEIROZ DE CARVALHO<\/p>\n","protected":false},"excerpt":{"rendered":"<p>Para teses defendidas na PGCA\/UFRRJ, acesse aqui. &nbsp; Estudo de controle sobre a efic\u00e1cia e seguran\u00e7a do sistema Evolig para&#8230;<\/p>\n","protected":false},"author":12,"featured_media":0,"parent":69,"menu_order":0,"comment_status":"closed","ping_status":"closed","template":"","meta":{"_seopress_robots_primary_cat":"","_seopress_titles_title":"","_seopress_titles_desc":"","_seopress_robots_index":"","footnotes":""},"class_list":["post-1573","page","type-page","status-publish","hentry"],"_links":{"self":[{"href":"https:\/\/uenf.br\/posgraduacao\/ciencia-animal\/wp-json\/wp\/v2\/pages\/1573","targetHints":{"allow":["GET"]}}],"collection":[{"href":"https:\/\/uenf.br\/posgraduacao\/ciencia-animal\/wp-json\/wp\/v2\/pages"}],"about":[{"href":"https:\/\/uenf.br\/posgraduacao\/ciencia-animal\/wp-json\/wp\/v2\/types\/page"}],"author":[{"embeddable":true,"href":"https:\/\/uenf.br\/posgraduacao\/ciencia-animal\/wp-json\/wp\/v2\/users\/12"}],"replies":[{"embeddable":true,"href":"https:\/\/uenf.br\/posgraduacao\/ciencia-animal\/wp-json\/wp\/v2\/comments?post=1573"}],"version-history":[{"count":0,"href":"https:\/\/uenf.br\/posgraduacao\/ciencia-animal\/wp-json\/wp\/v2\/pages\/1573\/revisions"}],"up":[{"embeddable":true,"href":"https:\/\/uenf.br\/posgraduacao\/ciencia-animal\/wp-json\/wp\/v2\/pages\/69"}],"wp:attachment":[{"href":"https:\/\/uenf.br\/posgraduacao\/ciencia-animal\/wp-json\/wp\/v2\/media?parent=1573"}],"curies":[{"name":"wp","href":"https:\/\/api.w.org\/{rel}","templated":true}]}}