{"id":1616,"date":"2024-04-29T20:24:08","date_gmt":"2024-04-29T20:24:08","guid":{"rendered":"https:\/\/uenf.br\/posgraduacao\/ciencia-animal\/?page_id=1616"},"modified":"2025-10-13T14:40:53","modified_gmt":"2025-10-13T14:40:53","slug":"autoavaliacao-relatorios","status":"publish","type":"page","link":"https:\/\/uenf.br\/posgraduacao\/ciencia-animal\/autoavaliacao-relatorios\/","title":{"rendered":"Autoavalia\u00e7\u00e3o &#8211; Relat\u00f3rios"},"content":{"rendered":"<p dir=\"ltr\">Bem-vindo \u00e0 se\u00e7\u00e3o de <strong>Relat\u00f3rios de Autoavalia\u00e7\u00e3o <\/strong>\u00a0do Programa de P\u00f3s-Gradua\u00e7\u00e3o em Ci\u00eancia Animal (PGCA), uma associa\u00e7\u00e3o entre a Universidade Estadual do Norte Fluminense Darcy Ribeiro (UENF) e a Universidade Federal Rural do Rio de Janeiro (UFRRJ).<\/p>\n<p dir=\"ltr\" data-pm-slice=\"1 1 []\">Esta p\u00e1gina re\u00fane informa\u00e7\u00f5es sobre o processo de autoavalia\u00e7\u00e3o bienal e os relat\u00f3rios aplicados, voltados para a melhoria cont\u00ednua do programa.<\/p>\n<h2 dir=\"ltr\">Sobre o PGCA<\/h2>\n<p dir=\"ltr\">O PGCA \u00e9 reconhecido pela excel\u00eancia na forma\u00e7\u00e3o de doutores e mestres na \u00e1rea de Zootecnia e Recursos Pesqueiros, com foco em pesquisa, inova\u00e7\u00e3o e desenvolvimento sustent\u00e1vel. Nosso programa \u00e9 avaliado pela CAPES com nota igual a 4, garantindo qualidade e relev\u00e2ncia no cen\u00e1rio acad\u00eamico.<\/p>\n<h2 dir=\"ltr\" data-pm-slice=\"1 1 []\">Sobre o Processo de Autoavalia\u00e7\u00e3o<\/h2>\n<p dir=\"ltr\">O PGCA implementa um processo de autoavalia\u00e7\u00e3o bienal, realizado a cada dois anos, envolvendo <strong>docentes<\/strong>, <strong>discentes<\/strong>, <strong>funcion\u00e1rios<\/strong> e <strong>egressos<\/strong>. Esse processo tem como objetivo avaliar a qualidade do ensino, pesquisa e extens\u00e3o, promovendo reflex\u00f5es sobre o desempenho acad\u00eamico, a infraestrutura e o impacto do programa na forma\u00e7\u00e3o de profissionais e na sociedade.<\/p>\n<p dir=\"ltr\">A autoavalia\u00e7\u00e3o \u00e9 conduzida com base em indicadores da CAPES, como produ\u00e7\u00e3o cient\u00edfica, forma\u00e7\u00e3o de recursos humanos e inser\u00e7\u00e3o social. Os resultados s\u00e3o consolidados em relat\u00f3rios que orientam a\u00e7\u00f5es para o aprimoramento do PGCA.<\/p>\n<p dir=\"ltr\" data-pm-slice=\"1 3 []\">Os relat\u00f3rios bienais de autoavalia\u00e7\u00e3o re\u00fanem dados coletados junto aos p\u00fablicos envolvidos, incluindo:<\/p>\n<ul class=\"tight\" dir=\"ltr\" data-tight=\"true\">\n<li>\n<p dir=\"ltr\"><strong>Docentes<\/strong>: Avalia\u00e7\u00e3o da produ\u00e7\u00e3o cient\u00edfica, orienta\u00e7\u00e3o de alunos e participa\u00e7\u00e3o em atividades acad\u00eamicas.<\/p>\n<\/li>\n<li>\n<p dir=\"ltr\"><strong>Discentes<\/strong>: Feedback sobre a qualidade do ensino, infraestrutura e suporte \u00e0 pesquisa.<\/p>\n<\/li>\n<li>\n<p dir=\"ltr\"><strong>Funcion\u00e1rios<\/strong>: An\u00e1lise do suporte administrativo e t\u00e9cnico oferecido ao programa.<\/p>\n<\/li>\n<li>\n<p dir=\"ltr\"><strong>Egressos<\/strong>: Impacto da forma\u00e7\u00e3o na carreira profissional e contribui\u00e7\u00f5es para a \u00e1rea de Zootecnia e Recursos Pesqueiros.<\/p>\n<\/li>\n<\/ul>\n<h2 dir=\"ltr\">Relat\u00f3rios Dispon\u00edveis<\/h2>\n<ul class=\"tight\" dir=\"ltr\" data-tight=\"true\">\n<li><b>Plano de Desenvolvimento Institucional &#8211; PDI\/UENF<\/b>.- <strong><a href=\"https:\/\/uenf.br\/portal\/institucional\/plano-de-desenvolvimento-institucional\/\">CLIQUE AQUI<\/a><\/strong><\/li>\n<li>\n<p dir=\"ltr\"><strong>Relat\u00f3rio de Autoavalia\u00e7\u00e3o 2023<\/strong>: <strong><a href=\"https:\/\/uenf.br\/posgraduacao\/ciencia-animal\/wp-content\/uploads\/sites\/5\/2024\/04\/Relatorio-final.pdf\">CLIQUE AQUI<\/a><\/strong><\/p>\n<\/li>\n<li><strong>Relat\u00f3rio de Autoavalia\u00e7\u00e3o 2025: <\/strong>EM BREVE<\/li>\n<\/ul>\n<p dir=\"ltr\">Fique por dentro das atualiza\u00e7\u00f5es do PGCA e acompanhe nossos relat\u00f3rios para conhecer mais sobre nossas conquistas e metas.<\/p>\n<p>&nbsp;<\/p>\n","protected":false},"excerpt":{"rendered":"<p>Bem-vindo \u00e0 se\u00e7\u00e3o de Relat\u00f3rios de Autoavalia\u00e7\u00e3o \u00a0do Programa de P\u00f3s-Gradua\u00e7\u00e3o em Ci\u00eancia Animal (PGCA), uma associa\u00e7\u00e3o entre a Universidade&#8230;<\/p>\n","protected":false},"author":12,"featured_media":0,"parent":0,"menu_order":10,"comment_status":"closed","ping_status":"closed","template":"","meta":{"_seopress_robots_primary_cat":"","_seopress_titles_title":"","_seopress_titles_desc":"","_seopress_robots_index":"","footnotes":""},"class_list":["post-1616","page","type-page","status-publish","hentry"],"_links":{"self":[{"href":"https:\/\/uenf.br\/posgraduacao\/ciencia-animal\/wp-json\/wp\/v2\/pages\/1616","targetHints":{"allow":["GET"]}}],"collection":[{"href":"https:\/\/uenf.br\/posgraduacao\/ciencia-animal\/wp-json\/wp\/v2\/pages"}],"about":[{"href":"https:\/\/uenf.br\/posgraduacao\/ciencia-animal\/wp-json\/wp\/v2\/types\/page"}],"author":[{"embeddable":true,"href":"https:\/\/uenf.br\/posgraduacao\/ciencia-animal\/wp-json\/wp\/v2\/users\/12"}],"replies":[{"embeddable":true,"href":"https:\/\/uenf.br\/posgraduacao\/ciencia-animal\/wp-json\/wp\/v2\/comments?post=1616"}],"version-history":[{"count":0,"href":"https:\/\/uenf.br\/posgraduacao\/ciencia-animal\/wp-json\/wp\/v2\/pages\/1616\/revisions"}],"wp:attachment":[{"href":"https:\/\/uenf.br\/posgraduacao\/ciencia-animal\/wp-json\/wp\/v2\/media?parent=1616"}],"curies":[{"name":"wp","href":"https:\/\/api.w.org\/{rel}","templated":true}]}}