{"id":19,"date":"2013-07-29T17:27:26","date_gmt":"2013-07-29T17:27:26","guid":{"rendered":"http:\/\/uenf.br\/pos-graduacao\/ciencia-animal\/?page_id=19"},"modified":"2025-08-26T14:35:04","modified_gmt":"2025-08-26T14:35:04","slug":"comissao-coordenadora","status":"publish","type":"page","link":"https:\/\/uenf.br\/posgraduacao\/ciencia-animal\/apresentacao-2\/comissao-coordenadora\/","title":{"rendered":"Comiss\u00e3o Coordenadora CPGCA\/UENF"},"content":{"rendered":"<p dir=\"ltr\" data-pm-slice=\"1 1 []\">A Comiss\u00e3o Coordenadora do Programa de P\u00f3s-gradua\u00e7\u00e3o em Ci\u00eancia Animal (CPGCA) da UENF \u00e9 respons\u00e1vel pela coordena\u00e7\u00e3o did\u00e1tico-cient\u00edfica. Conhe\u00e7a os membros da comiss\u00e3o:<\/p>\n<h2 dir=\"ltr\">Membros da Comiss\u00e3o<\/h2>\n<h3 dir=\"ltr\">Presidente<\/h3>\n<ul class=\"tight\" dir=\"ltr\" data-tight=\"true\">\n<li>\n<p dir=\"ltr\"><strong>Prof. Ricardo Augusto Mendon\u00e7a Vieira<\/strong><br \/>\nE-mail: ramvieira@uenf.br<br \/>\nMandato: 04\/2025\u201303\/2027<\/p>\n<\/li>\n<\/ul>\n<h3 dir=\"ltr\">Representantes da Linha de Pesquisa: Produ\u00e7\u00e3o de Ruminantes no Tr\u00f3pico \u00damido<\/h3>\n<ul class=\"tight\" dir=\"ltr\" data-tight=\"true\">\n<li>\n<p dir=\"ltr\"><strong>Prof. Alberto Magno Fernandes<\/strong><br \/>\nE-mail: alberto@uenf.br<br \/>\nMandato: 04\/2025\u201303\/2027<\/p>\n<\/li>\n<li>\n<p dir=\"ltr\"><strong>Prof. Tadeu Silva de Oliveira<\/strong><br \/>\nE-mail: tsoliveira@uenf.br<br \/>\nMandato: 04\/2025\u201303\/2027<\/p>\n<\/li>\n<\/ul>\n<h3 dir=\"ltr\">Representantes da Linha de Pesquisa: Produ\u00e7\u00e3o de N\u00e3o-ruminantes no Tr\u00f3pico \u00damido<\/h3>\n<ul class=\"tight\" dir=\"ltr\" data-tight=\"true\">\n<li>\n<p dir=\"ltr\"><strong>Prof\u00aa. Celia Raquel Quirino<\/strong><br \/>\nE-mail: crq@uenf.br<br \/>\nMandato: 04\/2025\u201303\/2027<\/p>\n<\/li>\n<li>\n<p dir=\"ltr\"><strong>Prof\u00aa. Karoll Andrea Alfonso Torres Cordido<\/strong><br \/>\nE-mail: karoll@uenf.br<br \/>\nMandato: 04\/2025\u201303\/2027<\/p>\n<\/li>\n<\/ul>\n<h3 dir=\"ltr\">Representantes Discentes<\/h3>\n<ul class=\"tight\" dir=\"ltr\" data-tight=\"true\">\n<li>\n<p dir=\"ltr\"><strong>Patr\u00edcia Reis de Moraes<\/strong> (Mestranda)<br \/>\nE-mail: patriciareism97@gmail.com<br \/>\nMandato: 04\/2025\u201303\/2026<\/p>\n<\/li>\n<li>\n<p dir=\"ltr\"><strong>Elvanio Jos\u00e9 Lopes Mozelli Filho<\/strong> (Doutorando)<br \/>\nE-mail: elvaniomozelli@hotmail.com<br \/>\nMandato: 04\/2025\u201303\/2026<\/p>\n<\/li>\n<\/ul>\n<h2 dir=\"ltr\">Entre em Contato<\/h2>\n<p dir=\"ltr\">Para d\u00favidas ou mais informa\u00e7\u00f5es sobre o CPGCA\/UENF, entre em contato com a comiss\u00e3o ou acesse nossa p\u00e1gina de p\u00f3s-gradua\u00e7\u00e3o.<\/p>\n","protected":false},"excerpt":{"rendered":"<p>A Comiss\u00e3o Coordenadora do Programa de P\u00f3s-gradua\u00e7\u00e3o em Ci\u00eancia Animal (CPGCA) da UENF \u00e9 respons\u00e1vel pela coordena\u00e7\u00e3o did\u00e1tico-cient\u00edfica. Conhe\u00e7a os&#8230;<\/p>\n","protected":false},"author":12,"featured_media":0,"parent":1959,"menu_order":1,"comment_status":"open","ping_status":"open","template":"","meta":{"_seopress_robots_primary_cat":"","_seopress_titles_title":"","_seopress_titles_desc":"","_seopress_robots_index":"","footnotes":""},"class_list":["post-19","page","type-page","status-publish","hentry"],"_links":{"self":[{"href":"https:\/\/uenf.br\/posgraduacao\/ciencia-animal\/wp-json\/wp\/v2\/pages\/19","targetHints":{"allow":["GET"]}}],"collection":[{"href":"https:\/\/uenf.br\/posgraduacao\/ciencia-animal\/wp-json\/wp\/v2\/pages"}],"about":[{"href":"https:\/\/uenf.br\/posgraduacao\/ciencia-animal\/wp-json\/wp\/v2\/types\/page"}],"author":[{"embeddable":true,"href":"https:\/\/uenf.br\/posgraduacao\/ciencia-animal\/wp-json\/wp\/v2\/users\/12"}],"replies":[{"embeddable":true,"href":"https:\/\/uenf.br\/posgraduacao\/ciencia-animal\/wp-json\/wp\/v2\/comments?post=19"}],"version-history":[{"count":0,"href":"https:\/\/uenf.br\/posgraduacao\/ciencia-animal\/wp-json\/wp\/v2\/pages\/19\/revisions"}],"up":[{"embeddable":true,"href":"https:\/\/uenf.br\/posgraduacao\/ciencia-animal\/wp-json\/wp\/v2\/pages\/1959"}],"wp:attachment":[{"href":"https:\/\/uenf.br\/posgraduacao\/ciencia-animal\/wp-json\/wp\/v2\/media?parent=19"}],"curies":[{"name":"wp","href":"https:\/\/api.w.org\/{rel}","templated":true}]}}