{"id":1933,"date":"2025-08-20T13:24:23","date_gmt":"2025-08-20T13:24:23","guid":{"rendered":"https:\/\/uenf.br\/posgraduacao\/ciencia-animal\/?page_id=1933"},"modified":"2025-10-28T14:17:23","modified_gmt":"2025-10-28T14:17:23","slug":"entrega-da-versao-final","status":"publish","type":"page","link":"https:\/\/uenf.br\/posgraduacao\/ciencia-animal\/teses-e-dissertacoes\/entrega-da-versao-final\/","title":{"rendered":"Entrega da vers\u00e3o final"},"content":{"rendered":"<p style=\"text-align: center\"><strong>Relat\u00f3rio de defesa (1993-2024)<\/strong><\/p>\n<p style=\"text-align: center\"><em><strong>DS \u2013 <\/strong><\/em><em>268<\/em><br \/>\n<em><strong>MS \u2013 <\/strong>474<\/em><br \/>\n<em><strong>Total \u2013 <\/strong>742<\/em><\/p>\n<hr \/>\n<blockquote>\n<h3>Documentos necess\u00e1rios para entrega de exemplar definitivo de tese\/disserta\u00e7\u00e3o:<\/h3>\n<\/blockquote>\n<blockquote>\n<ul>\n<li>01 exemplar da tese\/disserta\u00e7\u00e3o. Sobre folha de assinatura, vide<span style=\"color: #0000ff\"><strong> <a style=\"color: #0000ff\" href=\"https:\/\/uenf.br\/posgraduacao\/ciencia-animal\/wp-content\/uploads\/sites\/5\/2024\/06\/06_03_24_p35_Resolucao_COLAC_no_33_2024_revoga_Resol._COLAC_no_28_2023_e_estabelece_novos_proced._para_assinatura_de_ata_de_aprovacao.pdf\">Resolu\u00e7\u00e3o COLAC n\u00ba 33\/2024<\/a><\/strong><\/span>;<\/li>\n<li>C\u00f3pia da tese\/disserta\u00e7\u00e3o em PDF;<\/li>\n<li><strong><a href=\"http:\/\/uenf.br\/posgraduacao\/ciencia-animal\/wp-content\/uploads\/sites\/5\/2025\/10\/Formulario-dados-orientador.pdf\">Declara\u00e7\u00e3o de entrega dos dados ao orientador<\/a><\/strong><\/li>\n<li>Declara\u00e7\u00e3o de corre\u00e7\u00e3o de portugu\u00eas (anexar a c\u00f3pia do diploma da corretora);<\/li>\n<li><strong><span style=\"color: #0000ff\"><a style=\"color: #0000ff\" href=\"http:\/\/uenf.br\/posgraduacao\/ciencia-animal\/wp-content\/uploads\/sites\/5\/2013\/07\/Termo-de-autorizacao-divulga\u00e7\u00e3o-Tese.doc\">Termo de autoriza\u00e7\u00e3o para divulga\u00e7\u00e3o em meio eletr\u00f4nico<\/a>;<\/span><\/strong><\/li>\n<li><strong><span style=\"color: #0000ff\"><a style=\"color: #0000ff\" href=\"http:\/\/uenf.br\/posgraduacao\/ciencia-animal\/wp-content\/uploads\/sites\/5\/2013\/07\/Formul\u00e1rio-egresso.doc\">Formul\u00e1rio egresso.<\/a><\/span><\/strong><\/li>\n<\/ul>\n<\/blockquote>\n","protected":false},"excerpt":{"rendered":"<p>Relat\u00f3rio de defesa (1993-2024) DS \u2013 268 MS \u2013 474 Total \u2013 742 Documentos necess\u00e1rios para entrega de exemplar definitivo&#8230;<\/p>\n","protected":false},"author":12,"featured_media":0,"parent":40,"menu_order":1,"comment_status":"closed","ping_status":"closed","template":"","meta":{"_seopress_robots_primary_cat":"","_seopress_titles_title":"","_seopress_titles_desc":"","_seopress_robots_index":"","footnotes":""},"class_list":["post-1933","page","type-page","status-publish","hentry"],"_links":{"self":[{"href":"https:\/\/uenf.br\/posgraduacao\/ciencia-animal\/wp-json\/wp\/v2\/pages\/1933","targetHints":{"allow":["GET"]}}],"collection":[{"href":"https:\/\/uenf.br\/posgraduacao\/ciencia-animal\/wp-json\/wp\/v2\/pages"}],"about":[{"href":"https:\/\/uenf.br\/posgraduacao\/ciencia-animal\/wp-json\/wp\/v2\/types\/page"}],"author":[{"embeddable":true,"href":"https:\/\/uenf.br\/posgraduacao\/ciencia-animal\/wp-json\/wp\/v2\/users\/12"}],"replies":[{"embeddable":true,"href":"https:\/\/uenf.br\/posgraduacao\/ciencia-animal\/wp-json\/wp\/v2\/comments?post=1933"}],"version-history":[{"count":0,"href":"https:\/\/uenf.br\/posgraduacao\/ciencia-animal\/wp-json\/wp\/v2\/pages\/1933\/revisions"}],"up":[{"embeddable":true,"href":"https:\/\/uenf.br\/posgraduacao\/ciencia-animal\/wp-json\/wp\/v2\/pages\/40"}],"wp:attachment":[{"href":"https:\/\/uenf.br\/posgraduacao\/ciencia-animal\/wp-json\/wp\/v2\/media?parent=1933"}],"curies":[{"name":"wp","href":"https:\/\/api.w.org\/{rel}","templated":true}]}}