{"id":21,"date":"2013-07-29T17:30:47","date_gmt":"2013-07-29T17:30:47","guid":{"rendered":"http:\/\/uenf.br\/pos-graduacao\/ciencia-animal\/?page_id=21"},"modified":"2025-10-27T19:54:26","modified_gmt":"2025-10-27T19:54:26","slug":"regimento-e-resolucoes","status":"publish","type":"page","link":"https:\/\/uenf.br\/posgraduacao\/ciencia-animal\/apresentacao-2\/regimento-e-resolucoes\/","title":{"rendered":"Regimentos e Resolu\u00e7\u00f5es"},"content":{"rendered":"<p dir=\"ltr\" data-pm-slice=\"1 3 []\">O Programa de P\u00f3s-gradua\u00e7\u00e3o em Ci\u00eancia Animal (CPGCA) da UENF\/UFRRJ, \u00fanico em Zootecnia no Estado do Rio de Janeiro, disponibiliza seus regimentos e resolu\u00e7\u00f5es para consulta.<\/p>\n<p dir=\"ltr\" data-pm-slice=\"1 3 []\">Esses documentos regulamentam atividades acad\u00eamicas e administrativas, como normas de orienta\u00e7\u00e3o, bolsas e credenciamento de docentes. Acesse as resolu\u00e7\u00f5es abaixo para mais detalhes.<\/p>\n<ul>\n<li>\n<h3><a href=\"http:\/\/uenf.br\/posgraduacao\/ciencia-animal\/wp-content\/uploads\/sites\/5\/2025\/02\/Regimento-e-Normas-de-Pos-graduacao-da-UENF.pdf\">Regimento Geral de P\u00f3s-gradua\u00e7\u00e3o e Normas da P\u00f3s-gradua\u00e7\u00e3o <em>Stricto Sensu<\/em> da UENF<\/a><\/h3>\n<\/li>\n<li>\n<h3><a href=\"https:\/\/uenf.br\/posgraduacao\/ciencia-animal\/wp-content\/uploads\/sites\/5\/2021\/01\/Regimento-fusao.pdf\">Regimento do programa associado (UENF\/UFRRJ)<\/a><\/h3>\n<\/li>\n<\/ul>\n<p>&nbsp;<\/p>\n<h3 dir=\"ltr\">Resolu\u00e7\u00f5es Conjuntas CPGCA UENF\/UFRRJ<\/h3>\n<ul dir=\"ltr\">\n<li>\n<p dir=\"ltr\"><a href=\"https:\/\/uenf.br\/posgraduacao\/ciencia-animal\/wp-content\/uploads\/sites\/5\/2024\/09\/Deliberacao_coorientacao_mudanca_orientacao_assinado_assinado.pdf\"><strong>Resolu\u00e7\u00e3o CPGCA UENF\/UFRRJ n\u00ba 001 (2024) &#8211; ACESSE AQUI<\/strong><\/a><br \/>\nNormas para mudan\u00e7a de orienta\u00e7\u00e3o e coorienta\u00e7\u00e3o no Programa em Rede de P\u00f3s-gradua\u00e7\u00e3o em Ci\u00eancia Animal UENF\/UFRRJ.<\/p>\n<\/li>\n<li>\n<p dir=\"ltr\"><a href=\"https:\/\/uenf.br\/posgraduacao\/ciencia-animal\/wp-content\/uploads\/sites\/5\/2024\/08\/Deliberacao_Acumulo_Bolsas_final_29_29_assinado__1__assinado.pdf\"><strong>Resolu\u00e7\u00e3o CPGCA UENF\/UFRRJ n\u00ba 002 (2024) &#8211; ACESSE AQUI<\/strong><\/a><br \/>\nRegras para implementa\u00e7\u00e3o inicial e ac\u00famulo de bolsas de mestrado e doutorado no Programa em Rede de P\u00f3s-gradua\u00e7\u00e3o em Ci\u00eancia Animal UENF\/UFRRJ.<\/p>\n<\/li>\n<li>\n<p dir=\"ltr\"><strong><a href=\"http:\/\/uenf.br\/posgraduacao\/ciencia-animal\/wp-content\/uploads\/sites\/5\/2025\/08\/Resolucao-Conjunta_005_-_Jovem_Docente_Permanente.pdf\">Resolu\u00e7\u00e3o CPGCA UENF\/UFRRJ n\u00ba 003 (2025) &#8211; ACESSE AQUI<\/a><\/strong><br \/>\nCredenciamento de Jovem Docente Permanente (JDP) no Programa em Rede de P\u00f3s-gradua\u00e7\u00e3o em Ci\u00eancia Animal UENF\/UFRRJ.<\/p>\n<\/li>\n<li><strong><a href=\"http:\/\/uenf.br\/posgraduacao\/ciencia-animal\/wp-content\/uploads\/sites\/5\/2025\/10\/Resolucao_004___tempo_de_curso_assinado_assinado__1_.pdf\">Resolu\u00e7\u00e3o CPGCA UENF\/UFRRJ n\u00ba 004 (2025) &#8211; ACESSE AQUI<\/a><\/strong><br \/>\nTempo de titula\u00e7\u00e3o no Programa em Rede de P\u00f3s-gradua\u00e7\u00e3o em Ci\u00eancia Animal UENF\/UFRRJ.<\/li>\n<\/ul>\n<ul dir=\"ltr\">\n<li>\n<p dir=\"ltr\"><strong><a href=\"http:\/\/uenf.br\/posgraduacao\/ciencia-animal\/wp-content\/uploads\/sites\/5\/2025\/10\/Resolucao_005___Defesa_de_tese_assinado_assinado__1_.pdf\">Resolu\u00e7\u00e3o CPGCA UENF\/UFRRJ n\u00ba 005 (2025) &#8211; ACESSE AQUI<\/a><\/strong><br \/>\nNormas para defesa de disserta\u00e7\u00e3o e de tese no Programa em Rede de P\u00f3s-gradua\u00e7\u00e3o em Ci\u00eancia Animal UENF\/UFRRJ.<\/p>\n<\/li>\n<\/ul>\n<h3><\/h3>\n<h3>Programa de P\u00f3s-gradua\u00e7\u00e3o em Ci\u00eancia Animal UENF<\/h3>\n<ul>\n<li style=\"list-style-type: none\">\n<ul>\n<li><a href=\"http:\/\/uenf.br\/posgraduacao\/ciencia-animal\/wp-content\/uploads\/sites\/5\/2025\/04\/SEI_32167286_Deliberacao.pdf\">Disciplina semin\u00e1rio<\/a>;<\/li>\n<li><a href=\"http:\/\/uenf.br\/posgraduacao\/ciencia-animal\/wp-content\/uploads\/sites\/5\/2019\/03\/Delibera\u00e7\u00e3o-002-Projeto.pdf\">Projeto de disserta\u00e7\u00e3o e de tese<\/a>;<\/li>\n<li><a href=\"http:\/\/uenf.br\/posgraduacao\/ciencia-animal\/wp-content\/uploads\/sites\/5\/2025\/04\/SEI_87691625_Deliberacao-1.pdf\">Exame de qualifica\u00e7\u00e3o.<\/a><\/li>\n<\/ul>\n<\/li>\n<\/ul>\n<p>&nbsp;<\/p>\n","protected":false},"excerpt":{"rendered":"<p>O Programa de P\u00f3s-gradua\u00e7\u00e3o em Ci\u00eancia Animal (CPGCA) da UENF\/UFRRJ, \u00fanico em Zootecnia no Estado do Rio de Janeiro, disponibiliza&#8230;<\/p>\n","protected":false},"author":12,"featured_media":0,"parent":1959,"menu_order":2,"comment_status":"open","ping_status":"open","template":"","meta":{"_seopress_robots_primary_cat":"","_seopress_titles_title":"","_seopress_titles_desc":"","_seopress_robots_index":"","footnotes":""},"class_list":["post-21","page","type-page","status-publish","hentry"],"_links":{"self":[{"href":"https:\/\/uenf.br\/posgraduacao\/ciencia-animal\/wp-json\/wp\/v2\/pages\/21","targetHints":{"allow":["GET"]}}],"collection":[{"href":"https:\/\/uenf.br\/posgraduacao\/ciencia-animal\/wp-json\/wp\/v2\/pages"}],"about":[{"href":"https:\/\/uenf.br\/posgraduacao\/ciencia-animal\/wp-json\/wp\/v2\/types\/page"}],"author":[{"embeddable":true,"href":"https:\/\/uenf.br\/posgraduacao\/ciencia-animal\/wp-json\/wp\/v2\/users\/12"}],"replies":[{"embeddable":true,"href":"https:\/\/uenf.br\/posgraduacao\/ciencia-animal\/wp-json\/wp\/v2\/comments?post=21"}],"version-history":[{"count":0,"href":"https:\/\/uenf.br\/posgraduacao\/ciencia-animal\/wp-json\/wp\/v2\/pages\/21\/revisions"}],"up":[{"embeddable":true,"href":"https:\/\/uenf.br\/posgraduacao\/ciencia-animal\/wp-json\/wp\/v2\/pages\/1959"}],"wp:attachment":[{"href":"https:\/\/uenf.br\/posgraduacao\/ciencia-animal\/wp-json\/wp\/v2\/media?parent=21"}],"curies":[{"name":"wp","href":"https:\/\/api.w.org\/{rel}","templated":true}]}}