{"id":2368,"date":"2025-12-15T13:44:30","date_gmt":"2025-12-15T13:44:30","guid":{"rendered":"https:\/\/uenf.br\/posgraduacao\/ciencia-animal\/?page_id=2368"},"modified":"2026-03-20T20:40:10","modified_gmt":"2026-03-20T20:40:10","slug":"pgca-uenf-em-5-passos","status":"publish","type":"page","link":"https:\/\/uenf.br\/posgraduacao\/ciencia-animal\/pgca-uenf-em-5-passos\/","title":{"rendered":"PGCA\/UENF em 5 passos"},"content":{"rendered":"\n<p class=\"has-grande-font-size\"><em><strong>S\u00e9rie Azul \u2013 Exclusiva do PGCA\/UENF<\/strong><\/em><\/p>\n\n\n\n<p>A s\u00e9rie <strong>\u201cPGCA em 5 Passos\u201d<\/strong> foi criada pela <strong>Rede PGCA (UENF\/UFRRJ)<\/strong> na cor <strong>verde<\/strong> e aborda temas comuns aos dois campi.<\/p>\n\n\n\n<p>A partir dela, nasceram duas s\u00e9ries espec\u00edficas:<\/p>\n\n\n\n<ul class=\"wp-block-list\">\n<li><strong>S\u00e9rie Azul<\/strong> \u2014 exclusiva do <strong>PGCA\/UENF<\/strong><\/li>\n\n\n\n<li><strong>S\u00e9rie Amarela<\/strong> \u2014 exclusiva do <strong>PGCA\/UFRRJ<\/strong><\/li>\n<\/ul>\n\n\n\n<p>A <strong>S\u00e9rie Azul<\/strong> (\u201cPGCA\/UENF em 5 Passos\u201d) \u00e9 dedicada aos alunos e orientadores do Programa na UENF. A cada edi\u00e7\u00e3o, um tema essencial \u00e9 explicado em <strong>apenas 5 etapas simples<\/strong>, com linguagem direta, design moderno e total fidelidade \u00e0s normas e procedimentos da UENF.<\/p>\n\n\n\n<p>Pr\u00e1tico, visual e objetivo, o material foi feito para quem est\u00e1 no mestrado ou doutorado em Ci\u00eancia Animal na UENF e quer resolver d\u00favidas rapidamente, sem complica\u00e7\u00e3o.<\/p>\n\n\n\n<p>Seja para incluir documentos no SEI\/RJ, preparar a defesa, solicitar prorroga\u00e7\u00e3o ou qualquer outro procedimento importante: aqui tudo cabe em 5 passos.<\/p>\n\n\n\n<p><strong>Bem-vindo \u00e0 s\u00e9rie que transforma burocracia em simplicidade.<\/strong><\/p>\n\n\n\n<div class=\"wp-block-columns is-layout-flex wp-container-core-columns-is-layout-9d6595d7 wp-block-columns-is-layout-flex\">\n<div class=\"wp-block-column is-layout-flow wp-block-column-is-layout-flow\" style=\"flex-basis:33.34%\">\n<figure class=\"wp-block-image size-medium\"><a href=\"https:\/\/uenf.br\/posgraduacao\/ciencia-animal\/wp-content\/uploads\/sites\/5\/2025\/12\/PGCAUENF-em-5-passos-1.pdf\" target=\"_blank\" rel=\" noreferrer noopener\"><img alt=\"\" loading=\"lazy\" decoding=\"async\" width=\"240\" height=\"300\" src=\"https:\/\/uenf.br\/posgraduacao\/ciencia-animal\/wp-content\/uploads\/sites\/5\/2025\/12\/1-2-240x300.jpg\" alt=\"\" class=\"wp-image-2376\" srcset=\"https:\/\/uenf.br\/posgraduacao\/ciencia-animal\/wp-content\/uploads\/sites\/5\/2025\/12\/1-2-240x300.jpg 240w, https:\/\/uenf.br\/posgraduacao\/ciencia-animal\/wp-content\/uploads\/sites\/5\/2025\/12\/1-2-819x1024.jpg 819w, https:\/\/uenf.br\/posgraduacao\/ciencia-animal\/wp-content\/uploads\/sites\/5\/2025\/12\/1-2-768x960.jpg 768w, https:\/\/uenf.br\/posgraduacao\/ciencia-animal\/wp-content\/uploads\/sites\/5\/2025\/12\/1-2-320x400.jpg 320w, https:\/\/uenf.br\/posgraduacao\/ciencia-animal\/wp-content\/uploads\/sites\/5\/2025\/12\/1-2.jpg 1080w\" sizes=\"auto, (max-width: 240px) 100vw, 240px\" \/><\/a><\/figure>\n<\/div>\n\n\n\n<div class=\"wp-block-column is-layout-flow wp-block-column-is-layout-flow\" style=\"flex-basis:33.34%\">\n<figure class=\"wp-block-image size-medium\"><a href=\"https:\/\/uenf.br\/posgraduacao\/ciencia-animal\/wp-content\/uploads\/sites\/5\/2026\/01\/PGCAUENF-em-5-passos-PROJETO.pdf\" target=\"_blank\" rel=\" noreferrer noopener\"><img alt=\"\" loading=\"lazy\" decoding=\"async\" width=\"240\" height=\"300\" src=\"https:\/\/uenf.br\/posgraduacao\/ciencia-animal\/wp-content\/uploads\/sites\/5\/2026\/01\/1-240x300.jpg\" alt=\"\" class=\"wp-image-2385\" srcset=\"https:\/\/uenf.br\/posgraduacao\/ciencia-animal\/wp-content\/uploads\/sites\/5\/2026\/01\/1-240x300.jpg 240w, https:\/\/uenf.br\/posgraduacao\/ciencia-animal\/wp-content\/uploads\/sites\/5\/2026\/01\/1-819x1024.jpg 819w, https:\/\/uenf.br\/posgraduacao\/ciencia-animal\/wp-content\/uploads\/sites\/5\/2026\/01\/1-768x960.jpg 768w, https:\/\/uenf.br\/posgraduacao\/ciencia-animal\/wp-content\/uploads\/sites\/5\/2026\/01\/1-320x400.jpg 320w, https:\/\/uenf.br\/posgraduacao\/ciencia-animal\/wp-content\/uploads\/sites\/5\/2026\/01\/1.jpg 1080w\" sizes=\"auto, (max-width: 240px) 100vw, 240px\" \/><\/a><\/figure>\n<\/div>\n\n\n\n<div class=\"wp-block-column is-layout-flow wp-block-column-is-layout-flow\" style=\"flex-basis:33.33%\">\n<figure class=\"wp-block-image size-medium\"><a href=\"https:\/\/uenf.br\/posgraduacao\/ciencia-animal\/wp-content\/uploads\/sites\/5\/2026\/01\/PGCAUENF-em-5-passos-ENTREGA-EXEMPLAR.pdf\" target=\"_blank\" rel=\" noreferrer noopener\"><img alt=\"\" loading=\"lazy\" decoding=\"async\" width=\"240\" height=\"300\" src=\"https:\/\/uenf.br\/posgraduacao\/ciencia-animal\/wp-content\/uploads\/sites\/5\/2026\/01\/1-1-240x300.jpg\" alt=\"\" class=\"wp-image-2403\" srcset=\"https:\/\/uenf.br\/posgraduacao\/ciencia-animal\/wp-content\/uploads\/sites\/5\/2026\/01\/1-1-240x300.jpg 240w, https:\/\/uenf.br\/posgraduacao\/ciencia-animal\/wp-content\/uploads\/sites\/5\/2026\/01\/1-1-819x1024.jpg 819w, https:\/\/uenf.br\/posgraduacao\/ciencia-animal\/wp-content\/uploads\/sites\/5\/2026\/01\/1-1-768x960.jpg 768w, https:\/\/uenf.br\/posgraduacao\/ciencia-animal\/wp-content\/uploads\/sites\/5\/2026\/01\/1-1-320x400.jpg 320w, https:\/\/uenf.br\/posgraduacao\/ciencia-animal\/wp-content\/uploads\/sites\/5\/2026\/01\/1-1.jpg 1080w\" sizes=\"auto, (max-width: 240px) 100vw, 240px\" \/><\/a><\/figure>\n<\/div>\n<\/div>\n\n\n\n<div class=\"wp-block-columns is-layout-flex wp-container-core-columns-is-layout-9d6595d7 wp-block-columns-is-layout-flex\">\n<div class=\"wp-block-column is-layout-flow wp-block-column-is-layout-flow\">\n<figure class=\"wp-block-image size-medium\"><a href=\"https:\/\/uenf.br\/posgraduacao\/ciencia-animal\/wp-content\/uploads\/sites\/5\/2026\/03\/PGCAUENF-em-5-passos-Incluindo-documentos-no-SEIRJ-externo.pdf\" target=\"_blank\" rel=\" noreferrer noopener\"><img alt=\"\" loading=\"lazy\" decoding=\"async\" width=\"240\" height=\"300\" src=\"https:\/\/uenf.br\/posgraduacao\/ciencia-animal\/wp-content\/uploads\/sites\/5\/2026\/03\/1-2-240x300.jpg\" alt=\"\" class=\"wp-image-2480\" srcset=\"https:\/\/uenf.br\/posgraduacao\/ciencia-animal\/wp-content\/uploads\/sites\/5\/2026\/03\/1-2-240x300.jpg 240w, https:\/\/uenf.br\/posgraduacao\/ciencia-animal\/wp-content\/uploads\/sites\/5\/2026\/03\/1-2-819x1024.jpg 819w, https:\/\/uenf.br\/posgraduacao\/ciencia-animal\/wp-content\/uploads\/sites\/5\/2026\/03\/1-2-768x960.jpg 768w, https:\/\/uenf.br\/posgraduacao\/ciencia-animal\/wp-content\/uploads\/sites\/5\/2026\/03\/1-2-320x400.jpg 320w, https:\/\/uenf.br\/posgraduacao\/ciencia-animal\/wp-content\/uploads\/sites\/5\/2026\/03\/1-2.jpg 1080w\" sizes=\"auto, (max-width: 240px) 100vw, 240px\" \/><\/a><\/figure>\n<\/div>\n\n\n\n<div class=\"wp-block-column is-layout-flow wp-block-column-is-layout-flow\"><\/div>\n\n\n\n<div class=\"wp-block-column is-layout-flow wp-block-column-is-layout-flow\"><\/div>\n<\/div>\n","protected":false},"excerpt":{"rendered":"<p>S\u00e9rie Azul \u2013 Exclusiva do PGCA\/UENF A s\u00e9rie \u201cPGCA em 5 Passos\u201d foi criada pela Rede PGCA (UENF\/UFRRJ) na cor&#8230;<\/p>\n","protected":false},"author":12,"featured_media":0,"parent":0,"menu_order":7,"comment_status":"closed","ping_status":"closed","template":"","meta":{"_seopress_robots_primary_cat":"","_seopress_titles_title":"","_seopress_titles_desc":"","_seopress_robots_index":"","footnotes":""},"class_list":["post-2368","page","type-page","status-publish","hentry"],"_links":{"self":[{"href":"https:\/\/uenf.br\/posgraduacao\/ciencia-animal\/wp-json\/wp\/v2\/pages\/2368","targetHints":{"allow":["GET"]}}],"collection":[{"href":"https:\/\/uenf.br\/posgraduacao\/ciencia-animal\/wp-json\/wp\/v2\/pages"}],"about":[{"href":"https:\/\/uenf.br\/posgraduacao\/ciencia-animal\/wp-json\/wp\/v2\/types\/page"}],"author":[{"embeddable":true,"href":"https:\/\/uenf.br\/posgraduacao\/ciencia-animal\/wp-json\/wp\/v2\/users\/12"}],"replies":[{"embeddable":true,"href":"https:\/\/uenf.br\/posgraduacao\/ciencia-animal\/wp-json\/wp\/v2\/comments?post=2368"}],"version-history":[{"count":0,"href":"https:\/\/uenf.br\/posgraduacao\/ciencia-animal\/wp-json\/wp\/v2\/pages\/2368\/revisions"}],"wp:attachment":[{"href":"https:\/\/uenf.br\/posgraduacao\/ciencia-animal\/wp-json\/wp\/v2\/media?parent=2368"}],"curies":[{"name":"wp","href":"https:\/\/api.w.org\/{rel}","templated":true}]}}