{"id":2448,"date":"2026-03-06T14:29:47","date_gmt":"2026-03-06T14:29:47","guid":{"rendered":"https:\/\/uenf.br\/posgraduacao\/ciencia-animal\/?page_id=2448"},"modified":"2026-03-10T14:53:07","modified_gmt":"2026-03-10T14:53:07","slug":"edicao-2026","status":"publish","type":"page","link":"https:\/\/uenf.br\/posgraduacao\/ciencia-animal\/pgca-na-rede\/edicao-2026\/","title":{"rendered":"Edi\u00e7\u00e3o 2026"},"content":{"rendered":"\n<div class=\"wp-block-media-text is-stacked-on-mobile\"><figure class=\"wp-block-media-text__media\"><img alt=\"\" loading=\"lazy\" decoding=\"async\" width=\"819\" height=\"1024\" src=\"https:\/\/uenf.br\/posgraduacao\/ciencia-animal\/wp-content\/uploads\/sites\/5\/2026\/03\/EDICAO-2026-819x1024.jpg\" alt=\"\" class=\"wp-image-2462 size-full\" srcset=\"https:\/\/uenf.br\/posgraduacao\/ciencia-animal\/wp-content\/uploads\/sites\/5\/2026\/03\/EDICAO-2026-819x1024.jpg 819w, https:\/\/uenf.br\/posgraduacao\/ciencia-animal\/wp-content\/uploads\/sites\/5\/2026\/03\/EDICAO-2026-240x300.jpg 240w, https:\/\/uenf.br\/posgraduacao\/ciencia-animal\/wp-content\/uploads\/sites\/5\/2026\/03\/EDICAO-2026-768x960.jpg 768w, https:\/\/uenf.br\/posgraduacao\/ciencia-animal\/wp-content\/uploads\/sites\/5\/2026\/03\/EDICAO-2026-320x400.jpg 320w, https:\/\/uenf.br\/posgraduacao\/ciencia-animal\/wp-content\/uploads\/sites\/5\/2026\/03\/EDICAO-2026.jpg 1080w\" sizes=\"auto, (max-width: 819px) 100vw, 819px\" \/><\/figure><div class=\"wp-block-media-text__content\">\n<p>A Edi\u00e7\u00e3o 2026 do PGCA na Rede \u00e9 uma chamada especial para submiss\u00e3o de v\u00eddeos de at\u00e9 3 minutos sobre pesquisas em produ\u00e7\u00e3o de ruminantes ou n\u00e3o-ruminantes no tr\u00f3pico \u00famido.<\/p>\n\n\n\n<p><strong>Per\u00edodo de Submiss\u00e3o<\/strong><\/p>\n\n\n\n<p>De <strong>09\/03\/2026<\/strong> a <strong>12\/06\/2026<\/strong> (qualquer momento).<\/p>\n\n\n\n<h4 class=\"wp-block-heading\">Elegibilidade<\/h4>\n\n\n\n<ul class=\"wp-block-list\">\n<li>P\u00f3s-graduandos (mestrado\/doutorado) no PGCA UENF\/UFRRJ.<\/li>\n\n\n\n<li>Alunos de IC vinculados \u00e0 UENF\/UFRRJ.<\/li>\n\n\n\n<li>P\u00f3s-docs no PGCA UENF\/UFRRJ.<\/li>\n<\/ul>\n\n\n\n<p><strong>Autoria:<\/strong> Individual (p\u00f3s-graduando ou p\u00f3s-doc) ou dupla (1 p\u00f3s-graduando + 1 graduando\/IC em Zootecnia).<\/p>\n\n\n\n<h4 class=\"wp-block-heading\">Requisitos do V\u00eddeo<\/h4>\n\n\n\n<ul class=\"wp-block-list\">\n<li>Dura\u00e7\u00e3o: at\u00e9 3 min.<\/li>\n\n\n\n<li>Formato: Link YouTube (n\u00e3o listado\/p\u00fablico).<\/li>\n\n\n\n<li>Conte\u00fado: Problema, objetivos, metodologia, resultados, relev\u00e2ncia (linguagem acess\u00edvel; legendas recomendadas).<\/li>\n<\/ul>\n\n\n\n<h4 class=\"wp-block-heading\">Documenta\u00e7\u00e3o<\/h4>\n\n\n\n<ul class=\"wp-block-list\">\n<li>Link YouTube.<\/li>\n\n\n\n<li>Termo de autoriza\u00e7\u00e3o assinado (imagem\/voz, com orientador).<\/li>\n\n\n\n<li>Ficha: T\u00edtulo, categoria, autores, v\u00ednculo, e-mail, orientador.<\/li>\n\n\n\n<li>Dupla: C\u00f3pia RG\/CPF e matr\u00edcula do graduando\/IC.<\/li>\n<\/ul>\n<\/div><\/div>\n\n\n\n<p class=\"has-grande-font-size\"><strong>Submiss\u00e3o:<\/strong> Via formul\u00e1rio online <a href=\"https:\/\/forms.gle\/BRuXPYA6ow9dAuiTA\" target=\"_blank\" rel=\"noreferrer noopener\">https:\/\/forms.gle\/BRuXPYA6ow9dAuiTA<\/a><a href=\"https:\/\/forms.gle\/zo2gHP3B4Mu26kPZA\" target=\"_blank\" rel=\"noreferrer noopener\"><\/a>.<\/p>\n\n\n\n<p>Baixe: <a href=\"https:\/\/uenf.br\/posgraduacao\/ciencia-animal\/wp-content\/uploads\/sites\/5\/2026\/03\/Edital-2026.pdf\"><strong>Edital 2026 (PDF)<\/strong><\/a> |<strong> <a href=\"https:\/\/uenf.br\/posgraduacao\/ciencia-animal\/wp-content\/uploads\/sites\/5\/2026\/03\/Termo-de-autorizacao.pdf\" target=\"_blank\" rel=\"noreferrer noopener\">Termo de Autoriza\u00e7\u00e3o (PDF)<\/a><\/strong><\/p>\n\n\n\n<h4 class=\"wp-block-heading\">Divulga\u00e7\u00e3o e Avalia\u00e7\u00e3o<\/h4>\n\n\n\n<ul class=\"wp-block-list\">\n<li>Aprovados em canais oficiais (sites UENF\/UFRRJ, Instagram @uenf.cienciaanimal, YouTube).<\/li>\n\n\n\n<li>Vota\u00e7\u00e3o em julho\/2026.<\/li>\n\n\n\n<li>Premia\u00e7\u00e3o no II F\u00f3rum Zootecnia RJ (agosto\/2026): Certificados e brindes.<\/li>\n<\/ul>\n\n\n\n<h4 class=\"wp-block-heading\">Desclassifica\u00e7\u00e3o<\/h4>\n\n\n\n<ul class=\"wp-block-list\">\n<li>N\u00e3o original\/inadequado.<\/li>\n\n\n\n<li>Sem termo ou &gt;3 min.<\/li>\n<\/ul>\n\n\n\n<p><strong>Participe e ganhe visibilidade para sua pesquisa!<\/strong><\/p>\n\n\n\n<div class=\"wp-block-group is-nowrap is-layout-flex wp-container-core-group-is-layout-ad2f72ca wp-block-group-is-layout-flex\">\n<div data-wp-interactive=\"core\/file\" class=\"wp-block-file\"><object data-wp-bind--hidden=\"!state.hasPdfPreview\" hidden class=\"wp-block-file__embed\" data=\"https:\/\/uenf.br\/posgraduacao\/ciencia-animal\/wp-content\/uploads\/sites\/5\/2026\/03\/Edital-2026.pdf\" type=\"application\/pdf\" style=\"width:100%;height:600px\" aria-label=\"Incorporado de Edital 2026.\"><\/object><a id=\"wp-block-file--media-ccb401ec-0ef3-4d58-aebf-16822dcb167d\" href=\"https:\/\/uenf.br\/posgraduacao\/ciencia-animal\/wp-content\/uploads\/sites\/5\/2026\/03\/Edital-2026.pdf\">Edital 2026<\/a><\/div>\n\n\n\n<div data-wp-interactive=\"core\/file\" class=\"wp-block-file\"><object data-wp-bind--hidden=\"!state.hasPdfPreview\" hidden class=\"wp-block-file__embed\" data=\"https:\/\/uenf.br\/posgraduacao\/ciencia-animal\/wp-content\/uploads\/sites\/5\/2026\/03\/Termo-de-autorizacao.pdf\" type=\"application\/pdf\" style=\"width:100%;height:600px\" aria-label=\"Incorporado de Termo de autoriza\u00e7\u00e3o.\"><\/object><a id=\"wp-block-file--media-2f09b790-49e0-4f6a-9445-e54d85be7e67\" href=\"https:\/\/uenf.br\/posgraduacao\/ciencia-animal\/wp-content\/uploads\/sites\/5\/2026\/03\/Termo-de-autorizacao.pdf\">Termo de autoriza\u00e7\u00e3o<\/a><\/div>\n<\/div>\n","protected":false},"excerpt":{"rendered":"<p>Submiss\u00e3o: Via formul\u00e1rio online https:\/\/forms.gle\/BRuXPYA6ow9dAuiTA. Baixe: Edital 2026 (PDF) | Termo de Autoriza\u00e7\u00e3o (PDF) Divulga\u00e7\u00e3o e Avalia\u00e7\u00e3o Desclassifica\u00e7\u00e3o Participe e&#8230;<\/p>\n","protected":false},"author":12,"featured_media":0,"parent":2093,"menu_order":2,"comment_status":"closed","ping_status":"closed","template":"","meta":{"_seopress_robots_primary_cat":"","_seopress_titles_title":"","_seopress_titles_desc":"","_seopress_robots_index":"","footnotes":""},"class_list":["post-2448","page","type-page","status-publish","hentry"],"_links":{"self":[{"href":"https:\/\/uenf.br\/posgraduacao\/ciencia-animal\/wp-json\/wp\/v2\/pages\/2448","targetHints":{"allow":["GET"]}}],"collection":[{"href":"https:\/\/uenf.br\/posgraduacao\/ciencia-animal\/wp-json\/wp\/v2\/pages"}],"about":[{"href":"https:\/\/uenf.br\/posgraduacao\/ciencia-animal\/wp-json\/wp\/v2\/types\/page"}],"author":[{"embeddable":true,"href":"https:\/\/uenf.br\/posgraduacao\/ciencia-animal\/wp-json\/wp\/v2\/users\/12"}],"replies":[{"embeddable":true,"href":"https:\/\/uenf.br\/posgraduacao\/ciencia-animal\/wp-json\/wp\/v2\/comments?post=2448"}],"version-history":[{"count":0,"href":"https:\/\/uenf.br\/posgraduacao\/ciencia-animal\/wp-json\/wp\/v2\/pages\/2448\/revisions"}],"up":[{"embeddable":true,"href":"https:\/\/uenf.br\/posgraduacao\/ciencia-animal\/wp-json\/wp\/v2\/pages\/2093"}],"wp:attachment":[{"href":"https:\/\/uenf.br\/posgraduacao\/ciencia-animal\/wp-json\/wp\/v2\/media?parent=2448"}],"curies":[{"name":"wp","href":"https:\/\/api.w.org\/{rel}","templated":true}]}}