{"id":2455,"date":"2026-03-06T18:56:57","date_gmt":"2026-03-06T18:56:57","guid":{"rendered":"https:\/\/uenf.br\/posgraduacao\/ciencia-animal\/?page_id=2455"},"modified":"2026-03-06T18:56:59","modified_gmt":"2026-03-06T18:56:59","slug":"pgca-na-rede","status":"publish","type":"page","link":"https:\/\/uenf.br\/posgraduacao\/ciencia-animal\/pgca-na-rede\/pgca-na-rede\/","title":{"rendered":"PGCA na Rede"},"content":{"rendered":"\n<div class=\"wp-block-media-text is-stacked-on-mobile\"><figure class=\"wp-block-media-text__media\"><img alt=\"\" loading=\"lazy\" decoding=\"async\" width=\"1024\" height=\"611\" src=\"https:\/\/uenf.br\/posgraduacao\/ciencia-animal\/wp-content\/uploads\/sites\/5\/2026\/03\/logomarca-1024x611.png\" alt=\"\" class=\"wp-image-2458 size-full\" srcset=\"https:\/\/uenf.br\/posgraduacao\/ciencia-animal\/wp-content\/uploads\/sites\/5\/2026\/03\/logomarca-1024x611.png 1024w, https:\/\/uenf.br\/posgraduacao\/ciencia-animal\/wp-content\/uploads\/sites\/5\/2026\/03\/logomarca-300x179.png 300w, https:\/\/uenf.br\/posgraduacao\/ciencia-animal\/wp-content\/uploads\/sites\/5\/2026\/03\/logomarca-768x459.png 768w, https:\/\/uenf.br\/posgraduacao\/ciencia-animal\/wp-content\/uploads\/sites\/5\/2026\/03\/logomarca-320x191.png 320w, https:\/\/uenf.br\/posgraduacao\/ciencia-animal\/wp-content\/uploads\/sites\/5\/2026\/03\/logomarca.png 1122w\" sizes=\"auto, (max-width: 1024px) 100vw, 1024px\" \/><\/figure><div class=\"wp-block-media-text__content\">\n<p class=\"has-muito-grande-font-size\"><strong>Divulgue sua Pesquisa em Zootecnia!<\/strong><\/p>\n\n\n\n<p class=\"has-text-align-left\">Com entusiasmo, lan\u00e7amos o <strong>&#8220;PGCA na Rede&#8221;<\/strong>, uma iniciativa para destacar as pesquisas do Programa de P\u00f3s-Gradua\u00e7\u00e3o em Ci\u00eancias Animais (PGCA) da UENF e UFRRJ por meio de v\u00eddeos curtos e din\u00e2micos. Nosso objetivo \u00e9 ampliar a visibilidade dos estudos em zootecnia, conectar a comunidade acad\u00eamica, produtores rurais e o setor agropecu\u00e1rio, al\u00e9m de fortalecer a colabora\u00e7\u00e3o entre alunos e professores.<\/p>\n<\/div><\/div>\n\n\n\n<h2 class=\"wp-block-heading\">O que \u00e9 o PGCA na Rede?<\/h2>\n\n\n\n<p>O projeto convida voc\u00ea a criar v\u00eddeos de <strong>at\u00e9 3 minutos<\/strong> apresentando sua pesquisa nas categorias <strong>&#8220;Produ\u00e7\u00e3o de Ruminantes no Tr\u00f3pico \u00damido&#8221;<\/strong> ou <strong>&#8220;Produ\u00e7\u00e3o de N\u00e3o-Ruminantes no Tr\u00f3pico \u00damido&#8221;<\/strong>. \u00c9 uma oportunidade de compartilhar conhecimento de forma criativa e acess\u00edvel, alcan\u00e7ando desde a comunidade acad\u00eamica at\u00e9 produtores e empresas do setor.<\/p>\n\n\n\n<h2 class=\"wp-block-heading\">Objetivos principais:<\/h2>\n\n\n\n<ul class=\"wp-block-list\">\n<li>Aumentar a divulga\u00e7\u00e3o cient\u00edfica acess\u00edvel.<\/li>\n\n\n\n<li>Desenvolver habilidades de comunica\u00e7\u00e3o.<\/li>\n\n\n\n<li>Fomentar parcerias e impacto social.<\/li>\n<\/ul>\n\n\n\n<h2 class=\"wp-block-heading\">Por que participar?<\/h2>\n\n\n\n<ul class=\"wp-block-list\">\n<li><strong>Visibilidade<\/strong>: Mostre sua pesquisa para um p\u00fablico amplo, atraindo parcerias e oportunidades.<\/li>\n\n\n\n<li><strong>Engajamento<\/strong>: Fortale\u00e7a la\u00e7os na rede UENF\/UFRRJ e inspire projetos colaborativos.<\/li>\n\n\n\n<li><strong>Desenvolvimento<\/strong>: Aprimore suas habilidades de comunica\u00e7\u00e3o cient\u00edfica, valorizadas no mercado.<\/li>\n<\/ul>\n\n\n\n<p>Junte-se a n\u00f3s para transformar o PGCA em uma refer\u00eancia ainda maior em zootecnia! D\u00favidas? Entre em contato com <strong>UENF &#8211; pga@uenf.br<\/strong> ou <strong>UFRRJ &#8211; pgca@ufrrj.br<\/strong>.<\/p>\n\n\n\n<p><strong>PGCA na Rede: conectando ci\u00eancia, inova\u00e7\u00e3o e colabora\u00e7\u00e3o!<\/strong><\/p>\n\n\n\n<p><\/p>\n","protected":false},"excerpt":{"rendered":"<p>Divulgue sua Pesquisa em Zootecnia! Com entusiasmo, lan\u00e7amos o &#8220;PGCA na Rede&#8221;, uma iniciativa para destacar as pesquisas do Programa&#8230;<\/p>\n","protected":false},"author":12,"featured_media":0,"parent":2093,"menu_order":0,"comment_status":"closed","ping_status":"closed","template":"","meta":{"_seopress_robots_primary_cat":"","_seopress_titles_title":"","_seopress_titles_desc":"","_seopress_robots_index":"","footnotes":""},"class_list":["post-2455","page","type-page","status-publish","hentry"],"_links":{"self":[{"href":"https:\/\/uenf.br\/posgraduacao\/ciencia-animal\/wp-json\/wp\/v2\/pages\/2455","targetHints":{"allow":["GET"]}}],"collection":[{"href":"https:\/\/uenf.br\/posgraduacao\/ciencia-animal\/wp-json\/wp\/v2\/pages"}],"about":[{"href":"https:\/\/uenf.br\/posgraduacao\/ciencia-animal\/wp-json\/wp\/v2\/types\/page"}],"author":[{"embeddable":true,"href":"https:\/\/uenf.br\/posgraduacao\/ciencia-animal\/wp-json\/wp\/v2\/users\/12"}],"replies":[{"embeddable":true,"href":"https:\/\/uenf.br\/posgraduacao\/ciencia-animal\/wp-json\/wp\/v2\/comments?post=2455"}],"version-history":[{"count":0,"href":"https:\/\/uenf.br\/posgraduacao\/ciencia-animal\/wp-json\/wp\/v2\/pages\/2455\/revisions"}],"up":[{"embeddable":true,"href":"https:\/\/uenf.br\/posgraduacao\/ciencia-animal\/wp-json\/wp\/v2\/pages\/2093"}],"wp:attachment":[{"href":"https:\/\/uenf.br\/posgraduacao\/ciencia-animal\/wp-json\/wp\/v2\/media?parent=2455"}],"curies":[{"name":"wp","href":"https:\/\/api.w.org\/{rel}","templated":true}]}}