{"id":40,"date":"2013-07-29T19:17:05","date_gmt":"2013-07-29T19:17:05","guid":{"rendered":"http:\/\/uenf.br\/pos-graduacao\/ciencia-animal\/?page_id=40"},"modified":"2025-04-25T12:07:30","modified_gmt":"2025-04-25T12:07:30","slug":"teses-e-dissertacoes","status":"publish","type":"page","link":"https:\/\/uenf.br\/posgraduacao\/ciencia-animal\/teses-e-dissertacoes\/","title":{"rendered":"Teses e disserta\u00e7\u00f5es"},"content":{"rendered":"<blockquote><p>&nbsp;<\/p><\/blockquote>\n<p style=\"text-align: center\"><strong>Relat\u00f3rio de defesa (1993-2024)<\/strong><\/p>\n<p style=\"text-align: center\"><em><strong>DS \u2013 <\/strong><\/em><em>268<\/em><br \/>\n<em><strong>MS \u2013 <\/strong>474<\/em><br \/>\n<em><strong>Total \u2013 <\/strong>742<\/em><\/p>\n<hr \/>\n<blockquote><p>Documentos necess\u00e1rios para entrega de exemplar definitivo de tese\/disserta\u00e7\u00e3o:<\/p><\/blockquote>\n<blockquote>\n<ul>\n<li>01 exemplar da tese\/disserta\u00e7\u00e3o. Sobre folha de assinatura, vide <a href=\"https:\/\/uenf.br\/posgraduacao\/ciencia-animal\/wp-content\/uploads\/sites\/5\/2024\/06\/06_03_24_p35_Resolucao_COLAC_no_33_2024_revoga_Resol._COLAC_no_28_2023_e_estabelece_novos_proced._para_assinatura_de_ata_de_aprovacao.pdf\">Resolu\u00e7\u00e3o COLAC n\u00ba 33\/2024<\/a>;<\/li>\n<li>C\u00f3pia da tese\/disserta\u00e7\u00e3o em PDF;<\/li>\n<li><a href=\"https:\/\/uenf.br\/posgraduacao\/ciencia-animal\/wp-content\/uploads\/sites\/5\/2023\/08\/Formulario-dados-orientador-atualizado-2023.pdf\">Declara\u00e7\u00e3o de entrega dos dados ao orientador;<\/a><\/li>\n<li>Declara\u00e7\u00e3o de corre\u00e7\u00e3o de portugu\u00eas (anexar a c\u00f3pia do diploma da corretora);<\/li>\n<li><a href=\"http:\/\/uenf.br\/posgraduacao\/ciencia-animal\/wp-content\/uploads\/sites\/5\/2013\/07\/Termo-de-autorizacao-divulga\u00e7\u00e3o-Tese.doc\">Termo de autoriza\u00e7\u00e3o para divulga\u00e7\u00e3o em meio eletr\u00f4nico<\/a>;<\/li>\n<li><a href=\"http:\/\/uenf.br\/posgraduacao\/ciencia-animal\/wp-content\/uploads\/sites\/5\/2013\/07\/Formul\u00e1rio-egresso.doc\">Formul\u00e1rio egresso.<\/a><\/li>\n<\/ul>\n<\/blockquote>\n","protected":false},"excerpt":{"rendered":"<p>&nbsp; Relat\u00f3rio de defesa (1993-2024) DS \u2013 268 MS \u2013 474 Total \u2013 742 Documentos necess\u00e1rios para entrega de exemplar&#8230;<\/p>\n","protected":false},"author":12,"featured_media":0,"parent":0,"menu_order":8,"comment_status":"open","ping_status":"open","template":"","meta":{"_seopress_robots_primary_cat":"","_seopress_titles_title":"","_seopress_titles_desc":"","_seopress_robots_index":"","footnotes":""},"class_list":["post-40","page","type-page","status-publish","hentry"],"_links":{"self":[{"href":"https:\/\/uenf.br\/posgraduacao\/ciencia-animal\/wp-json\/wp\/v2\/pages\/40","targetHints":{"allow":["GET"]}}],"collection":[{"href":"https:\/\/uenf.br\/posgraduacao\/ciencia-animal\/wp-json\/wp\/v2\/pages"}],"about":[{"href":"https:\/\/uenf.br\/posgraduacao\/ciencia-animal\/wp-json\/wp\/v2\/types\/page"}],"author":[{"embeddable":true,"href":"https:\/\/uenf.br\/posgraduacao\/ciencia-animal\/wp-json\/wp\/v2\/users\/12"}],"replies":[{"embeddable":true,"href":"https:\/\/uenf.br\/posgraduacao\/ciencia-animal\/wp-json\/wp\/v2\/comments?post=40"}],"version-history":[{"count":0,"href":"https:\/\/uenf.br\/posgraduacao\/ciencia-animal\/wp-json\/wp\/v2\/pages\/40\/revisions"}],"wp:attachment":[{"href":"https:\/\/uenf.br\/posgraduacao\/ciencia-animal\/wp-json\/wp\/v2\/media?parent=40"}],"curies":[{"name":"wp","href":"https:\/\/api.w.org\/{rel}","templated":true}]}}