{"id":43,"date":"2013-07-29T19:21:26","date_gmt":"2013-07-29T19:21:26","guid":{"rendered":"http:\/\/uenf.br\/pos-graduacao\/ciencia-animal\/?page_id=43"},"modified":"2025-08-26T14:37:27","modified_gmt":"2025-08-26T14:37:27","slug":"normas-de-elaboracao-de-projeto-e-tesedissertacao","status":"publish","type":"page","link":"https:\/\/uenf.br\/posgraduacao\/ciencia-animal\/apresentacao-2\/normas-de-elaboracao-de-projeto-e-tesedissertacao\/","title":{"rendered":"Normas de elabora\u00e7\u00e3o de projeto e tese\/disserta\u00e7\u00e3o"},"content":{"rendered":"<p><a href=\"http:\/\/uenf.br\/posgraduacao\/ciencia-animal\/wp-content\/uploads\/sites\/5\/2013\/07\/Normas-para-elabora\u00e7\u00e3o-de-projeto-e-tese.pdf\">Normas para elabora\u00e7\u00e3o de projeto e trabalho de conclus\u00e3o<\/a><\/p>\n","protected":false},"excerpt":{"rendered":"<p>Normas para elabora\u00e7\u00e3o de projeto e trabalho de conclus\u00e3o<\/p>\n","protected":false},"author":12,"featured_media":0,"parent":1959,"menu_order":4,"comment_status":"open","ping_status":"open","template":"","meta":{"_seopress_robots_primary_cat":"","_seopress_titles_title":"","_seopress_titles_desc":"","_seopress_robots_index":"","footnotes":""},"class_list":["post-43","page","type-page","status-publish","hentry"],"_links":{"self":[{"href":"https:\/\/uenf.br\/posgraduacao\/ciencia-animal\/wp-json\/wp\/v2\/pages\/43","targetHints":{"allow":["GET"]}}],"collection":[{"href":"https:\/\/uenf.br\/posgraduacao\/ciencia-animal\/wp-json\/wp\/v2\/pages"}],"about":[{"href":"https:\/\/uenf.br\/posgraduacao\/ciencia-animal\/wp-json\/wp\/v2\/types\/page"}],"author":[{"embeddable":true,"href":"https:\/\/uenf.br\/posgraduacao\/ciencia-animal\/wp-json\/wp\/v2\/users\/12"}],"replies":[{"embeddable":true,"href":"https:\/\/uenf.br\/posgraduacao\/ciencia-animal\/wp-json\/wp\/v2\/comments?post=43"}],"version-history":[{"count":0,"href":"https:\/\/uenf.br\/posgraduacao\/ciencia-animal\/wp-json\/wp\/v2\/pages\/43\/revisions"}],"up":[{"embeddable":true,"href":"https:\/\/uenf.br\/posgraduacao\/ciencia-animal\/wp-json\/wp\/v2\/pages\/1959"}],"wp:attachment":[{"href":"https:\/\/uenf.br\/posgraduacao\/ciencia-animal\/wp-json\/wp\/v2\/media?parent=43"}],"curies":[{"name":"wp","href":"https:\/\/api.w.org\/{rel}","templated":true}]}}