{"id":487,"date":"2012-08-29T13:31:51","date_gmt":"2012-08-29T13:31:51","guid":{"rendered":"http:\/\/uenf.br\/pos-graduacao\/ciencia-animal\/?page_id=2"},"modified":"2025-11-10T20:10:47","modified_gmt":"2025-11-10T20:10:47","slug":"apresentacao","status":"publish","type":"page","link":"https:\/\/uenf.br\/posgraduacao\/ciencia-animal\/","title":{"rendered":"P\u00e1gina inicial"},"content":{"rendered":"<p><img loading=\"lazy\" decoding=\"async\" class=\"aligncenter wp-image-1766 size-medium\" src=\"http:\/\/uenf.br\/posgraduacao\/ciencia-animal\/wp-content\/uploads\/sites\/5\/2024\/08\/PROGRAMA-DE-POS-GRADUACAO-EM-CIENCIA-ANIMAL-UENFUFRRJ-2-300x185.png\" alt=\"Programa em Rede de P\u00f3s-gradua\u00e7\u00e3o em Ci\u00eancia Animal UENF\/UFRRJ.\" width=\"300\" height=\"185\" srcset=\"https:\/\/uenf.br\/posgraduacao\/ciencia-animal\/wp-content\/uploads\/sites\/5\/2024\/08\/PROGRAMA-DE-POS-GRADUACAO-EM-CIENCIA-ANIMAL-UENFUFRRJ-2-300x185.png 300w, https:\/\/uenf.br\/posgraduacao\/ciencia-animal\/wp-content\/uploads\/sites\/5\/2024\/08\/PROGRAMA-DE-POS-GRADUACAO-EM-CIENCIA-ANIMAL-UENFUFRRJ-2.png 500w\" sizes=\"auto, (max-width: 300px) 100vw, 300px\" \/><\/p>\n<h2 dir=\"auto\" style=\"text-align: center\"><strong>Programa em rede de P\u00f3s-gradua\u00e7\u00e3o em Ci\u00eancia Animal UENF\/UFRRJ<\/strong><\/h2>\n<p dir=\"auto\">O Programa de P\u00f3s-gradua\u00e7\u00e3o em Ci\u00eancia Animal da UENF\/UFRRJ capacita profissionais para atuar em \u00f3rg\u00e3os governamentais, institui\u00e7\u00f5es de ensino, pesquisa, presta\u00e7\u00e3o de servi\u00e7os e no setor produtivo. Nosso objetivo \u00e9 promover o desenvolvimento t\u00e9cnico-cient\u00edfico, aprimorar o ensino e contribuir para o progresso socioecon\u00f4mico do Rio de Janeiro e do Brasil.<\/p>\n<p dir=\"auto\">Formado pela fus\u00e3o dos programas Ci\u00eancia Animal (UENF) e Zootecnia (UFRRJ) em 2021, somos o <strong>\u00fanico programa de p\u00f3s-gradua\u00e7\u00e3o em Zootecnia no Estado do Rio de Janeiro<\/strong>. Oferecemos forma\u00e7\u00e3o de excel\u00eancia em mestrado e doutorado, com foco em inova\u00e7\u00e3o e sustentabilidade na ci\u00eancia animal.<\/p>\n<h3 dir=\"auto\"><strong>Por que escolher a Ci\u00eancia Animal UENF\/UFRRJ?<\/strong><\/h3>\n<ul dir=\"auto\">\n<li style=\"text-align: left\">\u00danico programa de Zootecnia no RJ.<\/li>\n<li style=\"text-align: left\">Corpo docente qualificado e infraestrutura moderna.<\/li>\n<li style=\"text-align: left\">Contribui\u00e7\u00e3o direta para o setor produtivo e o desenvolvimento regional.<\/li>\n<\/ul>\n<h3 dir=\"auto\"><strong>Coordena\u00e7\u00e3o &#8211; UENF<\/strong><\/h3>\n<ul dir=\"auto\">\n<li style=\"text-align: left\"><strong>Coordenador Geral<\/strong>: Prof. Ricardo Augusto Mendon\u00e7a Vieira (UENF)<\/li>\n<li style=\"text-align: left\"><strong>Subcoordenador<\/strong>: Prof. Rodrigo Vasconcelos de Oliveira (UFRRJ)<\/li>\n<li><strong>Secret\u00e1rias UENF<\/strong>:\n<ul dir=\"auto\">\n<li style=\"text-align: left\">Concei\u00e7\u00e3o Cust\u00f3dio dos Santos (Auxiliar de Servi\u00e7os Administrativos)<\/li>\n<li style=\"text-align: left\">Jovana Ferraz Cerqueira Campos (Assistente T\u00e9cnico-administrativo)<\/li>\n<\/ul>\n<\/li>\n<\/ul>\n<p dir=\"auto\"><strong>Atendimento ao P\u00fablico<\/strong><\/p>\n<p dir=\"auto\">De segunda a sexta-feira, das 14h \u00e0s 17h (exceto feriados).<\/p>\n<h3 dir=\"auto\"><strong>Entre em Contato<\/strong><\/h3>\n<ul>\n<li style=\"text-align: left\"><strong>Endere\u00e7o<\/strong>: Av. Alberto Lamego, 2000 &#8211; UENF\/CCTA, Sala 206 &#8211; Parque Calif\u00f3rnia &#8211; Campos dos Goytacazes, RJ<\/li>\n<li style=\"text-align: left\"><strong>Telefone<\/strong>: +55 (22) 2739-7278 |+55 (22) 2748-6176<\/li>\n<li><strong>E-mail<\/strong>: <a href=\"mailto:pga@uenf.br\" target=\"_blank\" rel=\"noopener noreferrer nofollow\">pga@uenf.br<\/a><\/li>\n<li><strong>Instagram:<\/strong> @uenf.cienciaanimal<\/li>\n<li><strong><a href=\"https:\/\/maps.app.goo.gl\/Dowo26JsRRv3sA3y8\">Como chegar (CLIQUE AQUI)<\/a><br \/>\n<\/strong><\/li>\n<\/ul>\n<h4 dir=\"auto\">Conhe\u00e7a o processo seletivo e fa\u00e7a parte do \u00fanico programa de p\u00f3s-gradua\u00e7\u00e3o em Zootecnia do Rio de Janeiro. \u00a0<a href=\"https:\/\/uenf.br\/posgraduacao\/ciencia-animal\/processo-seletivo\/\">Saiba mais<\/a>.<\/h4>\n","protected":false},"excerpt":{"rendered":"<p>Programa em rede de P\u00f3s-gradua\u00e7\u00e3o em Ci\u00eancia Animal UENF\/UFRRJ O Programa de P\u00f3s-gradua\u00e7\u00e3o em Ci\u00eancia Animal da UENF\/UFRRJ capacita profissionais&#8230;<\/p>\n","protected":false},"author":12,"featured_media":0,"parent":0,"menu_order":1,"comment_status":"closed","ping_status":"closed","template":"","meta":{"_seopress_robots_primary_cat":"","_seopress_titles_title":"","_seopress_titles_desc":"\"Programa em Rede de P\u00f3s-gradua\u00e7\u00e3o em Ci\u00eancia Animal da UENF\/UFRRJ: mestrado e doutorado em Zootecnia no RJ. Inscreva-se e impulsione sua carreira!\u201d","_seopress_robots_index":"","footnotes":""},"class_list":["post-487","page","type-page","status-publish","hentry"],"_links":{"self":[{"href":"https:\/\/uenf.br\/posgraduacao\/ciencia-animal\/wp-json\/wp\/v2\/pages\/487","targetHints":{"allow":["GET"]}}],"collection":[{"href":"https:\/\/uenf.br\/posgraduacao\/ciencia-animal\/wp-json\/wp\/v2\/pages"}],"about":[{"href":"https:\/\/uenf.br\/posgraduacao\/ciencia-animal\/wp-json\/wp\/v2\/types\/page"}],"author":[{"embeddable":true,"href":"https:\/\/uenf.br\/posgraduacao\/ciencia-animal\/wp-json\/wp\/v2\/users\/12"}],"replies":[{"embeddable":true,"href":"https:\/\/uenf.br\/posgraduacao\/ciencia-animal\/wp-json\/wp\/v2\/comments?post=487"}],"version-history":[{"count":0,"href":"https:\/\/uenf.br\/posgraduacao\/ciencia-animal\/wp-json\/wp\/v2\/pages\/487\/revisions"}],"wp:attachment":[{"href":"https:\/\/uenf.br\/posgraduacao\/ciencia-animal\/wp-json\/wp\/v2\/media?parent=487"}],"curies":[{"name":"wp","href":"https:\/\/api.w.org\/{rel}","templated":true}]}}