{"id":151,"date":"2014-07-31T16:12:56","date_gmt":"2014-07-31T16:12:56","guid":{"rendered":"http:\/\/uenf.br\/pos-graduacao\/ciencias-naturais\/?page_id=151"},"modified":"2026-03-05T19:59:42","modified_gmt":"2026-03-05T19:59:42","slug":"ensino-de-ciencias","status":"publish","type":"page","link":"https:\/\/uenf.br\/posgraduacao\/ciencias-naturais\/linhas-de-pesquisa\/ensino-de-ciencias\/","title":{"rendered":"Ensino de Ci\u00eancias"},"content":{"rendered":"<p><span style=\"color: #339966\">___________________________________________________________________________________________<\/span><\/p>\n<p id=\"materiaPrincipal\" style=\"color: #000000\">Esta linha dedica-se ao estudo e desenvolvimento do conhecimento, da pr\u00e1tica e das pol\u00edticas relacionadas ao ensino e aprendizado em ci\u00eancias e ensino de ci\u00eancias. Busca o desenvolvimento do conhecimento cient\u00edfico atrav\u00e9s da explora\u00e7\u00e3o de ambientes cient\u00edfico-culturais, de novas tecnologias e do estudo de aspectos filos\u00f3ficos e hist\u00f3ricos que possam favorecer o ensino-aprendizagem de ci\u00eancias. Estudo da forma\u00e7\u00e3o inicial e continuada do professor de ci\u00eancias tendo em vista as mudan\u00e7as na concep\u00e7\u00f5es de ci\u00eancia e ensino.<a href=\"https:\/\/uenf.br\/posgraduacao\/ciencias-naturais\/wp-content\/uploads\/sites\/4\/2017\/06\/DSC00413.jpg\"><img loading=\"lazy\" decoding=\"async\" class=\"alignnone wp-image-1781\" src=\"https:\/\/uenf.br\/posgraduacao\/ciencias-naturais\/wp-content\/uploads\/sites\/4\/2017\/06\/DSC00413.jpg\" alt=\"\" width=\"413\" height=\"310\" \/><\/a><\/p>\n<div style=\"color: #000000\">\n<h3><span style=\"font-weight: bold\">ORIENTADORES DA LINHA DE PESQUISA ENSINO DE CI\u00caNCIAS<\/span><\/h3>\n<div id=\"materiaPrincipal\">\n<p>_________________________________________________________________________________________________<\/p>\n<\/div>\n<h3><span style=\"color: #000000\"><strong><a style=\"color: #000000\" href=\"http:\/\/lattes.cnpq.br\/5000910174037991\" target=\"_blank\" rel=\"noopener\">Aline Chaves Intorne<\/a> &#8211; aline.intorne@ifrj.edu.br<\/strong><\/span><\/h3>\n<div style=\"color: #000000\">\n<div>\n<p id=\"materiaPrincipal\"><span style=\"color: #000000\"><a href=\"https:\/\/uenf.br\/posgraduacao\/ciencias-naturais\/wp-content\/uploads\/sites\/4\/2024\/05\/Foto-Aline-3x4-1.jpeg\"><img loading=\"lazy\" decoding=\"async\" class=\"alignleft wp-image-7175 size-thumbnail\" src=\"https:\/\/uenf.br\/posgraduacao\/ciencias-naturais\/wp-content\/uploads\/sites\/4\/2024\/05\/Foto-Aline-3x4-1-150x150.jpeg\" alt=\"\" width=\"150\" height=\"150\" \/><\/a>Professora &#8211; IFRJ\/Volta Redonda<\/span><br \/>\n<span style=\"color: #000000\">Credenciamento CAPES: Permanente (desde 01\/03\/2016)<\/span><br \/>\nP\u00f3s-doutorado: Universidade Estadual do Norte Fluminense &#8211; LCA\/CBB (2012-2013)<br \/>\n<span style=\"color: #000000\">Doutorado em Bioci\u00eancias e Biotecnologia (2012)<\/span><br \/>\n<span style=\"color: #000000\">Universidade Estadual do Norte Fluminense Darcy Ribeiro &#8211; UENF\/RJ (Per\u00edodo sanduiche na Texas A&amp;M University (EUA)<\/span><br \/>\n<span style=\"color: #000000\">Linhas de pesquisa: <\/span><a href=\"https:\/\/uenf.br\/posgraduacao\/ciencias-naturais\/linhas-de-pesquisa\/ciencias-ambientais\/\" target=\"_blank\" rel=\"noopener\"><strong><span style=\"color: #008000\">Ci\u00eancias Ambientais<\/span> <\/strong><\/a>e <a href=\"https:\/\/uenf.br\/posgraduacao\/ciencias-naturais\/linhas-de-pesquisa\/ensino-de-ciencias\/\" target=\"_blank\" rel=\"noopener\"><span style=\"color: #ff6600\"><strong>Ensino de <span style=\"color: #ff6600\">Ci\u00eancias<\/span><\/strong><\/span><\/a><\/p>\n<p><span style=\"color: #000000\"><strong>Temas de interesse:<\/strong><\/span><br \/>\n&#8211; Biotecnologia Ambiental<br \/>\n&#8211; Educa\u00e7\u00e3o Ambiental e Sustentabilidade<br \/>\n&#8211; Ludicidade e Experimenta\u00e7\u00e3o no Ensino de Ci\u00eancias<br \/>\n&#8211; Divulga\u00e7\u00e3o Cient\u00edfica e Ci\u00eancia Cidad\u00e3<\/p>\n<\/div>\n<\/div>\n<div>\n<p>_________________________________________________________________________________________________<\/p>\n<\/div>\n<h3><span style=\"color: #000000\"><a style=\"color: #000000\" href=\"http:\/\/buscatextual.cnpq.br\/buscatextual\/visualizacv.do?id=K4772932A5\" target=\"_blank\" rel=\"noopener\">Carlos Eduardo Batista de Sousa<\/a> &#8211; cdesousa@uenf.br<\/span><\/h3>\n<p><span style=\"color: #000000\"><a href=\"https:\/\/uenf.br\/posgraduacao\/ciencias-naturais\/wp-content\/uploads\/sites\/4\/2023\/07\/Carlos-Eduardo-batista-de-sousa.jpg\"><img loading=\"lazy\" decoding=\"async\" class=\"alignleft wp-image-6048 size-thumbnail\" src=\"https:\/\/uenf.br\/posgraduacao\/ciencias-naturais\/wp-content\/uploads\/sites\/4\/2023\/07\/Carlos-Eduardo-batista-de-sousa-150x150.jpg\" alt=\"\" width=\"150\" height=\"150\" srcset=\"https:\/\/uenf.br\/posgraduacao\/ciencias-naturais\/wp-content\/uploads\/sites\/4\/2023\/07\/Carlos-Eduardo-batista-de-sousa-150x150.jpg 150w, https:\/\/uenf.br\/posgraduacao\/ciencias-naturais\/wp-content\/uploads\/sites\/4\/2023\/07\/Carlos-Eduardo-batista-de-sousa-600x600.jpg 600w\" sizes=\"auto, (max-width: 150px) 100vw, 150px\" \/><\/a>Professor Associado &#8211; LCL\/CCH\/UENF<\/span><br \/>\n<span style=\"color: #000000\">Credenciamento CAPES: Permanente (desde 08\/05\/2017)<\/span><br \/>\n<span style=\"color: #000000\">Doutorado em Filosofia (2009)<\/span><br \/>\n<span style=\"color: #000000\">University of Konstanz &#8211; Alemanha<\/span><br \/>\n<span style=\"color: #000000\">P\u00e1gina eletr\u00f4nica: <a href=\"https:\/\/sites.google.com\/site\/carlosebdesousa\/\" target=\"_blank\" rel=\"noopener\"><span style=\"color: #000000\">https:\/\/sites.google.com\/site\/carlosebdesousa<\/span><\/a><!-- Analytics - Fim --><\/span><br \/>\n<span style=\"color: #000000\">Linhas de Pesquisa: <a href=\"https:\/\/uenf.br\/posgraduacao\/ciencias-naturais\/linhas-de-pesquisa\/ensino-de-ciencias\/\" target=\"_blank\" rel=\"noopener\"><span style=\"color: #ff6600\"><strong>Ensino de Ci\u00eancias<\/strong><\/span><\/a><\/span><br \/>\n<strong><span style=\"color: #000000\">Temas de interesse:<\/span><\/strong><br \/>\n<span style=\"color: #000000\">&#8211; Filosofia, Hist\u00f3ria e Ensino de Ci\u00eancias<\/span><br \/>\n<span style=\"color: #000000\">&#8211; Neuroeduca\u00e7\u00e3o<\/span><\/p>\n<div style=\"color: #000000\">\n<p>_________________________________________________________________________________________________<\/p>\n<h3><span style=\"color: #000000\"><a style=\"color: #000000\" href=\"http:\/\/lattes.cnpq.br\/2882524776546697\" target=\"_blank\" rel=\"noopener\">Fernando Jos\u00e9 Luna de Oliveira<\/a> &#8211;<\/span>\u00a0 fernando@uenf.br<\/h3>\n<p><span style=\"color: #000000\"><a href=\"https:\/\/uenf.br\/posgraduacao\/ciencias-naturais\/wp-content\/uploads\/sites\/4\/2024\/05\/Luna.jpg\"><img loading=\"lazy\" decoding=\"async\" class=\"alignleft wp-image-7141 size-full\" src=\"https:\/\/uenf.br\/posgraduacao\/ciencias-naturais\/wp-content\/uploads\/sites\/4\/2024\/05\/Luna.jpg\" alt=\"\" width=\"150\" height=\"150\" \/><\/a>Professor Associado &#8211; LCQUI\/CCT\/UENF<\/span><br \/>\n<span style=\"color: #000000\">Credenciamento CAPES: Permanente (desde 07\/04\/2003)<\/span><br \/>\n<span style=\"color: #000000\">P\u00f3s-Doutorado: Funda\u00e7\u00e3o Oswaldo Cruz (2010-2011)<\/span><br \/>\n<span style=\"color: #000000\">Doutorado em Ci\u00eancias\u00a0\u00a0(1998)<\/span><br \/>\n<span style=\"color: #000000\">Universidade Estadual de Campinas &#8211; UNICAMP\/SP<\/span><br \/>\nLinhas de Pesquisa: <a href=\"https:\/\/uenf.br\/posgraduacao\/ciencias-naturais\/linhas-de-pesquisa\/ensino-de-ciencias\/\" target=\"_blank\" rel=\"noopener\"><strong><span style=\"color: #ff6600\">Ensino de Ci\u00eancias<\/span><\/strong><\/a><br \/>\n<strong>Temas de interesse:<\/strong><br \/>\n&#8211; Utiliza\u00e7\u00e3o da hist\u00f3ria das ci\u00eancias no ensino de qu\u00edmica\/f\u00edsica\/biologia<br \/>\n&#8211; A utiliza\u00e7\u00e3o da hist\u00f3ria das ci\u00eancias para auxiliar o ensino de qu\u00edmica<br \/>\n&#8211; Hist\u00f3ria da qu\u00edmica de produtos naturais<br \/>\n&#8211; Hist\u00f3ria e filosofia da ci\u00eancia no curr\u00edculo das licenciaturas<\/p>\n<p>_________________________________________________________________________________________________<\/p>\n<h3><span style=\"color: #000000\"><a style=\"color: #000000\" href=\"http:\/\/lattes.cnpq.br\/0394733398229079\" target=\"_blank\" rel=\"noopener\">Juraci Aparecido Sampaio<\/a>\u00a0 &#8211; jsampaio@uenf.br<\/span><\/h3>\n<p><a href=\"https:\/\/uenf.br\/posgraduacao\/ciencias-naturais\/wp-content\/uploads\/sites\/4\/2023\/07\/Juraci-Aparecido-Sampaio.jpg\"><img loading=\"lazy\" decoding=\"async\" class=\"alignleft wp-image-6062 size-thumbnail\" src=\"https:\/\/uenf.br\/posgraduacao\/ciencias-naturais\/wp-content\/uploads\/sites\/4\/2023\/07\/Juraci-Aparecido-Sampaio-150x150.jpg\" alt=\"\" width=\"150\" height=\"150\" srcset=\"https:\/\/uenf.br\/posgraduacao\/ciencias-naturais\/wp-content\/uploads\/sites\/4\/2023\/07\/Juraci-Aparecido-Sampaio-150x150.jpg 150w, https:\/\/uenf.br\/posgraduacao\/ciencias-naturais\/wp-content\/uploads\/sites\/4\/2023\/07\/Juraci-Aparecido-Sampaio-600x600.jpg 600w\" sizes=\"auto, (max-width: 150px) 100vw, 150px\" \/><\/a>Professor Associado &#8211; LCFIS\/CCT\/UENF<br \/>\nCredenciamento CAPES: Permanente (desde 01\/04\/2007)<br \/>\nP\u00f3s-doutorado em Materials &amp; Engineering Physics (2006) -Ames Laboratory (USA)<br \/>\nP\u00f3s-doutorado em F\u00edsica Aplicada (2003) &#8211;\u00a0Universidade Estadual de Campinas, Unicamp<br \/>\nDoutorado em Fisica (2001)<br \/>\nUniversidade de S\u00e3o Paulo &#8211; USP\/SP<br \/>\nLinhas de Pesquisa: <a href=\"https:\/\/uenf.br\/posgraduacao\/ciencias-naturais\/linhas-de-pesquisa\/ciencia-e-tecnologia-de-materiais\/\" target=\"_blank\" rel=\"noopener\"><strong><span style=\"color: #800080\">Ci\u00eancia e Tecnologia de Materiais<\/span><\/strong><\/a> e <a href=\"https:\/\/uenf.br\/posgraduacao\/ciencias-naturais\/linhas-de-pesquisa\/ensino-de-ciencias\/\" target=\"_blank\" rel=\"noopener\"><strong><span style=\"color: #ff6600\">Ensino de Ci\u00eancias<\/span><\/strong><\/a><br \/>\n<strong>Temas de interesse:<\/strong><br \/>\n<span style=\"color: #000000\">&#8211; Desenvolvimento de Novos Materiais para Aplica\u00e7\u00f5es na Fot\u00f4nica e C\u00e9lulas Solares<\/span><br \/>\n&#8211; Prepara\u00e7\u00e3o de Caracteriza\u00e7\u00e3o de Vidros Especiais para Emiss\u00e3o de Luz Branca<br \/>\n<span style=\"color: #000000\">&#8211; Desenvolvimento de Cer\u00e2micas Perovskitas para C\u00e9lulas Solares<\/span><br \/>\n&#8211; Desenvolvimento de Vidros \u00f3pticos Especiais para Aplica\u00e7\u00f5es em Fot\u00f4nica<\/p>\n<\/div>\n<div style=\"color: #000000\">\n<p>_________________________________________________________________________________________________<\/p>\n<h3><a href=\"http:\/\/lattes.cnpq.br\/2479292132683224\">Luis Antonio Rivera Escriba<\/a> &#8211; rivera@uenf.br<\/h3>\n<p><img loading=\"lazy\" decoding=\"async\" class=\"alignleft\" src=\"http:\/\/servicosweb.cnpq.br\/wspessoa\/servletrecuperafoto?tipo=1&amp;id=K4763452U5\" width=\"139\" height=\"182\" \/><\/p>\n<p>Professor Associado &#8211; LCMAT\/CCT\/UENF<br \/>\nCredenciamento CAPES: Colaborador (desde 08\/04\/2025)<br \/>\nDoutorado em Inform\u00e1tica\u00a0 (2000)<br \/>\nPontif\u00edcia Universidade Cat\u00f3lica do Rio de Janeiro<br \/>\nLinhas de Pesquisa: <a href=\"https:\/\/uenf.br\/posgraduacao\/ciencias-naturais\/linhas-de-pesquisa\/ensino-de-ciencias\/\" target=\"_blank\" rel=\"noopener\"><span style=\"color: #ff6600\"><strong>Ensino de Ci\u00eancias<\/strong><\/span><\/a><\/p>\n<p>&nbsp;<\/p>\n<p><strong>Temas de interesse:<\/strong><\/p>\n<p>&#8211; Ci\u00eancia da Computa\u00e7\u00e3o com \u00eanfase em Processamento Gr\u00e1fico (Graphics)<\/p>\n<p>&#8211; Intera\u00e7\u00e3o Humano-Computador<\/p>\n<p>&#8211; Ambientes Virtuais<\/p>\n<p>&#8211; Gestos da M\u00e3o<\/p>\n<p>&#8211; Intelig\u00eancia Artificial<\/p>\n<hr \/>\n<h3>\u00a0<span style=\"color: #000000\"><a style=\"color: #000000\" href=\"http:\/\/lattes.cnpq.br\/2019663762572783\" target=\"_blank\" rel=\"noopener\">Maria Priscila Pessanha de Castro<\/a>\u00a0 &#8211; mariapriscila@uenf.br<\/span><\/h3>\n<p><span style=\"color: #000000\"><a href=\"https:\/\/uenf.br\/posgraduacao\/ciencias-naturais\/wp-content\/uploads\/sites\/4\/2023\/07\/Maria-Priscila-Pessanha-de-Castro.jpg\"><img loading=\"lazy\" decoding=\"async\" class=\"alignleft wp-image-6072 size-thumbnail\" src=\"https:\/\/uenf.br\/posgraduacao\/ciencias-naturais\/wp-content\/uploads\/sites\/4\/2023\/07\/Maria-Priscila-Pessanha-de-Castro-150x150.jpg\" alt=\"\" width=\"150\" height=\"150\" srcset=\"https:\/\/uenf.br\/posgraduacao\/ciencias-naturais\/wp-content\/uploads\/sites\/4\/2023\/07\/Maria-Priscila-Pessanha-de-Castro-150x150.jpg 150w, https:\/\/uenf.br\/posgraduacao\/ciencias-naturais\/wp-content\/uploads\/sites\/4\/2023\/07\/Maria-Priscila-Pessanha-de-Castro-300x300.jpg 300w, https:\/\/uenf.br\/posgraduacao\/ciencias-naturais\/wp-content\/uploads\/sites\/4\/2023\/07\/Maria-Priscila-Pessanha-de-Castro.jpg 320w\" sizes=\"auto, (max-width: 150px) 100vw, 150px\" \/><\/a><\/span>Professora Associada \u2013 LCFIS\/CCT\/UENF<br \/>\nCredenciamento CAPES: Permanente (desde 01\/02\/2004)<br \/>\nP\u00f3s-doutorado: Radboud University Nijmegen, Holanda (2011-2012)<br \/>\nDoutorado em Ci\u00eancias (2001)<br \/>\nUniversidade Estadual de Campinas \u2013 UNICAMP\/SP<br \/>\nLinhas de Pesquisa:\u00a0<a href=\"https:\/\/uenf.br\/posgraduacao\/ciencias-naturais\/linhas-de-pesquisa\/ciencias-ambientais\/\" target=\"_blank\" rel=\"noopener\"><span style=\"color: #008000\"><strong>Ci\u00eancias Ambientais<\/strong><\/span><\/a>\u00a0e\u00a0<a href=\"https:\/\/uenf.br\/posgraduacao\/ciencias-naturais\/linhas-de-pesquisa\/ensino-de-ciencias\/\" target=\"_blank\" rel=\"noopener\"><span style=\"color: #ff6600\"><strong>Ensino de Ci\u00eancias<\/strong><\/span><\/a><br \/>\nTemas de interesse:<br \/>\n\u2013 Fotoac\u00fastica aplicada \u00e0 sistemas biol\u00f3gicos (\u00eanfase\u00a0medi\u00e7\u00e3o de biomarcadores da exala\u00e7\u00e3o humana)<br \/>\n\u2013 Pr\u00e1ticas experimentais em f\u00edsica usando impress\u00e3o 3D e v\u00eddeo an\u00e1lise para temas do ensino m\u00e9dio<span style=\"color: #000000\"><br \/>\n<\/span><\/p>\n<\/div>\n<p>_________________________________________________________________________________________________<\/p>\n<h3><a href=\"http:\/\/lattes.cnpq.br\/3183331606013617\">Maridelma de Sousa Pourbaix<\/a> &#8211;\u00a0 <span class=\"qu\" role=\"gridcell\"><span class=\"go\">pourbaix@uenf.br<\/span><\/span><\/h3>\n<p id=\"materiaPrincipal\"><span style=\"color: #000000\"><img loading=\"lazy\" decoding=\"async\" class=\"alignleft\" src=\"http:\/\/servicosweb.cnpq.br\/wspessoa\/servletrecuperafoto?tipo=1&amp;id=K4705362P6\" alt=\"Foto\" width=\"176\" height=\"140\" \/>Professora Associada- LCMAT\/UENF<\/span><br \/>\n<span style=\"color: #000000\">Credenciamento CAPES: Permanente (desde 19\/03\/2025)<\/span><br \/>\n<span style=\"color: #000000\">Doutorado em Pol\u00edticas Sociais (2021)<\/span><br \/>\n<span style=\"color: #000000\">Universidade Estadual do Norte Fluminense Darcy Ribeiro &#8211; UENF\/RJ\u00a0<\/span><br \/>\n<span style=\"color: #000000\">Linhas de pesquisa: <\/span><a href=\"https:\/\/uenf.br\/posgraduacao\/ciencias-naturais\/linhas-de-pesquisa\/ensino-de-ciencias\/\" target=\"_blank\" rel=\"noopener\"><span style=\"color: #ff6600\"><strong>Ensino de Ci\u00eancias<\/strong><\/span><\/a><\/p>\n<p>&nbsp;<\/p>\n<p><span style=\"color: #000000\"><strong>Temas de interesse: <\/strong><\/span><\/p>\n<p><span style=\"color: #000000\"><strong>&#8211; <\/strong>Modelagem Matem\u00e1tica como Aporte Te\u00f3rico e Metodol\u00f3gico \u00e0s Pesquisas em Diversas \u00c1reas do Conhecimento<\/span><\/p>\n<hr \/>\n<h3><a href=\"http:\/\/lattes.cnpq.br\/9519287414286879\">Rafaella Cruz Ferreira<\/a> &#8211; rafaella@uenf.br<\/h3>\n<p><a href=\"https:\/\/uenf.br\/posgraduacao\/ciencias-naturais\/wp-content\/uploads\/sites\/4\/2025\/09\/Rafaella.png\"><img loading=\"lazy\" decoding=\"async\" class=\"wp-image-8245 alignleft\" src=\"https:\/\/uenf.br\/posgraduacao\/ciencias-naturais\/wp-content\/uploads\/sites\/4\/2025\/09\/Rafaella-248x300.png\" alt=\"\" width=\"122\" height=\"148\" srcset=\"https:\/\/uenf.br\/posgraduacao\/ciencias-naturais\/wp-content\/uploads\/sites\/4\/2025\/09\/Rafaella-248x300.png 248w, https:\/\/uenf.br\/posgraduacao\/ciencias-naturais\/wp-content\/uploads\/sites\/4\/2025\/09\/Rafaella.png 390w\" sizes=\"auto, (max-width: 122px) 100vw, 122px\" \/><\/a><\/p>\n<p><span style=\"color: #000000\">Professora Associada &#8211; LCFIS\/CCT\/UENF<\/span><br \/>\n<span style=\"color: #000000\">Credenciamento CAPES: Colaboradora (desde 08\/04\/2025)<\/span><br \/>\n<span style=\"color: #000000\">Doutorado em Ci\u00eancias Naturais (2023)<\/span><br \/>\n<span style=\"color: #000000\">Universidade Estadual do Norte Fluminense darcy Ribeiro<\/span><br \/>\n<span style=\"color: #000000\">Linhas de Pesquisa: <a href=\"https:\/\/uenf.br\/posgraduacao\/ciencias-naturais\/linhas-de-pesquisa\/ensino-de-ciencias\/\" target=\"_blank\" rel=\"noopener\"><span style=\"color: #ff6600\"><strong>Ensino de Ci\u00eancias<\/strong><\/span><\/a><\/span><\/p>\n<p>&nbsp;<\/p>\n<p><strong><span style=\"color: #000000\">Temas de interesse:<\/span><\/strong><\/p>\n<p style=\"margin: 0cm;margin-bottom: .0001pt\">&#8211; Ensino e Cultura Cient\u00edfica<\/p>\n<p style=\"margin: 0cm;margin-bottom: .0001pt\">&#8211; Ensino de F\u00edsica<\/p>\n<p style=\"margin: 0cm;margin-bottom: .0001pt\">&#8211; Metodologias ativas,<\/p>\n<p style=\"margin: 0cm;margin-bottom: .0001pt\">&#8211; Aprendizagem significativa<\/p>\n<p style=\"margin: 0cm;margin-bottom: .0001pt\">&#8211; interdisciplinaridade<\/p>\n<p style=\"margin: 0cm;margin-bottom: .0001pt\">&#8211; teorias de aprendizagem<\/p>\n<hr \/>\n<h3><\/h3>\n<h3><span style=\"color: #000000\"><a style=\"color: #000000\" href=\"http:\/\/lattes.cnpq.br\/1200771569783721\" target=\"_blank\" rel=\"noopener\">Roberto da Trindade Faria J\u00fanior<\/a>\u00a0 &#8211; rtfaria@uenf.br<\/span><\/h3>\n<p><span style=\"color: #000000\"><a href=\"https:\/\/uenf.br\/posgraduacao\/ciencias-naturais\/wp-content\/uploads\/sites\/4\/2023\/07\/Roberto-da-Trindade-Faria-Junior.jpg\"><img loading=\"lazy\" decoding=\"async\" class=\"alignleft wp-image-6093 size-thumbnail\" src=\"https:\/\/uenf.br\/posgraduacao\/ciencias-naturais\/wp-content\/uploads\/sites\/4\/2023\/07\/Roberto-da-Trindade-Faria-Junior-150x150.jpg\" alt=\"\" width=\"150\" height=\"150\" \/><\/a>Professor Associado &#8211; LCFIS\/CCT\/UENF<\/span><br \/>\n<span style=\"color: #000000\">Credenciamento CAPES: Permanente (desde 02\/06\/2003)<\/span><br \/>\n<span style=\"color: #000000\">P\u00f3s-doutorado:\u00a0Universidade do Minho, Portugal (2009-2010)<\/span><br \/>\n<span style=\"color: #000000\">Doutorado em Ci\u00eancias (1999)<\/span><br \/>\n<span style=\"color: #000000\">Universidade Estadual de Campinas &#8211;\u00a0 UNICAMP\/SP<\/span><br \/>\n<span style=\"color: #000000\"> (Per\u00edodo sanduiche na Ruhr-Universitaet Bochum, Alemanha)<\/span><br \/>\n<span style=\"color: #000000\">Linhas de Pesquisa: <a href=\"https:\/\/uenf.br\/posgraduacao\/ciencias-naturais\/linhas-de-pesquisa\/ciencia-e-tecnologia-de-materiais\/\" target=\"_blank\" rel=\"noopener\"><span style=\"color: #800080\"><strong>Ci\u00eancia e Tecnologia de Materiais<\/strong><\/span><\/a> e <a href=\"https:\/\/uenf.br\/posgraduacao\/ciencias-naturais\/linhas-de-pesquisa\/ensino-de-ciencias\/\" target=\"_blank\" rel=\"noopener\"><span style=\"color: #ff6600\"><strong>Ensino de Ci\u00eancias<\/strong><\/span><\/a><\/span><br \/>\n<strong><span style=\"color: #000000\">Temas de interesse:<\/span><\/strong><br \/>\n<span style=\"color: #000000\">&#8211; Aplica\u00e7\u00e3o de t\u00e9cnicas fotot\u00e9rmicas na caracteriza\u00e7\u00e3o de sistemas solo-planta-atmosfera<\/span><br \/>\n<span style=\"color: #000000\">&#8211; Habilidades em ensino-aprendizagem em ci\u00eancias por meio de atividades do cotidiano<\/span><br \/>\n<span style=\"color: #000000\">&#8211; Caracteriza\u00e7\u00e3o t\u00e9rmica de solos tratados com biochar e fungos micorr\u00edzicos<\/span><br \/>\n<span style=\"color: #000000\">&#8211; Respira\u00e7\u00e3o e an\u00e1lise nutricional de solos tratados com biochar<\/span><br \/>\n_________________________________________________________________________________________________<\/p>\n<h3><span style=\"color: #000000\"><a style=\"color: #000000\" href=\"http:\/\/lattes.cnpq.br\/7938119508337389\" target=\"_blank\" rel=\"noopener\">Simonne Teixeira<\/a> &#8211; simonne@uenf.br<\/span><\/h3>\n<p><span style=\"color: #000000\"><a href=\"https:\/\/uenf.br\/posgraduacao\/ciencias-naturais\/wp-content\/uploads\/sites\/4\/2024\/05\/Simonne.jpg\"><img loading=\"lazy\" decoding=\"async\" class=\"alignleft wp-image-7129 size-thumbnail\" src=\"https:\/\/uenf.br\/posgraduacao\/ciencias-naturais\/wp-content\/uploads\/sites\/4\/2024\/05\/Simonne-150x150.jpg\" alt=\"\" width=\"150\" height=\"150\" srcset=\"https:\/\/uenf.br\/posgraduacao\/ciencias-naturais\/wp-content\/uploads\/sites\/4\/2024\/05\/Simonne-150x150.jpg 150w, https:\/\/uenf.br\/posgraduacao\/ciencias-naturais\/wp-content\/uploads\/sites\/4\/2024\/05\/Simonne-600x600.jpg 600w\" sizes=\"auto, (max-width: 150px) 100vw, 150px\" \/><\/a>Professora Associada &#8211; LEEA\/CCH\/UENF<\/span><br \/>\n<span style=\"color: #000000\">Credenciamento CAPES: Permanente (desde 03\/08\/2012)<\/span><br \/>\n<span style=\"color: #000000\">P\u00f3s-doutorado: Escuela de Estudios Hispano-Americanos\/CSIC &#8211; Espanha (2011-2012)<\/span><br \/>\n<span style=\"color: #000000\">Doutorado em\u00a0Filosof\u00eda e\u00a0Letras (Historia)\u00a0(1995).<\/span><br \/>\n<span style=\"color: #000000\">Universitat Aut\u00f2noma de Barcelona &#8211; Espanha<\/span><br \/>\n<span style=\"color: #000000\">Linhas de Pesquisa: <a href=\"https:\/\/uenf.br\/posgraduacao\/ciencias-naturais\/linhas-de-pesquisa\/ensino-de-ciencias\/\" target=\"_blank\" rel=\"noopener\"><span style=\"color: #ff6600\"><strong>Ensino de Ci\u00eancias<\/strong><\/span><\/a><\/span><br \/>\n<strong><span style=\"color: #000000\">Temas de interesse:<\/span><\/strong><br \/>\n<span style=\"color: #000000\">&#8211; Cultura, Natureza e Ci\u00eancias: estudos interdisciplinares<\/span><br \/>\n<span style=\"color: #000000\">&#8211; Patrimo\u0302nio Cienti\u0301fico e Tecnolo\u0301gico, Mediac\u0327a\u0303o em Museus e Espac\u0327os de Cie\u0302ncia e Ensino em Cie\u0302ncias<\/span><\/p>\n<p><span style=\"color: #000000\">______________________________<\/span>___________________________________________________________________<\/p>\n<h3><span style=\"color: #000000\"><a style=\"color: #000000\" href=\"http:\/\/lattes.cnpq.br\/3304165393558355\">Victor Gomes Lima Ferraz<\/a> &#8211; victor.ferraz@uenf.br<\/span><\/h3>\n<p><span style=\"color: #000000\"><a href=\"https:\/\/uenf.br\/posgraduacao\/ciencias-naturais\/wp-content\/uploads\/sites\/4\/2023\/07\/Victor-Gomes-Lima-Ferraz.jpg\"><img loading=\"lazy\" decoding=\"async\" class=\"alignleft wp-image-6106 size-thumbnail\" src=\"https:\/\/uenf.br\/posgraduacao\/ciencias-naturais\/wp-content\/uploads\/sites\/4\/2023\/07\/Victor-Gomes-Lima-Ferraz-150x150.jpg\" alt=\"\" width=\"150\" height=\"150\" srcset=\"https:\/\/uenf.br\/posgraduacao\/ciencias-naturais\/wp-content\/uploads\/sites\/4\/2023\/07\/Victor-Gomes-Lima-Ferraz-150x150.jpg 150w, https:\/\/uenf.br\/posgraduacao\/ciencias-naturais\/wp-content\/uploads\/sites\/4\/2023\/07\/Victor-Gomes-Lima-Ferraz-600x600.jpg 600w\" sizes=\"auto, (max-width: 150px) 100vw, 150px\" \/><\/a>Professor Associado &#8211; LCQUI\/CCT\/UENF<\/span><br \/>\n<span style=\"color: #000000\">Credenciamento CAPES: Colaborador (desde 25\/04\/2023)<\/span><br \/>\n<span style=\"color: #000000\">Doutorado em\u00a0 Qu\u00edmica (2021)<\/span><br \/>\n<span style=\"color: #000000\">Universidade Federal de Juiz de Fora &#8211; UFJF\/MG<\/span><br \/>\n<span style=\"color: #000000\">Linhas de Pesquisa: <a href=\"https:\/\/uenf.br\/posgraduacao\/ciencias-naturais\/linhas-de-pesquisa\/ensino-de-ciencias\/\" target=\"_blank\" rel=\"noopener\"><span style=\"color: #ff6600\"><strong>Ensino de Ci\u00eancias<\/strong><\/span><\/a><\/span><\/p>\n<p><strong><span style=\"color: #000000\">Temas de interesse:<\/span><\/strong><br \/>\n<span style=\"color: #000000\">&#8211; Forma\u00e7\u00e3o de professores \/ Experimenta\u00e7\u00e3o no Ensino de Ci\u00eancias<\/span><br \/>\n<span style=\"color: #000000\">&#8211; Divulga\u00e7\u00e3o cient\u00edfica e literacia midi\u00e1tica<\/span><\/p>\n<p>_________________________________________________________________________________________________<\/p>\n<\/div>\n","protected":false},"excerpt":{"rendered":"<p>___________________________________________________________________________________________ Esta linha dedica-se ao estudo e desenvolvimento do conhecimento, da pr\u00e1tica e das pol\u00edticas relacionadas ao ensino e aprendizado&#8230;<\/p>\n","protected":false},"author":10,"featured_media":0,"parent":56,"menu_order":14,"comment_status":"closed","ping_status":"closed","template":"","meta":{"footnotes":""},"class_list":["post-151","page","type-page","status-publish","hentry"],"_links":{"self":[{"href":"https:\/\/uenf.br\/posgraduacao\/ciencias-naturais\/wp-json\/wp\/v2\/pages\/151","targetHints":{"allow":["GET"]}}],"collection":[{"href":"https:\/\/uenf.br\/posgraduacao\/ciencias-naturais\/wp-json\/wp\/v2\/pages"}],"about":[{"href":"https:\/\/uenf.br\/posgraduacao\/ciencias-naturais\/wp-json\/wp\/v2\/types\/page"}],"author":[{"embeddable":true,"href":"https:\/\/uenf.br\/posgraduacao\/ciencias-naturais\/wp-json\/wp\/v2\/users\/10"}],"replies":[{"embeddable":true,"href":"https:\/\/uenf.br\/posgraduacao\/ciencias-naturais\/wp-json\/wp\/v2\/comments?post=151"}],"version-history":[{"count":0,"href":"https:\/\/uenf.br\/posgraduacao\/ciencias-naturais\/wp-json\/wp\/v2\/pages\/151\/revisions"}],"up":[{"embeddable":true,"href":"https:\/\/uenf.br\/posgraduacao\/ciencias-naturais\/wp-json\/wp\/v2\/pages\/56"}],"wp:attachment":[{"href":"https:\/\/uenf.br\/posgraduacao\/ciencias-naturais\/wp-json\/wp\/v2\/media?parent=151"}],"curies":[{"name":"wp","href":"https:\/\/api.w.org\/{rel}","templated":true}]}}