{"id":1604,"date":"2017-05-29T16:38:21","date_gmt":"2017-05-29T16:38:21","guid":{"rendered":"http:\/\/uenf.br\/posgraduacao\/ciencias-naturais\/?page_id=1604"},"modified":"2024-11-26T16:32:11","modified_gmt":"2024-11-26T16:32:11","slug":"presentacion","status":"publish","type":"page","link":"https:\/\/uenf.br\/posgraduacao\/ciencias-naturais\/presentacion\/","title":{"rendered":"PRESENTACI\u00d3N"},"content":{"rendered":"<h3><img loading=\"lazy\" decoding=\"async\" class=\"wp-image-1115 alignleft\" src=\"http:\/\/uenf.br\/posgraduacao\/ciencias-naturais\/wp-content\/uploads\/sites\/4\/2014\/07\/logPGCN.jpg\" alt=\"logPGCN\" width=\"309\" height=\"310\" \/><\/h3>\n<h3><span style=\"color: #000000\"><strong>MAESTR\u00cdA Y DOCTORADO (STRICTO SENSU)<\/strong><\/span><\/h3>\n<p><span style=\"color: #000000\"><strong>AREA DE CONCENTRACI\u00d3N: CIENCIAS NATURALES<\/strong><\/span><\/p>\n<p><span style=\"color: #000000\"><strong>LINEAS DE INVESTIGACI\u00d3N:<a style=\"color: #000000\" href=\"https:\/\/sucupira.capes.gov.br\/sucupira\/public\/consultas\/coleta\/programa\/viewPrograma.jsf?popup=true&amp;cd_programa=31033016013P0\" target=\"_blank\" rel=\"noopener\"><img loading=\"lazy\" decoding=\"async\" class=\"wp-image-4701 alignright\" src=\"https:\/\/uenf.br\/posgraduacao\/ciencias-naturais\/wp-content\/uploads\/sites\/4\/2022\/09\/logo-capes.png\" alt=\"\" width=\"167\" height=\"131\" srcset=\"https:\/\/uenf.br\/posgraduacao\/ciencias-naturais\/wp-content\/uploads\/sites\/4\/2022\/09\/logo-capes.png 909w, https:\/\/uenf.br\/posgraduacao\/ciencias-naturais\/wp-content\/uploads\/sites\/4\/2022\/09\/logo-capes-300x235.png 300w, https:\/\/uenf.br\/posgraduacao\/ciencias-naturais\/wp-content\/uploads\/sites\/4\/2022\/09\/logo-capes-768x602.png 768w\" sizes=\"auto, (max-width: 167px) 100vw, 167px\" \/><\/a><\/strong><\/span><\/p>\n<p><span style=\"color: #000000\"><a style=\"color: #000000\" href=\"https:\/\/uenf.br\/posgraduacao\/ciencias-naturais\/lineas-de-investigacion\/bio-organica-y-bio-inorganica\/\" target=\"_blank\" rel=\"noopener\">Bio-org\u00e1nica e Bio-inorg\u00e1nica<\/a><\/span><\/p>\n<p><span style=\"color: #000000\"><a style=\"color: #000000\" href=\"https:\/\/uenf.br\/posgraduacao\/ciencias-naturais\/lineas-de-investigacion\/ciencias-ambientales\/\" target=\"_blank\" rel=\"noopener\">Ciencias Ambientales<\/a><\/span><\/p>\n<p><span style=\"color: #000000\"><a style=\"color: #000000\" href=\"https:\/\/uenf.br\/posgraduacao\/ciencias-naturais\/lineas-de-investigacion\/ciencias-y-tecno\u2026ia-de-materiales\/\" target=\"_blank\" rel=\"noopener\">Ciencia y Tecnolog\u00eda de Materiales<\/a><\/span><\/p>\n<p><span style=\"color: #000000\"><a style=\"color: #000000\" href=\"https:\/\/uenf.br\/posgraduacao\/ciencias-naturais\/lineas-de-investigacion\/ensenanza-de-ciencias\/\" target=\"_blank\" rel=\"noopener\">Ense\u00f1anza de Ciencias<\/a><\/span><\/p>\n<h5><\/h5>\n<h5 style=\"text-align: justify\">El Programa de Postgrado en Ciencias Naturales (PPGCN) es un programa de postgrado interdisciplinario que involucra \u00e1reasprincipalmente de la Qu\u00edmica, F\u00edsica, Biolog\u00eda, Agronom\u00eda, Matem\u00e1ticas y Educaci\u00f3n. Los proyectos y trabajos desarrollados son resultados de una demanda de la ciencia actual, a trav\u00e9s de la interjecci\u00f3n de las diferentes \u00e1reas para solucionar problemas reales de la naturaleza. Los alumnos ingresados tienen\u00a0perfiles variados y se identifican con el programa debido a la formaci\u00f3n interdisciplinaria que les permite actuar con \u00e9xito en el mercado de trabajo, principalmente en otras instituciones de ense\u00f1anza de la regi\u00f3n Norte Fluminense o incluso del pa\u00eds.<\/h5>\n<p><a href=\"http:\/\/ead.uenf.br\/moodle\/course\/index.php?categoryid=43\" target=\"_blank\" rel=\"noopener\"><img loading=\"lazy\" decoding=\"async\" class=\"wp-image-2837 size-medium alignright\" src=\"https:\/\/uenf.br\/posgraduacao\/ciencias-naturais\/wp-content\/uploads\/sites\/4\/2020\/12\/Acesse-nossa-plataforma-virtual-300x93.png\" alt=\"Acesse nossa plataforma virtual\" width=\"300\" height=\"93\" srcset=\"https:\/\/uenf.br\/posgraduacao\/ciencias-naturais\/wp-content\/uploads\/sites\/4\/2020\/12\/Acesse-nossa-plataforma-virtual-300x93.png 300w, https:\/\/uenf.br\/posgraduacao\/ciencias-naturais\/wp-content\/uploads\/sites\/4\/2020\/12\/Acesse-nossa-plataforma-virtual.png 684w\" sizes=\"auto, (max-width: 300px) 100vw, 300px\" \/><\/a><\/p>\n<p><a href=\"https:\/\/uenf.br\/posgraduacao\/ciencias-naturais\/avisos-y-procesos-de-seleccion\/\" target=\"_blank\" rel=\"noopener\"><img loading=\"lazy\" decoding=\"async\" class=\"wp-image-3938 size-full alignleft\" src=\"https:\/\/uenf.br\/posgraduacao\/ciencias-naturais\/wp-content\/uploads\/sites\/4\/2021\/10\/Processos-seletivos-espanho.png\" alt=\"\" width=\"405\" height=\"89\" srcset=\"https:\/\/uenf.br\/posgraduacao\/ciencias-naturais\/wp-content\/uploads\/sites\/4\/2021\/10\/Processos-seletivos-espanho.png 405w, https:\/\/uenf.br\/posgraduacao\/ciencias-naturais\/wp-content\/uploads\/sites\/4\/2021\/10\/Processos-seletivos-espanho-300x66.png 300w\" sizes=\"auto, (max-width: 405px) 100vw, 405px\" \/><\/a><\/p>\n<p>&nbsp;<\/p>\n<p>&nbsp;<\/p>\n<p><a href=\"https:\/\/www.youtube.com\/channel\/UC3VTew5Zpz0qeTYyF9cm9hQ\" target=\"_blank\" rel=\"noopener\"><img loading=\"lazy\" decoding=\"async\" class=\"alignleft wp-image-2844\" src=\"https:\/\/uenf.br\/posgraduacao\/ciencias-naturais\/wp-content\/uploads\/sites\/4\/2020\/12\/Logo-youtube.png\" alt=\"\" width=\"78\" height=\"80\" srcset=\"https:\/\/uenf.br\/posgraduacao\/ciencias-naturais\/wp-content\/uploads\/sites\/4\/2020\/12\/Logo-youtube.png 316w, https:\/\/uenf.br\/posgraduacao\/ciencias-naturais\/wp-content\/uploads\/sites\/4\/2020\/12\/Logo-youtube-293x300.png 293w\" sizes=\"auto, (max-width: 78px) 100vw, 78px\" \/><\/a><a href=\"https:\/\/www.facebook.com\/pgcienciasnaturais\" target=\"_blank\" rel=\"noopener\"><img loading=\"lazy\" decoding=\"async\" class=\"alignleft wp-image-2843\" src=\"https:\/\/uenf.br\/posgraduacao\/ciencias-naturais\/wp-content\/uploads\/sites\/4\/2020\/12\/Logo-facebook.png\" alt=\"\" width=\"80\" height=\"83\" srcset=\"https:\/\/uenf.br\/posgraduacao\/ciencias-naturais\/wp-content\/uploads\/sites\/4\/2020\/12\/Logo-facebook.png 314w, https:\/\/uenf.br\/posgraduacao\/ciencias-naturais\/wp-content\/uploads\/sites\/4\/2020\/12\/Logo-facebook-290x300.png 290w\" sizes=\"auto, (max-width: 80px) 100vw, 80px\" \/><\/a><a href=\"https:\/\/www.instagram.com\/pgcnuenf\/\" target=\"_blank\" rel=\"noopener\"><img loading=\"lazy\" decoding=\"async\" class=\"wp-image-4229 alignleft\" src=\"https:\/\/uenf.br\/posgraduacao\/ciencias-naturais\/wp-content\/uploads\/sites\/4\/2021\/11\/icone-instagram.jpg\" alt=\"\" width=\"87\" height=\"87\" srcset=\"https:\/\/uenf.br\/posgraduacao\/ciencias-naturais\/wp-content\/uploads\/sites\/4\/2021\/11\/icone-instagram.jpg 228w, https:\/\/uenf.br\/posgraduacao\/ciencias-naturais\/wp-content\/uploads\/sites\/4\/2021\/11\/icone-instagram-150x150.jpg 150w\" sizes=\"auto, (max-width: 87px) 100vw, 87px\" \/><\/a><a href=\"https:\/\/twitter.com\/pgcnuenf\" target=\"_blank\" rel=\"noopener\"><img loading=\"lazy\" decoding=\"async\" class=\"wp-image-4234 alignleft\" src=\"https:\/\/uenf.br\/posgraduacao\/ciencias-naturais\/wp-content\/uploads\/sites\/4\/2021\/11\/logo-twitter.png\" alt=\"\" width=\"108\" height=\"98\" \/><\/a> <a href=\"mailto:pgcn@uenf.br\"><img loading=\"lazy\" decoding=\"async\" class=\"alignnone wp-image-6640\" src=\"https:\/\/uenf.br\/posgraduacao\/ciencias-naturais\/wp-content\/uploads\/sites\/4\/2023\/12\/mailto.jpg\" alt=\"\" width=\"87\" height=\"71\" \/><\/a><\/p>\n<p>&nbsp;<\/p>\n<h3><\/h3>\n<p><!--more--><\/p>\n","protected":false},"excerpt":{"rendered":"<p>MAESTR\u00cdA Y DOCTORADO (STRICTO SENSU) AREA DE CONCENTRACI\u00d3N: CIENCIAS NATURALES LINEAS DE INVESTIGACI\u00d3N: Bio-org\u00e1nica e Bio-inorg\u00e1nica Ciencias Ambientales Ciencia y&#8230;<\/p>\n","protected":false},"author":10,"featured_media":0,"parent":0,"menu_order":0,"comment_status":"closed","ping_status":"closed","template":"","meta":{"footnotes":""},"class_list":["post-1604","page","type-page","status-publish","hentry"],"_links":{"self":[{"href":"https:\/\/uenf.br\/posgraduacao\/ciencias-naturais\/wp-json\/wp\/v2\/pages\/1604","targetHints":{"allow":["GET"]}}],"collection":[{"href":"https:\/\/uenf.br\/posgraduacao\/ciencias-naturais\/wp-json\/wp\/v2\/pages"}],"about":[{"href":"https:\/\/uenf.br\/posgraduacao\/ciencias-naturais\/wp-json\/wp\/v2\/types\/page"}],"author":[{"embeddable":true,"href":"https:\/\/uenf.br\/posgraduacao\/ciencias-naturais\/wp-json\/wp\/v2\/users\/10"}],"replies":[{"embeddable":true,"href":"https:\/\/uenf.br\/posgraduacao\/ciencias-naturais\/wp-json\/wp\/v2\/comments?post=1604"}],"version-history":[{"count":0,"href":"https:\/\/uenf.br\/posgraduacao\/ciencias-naturais\/wp-json\/wp\/v2\/pages\/1604\/revisions"}],"wp:attachment":[{"href":"https:\/\/uenf.br\/posgraduacao\/ciencias-naturais\/wp-json\/wp\/v2\/media?parent=1604"}],"curies":[{"name":"wp","href":"https:\/\/api.w.org\/{rel}","templated":true}]}}