{"id":1653,"date":"2017-06-03T15:59:39","date_gmt":"2017-06-03T15:59:39","guid":{"rendered":"http:\/\/uenf.br\/posgraduacao\/ciencias-naturais\/?page_id=1653"},"modified":"2017-06-03T16:06:05","modified_gmt":"2017-06-03T16:06:05","slug":"objetivos-y-perfil","status":"publish","type":"page","link":"https:\/\/uenf.br\/posgraduacao\/ciencias-naturais\/presentacion\/objetivos-y-perfil\/","title":{"rendered":"Objetivos y perfil"},"content":{"rendered":"<p>El objetivo principal del Programa de Ciencias Naturales es estimular investigaciones que est\u00e9n enfocadas en la interfaz entre varias \u00e1reas necesarias para el desarrollo de investigaciones complejas que no pueden ser solucionadas s\u00f3lo con una de las \u00e1reas del conocimiento. En consecuencia, el estudiante debe buscar una formaci\u00f3n interdisciplinaria sin centrarse o especializarse en una sola \u00e1rea, pero tendr\u00e1 que conoscer\u00a0la qu\u00edmica, f\u00edsica, educaci\u00f3n, biolog\u00eda y matem\u00e1ticas para poder entender mejor los problemas propuestos y los desaf\u00edos de las investigaciones desarrolladas por el cuerpo docente Interdisciplinar.<\/p>\n<p><strong>Perfil de la Maestr\u00eda<\/strong><br \/>\nEl estudiante que busca la maestr\u00eda en Ciencias Naturales en la UENF ser\u00e1 iniciado a una formaci\u00f3n b\u00e1sica sobre la investigaci\u00f3n y su importancia entre las diversas \u00e1reas del conocimiento. Con las disciplinas ofrecidas tanto por el programa como por la universidad, el estudiante recibir\u00e1 el contenido te\u00f3rico y pr\u00e1ctico para desarrollar un proyecto interdisciplinario de investigaci\u00f3n. As\u00ed el estudiante deber\u00e1 conocer\u00a0m\u00e1s de un \u00e1rea para responder a las preguntas propuestas en una investigaci\u00f3n interdisciplinaria. Al obtener el t\u00edtulo de maestro, \u00e9l ser\u00e1 apto para desempe\u00f1ar actividades compatibles con una formaci\u00f3n m\u00e1s amplia que le dar\u00e1 mayor autonom\u00eda y visi\u00f3n para actuar en diferentes \u00e1reas de las ciencias naturales. Su formaci\u00f3n tambi\u00e9n ha permitido seguir la carrera acad\u00e9mica, haciendo doctorado no s\u00f3lo en el propio programa, sino tambi\u00e9n en otras grandes instituciones brasile\u00f1as, con excelente aprovechamiento.<\/p>\n<p><strong>Perfil del Doctorado<\/strong><br \/>\nEl doctorado que ingresa en el programa de Ciencias Naturales deber\u00e1 durante los cuatro a\u00f1os, perfeccionar sus conocimientos cient\u00edficos en las diversas \u00e1reas de interfaz del programa de Ciencias Naturales. A partir del problema propuesto para su tesis, el doctorando deber\u00e1 convertirse en un investigador con independencia cient\u00edfica para explorar los conocimientos y encontrar respuestas relevantes tanto para la ciencia y para la sociedad.<br \/>\nActualmente, el 83% de los egresados del programa est\u00e1n actuando en el \u00e1rea de ense\u00f1anza e investigaci\u00f3n, principalmente en los cursos de Licenciatura en Ciencias del Instituto Federal Fluminense y tambi\u00e9n en cursos del Instituto Federal de Esp\u00edrito Santo, adem\u00e1s de universidades particulares de la regi\u00f3n Norte Fluminense. Los egresados del \u00e1rea de ense\u00f1anza de ciencias act\u00faan tanto en el \u00e1rea pedag\u00f3gica como en el \u00e1rea de ciencias naturales.<\/p>\n<p>&nbsp;<\/p>\n","protected":false},"excerpt":{"rendered":"<p>El objetivo principal del Programa de Ciencias Naturales es estimular investigaciones que est\u00e9n enfocadas en la interfaz entre varias \u00e1reas&#8230;<\/p>\n","protected":false},"author":10,"featured_media":0,"parent":1604,"menu_order":2,"comment_status":"closed","ping_status":"closed","template":"","meta":{"footnotes":""},"class_list":["post-1653","page","type-page","status-publish","hentry"],"_links":{"self":[{"href":"https:\/\/uenf.br\/posgraduacao\/ciencias-naturais\/wp-json\/wp\/v2\/pages\/1653","targetHints":{"allow":["GET"]}}],"collection":[{"href":"https:\/\/uenf.br\/posgraduacao\/ciencias-naturais\/wp-json\/wp\/v2\/pages"}],"about":[{"href":"https:\/\/uenf.br\/posgraduacao\/ciencias-naturais\/wp-json\/wp\/v2\/types\/page"}],"author":[{"embeddable":true,"href":"https:\/\/uenf.br\/posgraduacao\/ciencias-naturais\/wp-json\/wp\/v2\/users\/10"}],"replies":[{"embeddable":true,"href":"https:\/\/uenf.br\/posgraduacao\/ciencias-naturais\/wp-json\/wp\/v2\/comments?post=1653"}],"version-history":[{"count":0,"href":"https:\/\/uenf.br\/posgraduacao\/ciencias-naturais\/wp-json\/wp\/v2\/pages\/1653\/revisions"}],"up":[{"embeddable":true,"href":"https:\/\/uenf.br\/posgraduacao\/ciencias-naturais\/wp-json\/wp\/v2\/pages\/1604"}],"wp:attachment":[{"href":"https:\/\/uenf.br\/posgraduacao\/ciencias-naturais\/wp-json\/wp\/v2\/media?parent=1653"}],"curies":[{"name":"wp","href":"https:\/\/api.w.org\/{rel}","templated":true}]}}