{"id":1668,"date":"2017-06-04T14:03:26","date_gmt":"2017-06-04T14:03:26","guid":{"rendered":"http:\/\/uenf.br\/posgraduacao\/ciencias-naturais\/?page_id=1668"},"modified":"2022-09-03T19:28:14","modified_gmt":"2022-09-03T19:28:14","slug":"lineas-de-investigacion","status":"publish","type":"page","link":"https:\/\/uenf.br\/posgraduacao\/ciencias-naturais\/lineas-de-investigacion\/","title":{"rendered":"LINEAS DE INVESTIGACI\u00d3N"},"content":{"rendered":"<p>Bio-org\u00e1nica y bio-inorg\u00e1nica<br \/>\nCiencias Ambientales<br \/>\nEnse\u00f1anza de las Ciencias<br \/>\nCiencia y Tecnolog\u00eda de Materiales<\/p>\n<p>&nbsp;<\/p>\n","protected":false},"excerpt":{"rendered":"<p>Bio-org\u00e1nica y bio-inorg\u00e1nica Ciencias Ambientales Ense\u00f1anza de las Ciencias Ciencia y Tecnolog\u00eda de Materiales &nbsp;<\/p>\n","protected":false},"author":10,"featured_media":0,"parent":0,"menu_order":10,"comment_status":"closed","ping_status":"closed","template":"","meta":{"footnotes":""},"class_list":["post-1668","page","type-page","status-publish","hentry"],"_links":{"self":[{"href":"https:\/\/uenf.br\/posgraduacao\/ciencias-naturais\/wp-json\/wp\/v2\/pages\/1668","targetHints":{"allow":["GET"]}}],"collection":[{"href":"https:\/\/uenf.br\/posgraduacao\/ciencias-naturais\/wp-json\/wp\/v2\/pages"}],"about":[{"href":"https:\/\/uenf.br\/posgraduacao\/ciencias-naturais\/wp-json\/wp\/v2\/types\/page"}],"author":[{"embeddable":true,"href":"https:\/\/uenf.br\/posgraduacao\/ciencias-naturais\/wp-json\/wp\/v2\/users\/10"}],"replies":[{"embeddable":true,"href":"https:\/\/uenf.br\/posgraduacao\/ciencias-naturais\/wp-json\/wp\/v2\/comments?post=1668"}],"version-history":[{"count":0,"href":"https:\/\/uenf.br\/posgraduacao\/ciencias-naturais\/wp-json\/wp\/v2\/pages\/1668\/revisions"}],"wp:attachment":[{"href":"https:\/\/uenf.br\/posgraduacao\/ciencias-naturais\/wp-json\/wp\/v2\/media?parent=1668"}],"curies":[{"name":"wp","href":"https:\/\/api.w.org\/{rel}","templated":true}]}}