{"id":1783,"date":"2017-07-01T14:40:34","date_gmt":"2017-07-01T14:40:34","guid":{"rendered":"http:\/\/uenf.br\/posgraduacao\/ciencias-naturais\/?page_id=1783"},"modified":"2022-09-03T19:29:34","modified_gmt":"2022-09-03T19:29:34","slug":"ensenanza-de-ciencias","status":"publish","type":"page","link":"https:\/\/uenf.br\/posgraduacao\/ciencias-naturais\/lineas-de-investigacion\/ensenanza-de-ciencias\/","title":{"rendered":"Ense\u00f1anza de ciencias"},"content":{"rendered":"<p>Esta l\u00ednea se dedica al estudio y desarrollo del conocimiento, de la pr\u00e1ctica y de las pol\u00edticas relacionadas con la ense\u00f1anza y el aprendizaje en ciencias. Busca el desarrollo del conocimiento cient\u00edfico a trav\u00e9s de la exploraci\u00f3n de ambientes cient\u00edfico-culturales, de nuevas tecnolog\u00edas y del estudio de aspectos filos\u00f3ficos e hist\u00f3ricos que puedan favorecer la ense\u00f1anza-aprendizaje de ciencias. Estudio de la formaci\u00f3n inicial y continuada del profesor de ciencias teniendo en cuenta los cambios en las concepciones de ciencia y ense\u00f1anza.<\/p>\n<p><a href=\"http:\/\/uenf.br\/posgraduacao\/ciencias-naturais\/wp-content\/uploads\/sites\/4\/2017\/07\/DSC00424.jpg\"><img loading=\"lazy\" decoding=\"async\" class=\"wp-image-1787 alignright\" src=\"http:\/\/uenf.br\/posgraduacao\/ciencias-naturais\/wp-content\/uploads\/sites\/4\/2017\/07\/DSC00424.jpg\" alt=\"\" width=\"325\" height=\"244\" \/><\/a><\/p>\n<p><strong>ORIENTADORES DE LA LINEA DE INVESTIGACION ENSE\u00d1ANZA DE CIENCIAS<br \/>\n<\/strong><\/p>\n<div id=\"materiaPrincipal\">\n<p>__________________________________________________________________<\/p>\n<\/div>\n<div>\n<div>\n<h3><a href=\"http:\/\/lattes.cnpq.br\/5000910174037991\" target=\"_blank\" rel=\"noopener\">Aline Chaves Intorne<\/a> &#8211; aline.intorne@ifrj.edu.br<\/h3>\n<p id=\"materiaPrincipal\">Professora &#8211; IFRJ\/Volta Redonda<br \/>\nCredenciamento CAPES: Colaborador<br \/>\nLinhas de pesquisa: Ciencias Ambientales\/Ense\u00f1anza de las Ciencias<br \/>\nDoutorado em Bioc\u00eancias e Biotecnologia (2012)<br \/>\nUniversidade Estadual do Norte Fluminense Darcy Ribeiro &#8211; UENF\/RJ<br \/>\n_________________________________________________________________<\/p>\n<\/div>\n<\/div>\n<h3><a href=\"http:\/\/buscatextual.cnpq.br\/buscatextual\/visualizacv.do?id=K4772932A5\" target=\"_blank\" rel=\"noopener\">Carlos Eduardo Batista de Sousa<\/a> &#8211; cdesousa@uenf.br<\/h3>\n<p>Professor Associado &#8211; LCFIS\/CCT\/UENF<br \/>\nCredenciamento CAPES: Permanente<br \/>\nLinhas de Pesquisa: Ense\u00f1anza de las Ciencias<br \/>\nDoutorado em Filosofia (2009)<br \/>\nUniversity of Konstanz &#8211; Alemanha<br \/>\nP\u00e1gina eletr\u00f4nica: <a href=\"https:\/\/sites.google.com\/site\/carlosebdesousa\/\" target=\"_blank\" rel=\"noopener\">https:\/\/sites.google.com\/site\/carlosebdesousa<\/a><!-- Analytics - Fim --><br \/>\n_________________________________________________________________<\/p>\n<div>\n<h3><a href=\"http:\/\/lattes.cnpq.br\/2882524776546697\" target=\"_blank\" rel=\"noopener\">Fernando Jos\u00e9 Luna de Oliveira<\/a> &#8211;\u00a0 fernando@uenf.br<\/h3>\n<p>Professor Associado &#8211; LCQUI\/CCT\/UENF<br \/>\nCredenciamento CAPES: Permanente<br \/>\nLinhas de Pesquisa: Ense\u00f1anza de las Ciencias<br \/>\nP\u00f3s-Doutorado: Funda\u00e7\u00e3o Oswaldo Cruz (2010-2011)<br \/>\nDoutorado em Ci\u00eancias\u00a0\u00a0(1998)<br \/>\nUniversidade Estadual de Campinas &#8211; UNICAMP\/SP<br \/>\n_________________________________________________________________<\/p>\n<h3><a href=\"http:\/\/lattes.cnpq.br\/5033930756866717\" target=\"_blank\" rel=\"noopener\">Jan Schripsema<\/a> &#8211; LCQUI &#8211; CCT &#8211; jan@uenf.br<\/h3>\n<p>Professor Titular &#8211; LCQUI\/CCT\/UENF<br \/>\nCredenciamento CAPES: Permanente<br \/>\nLinhas de Pesquisa: Bio-org\u00e1nica y bio-inorg\u00e1nica\/Ciencias Ambientales\/Ense\u00f1anza de las Ciencias<br \/>\nP\u00f3s-doutorado: Technical University of Denmark, DTU, Dinamarca. (1994-1996)<br \/>\nP\u00f3s-doutorado: Rijksuniversiteit Leiden, RUL, Holanda (1988-1994)<br \/>\nDoutorado em Ci\u00eancias Naturais e Matem\u00e1tica (1988)<br \/>\nRijksuniversiteit Leiden, RUL, Holanda<br \/>\n_________________________________________________________________<\/p>\n<h3><a href=\"http:\/\/lattes.cnpq.br\/0394733398229079\" target=\"_blank\" rel=\"noopener\">Juraci Aparecido Sampaio<\/a>\u00a0 &#8211; jsampaio@uenf.br<\/h3>\n<p>Professor Associado &#8211; LCFIS\/CCT\/UENF<br \/>\nCredenciamento CAPES: Colaborador<br \/>\nLinhas de Pesquisa: Ciencia y Tecnolog\u00eda de Materiales\/Ense\u00f1anza de las Ciencias<br \/>\nP\u00f3s-doutorado em Materials &amp; Engineering Physics (2006) -Ames Laboratory (USA)<br \/>\nP\u00f3s-doutorado em F\u00edsica Aplicada (2003) &#8211;\u00a0Universidade Estadual de Campinas, Unicamp<br \/>\nDoutorado em Fisica (2001)<br \/>\nUniversidade de S\u00e3o Paulo &#8211; USP\/SP<br \/>\n_________________________________________________________________<\/p>\n<\/div>\n<div>\n<h3><a href=\"http:\/\/lattes.cnpq.br\/0089739298242263\" target=\"_blank\" rel=\"noopener\">Maria Cristina Canela<\/a>\u00a0 &#8211; mccanela@uenf.br<\/h3>\n<p>Professora Titular &#8211; LCQUI\/CCT\/UENF<br \/>\nCredenciamento CAPES: Permanente<br \/>\nLinhas de Pesquisa: Ciencias Ambientales\/Ciencia y Tecnolog\u00eda de Materiales\/Ense\u00f1anza de las Ciencias<br \/>\nDoutorado em Ci\u00eancias (1999)<br \/>\nUniversidade Estadual de Campinas &#8211; UNICAMP\/SP<br \/>\n_________________________________________________________________<\/p>\n<h3><a href=\"http:\/\/lattes.cnpq.br\/2019663762572783\" target=\"_blank\" rel=\"noopener\">Maria Priscila Pessanha de Castro<\/a>\u00a0 &#8211; mariapriscila@uenf.br<\/h3>\n<p>Professora Associada &#8211; LCFIS\/CCT\/UENF<br \/>\nCredenciamento CAPES: Permanente<br \/>\nLinhas de Pesquisa: Ciencias Ambientales\/Ense\u00f1anza de las Ciencias<br \/>\nP\u00f3s-doutorado: Radboud University Nijmegen, Holanda (2011-2012)<br \/>\nDoutorado em Ci\u00eancias (2001)<br \/>\nUniversidade Estadual de Campinas &#8211; UNICAMP\/SP<br \/>\n_________________________________________________________________<\/p>\n<\/div>\n<h3><a href=\"http:\/\/buscatextual.cnpq.br\/buscatextual\/visualizacv.do?id=K4746362H6\" target=\"_blank\" rel=\"noopener\">Nilson Sergio Peres Stahl<\/a>\u00a0 &#8211; nilson8080@gmail.com<\/h3>\n<p>Professor Associado &#8211; LCMAT\/CCT\/UENF<br \/>\nCredenciamento CAPES: Permanente<br \/>\nLinhas de Pesquisa: Ense\u00f1anza de las Ciencias<br \/>\nP\u00f3s-doutorado: William Paterson University of New Jersey<br \/>\nDoutorado em Educa\u00e7\u00e3o (2003)<br \/>\nUniversidade Estadual de Campinas &#8211; UNICAMP\/SP<br \/>\n_________________________________________________________________<\/p>\n<h3><a href=\"http:\/\/lattes.cnpq.br\/1200771569783721\" target=\"_blank\" rel=\"noopener\">Roberto da Trindade Faria J\u00fanior<\/a>\u00a0 &#8211; rtfaria@uenf.br<\/h3>\n<p>Professor Associado &#8211; LCFIS\/CCT\/UENF<br \/>\nCredenciamento CAPES: Permanente<br \/>\nLinhas de Pesquisa: Ciencia y Tecnolog\u00eda de Materiales\/Ense\u00f1anza de las Ciencias<br \/>\nP\u00f3s-doutorado:\u00a0Universidade do Minho, Portugal (2009-2010)<br \/>\nDoutorado em Ci\u00eancias (1999)<br \/>\nUniversidade Estadual de Campinas &#8211;\u00a0 UNICAMP\/SP<br \/>\n(Sanduiche Ruhr-Universitaet Bochum, Alemanha)<br \/>\n_________________________________________________________________<\/p>\n<div>\n<h3><a href=\"http:\/\/lattes.cnpq.br\/5193228545481595\" target=\"_blank\" rel=\"noopener\">Rosana Aparecida Giacomini<\/a>\u00a0 &#8211; rosanagiacomini@gmail.com<\/h3>\n<p>Professora Associada &#8211; LCQUI\/CCT\/UENF<br \/>\nCredenciamento CAPES: Permanente<br \/>\nLinhas de Pesquisa: Ense\u00f1anza de las Ciencias<br \/>\nDoutorado em Ci\u00eancias (2002)<br \/>\nUniversidade Estadual de Campinas &#8211; UNICAMP\/SP<br \/>\n_________________________________________________________________<\/p>\n<\/div>\n<h3><a href=\"http:\/\/buscatextual.cnpq.br\/buscatextual\/visualizacv.do?metodo=apresentar&amp;id=K4784533J8\" target=\"_blank\" rel=\"noopener\">Sergio Luis Cardoso<\/a> &#8211; cardoso@uenf.br<\/h3>\n<p>Professor Associado &#8211; LCQUI\/CCT\/UENF<br \/>\nCredenciamento CAPES: Permanente<br \/>\nLinhas de Pesquisa: Ciencias Ambientales\/Ciencia y Tecnolog\u00eda de Materiales\/Ense\u00f1anza de las Ciencias<br \/>\nDoutorado em Qu\u00edmica (1995)<br \/>\nUniversidade Federal do Rio de Janeiro &#8211;\u00a0 UFRJ\/RJ<br \/>\n(Sanduiche Arizona State University &#8211; EUA)<br \/>\n_________________________________________________________________<\/p>\n<h3><a href=\"http:\/\/lattes.cnpq.br\/7938119508337389\" target=\"_blank\" rel=\"noopener\">Simonne Teixeira<\/a> &#8211; simonne@uenf.br<\/h3>\n<p>Professora Associada &#8211; LEEA\/CCH\/UENF<br \/>\nCredenciamento CAPES: Permanente<br \/>\nLinhas de Pesquisa: EEnse\u00f1anza de las Ciencias<br \/>\nP\u00f3s-doutorado: Escuela de Estudios Hispano-Americanos\/CSIC &#8211; Espanha (2011-2012)<br \/>\nDoutorado em\u00a0Filosof\u00eda e\u00a0Letras (Historia)\u00a0(1995).<br \/>\nUniversitat Aut\u00f2noma de Barcelona &#8211; Espanha<br \/>\n_________________________________________________________________<\/p>\n","protected":false},"excerpt":{"rendered":"<p>Esta l\u00ednea se dedica al estudio y desarrollo del conocimiento, de la pr\u00e1ctica y de las pol\u00edticas relacionadas con la&#8230;<\/p>\n","protected":false},"author":10,"featured_media":0,"parent":1668,"menu_order":14,"comment_status":"closed","ping_status":"closed","template":"","meta":{"footnotes":""},"class_list":["post-1783","page","type-page","status-publish","hentry"],"_links":{"self":[{"href":"https:\/\/uenf.br\/posgraduacao\/ciencias-naturais\/wp-json\/wp\/v2\/pages\/1783","targetHints":{"allow":["GET"]}}],"collection":[{"href":"https:\/\/uenf.br\/posgraduacao\/ciencias-naturais\/wp-json\/wp\/v2\/pages"}],"about":[{"href":"https:\/\/uenf.br\/posgraduacao\/ciencias-naturais\/wp-json\/wp\/v2\/types\/page"}],"author":[{"embeddable":true,"href":"https:\/\/uenf.br\/posgraduacao\/ciencias-naturais\/wp-json\/wp\/v2\/users\/10"}],"replies":[{"embeddable":true,"href":"https:\/\/uenf.br\/posgraduacao\/ciencias-naturais\/wp-json\/wp\/v2\/comments?post=1783"}],"version-history":[{"count":0,"href":"https:\/\/uenf.br\/posgraduacao\/ciencias-naturais\/wp-json\/wp\/v2\/pages\/1783\/revisions"}],"up":[{"embeddable":true,"href":"https:\/\/uenf.br\/posgraduacao\/ciencias-naturais\/wp-json\/wp\/v2\/pages\/1668"}],"wp:attachment":[{"href":"https:\/\/uenf.br\/posgraduacao\/ciencias-naturais\/wp-json\/wp\/v2\/media?parent=1783"}],"curies":[{"name":"wp","href":"https:\/\/api.w.org\/{rel}","templated":true}]}}