{"id":1793,"date":"2017-07-01T14:59:23","date_gmt":"2017-07-01T14:59:23","guid":{"rendered":"http:\/\/uenf.br\/posgraduacao\/ciencias-naturais\/?page_id=1793"},"modified":"2022-09-03T19:27:11","modified_gmt":"2022-09-03T19:27:11","slug":"science-and-technology-of-materials","status":"publish","type":"page","link":"https:\/\/uenf.br\/posgraduacao\/ciencias-naturais\/research-area\/science-and-technology-of-materials\/","title":{"rendered":"Materials Science and Technology"},"content":{"rendered":"<p><a href=\"http:\/\/uenf.br\/posgraduacao\/ciencias-naturais\/wp-content\/uploads\/sites\/4\/2017\/06\/DSC_0078.jpg\"><img loading=\"lazy\" decoding=\"async\" class=\"wp-image-1669 alignright\" src=\"http:\/\/uenf.br\/posgraduacao\/ciencias-naturais\/wp-content\/uploads\/sites\/4\/2017\/06\/DSC_0078.jpg\" alt=\"\" width=\"394\" height=\"222\" \/><\/a><\/p>\n<p>This research\u00a0involves the synthesis and\/or characterization of diverse materials for sustainable technological applications, quality control and composition. The main topics investigated are:<\/p>\n<p>1) food (pasty, oleaginous and fruits);<br \/>\n2) catalysts (for petroleum refining, biometrics and remediation);<br \/>\n3) ceramics (archaeological and civil construction);<br \/>\n4) fertilizers (urea-zeolite compounds, biocarbons and compost products);<br \/>\n5) thin films;<br \/>\n6) magnetic materials (ceramics, thin films, nanoparticles, magnetocalorics and metal alloys);<br \/>\n7) materials for photonics (special optical glasses, luminescent matches and nanoparticulate);<br \/>\n8) oil reservoir rocks.<\/p>\n<p>9) Metabolomics<\/p>\n<p>The laboratories have a diversified infrastructure for research, with several techniques of synthesis and characterization of the investigated materials, as listed below.<a href=\"http:\/\/uenf.br\/posgraduacao\/ciencias-naturais\/wp-content\/uploads\/sites\/4\/2014\/07\/Graphic-abstract.jpg\"><img loading=\"lazy\" decoding=\"async\" class=\"wp-image-474 alignright\" src=\"http:\/\/uenf.br\/posgraduacao\/ciencias-naturais\/wp-content\/uploads\/sites\/4\/2014\/07\/Graphic-abstract.jpg\" alt=\"\" width=\"465\" height=\"186\" \/><\/a><\/p>\n<p>1. Thermal analysis (DTA \/ DSC \/ TG);<br \/>\n2. X-ray diffraction and X-ray absorption;<br \/>\n3. Spectrophotometry (ultraviolet, visible and infrared);<a href=\"http:\/\/uenf.br\/posgraduacao\/ciencias-naturais\/wp-content\/uploads\/sites\/4\/2017\/07\/20150828_142900.jpg\"><img loading=\"lazy\" decoding=\"async\" class=\"wp-image-1797 alignright\" src=\"http:\/\/uenf.br\/posgraduacao\/ciencias-naturais\/wp-content\/uploads\/sites\/4\/2017\/07\/20150828_142900.jpg\" alt=\"\" width=\"295\" height=\"221\" \/><\/a><br \/>\n4. Luminescence spectroscopy;<br \/>\n5. Photothermal (photoacoustic, thermal lens and photopiroelectric);<br \/>\n6. Electronic Paramagnetic\u00a0Resonance (EPR);<br \/>\n7. Nuclear Magnetic Resonance (NMR);<br \/>\n8. Synthesis by melting (high temperature and \/ or controlled atmosphere furnaces);<br \/>\n9. Synthesis by solid state reaction, sol-gel and combustion.<\/p>\n<h3 style=\"text-align: justify\">ADVISORS IN MATERIAL SCIENCE AND TECHNOLOGY RESEARCH LINE<\/h3>\n<div id=\"materiaPrincipal\">\n<p>__________________________________________________________________<\/p>\n<h3><a href=\"http:\/\/lattes.cnpq.br\/5657929114457821\" target=\"_blank\" rel=\"noopener\">Alexandre Moura Stumbo<\/a> &#8211; stumbo@uenf.br<\/h3>\n<\/div>\n<p>Associate Professor &#8211; LCQUI\/CCT\/UENF<br \/>\nAccreditation CAPES: Collaborator<br \/>\nLines of Research: Environmental Science\/Materials Science and Technology<br \/>\nDoctorate in Applied Natural Sciences (1996)<br \/>\nUniversit\u00e9 Catholique de Louvain, U.C.L., Belgium<\/p>\n<div>\n<p>_________________________________________________________________<\/p>\n<h3><a href=\"http:\/\/lattes.cnpq.br\/7079791448194916\" target=\"_blank\" rel=\"noopener\">Andr\u00e9 Oliveira Guimar\u00e3es<\/a> &#8211; aguimaraes@uenf.br<\/h3>\n<\/div>\n<div>\n<div id=\"materiaPrincipal\">Associate Professor &#8211; LCFIS\/CCT\/UENF<\/div>\n<div>Accreditation CAPES: Permanent<\/div>\n<div>Lines of Research: Materials Science and Technology<\/div>\n<\/div>\n<div>Postdoctorate: Katholieke Universiteit Leuven &#8211; Belgium (2013)<\/div>\n<div>Doctorate in Science (Physics) (2008)<\/div>\n<div>Universidade Estadual de Campinas, UNICAMP\/SP<\/div>\n<div><\/div>\n<div>\n<p>_________________________________________________________________<\/p>\n<h3><a href=\"http:\/\/lattes.cnpq.br\/9683055091801104\" target=\"_blank\" rel=\"noopener\">Edson Corr\u00eaa da Silva<\/a> &#8211; ecorrea329@gmail.com<\/h3>\n<p>Full Professor- LCFIS\/CCT\/UENF<br \/>\nAccreditation CAPES: Collaborator<br \/>\nLines of Research: Materials Science and Technology<br \/>\nPostdoctorate: Ruhr Universitaet Bochum, RUB, Germany (1992)<br \/>\nDoctorate in Science (Physics) (1979)<br \/>\nUniversidade Estadual de Campinas, UNICAMP\/SP<br \/>\n_________________________________________________________________<\/p>\n<h3><a href=\"http:\/\/lattes.cnpq.br\/1898007894731106\" target=\"_blank\" rel=\"noopener\">Helion Vargas<\/a>\u00a0 &#8211; vargas@uenf.br<\/h3>\n<p>Full Professor &#8211; LCFIS\/CCT\/UENF<br \/>\nAccreditation CAPES: Collaborator<br \/>\nLines of Research: Materials Science and Technology<br \/>\nDoctorate in Physics (1973)<br \/>\nUniversite de Grenoble I (Scientifique Et Medicale &#8211; Joseph Fourier), France<br \/>\n_________________________________________________________________<\/p>\n<h3><a href=\"http:\/\/lattes.cnpq.br\/0394733398229079\" target=\"_blank\" rel=\"noopener\">Juraci Aparecido Sampaio<\/a>\u00a0 &#8211; jsampaio@uenf.br<\/h3>\n<p>Associate Professor &#8211; LCFIS\/CCT\/UENF<br \/>\nAccreditation CAPES: Collaborator<br \/>\nLines of Research: Materials Science and Technology\/Science Education<br \/>\nPostdoctorate in Materials &amp; Engineering Physics (2006) -Ames Laboratory (USA)<br \/>\nPOsdoctorate in Applied Physics (2003) &#8211; Universidade Estadual de Campinas, Unicamp<br \/>\nDoctorate in Physics (2001)<br \/>\nUniversidade de S\u00e3o Paulo &#8211; USP\/SP<br \/>\n_________________________________________________________________<\/p>\n<\/div>\n<div>\n<h3><a href=\"http:\/\/buscatextual.cnpq.br\/buscatextual\/visualizacv.do?id=K4131145H6\" target=\"_blank\" rel=\"noopener\">Leonardo Mota de Oliveira<\/a> &#8211; mota@uenf.br<\/h3>\n<p>Associate Professor &#8211; LCFIS\/CCT\/UENF<br \/>\nAccreditation CAPES: Collaborator<br \/>\nLines of Research: Environmental Science\/Materials Science and Technology<br \/>\nDoctorate in Natural Sciences\u00a0 (2012)<br \/>\nUniversidade Estadual do Norte Fluminense Darcy Ribeiro, UENF\/RJ<br \/>\n(Sandwich period at Fraunhofer Institut f\u00fcr Bauphysik, Stuttgart, Germany)<br \/>\nPersonal Website: <a href=\"https:\/\/mota351.wixsite.com\/my-site\" target=\"_blank\" rel=\"noopener\">https:\/\/mota351.wixsite.com\/my-site<\/a><\/p>\n<p>_________________________________________________________________<\/p>\n<h3><a href=\"http:\/\/lattes.cnpq.br\/0126292394899026\" target=\"_blank\" rel=\"noopener\">Luis Guilherme Mansor Basso<\/a> &#8211; luisbasso@uenf.br<\/h3>\n<p>Associate Professor &#8211; LCFIS\/CCT\/UENF<br \/>\nAccreditation CAPES: Collaborator<br \/>\nLines of Research: Bioorganic and Bioinorganic\/Materials Science and Technology<br \/>\nPostdoctorate: University of California San Diego &#8211; USA (2017-2019)<br \/>\nDoctorate in Physics (2014)<br \/>\nUniversidade de S\u00e3o Paulo, USP\/SP<br \/>\n(Sandwish period at University of Chicago &#8211; USA)<br \/>\nPersonal webpage: <a href=\"https:\/\/sites.google.com\/uenf.br\/luisbasso\/\" target=\"_blank\" rel=\"noopener\">https:\/\/sites.google.com\/uenf.br\/luisbasso<\/a><br \/>\n_________________________________________________________________<\/p>\n<\/div>\n<h3><a href=\"http:\/\/lattes.cnpq.br\/0553046070876845\" target=\"_blank\" rel=\"noopener\">Marcelo Gomes da Silva<\/a>\u00a0 &#8211;\u00a0 \u00a0mgs@uenf.br<\/h3>\n<p>Full Professor &#8211; LCFIS\/CCT\/UENF<br \/>\nAccreditation CAPES: Permanent<br \/>\nLines of Research: Environmental Science\/Materials Science and Technology<br \/>\nPostdoctorate: Universitaet Heidelberg (Ruprecht-Karls), Germany (2004)<br \/>\nDoctorate in Physiscs (1996)<br \/>\nUniversitaet Wuerzburg, Germany<br \/>\n_________________________________________________________________<\/p>\n<h3>\u00a0<a href=\"http:\/\/lattes.cnpq.br\/9501907577020110\" target=\"_blank\" rel=\"noopener\">Marcelo Silva Sthel<\/a> &#8211; sthel@uenf.br<\/h3>\n<div>\n<p>Associate Professor &#8211; LCFIS\/CCT\/UENF<br \/>\nAccreditation CAPES: Permanent<br \/>\nLines of Research: Environmental Science\/Materials Science and Technology<br \/>\nDoctorate in Science (Physics) (1991)<br \/>\nUniversidade Estadual de Campinas, UNICAMP\/SP<br \/>\n_________________________________________________________________<\/p>\n<h3><a href=\"http:\/\/lattes.cnpq.br\/0089739298242263\" target=\"_blank\" rel=\"noopener\">Maria Cristina Canela<\/a>\u00a0 &#8211; mccanela@uenf.br<\/h3>\n<p>Full Professor &#8211; LCQUI\/CCT\/UENF<br \/>\nAccreditation CAPES: Permanent<br \/>\nLines of Research: Environmental Science\/Materials Science and Technology\/Science Education<br \/>\nDoctorate in Science (Chemistry) (1999)<br \/>\nUniversidade Estadual de Campinas, UNICAMP\/SP<br \/>\n_________________________________________________________________<\/p>\n<h3><a href=\"\/\/lattes.cnpq.br\/5294781291958691\" target=\"_blank\" rel=\"noopener\">Max Erik Soffner<\/a>\u00a0 &#8211; maxeriksoffner@gmail.com<\/h3>\n<p>Associate Professor &#8211; LCFIS\/CCT\/UENF<br \/>\nAccreditation CAPES: Permanent<br \/>\nLines of Research: Materials Science and Technology<br \/>\nDoctorate in Science (Physics) (2010).<br \/>\nUniversidade Estadual de Campinas, UNICAMP\/SP<br \/>\n_________________________________________________________________<\/p>\n<\/div>\n<h3><a href=\"http:\/\/lattes.cnpq.br\/8753431507012523\">Pablo Leite Bernardo<\/a> &#8211; pablolb@uenf.br<\/h3>\n<p>Associate Professor &#8211; LCFIS\/CCT\/UENF<br \/>\nAccreditation CAPES: Collaborator<br \/>\nLines of Research: Materials Science and Technology<br \/>\nDoctorate in Physics\u00a0 (2013)<br \/>\nUniversidade Federal do Rio de Janeiro, UFRJ\/RJ<br \/>\n_________________________________________________________________<\/p>\n<h3><a href=\"http:\/\/lattes.cnpq.br\/1200771569783721\" target=\"_blank\" rel=\"noopener\">Roberto da Trindade Faria J\u00fanior<\/a>\u00a0 &#8211; rtfaria@uenf.br<\/h3>\n<p>Associate Professor &#8211; LCFIS\/CCT\/UENF<br \/>\nAccreditation CAPES: Permanent<br \/>\nLines of Research: Materials Science and Technology\/Science Education<br \/>\nPostdoctorate: Universidade do Minho, Portugal (2009-2010)<br \/>\nDoctorate in Science (Physics) (1999)<br \/>\nUniversidade Estadual de Campinas, UNICAMP\/SP<br \/>\n(Sandwish Ruhr-Universitaet Bochum, Germany)<br \/>\n_________________________________________________________________<\/p>\n<h3><a href=\"http:\/\/lattes.cnpq.br\/5208824640229110\" target=\"_blank\" rel=\"noopener\">Roberto Weider de Assis Franco<\/a> &#8211; franco@uenf.br<\/h3>\n<p>Associate Professor &#8211; LCFIS\/CCT\/UENF<br \/>\nAccreditation CAPES: Permanent<br \/>\nLines of Research: Environmental Science\/Materials Science and Technology\/Science Education<br \/>\nPostdoctorate: Universidade de S\u00e3o Paulo, USP &#8211; S\u00e3o Carlos<br \/>\nPostdoctorate: Embrapa Instrumenta\u00e7\u00e3o Agropecu\u00e1ria;<br \/>\nDoctorate in Sceince (Appied Physics) 1999<br \/>\nUniversidade de S\u00e3o Paulo, USP &#8211; S\u00e3o Carlos\/SP<br \/>\n_________________________________________________________________<\/p>\n<h3><a href=\"http:\/\/buscatextual.cnpq.br\/buscatextual\/visualizacv.do?metodo=apresentar&amp;id=K4784533J8\" target=\"_blank\" rel=\"noopener\">Sergio Luis Cardoso<\/a> &#8211; cardoso@uenf.br<\/h3>\n<p>Associate Professor &#8211; LCQUI\/CCT\/UENF<br \/>\nAccreditation CAPES: Permanent<br \/>\nLines of Research: Environmental Science\/Materials Science and Technology\/Science Education<br \/>\nDoctorate in Science (Chemistry) (1995)<br \/>\nUniversidade Federal do Rio de Janeiro, UFRJ\/RJ<br \/>\n(Sandwish at Arizona State University &#8211; USA)<br \/>\n_________________________________________________________________<\/p>\n","protected":false},"excerpt":{"rendered":"<p>This research\u00a0involves the synthesis and\/or characterization of diverse materials for sustainable technological applications, quality control and composition. The main topics&#8230;<\/p>\n","protected":false},"author":10,"featured_media":0,"parent":1664,"menu_order":13,"comment_status":"closed","ping_status":"closed","template":"","meta":{"footnotes":""},"class_list":["post-1793","page","type-page","status-publish","hentry"],"_links":{"self":[{"href":"https:\/\/uenf.br\/posgraduacao\/ciencias-naturais\/wp-json\/wp\/v2\/pages\/1793","targetHints":{"allow":["GET"]}}],"collection":[{"href":"https:\/\/uenf.br\/posgraduacao\/ciencias-naturais\/wp-json\/wp\/v2\/pages"}],"about":[{"href":"https:\/\/uenf.br\/posgraduacao\/ciencias-naturais\/wp-json\/wp\/v2\/types\/page"}],"author":[{"embeddable":true,"href":"https:\/\/uenf.br\/posgraduacao\/ciencias-naturais\/wp-json\/wp\/v2\/users\/10"}],"replies":[{"embeddable":true,"href":"https:\/\/uenf.br\/posgraduacao\/ciencias-naturais\/wp-json\/wp\/v2\/comments?post=1793"}],"version-history":[{"count":0,"href":"https:\/\/uenf.br\/posgraduacao\/ciencias-naturais\/wp-json\/wp\/v2\/pages\/1793\/revisions"}],"up":[{"embeddable":true,"href":"https:\/\/uenf.br\/posgraduacao\/ciencias-naturais\/wp-json\/wp\/v2\/pages\/1664"}],"wp:attachment":[{"href":"https:\/\/uenf.br\/posgraduacao\/ciencias-naturais\/wp-json\/wp\/v2\/media?parent=1793"}],"curies":[{"name":"wp","href":"https:\/\/api.w.org\/{rel}","templated":true}]}}