{"id":1802,"date":"2017-07-01T15:40:17","date_gmt":"2017-07-01T15:40:17","guid":{"rendered":"http:\/\/uenf.br\/posgraduacao\/ciencias-naturais\/?page_id=1802"},"modified":"2022-09-03T19:29:16","modified_gmt":"2022-09-03T19:29:16","slug":"ciencias-y-tecnologia-de-materiales","status":"publish","type":"page","link":"https:\/\/uenf.br\/posgraduacao\/ciencias-naturais\/lineas-de-investigacion\/ciencias-y-tecnologia-de-materiales\/","title":{"rendered":"Ciencia y Tecnolog\u00eda de materiales"},"content":{"rendered":"<div><a href=\"http:\/\/uenf.br\/posgraduacao\/ciencias-naturais\/wp-content\/uploads\/sites\/4\/2017\/06\/DSC_0078.jpg\"><img loading=\"lazy\" decoding=\"async\" class=\"wp-image-1669 alignright\" src=\"http:\/\/uenf.br\/posgraduacao\/ciencias-naturais\/wp-content\/uploads\/sites\/4\/2017\/06\/DSC_0078.jpg\" alt=\"\" width=\"394\" height=\"222\" \/><\/a><\/div>\n<div style=\"color: #000000;text-align: justify\">Esta l\u00ednea de investigaci\u00f3n involucra la s\u00edntesis y\/o la caracterizaci\u00f3n de diversos materiales para aplicaciones tecnol\u00f3gicas sostenibles, control de calidad y composici\u00f3n. Los principales t\u00f3picos investigados son:<\/div>\n<div style=\"color: #000000;text-align: justify\">1) alimentos (pastosos, oleaginosos y frutas);<br \/>\n2) catalizadores (para refino de petr\u00f3leo, biom\u00e9tricos y remediaci\u00f3n);<br \/>\n3) cer\u00e1micas (arqueol\u00f3gicas y de construcci\u00f3n);<br \/>\n4) fertilizantes (compuestos de urea-zeolita, biocarbios y productos de compostaje);<a href=\"http:\/\/uenf.br\/posgraduacao\/ciencias-naturais\/wp-content\/uploads\/sites\/4\/2014\/07\/Graphic-abstract.jpg\"><img loading=\"lazy\" decoding=\"async\" class=\"wp-image-474 alignright\" src=\"http:\/\/uenf.br\/posgraduacao\/ciencias-naturais\/wp-content\/uploads\/sites\/4\/2014\/07\/Graphic-abstract.jpg\" alt=\"\" width=\"465\" height=\"186\" \/><\/a><br \/>\n5) pel\u00edculas finas;<br \/>\n6) materiales magn\u00e9ticos (cer\u00e1micas, pel\u00edculas finas, nanoparticulados, magnetocal\u00f3ricos y aleaciones met\u00e1licas);<br \/>\n7) materiales para fot\u00f3nica (vidrios \u00f3pticos especiales, f\u00f3sforos luminosos y nanoparticulados);<br \/>\n8) rocas de dep\u00f3sito de petr\u00f3leo.<br \/>\n9) Metabol\u00f3micaLos laboratorios tienen una diversificada infraestructura para investigaci\u00f3n, con varias t\u00e9cnicas de s\u00edntesis y de caracterizaci\u00f3n de los materiales investigados, conforme abajo relacionados.<br \/>\n1. An\u00e1lisis t\u00e9rmico (DTA \/ DSC \/ TG);<a href=\"http:\/\/uenf.br\/posgraduacao\/ciencias-naturais\/wp-content\/uploads\/sites\/4\/2017\/07\/20150828_142900.jpg\"><img loading=\"lazy\" decoding=\"async\" class=\"wp-image-1797 alignright\" src=\"http:\/\/uenf.br\/posgraduacao\/ciencias-naturais\/wp-content\/uploads\/sites\/4\/2017\/07\/20150828_142900.jpg\" alt=\"\" width=\"295\" height=\"221\" \/><\/a><br \/>\n2. Difracci\u00f3n de rayos X y Absorci\u00f3n de rayos X;<br \/>\n3. Espectrofotometr\u00eda (ultravioleta, visible e infrarrojo);<br \/>\n4. Espectroscopia de luminiscencia;<br \/>\n5. Fotot\u00e9rmicas (fotoac\u00fastica, lente t\u00e9rmica y fotopiroel\u00e9ctrica);<br \/>\n6. Resonancia Magn\u00e9tica Electr\u00f3nica (EPR);<br \/>\n7. Resonancia Magn\u00e9tica Nuclear (RMN);<br \/>\n8.S\u00edntesis por fusi\u00f3n (hornos de alta temperatura y \/ o atm\u00f3sfera controlada);<br \/>\n9. S\u00edntesis por reacci\u00f3n de estado s\u00f3lido, sol-gel y combusti\u00f3n.<\/div>\n<div style=\"color: #000000;text-align: justify\">\n<h3 style=\"text-align: justify\"><strong>ORIENTADORES DE LA LINEA DE INVESTIGACION CIENCIA E TECNOLOG\u00cdA DE MATERIALES<br \/>\n<\/strong><\/h3>\n<div id=\"materiaPrincipal\">\n<p>__________________________________________________________________<\/p>\n<h3><a href=\"http:\/\/lattes.cnpq.br\/5657929114457821\" target=\"_blank\" rel=\"noopener\">Alexandre Moura Stumbo<\/a> &#8211; stumbo@uenf.br<\/h3>\n<\/div>\n<p>Professor Associado &#8211; LCQUI\/CCT\/UENF<br \/>\nCredenciamento CAPES: Colaborador<br \/>\nLinhas de pesquisa: Ciencias Ambientales\/Ciencia y Tecnolog\u00eda de Materiales<br \/>\nDoutorado em Ci\u00eancias Naturais Aplicadas (1996)<br \/>\nUniversit\u00e9 Catholique de Louvain, U.C.L., B\u00e9lgica<\/p>\n<div>\n<p>_________________________________________________________________<\/p>\n<h3><a href=\"http:\/\/lattes.cnpq.br\/7079791448194916\" target=\"_blank\" rel=\"noopener\">Andr\u00e9 Oliveira Guimar\u00e3es<\/a> &#8211; aguimaraes@uenf.br<\/h3>\n<\/div>\n<div>\n<div id=\"materiaPrincipal\">Professor Associado &#8211; LCFIS\/CCT\/UENF<\/div>\n<div>Credenciamento CAPES: Permanente<\/div>\n<div>Linhas de Pesquisa: Ciencia y Tecnolog\u00eda de Materiales<\/div>\n<\/div>\n<div>P\u00f3s-doutorado Katholieke Universiteit Leuven &#8211; B\u00e9lgica (2013)<\/div>\n<div>Doutorado em Ci\u00eancias\u00a0(2008)<\/div>\n<div>Universidade Estadual de Campinas &#8211; UNICAMP\/SP<\/div>\n<div>\n<p>_________________________________________________________________<\/p>\n<\/div>\n<div>\n<h3><a href=\"http:\/\/lattes.cnpq.br\/9683055091801104\" target=\"_blank\" rel=\"noopener\">Edson Corr\u00eaa da Silva<\/a> &#8211; ecorrea329@gmail.com<\/h3>\n<p>Professor Titular &#8211; LCFIS\/CCT\/UENF<br \/>\nCredenciamento CAPES: Colaborador<br \/>\nLinhas de Pesquisa: Ciencia y Tecnolog\u00eda de Materiales<br \/>\nP\u00f3s-Doutorado: Ruhr Universitaet Bochum, RUB, Alemanha (1992)<br \/>\nDoutorado em Ci\u00eancias (1979)<br \/>\nUniversidade Estadual de Campinas &#8211; UNICAMP\/SP<br \/>\n_________________________________________________________________<\/p>\n<h3><a href=\"http:\/\/lattes.cnpq.br\/1898007894731106\" target=\"_blank\" rel=\"noopener\">Helion Vargas<\/a>\u00a0 &#8211; vargas@uenf.br<\/h3>\n<p>Professor Titular &#8211; LCFIS\/CCT\/UENF<br \/>\nCredenciamento CAPES: Colaborador<br \/>\nLinhas de Pesquisa: Ciencia y Tecnolog\u00eda de Materiales<br \/>\nDoutorado em F\u00edsica (1973)<br \/>\nUniversite de Grenoble I (Scientifique Et Medicale &#8211; Joseph Fourier), Fran\u00e7a<br \/>\n_________________________________________________________________<\/p>\n<h3><a href=\"http:\/\/lattes.cnpq.br\/0394733398229079\" target=\"_blank\" rel=\"noopener\">Juraci Aparecido Sampaio<\/a>\u00a0 &#8211; jsampaio@uenf.br<\/h3>\n<p>Professor Associado &#8211; LCFIS\/CCT\/UENF<br \/>\nCredenciamento CAPES: Colaborador<br \/>\nLinhas de Pesquisa: Ciencia y Tecnolog\u00eda de Materiales\/Ense\u00f1anza de las Ciencias<br \/>\nP\u00f3s-doutorado em Materials &amp; Engineering Physics (2006) -Ames Laboratory (USA)<br \/>\nP\u00f3s-doutorado em F\u00edsica Aplicada (2003) &#8211;\u00a0Universidade Estadual de Campinas, Unicamp<br \/>\nDoutorado em Fisica (2001)<br \/>\nUniversidade de S\u00e3o Paulo &#8211; USP\/SP<br \/>\n_________________________________________________________________<\/p>\n<\/div>\n<div>\n<h3><a href=\"http:\/\/buscatextual.cnpq.br\/buscatextual\/visualizacv.do?id=K4131145H6\" target=\"_blank\" rel=\"noopener\">Leonardo Mota de Oliveira<\/a> &#8211; mota@uenf.br<\/h3>\n<p>Professor Associado &#8211; LCFIS\/CCT\/UENF<br \/>\nCredenciamento CAPES: Colaborador<br \/>\nLinhas de Pesquisa: Ciencias Ambientales\/Ciencia y Tecnolog\u00eda de Materiales<br \/>\nDoutorado em Ci\u00eancias Naturais\u00a0 (2012)<br \/>\nUniversidade Estadual do Norte Fluminense Darcy Ribeiro &#8211; UENF\/RJ<br \/>\n(Per\u00edodo sandu\u00edche no Fraunhofer Institut f\u00fcr Bauphysik, Stuttgart, Alemanha)<br \/>\nP\u00e1gina eletr\u00f4nica: <a href=\"https:\/\/mota351.wixsite.com\/my-site\" target=\"_blank\" rel=\"noopener\">https:\/\/mota351.wixsite.com\/my-site<\/a><\/p>\n<p>_________________________________________________________________<\/p>\n<h3><a href=\"http:\/\/lattes.cnpq.br\/0126292394899026\" target=\"_blank\" rel=\"noopener\">Luis Guilherme Mansor Basso<\/a> &#8211; luisbasso@uenf.br<\/h3>\n<p>Professor Associado &#8211; LCFIS\/CCT\/UENF<br \/>\nCredenciamento CAPES: colaborador<br \/>\nLinhas de Pesquisa: Bio-org\u00e1nica y bio-inorg\u00e1nica\/Ciencia y Tecnolog\u00eda de Materiales<br \/>\nP\u00f3s-doutorado: University of California San Diego (2017-2019)<br \/>\nDoutorado em F\u00edsica (2014)<br \/>\nUniversidade de S\u00e3o Paulo &#8211; USP\/SP<br \/>\n(Per\u00edodo Sandu\u00edche na University of Chicago &#8211; EUA)<br \/>\nP\u00e1gina eletr\u00f4nica: <a href=\"https:\/\/sites.google.com\/uenf.br\/luisbasso\/\" target=\"_blank\" rel=\"noopener\">https:\/\/sites.google.com\/uenf.br\/luisbasso<\/a><br \/>\n_________________________________________________________________<\/p>\n<\/div>\n<h3><a href=\"http:\/\/lattes.cnpq.br\/0553046070876845\" target=\"_blank\" rel=\"noopener\">Marcelo Gomes da Silva<\/a>\u00a0 &#8211;\u00a0 \u00a0mgs@uenf.br<\/h3>\n<p>Professor Titular &#8211; LCFIS\/CCT\/UENF<br \/>\nCredenciamento CAPES: Permanente<br \/>\nLinhas de Pesquisa: Ciencias Ambientales\/Ciencia y Tecnolog\u00eda de Materiales<br \/>\nP\u00f3s-doutorado: Universitaet Heidelberg (Ruprecht-Karls), Alemanha (2004)<br \/>\nDoutorado em F\u00edsica (1996)<br \/>\nUniversitaet Wuerzburg, Alemanha<br \/>\n_________________________________________________________________<\/p>\n<h3>\u00a0<a href=\"http:\/\/lattes.cnpq.br\/9501907577020110\" target=\"_blank\" rel=\"noopener\">Marcelo Silva Sthel<\/a> &#8211; sthel@uenf.br<\/h3>\n<div>\n<p>Professor Associado &#8211; LCFIS\/CCT\/UENF<br \/>\nCredenciamento CAPES: Permanente<br \/>\nLinhas de Pesquisa: Ciencias Ambientales\/Ciencia y Tecnolog\u00eda de Materiales<br \/>\nDoutorado em Ci\u00eancias (1991)<br \/>\nUniversidade Estadual de Campinas &#8211; UNICAMP\/SP<br \/>\n_________________________________________________________________<\/p>\n<h3><a href=\"http:\/\/lattes.cnpq.br\/0089739298242263\" target=\"_blank\" rel=\"noopener\">Maria Cristina Canela<\/a>\u00a0 &#8211; mccanela@uenf.br<\/h3>\n<p>Professora Titular &#8211; LCQUI\/CCT\/UENF<br \/>\nCredenciamento CAPES: Permanente<br \/>\nLinhas de Pesquisa: Ciencias Ambientales\/Ciencia y Tecnolog\u00eda de Materiales\/Ense\u00f1anza de las Ciencias<br \/>\nDoutorado em Ci\u00eancias (1999)<br \/>\nUniversidade Estadual de Campinas &#8211; UNICAMP\/SP<br \/>\n_________________________________________________________________<\/p>\n<h3><a href=\"\/\/lattes.cnpq.br\/5294781291958691\" target=\"_blank\" rel=\"noopener\">Max Erik Soffner<\/a>\u00a0 &#8211; maxeriksoffner@gmail.com<\/h3>\n<p>Professor Associado &#8211; LCFIS\/CCT\/UENF<br \/>\nCredenciamento CAPES: Permanente<br \/>\nLinhas de Pesquisa: Ciencia y Tecnolog\u00eda de Materiales<br \/>\nDoutorado em Ci\u00eancias\u00a0(2010).<br \/>\nUniversidade Estadual de Campinas &#8211; UNICAMP\/SP<br \/>\n_________________________________________________________________<\/p>\n<\/div>\n<h3><a href=\"http:\/\/lattes.cnpq.br\/8753431507012523\">Pablo Leite Bernardo<\/a> &#8211; pablolb@uenf.br<\/h3>\n<p>Professor Associado &#8211; LCFIS\/CCT\/UENF<br \/>\nCredenciamento CAPES: Colaborador<br \/>\nLinhas de Pesquisa: Ciencia y Tecnolog\u00eda de Materiales<br \/>\nDoutorado em F\u00edsica (2013)<br \/>\nUniversidade Federal do Rio de Janeiro &#8211; UFRJ\/RJ<br \/>\n_________________________________________________________________<\/p>\n<h3><a href=\"http:\/\/lattes.cnpq.br\/1200771569783721\" target=\"_blank\" rel=\"noopener\">Roberto da Trindade Faria J\u00fanior<\/a>\u00a0 &#8211; rtfaria@uenf.br<\/h3>\n<p>Professor Associado &#8211; LCFIS\/CCT\/UENF<br \/>\nCredenciamento CAPES: Permanente<br \/>\nLinhas de Pesquisa: Ciencia y Tecnolog\u00eda de Materiales\/Ense\u00f1anza de las Ciencias<br \/>\nP\u00f3s-doutorado:\u00a0Universidade do Minho, Portugal (2009-2010)<br \/>\nDoutorado em Ci\u00eancias (1999)<br \/>\nUniversidade Estadual de Campinas &#8211;\u00a0 UNICAMP\/SP<br \/>\n(Sanduiche Ruhr-Universitaet Bochum, Alemanha)<br \/>\n_________________________________________________________________<\/p>\n<h3><a href=\"http:\/\/lattes.cnpq.br\/5208824640229110\" target=\"_blank\" rel=\"noopener\">Roberto Weider de Assis Franco<\/a> &#8211; franco@uenf.br<\/h3>\n<p>Professor Associado &#8211; LCFIS\/CCT\/UENF<br \/>\nCredenciamento CAPES: Permanente<br \/>\nLinhas de Pesquisa: Ciencias Ambientales\/Ciencia y Tecnolog\u00eda de Materiales\/Ense\u00f1anza de las Ciencias<br \/>\nP\u00f3s-doutorado: Universidade de S\u00e3o Paulo, USP &#8211; S\u00e3o Carlos;<br \/>\nP\u00f3s-doutorado: Embrapa Instrumenta\u00e7\u00e3o Agropecu\u00e1ria<br \/>\nDoutorado em Ci\u00eancias (F\u00edsica Aplicada) 1999<br \/>\nUniversidade de S\u00e3o Paulo &#8211; USP &#8211; S\u00e3o Carlos\/SP<br \/>\n_________________________________________________________________<\/p>\n<h3><a href=\"http:\/\/buscatextual.cnpq.br\/buscatextual\/visualizacv.do?metodo=apresentar&amp;id=K4784533J8\" target=\"_blank\" rel=\"noopener\">Sergio Luis Cardoso<\/a> &#8211; cardoso@uenf.br<\/h3>\n<p>Professor Associado &#8211; LCQUI\/CCT\/UENF<br \/>\nCredenciamento CAPES: Permanente<br \/>\nLinhas de Pesquisa: Ciencias Ambientales\/Ciencia y Tecnolog\u00eda de Materiales\/Ense\u00f1anza de las Ciencias<br \/>\nDoutorado em Qu\u00edmica (1995)<br \/>\nUniversidade Federal do Rio de Janeiro &#8211;\u00a0 UFRJ\/RJ<br \/>\n(Sanduiche Arizona State University &#8211; EUA)<br \/>\n_________________________________________________________________<\/p>\n<\/div>\n","protected":false},"excerpt":{"rendered":"<p>Esta l\u00ednea de investigaci\u00f3n involucra la s\u00edntesis y\/o la caracterizaci\u00f3n de diversos materiales para aplicaciones tecnol\u00f3gicas sostenibles, control de calidad&#8230;<\/p>\n","protected":false},"author":10,"featured_media":0,"parent":1668,"menu_order":13,"comment_status":"closed","ping_status":"closed","template":"","meta":{"footnotes":""},"class_list":["post-1802","page","type-page","status-publish","hentry"],"_links":{"self":[{"href":"https:\/\/uenf.br\/posgraduacao\/ciencias-naturais\/wp-json\/wp\/v2\/pages\/1802","targetHints":{"allow":["GET"]}}],"collection":[{"href":"https:\/\/uenf.br\/posgraduacao\/ciencias-naturais\/wp-json\/wp\/v2\/pages"}],"about":[{"href":"https:\/\/uenf.br\/posgraduacao\/ciencias-naturais\/wp-json\/wp\/v2\/types\/page"}],"author":[{"embeddable":true,"href":"https:\/\/uenf.br\/posgraduacao\/ciencias-naturais\/wp-json\/wp\/v2\/users\/10"}],"replies":[{"embeddable":true,"href":"https:\/\/uenf.br\/posgraduacao\/ciencias-naturais\/wp-json\/wp\/v2\/comments?post=1802"}],"version-history":[{"count":0,"href":"https:\/\/uenf.br\/posgraduacao\/ciencias-naturais\/wp-json\/wp\/v2\/pages\/1802\/revisions"}],"up":[{"embeddable":true,"href":"https:\/\/uenf.br\/posgraduacao\/ciencias-naturais\/wp-json\/wp\/v2\/pages\/1668"}],"wp:attachment":[{"href":"https:\/\/uenf.br\/posgraduacao\/ciencias-naturais\/wp-json\/wp\/v2\/media?parent=1802"}],"curies":[{"name":"wp","href":"https:\/\/api.w.org\/{rel}","templated":true}]}}