{"id":1893,"date":"2017-08-04T18:06:22","date_gmt":"2017-08-04T18:06:22","guid":{"rendered":"http:\/\/uenf.br\/posgraduacao\/ciencias-naturais\/?page_id=1893"},"modified":"2025-09-02T18:13:54","modified_gmt":"2025-09-02T18:13:54","slug":"disciplinas-oferecidas","status":"publish","type":"page","link":"https:\/\/uenf.br\/posgraduacao\/ciencias-naturais\/informacoes-academicas\/disciplinas-oferecidas\/","title":{"rendered":"Rela\u00e7\u00e3o de disciplinas oferecidas pelo PGCN"},"content":{"rendered":"<table style=\"width: 100%\">\n<caption><strong>BIO-ORG\u00c2NICA E BIO-INORG\u00c2NICA<\/strong><\/caption>\n<tbody>\n<tr>\n<td><strong>Nome<\/strong><\/td>\n<td><strong>Cr\u00e9ditos<\/strong><\/td>\n<td><strong>C\u00f3digo<\/strong><\/td>\n<\/tr>\n<tr>\n<td><a href=\"http:\/\/ead.uenf.br\/moodle\/pluginfile.php\/10175\/mod_resource\/content\/1\/PCN%201705T%C3%B3picos%20especiais%20Mecanismos%20de%20a%C3%A7%C3%A3o%20de%20f%C3%A1rmacos%20antineopl%C3%A1sicos.pdf\" target=\"_blank\" rel=\"noopener\">Mecanismos de a\u00e7\u00e3o de f\u00e1rmacos antineopl\u00e1sicos<\/a><\/td>\n<td>03<\/td>\n<td>PCN 1705<\/td>\n<\/tr>\n<tr>\n<td><a href=\"http:\/\/ead.uenf.br\/moodle\/pluginfile.php\/10176\/mod_resource\/content\/1\/PCN1723_Qu%C3%ADmica%20Medicinal.pdf\" target=\"_blank\" rel=\"noopener\">Qu\u00edmica Medicinal<\/a><\/td>\n<td>04<\/td>\n<td>PCN 1723<\/td>\n<\/tr>\n<tr>\n<td><a href=\"http:\/\/ead.uenf.br\/moodle\/pluginfile.php\/10177\/mod_resource\/content\/1\/PCN1724_Tecnicas%20modernas%20de%20elucida%C3%A7%C3%A3o%20de%20estrutural%20organicos.pdf\" target=\"_blank\" rel=\"noopener\">T\u00e9cnicas Modernas de Elucida\u00e7\u00e3o Estrutural \u2013 Materiais Bio-Org\u00e2nicos<\/a><\/td>\n<td>04<\/td>\n<td>PCN 1724<\/td>\n<\/tr>\n<tr>\n<td><a href=\"http:\/\/ead.uenf.br\/moodle\/pluginfile.php\/10178\/mod_resource\/content\/1\/PCN1725_Tecnicas%20modernas%20de%20elucida%C3%A7%C3%A3o%20de%20estrutural%20-%20Bio-inorg%C3%A2nicos.pdf\" target=\"_blank\" rel=\"noopener\">T\u00e9cnicas Modernas de Elucida\u00e7\u00e3o Estrutural \u2013 Materiais Bio-Inorg\u00e2nicos<\/a><\/td>\n<td>04<\/td>\n<td>PCN 1725<\/td>\n<\/tr>\n<tr>\n<td><a href=\"http:\/\/ead.uenf.br\/moodle\/pluginfile.php\/10179\/mod_resource\/content\/1\/PCN1734_Tecnicas%20espectroscopicas%20avan%C3%A7adas%20BIOSSINTESE%20E%20METABOL%C3%94MICA.pdf\" target=\"_blank\" rel=\"noopener\">T\u00e9cnicas espectrosc\u00f3picas avan\u00e7adas para estudos de metabol\u00f4mica e bioss\u00edntese<\/a><\/td>\n<td>02<\/td>\n<td>PCN 1734<\/td>\n<\/tr>\n<tr>\n<td><a href=\"http:\/\/ead.uenf.br\/moodle\/pluginfile.php\/10180\/mod_resource\/content\/1\/QUI1718_Qu%C3%ADmica%20Bio-org%C3%A2nica.pdf\" target=\"_blank\" rel=\"noopener\">Qu\u00edmica Bio-Org\u00e2nica<\/a><\/td>\n<td>02<\/td>\n<td>PCN 1718<\/td>\n<\/tr>\n<tr>\n<td><a href=\"http:\/\/ead.uenf.br\/moodle\/pluginfile.php\/10181\/mod_resource\/content\/1\/QUI1722_S%C3%ADntese%20Org%C3%A2nica.pdf\" target=\"_blank\" rel=\"noopener\">S\u00edntese Org\u00e2nica<\/a><\/td>\n<td>02<\/td>\n<td>QUI 1722<\/td>\n<\/tr>\n<tr>\n<td><a href=\"http:\/\/ead.uenf.br\/moodle\/pluginfile.php\/10182\/mod_resource\/content\/1\/QUI1727_Qu%C3%ADmica%20Inorg%C3%A2nica%20Avan%C3%A7ada.pdf\" target=\"_blank\" rel=\"noopener\">Qu\u00edmica Inorg\u00e2nica Avan\u00e7ada<\/a><\/td>\n<td>04<\/td>\n<td>QUI 1727<\/td>\n<\/tr>\n<tr>\n<td><a href=\"http:\/\/ead.uenf.br\/moodle\/pluginfile.php\/10183\/mod_resource\/content\/1\/QUI1728_Qu%C3%ADmica%20Org%C3%A2nica%20Avan%C3%A7ada.pdf\" target=\"_blank\" rel=\"noopener\">Qu\u00edmica Org\u00e2nica Avan\u00e7ada<\/a><\/td>\n<td>04<\/td>\n<td>QUI 1728<\/td>\n<\/tr>\n<tr>\n<td><a href=\"http:\/\/ead.uenf.br\/moodle\/pluginfile.php\/10184\/mod_resource\/content\/2\/QUI1743%20Bioinorganica.pdf\" target=\"_blank\" rel=\"noopener\">Qu\u00edmica Bio-inorg\u00e2nica<\/a><\/td>\n<td>04<\/td>\n<td>QUI 1743<\/td>\n<\/tr>\n<tr>\n<td><a href=\"http:\/\/ead.uenf.br\/moodle\/pluginfile.php\/10185\/mod_resource\/content\/1\/QUI1762_Qu%C3%ADmica%20dos%20f%C3%A1rmacos.pdf\" target=\"_blank\" rel=\"noopener\">Qu\u00edmica dos F\u00e1rmacos<\/a><\/td>\n<td>04<\/td>\n<td>QUI 1762<\/td>\n<\/tr>\n<\/tbody>\n<caption><strong>CI\u00caNCIAS AMBIENTAIS<\/strong><\/caption>\n<tbody>\n<tr>\n<td><strong>Nome<\/strong><\/td>\n<td><strong>Cr\u00e9ditos<\/strong><\/td>\n<td><strong>C\u00f3digo<\/strong><\/td>\n<\/tr>\n<tr>\n<td><a href=\"http:\/\/ead.uenf.br\/moodle\/pluginfile.php\/10186\/mod_resource\/content\/2\/PCN%201718%20%20Microbiologia%20Ambiental%20PPGCN.pdf\" target=\"_blank\" rel=\"noopener\">Microbiologia Ambiental: Princ\u00edpios e Aplica\u00e7\u00f5es<\/a><\/td>\n<td>03<\/td>\n<td>PCN 1718<\/td>\n<\/tr>\n<tr>\n<td><a href=\"http:\/\/ead.uenf.br\/moodle\/pluginfile.php\/10187\/mod_resource\/content\/1\/PCN%201721%20POA.pdf\" target=\"_blank\" rel=\"noopener\">Remedia\u00e7\u00e3o de poluentes com \u00eanfase em Processos Oxidativos Avan\u00e7ados<\/a><\/td>\n<td>02<\/td>\n<td>PCN 1721<\/td>\n<\/tr>\n<tr>\n<td><a href=\"http:\/\/ead.uenf.br\/moodle\/pluginfile.php\/10188\/mod_resource\/content\/1\/PCN1716%20Aquecimento%20global%20e%20a%20ciencia%20da%20complexidade.pdf\" target=\"_blank\" rel=\"noopener\">Aquecimento Global e a Ci\u00eancia da Complexidade<\/a><\/td>\n<td>03<\/td>\n<td>PCN 1716<\/td>\n<\/tr>\n<tr>\n<td><a href=\"http:\/\/ead.uenf.br\/moodle\/pluginfile.php\/10189\/mod_resource\/content\/1\/PCN1719-produ%C3%A7%C3%A3o%20de%20biocombust%C3%ADveis....pdf\" target=\"_blank\" rel=\"noopener\">Produ\u00e7\u00e3o de biocombust\u00edveis: mat\u00e9rias primas processos e alternativas tecnol\u00f3gicas<\/a><\/td>\n<td>03<\/td>\n<td>PCN 1719<\/td>\n<\/tr>\n<tr>\n<td><a href=\"http:\/\/ead.uenf.br\/moodle\/pluginfile.php\/10190\/mod_resource\/content\/1\/PCN1720_Introdu%C3%A7%C3%A3o%20a%20Processos%20qu%C3%ADmicos%20e%20f%C3%ADsicos%20no%20ambiente.pdf\" target=\"_blank\" rel=\"noopener\">Introdu\u00e7\u00e3o a Processos qu\u00edmicos e f\u00edsicos no ambiente<\/a><\/td>\n<td>03<\/td>\n<td>PCN 1720<\/td>\n<\/tr>\n<tr>\n<td><a href=\"http:\/\/ead.uenf.br\/moodle\/pluginfile.php\/10191\/mod_resource\/content\/1\/PCN1730_Energia%2CAmbiente%20e%20Sociedade%20desafios%20do%20s%C3%A9culo%20X%20X.pdf\" target=\"_blank\" rel=\"noopener\">Energia, Ambiente e Sociedade: desafios do s\u00e9culo XXI<\/a><\/td>\n<td>03<\/td>\n<td>PCN 1730<\/td>\n<\/tr>\n<\/tbody>\n<caption><strong>ENSINO DE CI\u00caNCIAS<\/strong><\/caption>\n<tbody>\n<tr>\n<td><strong>Nome<\/strong><\/td>\n<td><strong>Cr\u00e9ditos<\/strong><\/td>\n<td><strong>C\u00f3digo<\/strong><\/td>\n<\/tr>\n<tr>\n<td><a href=\"http:\/\/ead.uenf.br\/moodle\/pluginfile.php\/10193\/mod_resource\/content\/1\/PCN%201715%20-%20%20LEITURAS%20EM%20FILOSOFIA%20E%20HIST%C3%93RIA%20DA%20CI%C3%8ANCIA.pdf\" target=\"_blank\" rel=\"noopener\">Leituras em Filosofia e Hist\u00f3ria da Ci\u00eancia<\/a><\/td>\n<td>02<\/td>\n<td>PCN 1715<\/td>\n<\/tr>\n<tr>\n<td><a href=\"http:\/\/ead.uenf.br\/moodle\/pluginfile.php\/10194\/mod_resource\/content\/1\/PCN1708_Pesquisa%20Qualitativa%20I-%20M%C3%A9todos%20de%20An%C3%A1lises%20I.pdf\" target=\"_blank\" rel=\"noopener\">Pesquisa Qualitativa &#8211; M\u00e9todos de An\u00e1lise I<\/a><\/td>\n<td>02<\/td>\n<td>PCN 1708<\/td>\n<\/tr>\n<tr>\n<td><a href=\"http:\/\/ead.uenf.br\/moodle\/pluginfile.php\/10195\/mod_resource\/content\/1\/PCN1709_Pesquisa%20Qualitativa%20II%20-%20Ana%CC%81lise%20de%20Dados.pdf\" target=\"_blank\" rel=\"noopener\">Pesquisa Qualitativa &#8211; M\u00e9todos de An\u00e1lise II<\/a><\/td>\n<td>02<\/td>\n<td>PCN 1709<\/td>\n<\/tr>\n<tr>\n<td><a href=\"http:\/\/ead.uenf.br\/moodle\/pluginfile.php\/10196\/mod_resource\/content\/1\/PCN1792%20MuseusEspa%C3%A7oCiencia.pdf\" target=\"_blank\" rel=\"noopener\">Museus e Espa\u00e7os de Ci\u00eancia<\/a><\/td>\n<td>03<\/td>\n<td>PCN 1792<\/td>\n<\/tr>\n<tr>\n<td><a href=\"http:\/\/ead.uenf.br\/moodle\/pluginfile.php\/10197\/mod_resource\/content\/1\/ludicidade.pdf\" target=\"_blank\" rel=\"noopener\">A ludicidade no processo de aprendizagem<\/a><\/td>\n<td>02<\/td>\n<td>QUI1736<\/td>\n<\/tr>\n<\/tbody>\n<caption><strong>CI\u00caNCIA E TECNOLOGIA DOS MATERIAIS<\/strong><\/caption>\n<tbody>\n<tr>\n<td><strong>Nome<\/strong><\/td>\n<td><strong>Cr\u00e9ditos<\/strong><\/td>\n<td><strong>C\u00f3digo<\/strong><\/td>\n<\/tr>\n<tr>\n<td><a href=\"http:\/\/ead.uenf.br\/moodle\/pluginfile.php\/10198\/mod_resource\/content\/1\/PCN%201729%20-%20Metodos%20de%20Caracterizacao%20Materiais%20A.pdf\" target=\"_blank\" rel=\"noopener\">M\u00e9todos de Caracteriza\u00e7\u00e3o de Materiais A<\/a><\/td>\n<td>02<\/td>\n<td>PCN 1729<\/td>\n<\/tr>\n<tr>\n<td><a href=\"http:\/\/ead.uenf.br\/moodle\/pluginfile.php\/10199\/mod_resource\/content\/1\/PCN1713-Cat%C3%A1lise%20heterog%C3%AAnea%20-%202016.pdf\" target=\"_blank\" rel=\"noopener\">Cat\u00e1lise Heterog\u00eanea<\/a><\/td>\n<td>04<\/td>\n<td>PCN 1713<\/td>\n<\/tr>\n<tr>\n<td><a href=\"http:\/\/ead.uenf.br\/moodle\/pluginfile.php\/10200\/mod_resource\/content\/1\/PCN1714-Cin%C3%A9tica%20e%20C%C3%A1lculo%20de%20Reatores%20-%202016.pdf\" target=\"_blank\" rel=\"noopener\">Cin\u00e9tica e C\u00e1lculo de Reatores<\/a><\/td>\n<td>04<\/td>\n<td>PCN 1714<\/td>\n<\/tr>\n<tr>\n<td><a href=\"http:\/\/ead.uenf.br\/moodle\/pluginfile.php\/10201\/mod_resource\/content\/1\/PCN1717%20-%20Fototermica%20aplicada.pdf\" target=\"_blank\" rel=\"noopener\">Fotot\u00e9rmica Aplicada<\/a><\/td>\n<td>02<\/td>\n<td>PCN 1717<\/td>\n<\/tr>\n<tr>\n<td><a href=\"http:\/\/ead.uenf.br\/moodle\/pluginfile.php\/10202\/mod_resource\/content\/1\/PCN1722%20-Intera%C3%A7%C3%A3o%20da%20radia%C3%A7%C3%A3o%20com%20a%20mat%C3%A9ria%20II.pdf\" target=\"_blank\" rel=\"noopener\">Intera\u00e7\u00e3o da Radia\u00e7\u00e3o com a Mat\u00e9ria II<\/a><\/td>\n<td>04<\/td>\n<td>PCN 1722<\/td>\n<\/tr>\n<tr>\n<td><a href=\"http:\/\/ead.uenf.br\/moodle\/pluginfile.php\/10203\/mod_resource\/content\/1\/PCN1731%20-%20Pr%C3%ADncipios%20de%20LASER%20E%20SUAS%20APLICA%C3%87%C3%95ES.pdf\" target=\"_blank\" rel=\"noopener\">Princ\u00edpios do Laser e suas aplica\u00e7\u00f5es<\/a><\/td>\n<td>02<\/td>\n<td>PCN 1731<\/td>\n<\/tr>\n<tr>\n<td><a href=\"http:\/\/ead.uenf.br\/moodle\/pluginfile.php\/10204\/mod_resource\/content\/1\/PCN1735%20Resson%C3%A2ncia%20Magn%C3%A9tica%20Eletr%C3%B4nica.pdf\" target=\"_blank\" rel=\"noopener\">Resson\u00e2ncia Magn\u00e9tica Eletr\u00f4nica<\/a><\/td>\n<td>03<\/td>\n<td>PCN 1735<\/td>\n<\/tr>\n<\/tbody>\n<caption><strong>INTERDISCIPLINARES<\/strong><\/caption>\n<tbody>\n<tr>\n<td><strong>Nome<\/strong><\/td>\n<td><strong>Cr\u00e9ditos<\/strong><\/td>\n<td><strong>C\u00f3digo<\/strong><\/td>\n<\/tr>\n<tr>\n<td><a href=\"http:\/\/ead.uenf.br\/moodle\/pluginfile.php\/10515\/mod_resource\/content\/1\/FIS1752%20-%20Introdu%C3%A7%C3%A3o%20%C3%A0%20Espectroscopia.pdf\" target=\"_blank\" rel=\"noopener\">Introdu\u00e7\u00e3o \u00e0 Espectroscopia<\/a><\/td>\n<td>02<\/td>\n<td>FIS 1752<\/td>\n<\/tr>\n<tr>\n<td><a href=\"http:\/\/ead.uenf.br\/moodle\/pluginfile.php\/10516\/mod_resource\/content\/1\/PCN%201712-Me%CC%81todos%20da%20Escrita%20Cienti%CC%81fica.pdf\" target=\"_blank\" rel=\"noopener\">M\u00e9todos de escrita e de divulga\u00e7\u00e3o cient\u00edfica<\/a><\/td>\n<td>02<\/td>\n<td>PCN 1712<\/td>\n<\/tr>\n<tr>\n<td><a href=\"http:\/\/ead.uenf.br\/moodle\/pluginfile.php\/10517\/mod_resource\/content\/1\/PCN%201727%20Fotoqu%C3%ADmica%20fotof%C3%ADsica%20e%20fotobiologia.pdf\" target=\"_blank\" rel=\"noopener\">Fotoqu\u00edmica, fotof\u00edsica e fotobiologia<\/a><\/td>\n<td>02<\/td>\n<td>PCN 1727<\/td>\n<\/tr>\n<tr>\n<td><a href=\"http:\/\/ead.uenf.br\/moodle\/pluginfile.php\/10518\/mod_resource\/content\/1\/PCN1711%20-Metodo%20Cientifico%20e%20Etica%20na%20pesquisa.pdf\" target=\"_blank\" rel=\"noopener\">M\u00e9todo Cient\u00edfico e \u00c9tica na Pesquisa<\/a><\/td>\n<td>02<\/td>\n<td>PCN 1711<\/td>\n<\/tr>\n<tr>\n<td><a href=\"http:\/\/ead.uenf.br\/moodle\/pluginfile.php\/10525\/mod_resource\/content\/1\/PCN1726%20-%20M%C3%89TODOS%20CROMATOGR%C3%81FICOS%20-%20CG%20E%20Contra%20corrente.pdf\" target=\"_blank\" rel=\"noopener\">M\u00e9todos cromatogr\u00e1ficos \u2013 Cromatografia a g\u00e1s e contra corrente<\/a><\/td>\n<td>04<\/td>\n<td>PCN 1726<\/td>\n<\/tr>\n<tr>\n<td><a href=\"http:\/\/ead.uenf.br\/moodle\/pluginfile.php\/10520\/mod_resource\/content\/1\/PCN1728%20-Ferramentas%20computacionais.pdf\" target=\"_blank\" rel=\"noopener\">Ferramentas Computacionais Aplicadas no Tratamento de Dados<\/a><\/td>\n<td>04<\/td>\n<td>PCN 1728<\/td>\n<\/tr>\n<tr>\n<td><a href=\"http:\/\/ead.uenf.br\/moodle\/pluginfile.php\/10521\/mod_resource\/content\/1\/PCN1732%20-%20Introdu%C3%A7%C3%A3o%20aos%20M%C3%A9todos%20Cromatogr%C3%A1ficos.pdf\" target=\"_blank\" rel=\"noopener\">Introdu\u00e7\u00e3o aos M\u00e9todos Cromatogr\u00e1ficos<\/a><\/td>\n<td>02<\/td>\n<td>PCN 1732<\/td>\n<\/tr>\n<tr>\n<td><a href=\"http:\/\/ead.uenf.br\/moodle\/pluginfile.php\/10522\/mod_resource\/content\/1\/PCN1733%20-%20Introdu%C3%A7%C3%A3o%20a%20Metabol%C3%B4mica.pdf\" target=\"_blank\" rel=\"noopener\">Introdu\u00e7\u00e3o \u00e0 Metabol\u00f4mica<\/a><\/td>\n<td>02<\/td>\n<td>PCN 1733<\/td>\n<\/tr>\n<tr>\n<td><a href=\"http:\/\/ead.uenf.br\/moodle\/pluginfile.php\/10526\/mod_resource\/content\/1\/PCN1793-equilibrio%20em%20solu%C3%A7%C3%B5es%20aquosas.pdf\" target=\"_blank\" rel=\"noopener\">Equil\u00edbrios qu\u00edmicos em solu\u00e7\u00e3o<\/a><\/td>\n<td>04<\/td>\n<td>PCN 1793<\/td>\n<\/tr>\n<tr>\n<td><a href=\"http:\/\/ead.uenf.br\/moodle\/pluginfile.php\/10527\/mod_resource\/content\/1\/QUI1703-Intera%C3%A7%C3%A3o%20da%20radia%C3%A7%C3%A3o%20com%20a%20mat%C3%A9ria.pdf\" target=\"_blank\" rel=\"noopener\">Intera\u00e7\u00e3o da Radia\u00e7\u00e3o com a Mat\u00e9ria<\/a><\/td>\n<td>04<\/td>\n<td>QUI 1703<\/td>\n<\/tr>\n<\/tbody>\n<\/table>\n","protected":false},"excerpt":{"rendered":"<p>BIO-ORG\u00c2NICA E BIO-INORG\u00c2NICA Nome Cr\u00e9ditos C\u00f3digo Mecanismos de a\u00e7\u00e3o de f\u00e1rmacos antineopl\u00e1sicos 03 PCN 1705 Qu\u00edmica Medicinal 04 PCN 1723&#8230;<\/p>\n","protected":false},"author":10,"featured_media":0,"parent":1558,"menu_order":37,"comment_status":"closed","ping_status":"closed","template":"","meta":{"footnotes":""},"class_list":["post-1893","page","type-page","status-publish","hentry"],"_links":{"self":[{"href":"https:\/\/uenf.br\/posgraduacao\/ciencias-naturais\/wp-json\/wp\/v2\/pages\/1893","targetHints":{"allow":["GET"]}}],"collection":[{"href":"https:\/\/uenf.br\/posgraduacao\/ciencias-naturais\/wp-json\/wp\/v2\/pages"}],"about":[{"href":"https:\/\/uenf.br\/posgraduacao\/ciencias-naturais\/wp-json\/wp\/v2\/types\/page"}],"author":[{"embeddable":true,"href":"https:\/\/uenf.br\/posgraduacao\/ciencias-naturais\/wp-json\/wp\/v2\/users\/10"}],"replies":[{"embeddable":true,"href":"https:\/\/uenf.br\/posgraduacao\/ciencias-naturais\/wp-json\/wp\/v2\/comments?post=1893"}],"version-history":[{"count":0,"href":"https:\/\/uenf.br\/posgraduacao\/ciencias-naturais\/wp-json\/wp\/v2\/pages\/1893\/revisions"}],"up":[{"embeddable":true,"href":"https:\/\/uenf.br\/posgraduacao\/ciencias-naturais\/wp-json\/wp\/v2\/pages\/1558"}],"wp:attachment":[{"href":"https:\/\/uenf.br\/posgraduacao\/ciencias-naturais\/wp-json\/wp\/v2\/media?parent=1893"}],"curies":[{"name":"wp","href":"https:\/\/api.w.org\/{rel}","templated":true}]}}