{"id":2067,"date":"2018-02-11T13:34:17","date_gmt":"2018-02-11T13:34:17","guid":{"rendered":"http:\/\/uenf.br\/posgraduacao\/ciencias-naturais\/?page_id=2067"},"modified":"2025-09-02T14:17:46","modified_gmt":"2025-09-02T14:17:46","slug":"calendarios-academicos","status":"publish","type":"page","link":"https:\/\/uenf.br\/posgraduacao\/ciencias-naturais\/informacoes-academicas\/calendarios-academicos\/","title":{"rendered":"Calend\u00e1rios Acad\u00eamicos"},"content":{"rendered":"<p><a href=\"http:\/\/uenf.br\/posgraduacao\/ciencias-naturais\/wp-content\/uploads\/sites\/4\/2025\/09\/CALENDARIO-ACADEMICO-POS-GRADUACAO-2025-2.pdf\">CALENDARIO-ACAD\u00caMICO P\u00d3S-GRADUA\u00c7\u00c3O-2025<\/a><\/p>\n<p><a href=\"https:\/\/uenf.br\/posgraduacao\/ciencias-naturais\/wp-content\/uploads\/sites\/4\/2024\/03\/CALENDARIO-ACADEMICO-POS-GRADUACAO-2024-1.pdf\">CALENDARIO-ACAD\u00caMICO P\u00d3S-GRADUA\u00c7\u00c3O-2024-1<\/a><\/p>\n<p><a href=\"https:\/\/uenf.br\/posgraduacao\/ciencias-naturais\/wp-content\/uploads\/sites\/4\/2023\/07\/CALENDARIO-ACADEMICO-POS-GRADUACAO-2023-2.pdf\"><span style=\"color: #000000\">CALENDARIO-ACAD\u00caMICO P\u00d3S-GRADUA\u00c7\u00c3O-2023-2<\/span><\/a><\/p>\n<p><span style=\"color: #000000\"><a style=\"color: #000000\" href=\"https:\/\/uenf.br\/posgraduacao\/ciencias-naturais\/wp-content\/uploads\/sites\/4\/2023\/03\/CALENDARIO-ACADEMICO-POS-GRADUACAO-2023-1.pdf\">CALEND\u00c1RIO-ACAD\u00caMICO P\u00d3S-GRADUA\u00c7\u00c3O-2023-1<\/a><\/span><\/p>\n<p><span style=\"color: #000000\"><a style=\"color: #000000\" href=\"https:\/\/uenf.br\/posgraduacao\/ciencias-naturais\/wp-content\/uploads\/sites\/4\/2022\/07\/CALENDARIO-ACADEMICO-POS-GRADUACAO-2022-2.pdf\" target=\"_blank\" rel=\"noopener\">CALEND\u00c1RIO-ACAD\u00caMICO P\u00d3S-GRADUA\u00c7\u00c3O-2022-2<\/a><\/span><\/p>\n<p><span style=\"color: #000000\"><a style=\"color: #000000\" href=\"https:\/\/uenf.br\/posgraduacao\/ciencias-naturais\/wp-content\/uploads\/sites\/4\/2021\/12\/CALENDARIO-ACADEMICO-POS-GRADUACAO-2022-1.pdf\" target=\"_blank\" rel=\"noopener\">CALENDARIO-ACAD\u00caMICO P\u00d3S-GRADUA\u00c7\u00c3O-2022-1<\/a><\/span><\/p>\n<p><span style=\"color: #000000\"><a style=\"color: #000000\" href=\"https:\/\/uenf.br\/posgraduacao\/ciencias-naturais\/wp-content\/uploads\/sites\/4\/2021\/12\/CALENDARIO-ACADEMICO-POS-GRADUACAO-2021-2-1.pdf\" target=\"_blank\" rel=\"noopener\">CALENDARIO-ACAD\u00caMICO P\u00d3S-GRADUA\u00c7\u00c3O-2021-2<\/a><\/span><\/p>\n<p><span style=\"color: #000000\"><a style=\"color: #000000\" href=\"https:\/\/uenf.br\/posgraduacao\/ciencias-naturais\/wp-content\/uploads\/sites\/4\/2021\/12\/CALENDARIO-ACADEMICO-POS-GRADUACAO-2021-1.pdf\" target=\"_blank\" rel=\"noopener\">CALENDARIO-ACAD\u00caMICO P\u00d3S-GRADUA\u00c7\u00c3O-2021-1<\/a><\/span><\/p>\n<p><span style=\"color: #000000\"><a style=\"color: #000000\" href=\"https:\/\/uenf.br\/posgraduacao\/ciencias-naturais\/wp-content\/uploads\/sites\/4\/2021\/12\/CALENDARIO-ACADEMICO-POS-GRADUACAO-2020-1.pdf\" target=\"_blank\" rel=\"noopener\">CALENDARIO-ACAD\u00caMICO P\u00d3S-GRADUA\u00c7\u00c3O-2020-1<\/a><\/span><\/p>\n<p><span style=\"color: #000000\"><a style=\"color: #000000\" href=\"https:\/\/uenf.br\/posgraduacao\/ciencias-naturais\/wp-content\/uploads\/sites\/4\/2021\/12\/CALENDARIO-ACADEMICO-POS-GRADUACAO-2019-2.pdf\" target=\"_blank\" rel=\"noopener\">CALENDARIO-ACADEMICO P\u00d3S-GRADUA\u00c7\u00c3O-2019-2<\/a><\/span><\/p>\n<p><span style=\"color: #000000\"><a style=\"color: #000000\" href=\"https:\/\/uenf.br\/posgraduacao\/ciencias-naturais\/wp-content\/uploads\/sites\/4\/2021\/12\/CALENDARIO-ACADEMICO-POS-GRADUACAO-2019-1.pdf\" target=\"_blank\" rel=\"noopener\">CALENDARIO-ACAD\u00caMICO P\u00d3S-GRADUA\u00c7\u00c3O-2019-1<\/a><\/span><\/p>\n<p><span style=\"color: #000000\"><a style=\"color: #000000\" href=\"https:\/\/uenf.br\/posgraduacao\/ciencias-naturais\/wp-content\/uploads\/sites\/4\/2021\/12\/CALENDARIO-ACADEMICO-POS-GRADUACAO-2018-1-e-2018-2.pdf\" target=\"_blank\" rel=\"noopener\">CALENDARIO-ACAD\u00caMICO P\u00d3S-GRADUA\u00c7\u00c3O-2018-1 e 2018-2<\/a><\/span><\/p>\n<p><span style=\"color: #000000\"><a style=\"color: #000000\" href=\"https:\/\/uenf.br\/posgraduacao\/ciencias-naturais\/wp-content\/uploads\/sites\/4\/2021\/12\/CALENDARIO-ACADEMICO-POS-GRADUACAO-2017-2-1.pdf\" target=\"_blank\" rel=\"noopener\">CALENDARIO-ACAD\u00caMICO P\u00d3S-GRADUA\u00c7\u00c3O-2017-2<\/a><\/span><\/p>\n<p>&nbsp;<\/p>\n","protected":false},"excerpt":{"rendered":"<p>CALENDARIO-ACAD\u00caMICO P\u00d3S-GRADUA\u00c7\u00c3O-2025 CALENDARIO-ACAD\u00caMICO P\u00d3S-GRADUA\u00c7\u00c3O-2024-1 CALENDARIO-ACAD\u00caMICO P\u00d3S-GRADUA\u00c7\u00c3O-2023-2 CALEND\u00c1RIO-ACAD\u00caMICO P\u00d3S-GRADUA\u00c7\u00c3O-2023-1 CALEND\u00c1RIO-ACAD\u00caMICO P\u00d3S-GRADUA\u00c7\u00c3O-2022-2 CALENDARIO-ACAD\u00caMICO P\u00d3S-GRADUA\u00c7\u00c3O-2022-1 CALENDARIO-ACAD\u00caMICO P\u00d3S-GRADUA\u00c7\u00c3O-2021-2 CALENDARIO-ACAD\u00caMICO P\u00d3S-GRADUA\u00c7\u00c3O-2021-1 CALENDARIO-ACAD\u00caMICO P\u00d3S-GRADUA\u00c7\u00c3O-2020-1 CALENDARIO-ACADEMICO P\u00d3S-GRADUA\u00c7\u00c3O-2019-2&#8230;<\/p>\n","protected":false},"author":10,"featured_media":0,"parent":1558,"menu_order":31,"comment_status":"closed","ping_status":"closed","template":"","meta":{"footnotes":""},"class_list":["post-2067","page","type-page","status-publish","hentry"],"_links":{"self":[{"href":"https:\/\/uenf.br\/posgraduacao\/ciencias-naturais\/wp-json\/wp\/v2\/pages\/2067","targetHints":{"allow":["GET"]}}],"collection":[{"href":"https:\/\/uenf.br\/posgraduacao\/ciencias-naturais\/wp-json\/wp\/v2\/pages"}],"about":[{"href":"https:\/\/uenf.br\/posgraduacao\/ciencias-naturais\/wp-json\/wp\/v2\/types\/page"}],"author":[{"embeddable":true,"href":"https:\/\/uenf.br\/posgraduacao\/ciencias-naturais\/wp-json\/wp\/v2\/users\/10"}],"replies":[{"embeddable":true,"href":"https:\/\/uenf.br\/posgraduacao\/ciencias-naturais\/wp-json\/wp\/v2\/comments?post=2067"}],"version-history":[{"count":0,"href":"https:\/\/uenf.br\/posgraduacao\/ciencias-naturais\/wp-json\/wp\/v2\/pages\/2067\/revisions"}],"up":[{"embeddable":true,"href":"https:\/\/uenf.br\/posgraduacao\/ciencias-naturais\/wp-json\/wp\/v2\/pages\/1558"}],"wp:attachment":[{"href":"https:\/\/uenf.br\/posgraduacao\/ciencias-naturais\/wp-json\/wp\/v2\/media?parent=2067"}],"curies":[{"name":"wp","href":"https:\/\/api.w.org\/{rel}","templated":true}]}}