{"id":271,"date":"2014-07-31T17:47:53","date_gmt":"2014-07-31T17:47:53","guid":{"rendered":"http:\/\/uenf.br\/pos-graduacao\/ciencias-naturais\/?page_id=271"},"modified":"2025-09-29T19:58:38","modified_gmt":"2025-09-29T19:58:38","slug":"modelo-de-exame-de-qualificacao","status":"publish","type":"page","link":"https:\/\/uenf.br\/posgraduacao\/ciencias-naturais\/informacoes-academicas\/modelo-de-exame-de-qualificacao\/","title":{"rendered":"Exame de qualifica\u00e7\u00e3o de Doutorado"},"content":{"rendered":"<p>Prezado aluno de Doutorado<\/p>\n<p>Para solicitar o Exame de Qualifica\u00e7\u00e3o, o estudante deve preencher o formul\u00e1rio conforme modelo abaixo, e enviar para a Coordena\u00e7\u00e3o do PPGCN.\u00a0 Ap\u00f3s a homologa\u00e7\u00e3o da Banca Examinadora, a Coordena\u00e7\u00e3o do PPGCN ir\u00e1 entrar em contato com a banca indicada para que escolham entre os tr\u00eas t\u00edtulos sugeridos. \u00a0Ap\u00f3s a escolha do t\u00edtulo, o estudante ser\u00e1 informado e ter\u00e1 60 dias corridos para apresentar a parte escrita \u00e0 banca, e em 15 dias dever\u00e1 realizar a defesa da qualifica\u00e7\u00e3o. O orientador ser\u00e1 o presidente da banca. O dia marcado e hor\u00e1rio dever\u00e3o ser comunicados \u00e0 Coordena\u00e7\u00e3o para o registro do Exame de Qualifica\u00e7\u00e3o no Sistema Acad\u00eamico.<\/p>\n<p><a href=\"https:\/\/uenf.br\/posgraduacao\/ciencias-naturais\/wp-content\/uploads\/sites\/4\/2014\/07\/Requerimento-de-Exame-de-Qualifica\u00e7\u00e3o.doc\">Requerimento de Exame de Qualifica\u00e7\u00e3o<\/a><\/p>\n<p><a href=\"https:\/\/uenf.br\/posgraduacao\/ciencias-naturais\/wp-content\/uploads\/sites\/4\/2014\/07\/modelo-de-exame-de-qualifica\u00e7\u00e3o.pdf\">Modelo-de-exame de qualifica\u00e7\u00e3o<\/a><\/p>\n<p><a href=\"https:\/\/uenf.br\/posgraduacao\/ciencias-naturais\/wp-content\/uploads\/sites\/4\/2014\/07\/Resolu\u00e7\u00e3o-n\u00ba_6-2011-PPGCN.pdf\">Resolu\u00e7\u00e3o n\u00ba_6-2011 &#8211; PPGCN<\/a><\/p>\n","protected":false},"excerpt":{"rendered":"<p>Prezado aluno de Doutorado Para solicitar o Exame de Qualifica\u00e7\u00e3o, o estudante deve preencher o formul\u00e1rio conforme modelo abaixo, e&#8230;<\/p>\n","protected":false},"author":39,"featured_media":0,"parent":1558,"menu_order":37,"comment_status":"closed","ping_status":"closed","template":"","meta":{"footnotes":""},"class_list":["post-271","page","type-page","status-publish","hentry"],"_links":{"self":[{"href":"https:\/\/uenf.br\/posgraduacao\/ciencias-naturais\/wp-json\/wp\/v2\/pages\/271","targetHints":{"allow":["GET"]}}],"collection":[{"href":"https:\/\/uenf.br\/posgraduacao\/ciencias-naturais\/wp-json\/wp\/v2\/pages"}],"about":[{"href":"https:\/\/uenf.br\/posgraduacao\/ciencias-naturais\/wp-json\/wp\/v2\/types\/page"}],"author":[{"embeddable":true,"href":"https:\/\/uenf.br\/posgraduacao\/ciencias-naturais\/wp-json\/wp\/v2\/users\/39"}],"replies":[{"embeddable":true,"href":"https:\/\/uenf.br\/posgraduacao\/ciencias-naturais\/wp-json\/wp\/v2\/comments?post=271"}],"version-history":[{"count":0,"href":"https:\/\/uenf.br\/posgraduacao\/ciencias-naturais\/wp-json\/wp\/v2\/pages\/271\/revisions"}],"up":[{"embeddable":true,"href":"https:\/\/uenf.br\/posgraduacao\/ciencias-naturais\/wp-json\/wp\/v2\/pages\/1558"}],"wp:attachment":[{"href":"https:\/\/uenf.br\/posgraduacao\/ciencias-naturais\/wp-json\/wp\/v2\/media?parent=271"}],"curies":[{"name":"wp","href":"https:\/\/api.w.org\/{rel}","templated":true}]}}