{"id":2722,"date":"2020-05-30T13:47:02","date_gmt":"2020-05-30T13:47:02","guid":{"rendered":"http:\/\/uenf.br\/posgraduacao\/ciencias-naturais\/?page_id=2722"},"modified":"2023-06-15T14:25:51","modified_gmt":"2023-06-15T14:25:51","slug":"2722-2","status":"publish","type":"page","link":"https:\/\/uenf.br\/posgraduacao\/ciencias-naturais\/2722-2\/","title":{"rendered":"EVENTOS E NOT\u00cdCIAS"},"content":{"rendered":"<p><span style=\"color: #000000\">Para saber mais acesse os links<\/span><\/p>\n<p><span style=\"color: #000080\"><strong>JUNHO &#8211; 2023<\/strong><\/span><\/p>\n<pre><a href=\"https:\/\/uenf.br\/posgraduacao\/ciencias-naturais\/2722-2\/vii-congresso-fluminense-de-pos-graduacao-conpg-2023\/\"><span style=\"color: #000000\">VII Congresso Fluminense de P\u00f3s-Gradua\u00e7\u00e3o (CONPG-2023)\r\n<\/span><span style=\"color: #000000\">XV congresso Fluminense de Inicia\u00e7\u00e3o Cient\u00edfica e Te<\/span><span style=\"color: #000000\">cnol\u00f3gica (CONFICT-2023)<\/span><\/a>\r\n<span style=\"color: #000000\">De 23 A 30\/06\/2023 - Centro de Conven\u00e7\u00f5es da UENF - Campos dos Goytacazes - RJ - Brasil\r\n<\/span><\/pre>\n","protected":false},"excerpt":{"rendered":"<p>Para saber mais acesse os links JUNHO &#8211; 2023 VII Congresso Fluminense de P\u00f3s-Gradua\u00e7\u00e3o (CONPG-2023) XV congresso Fluminense de Inicia\u00e7\u00e3o&#8230;<\/p>\n","protected":false},"author":10,"featured_media":0,"parent":0,"menu_order":110,"comment_status":"closed","ping_status":"closed","template":"","meta":{"footnotes":""},"class_list":["post-2722","page","type-page","status-publish","hentry"],"_links":{"self":[{"href":"https:\/\/uenf.br\/posgraduacao\/ciencias-naturais\/wp-json\/wp\/v2\/pages\/2722","targetHints":{"allow":["GET"]}}],"collection":[{"href":"https:\/\/uenf.br\/posgraduacao\/ciencias-naturais\/wp-json\/wp\/v2\/pages"}],"about":[{"href":"https:\/\/uenf.br\/posgraduacao\/ciencias-naturais\/wp-json\/wp\/v2\/types\/page"}],"author":[{"embeddable":true,"href":"https:\/\/uenf.br\/posgraduacao\/ciencias-naturais\/wp-json\/wp\/v2\/users\/10"}],"replies":[{"embeddable":true,"href":"https:\/\/uenf.br\/posgraduacao\/ciencias-naturais\/wp-json\/wp\/v2\/comments?post=2722"}],"version-history":[{"count":0,"href":"https:\/\/uenf.br\/posgraduacao\/ciencias-naturais\/wp-json\/wp\/v2\/pages\/2722\/revisions"}],"wp:attachment":[{"href":"https:\/\/uenf.br\/posgraduacao\/ciencias-naturais\/wp-json\/wp\/v2\/media?parent=2722"}],"curies":[{"name":"wp","href":"https:\/\/api.w.org\/{rel}","templated":true}]}}