{"id":2730,"date":"2020-05-30T18:22:26","date_gmt":"2020-05-30T18:22:26","guid":{"rendered":"http:\/\/uenf.br\/posgraduacao\/ciencias-naturais\/?page_id=2730"},"modified":"2023-03-26T17:21:08","modified_gmt":"2023-03-26T17:21:08","slug":"avaliacoes-externas-e-autoavaliacao","status":"publish","type":"page","link":"https:\/\/uenf.br\/posgraduacao\/ciencias-naturais\/avaliacoes-externas-e-autoavaliacao\/","title":{"rendered":"AVALIA\u00c7\u00d5ES EXTERNAS E AUTOAVALIA\u00c7\u00c3O"},"content":{"rendered":"<p id=\"yui_3_17_2_1_1590862943746_1576\"><span style=\"color: #000000\"><strong>AVALIA\u00c7\u00c3O EXTERNA DO PGCN &#8211; CAPES<\/strong><\/span><\/p>\n<p><span style=\"color: #000000\">A avalia\u00e7\u00e3o da P\u00f3s-Gradua\u00e7\u00e3o <em>Stricto Sensu<\/em> \u00e9 feita de acordo com as diretrizes da <a style=\"color: #000000\" href=\"https:\/\/uenf.br\/posgraduacao\/ciencias-naturais\/wp-content\/uploads\/sites\/4\/2023\/03\/Portaria-MEC-no-321-de-05-de-Abril-de-2018.pdf\">Portaria MEC n\u00ba 321, de 05 de Abril de 2018<\/a>.<br \/>\n<\/span><\/p>\n<p id=\"yui_3_17_2_1_1590862943746_1555\"><span style=\"color: #000000\">O sistema de avalia\u00e7\u00e3o da CAPES \u00e9 composto atualmente por 49 \u00e1reas de avalia\u00e7\u00e3o agregadas em dois n\u00edveis: 1- Col\u00e9gios (<a style=\"color: #000000\" href=\"https:\/\/uenf.br\/posgraduacao\/ciencias-naturais\/wp-content\/uploads\/sites\/4\/2023\/03\/Portaria-CAPES-no-194-de-27-de-Agosto-de-2019.pdf\">Portaria CAPES n\u00ba 194, de 27 de Agosto de 2019<\/a>) e 2 &#8211; Grandes \u00c1reas. O Programa de P\u00f3s-Gradua\u00e7\u00e3o em Ci\u00eancias Naturais &#8211; PGCN atualmente est\u00e1 credenciado junto \u00e0 CAPES no <a style=\"color: #000000\" href=\"https:\/\/www.gov.br\/capes\/pt-br\/acesso-a-informacao\/acoes-e-programas\/avaliacao\/sobre-a-avaliacao\/areas-avaliacao\/sobre-as-areas-de-avaliacao\/colegio-de-ciencias-exatas-tecnologicas-e-multidisciplinar\" target=\"_blank\" rel=\"noopener\">Col\u00e9gio de Ci\u00eancias Exatas, Tecnol\u00f3gicas e Multidisciplinar<\/a> que compreende as grandes \u00e1reas: Ci\u00eancias Exatas e da Terra, Engenharias e Multidisciplinar.\u00a0 Sua avalia\u00e7\u00e3o externa \u00e9 feita dentro da grande \u00e1rea de avalia\u00e7\u00e3o <a href=\"https:\/\/www.gov.br\/capes\/pt-br\/acesso-a-informacao\/acoes-e-programas\/avaliacao\/sobre-a-avaliacao\/areas-avaliacao\/sobre-as-areas-de-avaliacao\/colegio-de-ciencias-exatas-tecnologicas-e-multidisciplinar\/multidisciplinar\" target=\"_blank\" rel=\"noopener\"><span style=\"color: #000000\">MULTIDISCIPLINAR<\/span><\/a>, \u00e1rea <a href=\"https:\/\/www.gov.br\/capes\/pt-br\/acesso-a-informacao\/acoes-e-programas\/avaliacao\/sobre-a-avaliacao\/areas-avaliacao\/sobre-as-areas-de-avaliacao\/colegio-de-ciencias-exatas-tecnologicas-e-multidisciplinar\/multidisciplinar\/interdisciplinar\" target=\"_blank\" rel=\"noopener\"><span style=\"color: #000000\">INTERDISCIPLINA<\/span>R<\/a> &#8211; C\u00e2mara III &#8211; Engenharias Tecnologias e Gest\u00e3o.<\/span><\/p>\n<p><a href=\"https:\/\/uenf.br\/posgraduacao\/ciencias-naturais\/avaliacoes-externas-e-autoavaliacao\/avaliacoes-externas\" target=\"_blank\" rel=\"noopener\"><span style=\"color: #000000\">SAIBA MAIS SOBRE AS AVALIA\u00c7\u00d5ES EXTERNAS DO PPGCN&#8230;..<\/span><\/a><\/p>\n<p><span style=\"color: #000000\"><strong>AUTOAVALIA\u00c7\u00c3O DO PGCN<\/strong><\/span><\/p>\n<p><span style=\"color: #000000\">Em\u00a0 2021 os programas de p\u00f3s-gradua\u00e7\u00e3o iniciaram seus sistemas de autoavalia\u00e7\u00e3o com base no\u00a0 relat\u00f3rio do <a style=\"color: #000000\" href=\"https:\/\/www.gov.br\/capes\/pt-br\/centrais-de-conteudo\/10062019-autoavaliacao-de-programas-de-pos-graduacao-pdf\" target=\"_blank\" rel=\"noopener\">GT de Autoavalia\u00e7\u00e3o de Programas de P\u00f3s-Gradua\u00e7\u00e3o<\/a>. O GT apresentou uma proposta de sistem\u00e1tica de autoavalia\u00e7\u00e3o no \u00e2mbito dos programas de p\u00f3s-gradua\u00e7\u00e3o, com a inten\u00e7\u00e3o de se tornar um componente relevante para a avalia\u00e7\u00e3o realizada pela CAPES.<\/span><\/p>\n<p><a href=\"https:\/\/uenf.br\/posgraduacao\/ciencias-naturais\/avaliacoes-externas-e-autoavaliacao\/autoavaliacoes-do-ppgcn\/\" target=\"_blank\" rel=\"noopener\"><span style=\"color: #000000\">SAIBA MAIS SOBRE AS AUTOAVALIA\u00c7\u00d5ES\u00a0 DO PPGCN&#8230;..<\/span><\/a><\/p>\n<p>&nbsp;<\/p>\n","protected":false},"excerpt":{"rendered":"<p>AVALIA\u00c7\u00c3O EXTERNA DO PGCN &#8211; CAPES A avalia\u00e7\u00e3o da P\u00f3s-Gradua\u00e7\u00e3o Stricto Sensu \u00e9 feita de acordo com as diretrizes da&#8230;<\/p>\n","protected":false},"author":10,"featured_media":0,"parent":0,"menu_order":96,"comment_status":"closed","ping_status":"closed","template":"","meta":{"footnotes":""},"class_list":["post-2730","page","type-page","status-publish","hentry"],"_links":{"self":[{"href":"https:\/\/uenf.br\/posgraduacao\/ciencias-naturais\/wp-json\/wp\/v2\/pages\/2730","targetHints":{"allow":["GET"]}}],"collection":[{"href":"https:\/\/uenf.br\/posgraduacao\/ciencias-naturais\/wp-json\/wp\/v2\/pages"}],"about":[{"href":"https:\/\/uenf.br\/posgraduacao\/ciencias-naturais\/wp-json\/wp\/v2\/types\/page"}],"author":[{"embeddable":true,"href":"https:\/\/uenf.br\/posgraduacao\/ciencias-naturais\/wp-json\/wp\/v2\/users\/10"}],"replies":[{"embeddable":true,"href":"https:\/\/uenf.br\/posgraduacao\/ciencias-naturais\/wp-json\/wp\/v2\/comments?post=2730"}],"version-history":[{"count":0,"href":"https:\/\/uenf.br\/posgraduacao\/ciencias-naturais\/wp-json\/wp\/v2\/pages\/2730\/revisions"}],"wp:attachment":[{"href":"https:\/\/uenf.br\/posgraduacao\/ciencias-naturais\/wp-json\/wp\/v2\/media?parent=2730"}],"curies":[{"name":"wp","href":"https:\/\/api.w.org\/{rel}","templated":true}]}}