{"id":2737,"date":"2020-06-29T16:29:10","date_gmt":"2020-06-29T16:29:10","guid":{"rendered":"http:\/\/uenf.br\/posgraduacao\/ciencias-naturais\/?page_id=2737"},"modified":"2025-09-01T14:11:20","modified_gmt":"2025-09-01T14:11:20","slug":"calendario-de-reunioes-ccpgcn","status":"publish","type":"page","link":"https:\/\/uenf.br\/posgraduacao\/ciencias-naturais\/apresentacao\/calendario-de-reunioes-ccpgcn\/","title":{"rendered":"Calend\u00e1rios e Atas das Reuni\u00f5es da CCPPGCN"},"content":{"rendered":"<h2><strong>CALEND\u00c1RIO DE REUNI\u00d5ES DA CCPPGCN &#8211; 2025<\/strong><\/h2>\n<p><a href=\"https:\/\/uenf.br\/posgraduacao\/ciencias-naturais\/wp-content\/uploads\/sites\/4\/2025\/09\/Calendario-de-Reunioes-da-Comissao-Coordenadora-do-PPGCN.pdf\">Calend\u00e1rio de Reuni\u00f5es da Comiss\u00e3o Coordenadora do PPGCN<\/a><\/p>\n<h2><strong>ATAS DE REUNI\u00d5ES CCPPGCN &#8211; 2025<\/strong><\/h2>\n<p>&nbsp;<\/p>\n<h2><strong>ATAS DE REUNI\u00d5ES CCPPGCN &#8211; 2024<\/strong><\/h2>\n<p><a href=\"https:\/\/uenf.br\/posgraduacao\/ciencias-naturais\/wp-content\/uploads\/sites\/4\/2025\/01\/SEI_71433479_Ata_de_Reuniao_Interna.pdf\">Ata da Reuni\u00e3o 01 &#8211; CCPPGCN &#8211; 27 02 2024 &#8211; SEI-RJ 71433479<\/a><\/p>\n<p><a href=\"https:\/\/uenf.br\/posgraduacao\/ciencias-naturais\/wp-content\/uploads\/sites\/4\/2025\/01\/SEI_74508530_Ata_de_Reuniao_Interna.pdf\">Ata da Reuni\u00e3o 02 &#8211; CCPPGCN &#8211; 02 04 2024 &#8211; SEI-RJ 74508530<\/a><\/p>\n<p><a href=\"https:\/\/uenf.br\/posgraduacao\/ciencias-naturais\/wp-content\/uploads\/sites\/4\/2025\/01\/SEI_76687325_Ata_de_Reuniao_Interna.pdf\">Ata da Reuni\u00e3o 03 &#8211; CCPPGCN &#8211; 07 05 2024 &#8211; SEI-RJ 76687325<\/a><\/p>\n<p><a href=\"https:\/\/uenf.br\/posgraduacao\/ciencias-naturais\/wp-content\/uploads\/sites\/4\/2025\/01\/SEI_81711281_Ata_de_Reuniao_Interna.pdf\">Ata da Reuni\u00e3o 04 &#8211; CCPPGCN &#8211; 04 06 2024 &#8211; SEI-RJ 81711281<\/a><\/p>\n<p><a href=\"https:\/\/uenf.br\/posgraduacao\/ciencias-naturais\/wp-content\/uploads\/sites\/4\/2025\/01\/SEI_81713578_Ata_de_Reuniao_Interna.pdf\">Ata da Reuni\u00e3o 05 &#8211; CCPPGCN &#8211; 02 07 2024 &#8211; SEI-RJ 81713578<\/a><\/p>\n<p><a href=\"https:\/\/uenf.br\/posgraduacao\/ciencias-naturais\/wp-content\/uploads\/sites\/4\/2025\/01\/SEI_84994815_Ata_de_Reuniao_Interna.pdf\">Ata da Reuni\u00e3o 06 &#8211; CCPPGCN &#8211; 13 08 2024 &#8211; SEI-RJ 84994815<\/a><\/p>\n<p>Ata da Reuni\u00e3o 07 &#8211; CCPPGCN &#8211; 08 10 2024 &#8211; SEI-RJ<\/p>\n<p>Ata da Reuni\u00e3o 08 &#8211; CCPPGCN &#8211; 17 12 2024 &#8211; SEI-RJ<\/p>\n<h2><strong>CALEND\u00c1RIO DE REUNI\u00d5ES DA CCPPGCN &#8211; 2023<br \/>\n<\/strong><\/h2>\n<p><a href=\"https:\/\/uenf.br\/posgraduacao\/ciencias-naturais\/wp-content\/uploads\/sites\/4\/2023\/02\/Calendario-de-reunioes-CCPPGCN-Janeiro-a-dezembro-2023.pdf\">Calend\u00e1rio de reuni\u00f5es CCPPGCN &#8211; Janeiro a dezembro-2023<\/a><\/p>\n<h2><strong>ATAS DE REUNI\u00d5ES CCPPGCN &#8211; 2023<\/strong><\/h2>\n<p><a href=\"https:\/\/uenf.br\/posgraduacao\/ciencias-naturais\/wp-content\/uploads\/sites\/4\/2023\/10\/Ata-da-Reuniao-01-CCPPGCN-07-02-2023-SEI-RJ-48661863-1.pdf\">Ata da Reuni\u00e3o 01 &#8211; CCPPGCN &#8211; 07 02 2023 &#8211; SEI-RJ 48661863<\/a><\/p>\n<p><a href=\"https:\/\/uenf.br\/posgraduacao\/ciencias-naturais\/wp-content\/uploads\/sites\/4\/2023\/10\/Ata-da-Reuniao-02-CCPPGCN-21-03-2023-SEI-RJ-50051758-1.pdf\">Ata da Reuni\u00e3o 02 &#8211; CCPPGCN &#8211; 21 03 2023 &#8211; SEI-RJ 50051758<\/a><\/p>\n<p><a href=\"https:\/\/uenf.br\/posgraduacao\/ciencias-naturais\/wp-content\/uploads\/sites\/4\/2023\/10\/Ata-da-Reuniao-03-CCPPGCN-25-04-2023-SEI-RJ-51288312-1.pdf\">Ata da Reuni\u00e3o 03- CCPPGCN &#8211; 25 04 2023 &#8211; SEI-RJ 51288312<\/a><\/p>\n<p><a href=\"https:\/\/uenf.br\/posgraduacao\/ciencias-naturais\/wp-content\/uploads\/sites\/4\/2023\/10\/Ata-da-Reuniao-04-CCPPGCN-30-05-2023-SEI-RJ-53225854-1.pdf\">Ata da Reuni\u00e3o 04- CCPPGCN &#8211; 30 05 2023 &#8211; SEI-RJ 53225854<\/a><\/p>\n<p><a href=\"https:\/\/uenf.br\/posgraduacao\/ciencias-naturais\/wp-content\/uploads\/sites\/4\/2023\/10\/Ata-da-Reuniao-05-CCPPGCN-20-06-2023-SEI-RJ-55173650-1.pdf\">Ata da Reuni\u00e3o 05- CCPPGCN &#8211; 20 06 2023 &#8211; SEI-RJ 55173650<\/a><\/p>\n<p><a href=\"https:\/\/uenf.br\/posgraduacao\/ciencias-naturais\/wp-content\/uploads\/sites\/4\/2023\/10\/Ata-da-Reuniao-06-CCPPGCN-11-07-2023-SEI-RJ-58030671-1.pdf\">Ata da Reuni\u00e3o 06- CCPPGCN &#8211; 11 07 2023 &#8211; SEI-RJ 58030671<\/a><\/p>\n<p><a href=\"https:\/\/uenf.br\/posgraduacao\/ciencias-naturais\/wp-content\/uploads\/sites\/4\/2023\/10\/Ata-da-Reuniao-07-CCPPGCN-22-08-2023-SEI-RJ-59680863-1.pdf\">Ata da Reuni\u00e3o 07- CCPPGCN &#8211; 22 08 2023 &#8211; SEI-RJ 59680863<\/a><\/p>\n<p><a href=\"https:\/\/uenf.br\/posgraduacao\/ciencias-naturais\/wp-content\/uploads\/sites\/4\/2024\/04\/Ata-de-Reuniao-08-CCPPGCN-21-09-2023-SEI-RJ-60227227.pdf\">Ata de Reuni\u00e3o 08 &#8211; CCPPGCN &#8211; 21 09 2023 &#8211; SEI RJ 60227227<\/a><\/p>\n<p><a href=\"https:\/\/uenf.br\/posgraduacao\/ciencias-naturais\/wp-content\/uploads\/sites\/4\/2024\/04\/Ata-de-Reuniao-09-CCPPGCN-07-11-2023-SEI-RJ-63633615.pdf\">Ata de Reuni\u00e3o 09 &#8211; CCPPGCN &#8211; 07 11 2023 &#8211; SEI RJ 63633615<\/a><\/p>\n<p><a href=\"https:\/\/uenf.br\/posgraduacao\/ciencias-naturais\/wp-content\/uploads\/sites\/4\/2024\/04\/Ata-de-Reuniao-10-CCPPGCN-12-12-2023-SEI-RJ-70193653.pdf\">Ata de Reuni\u00e3o 10 &#8211; CCPPGCN &#8211; 12 12 2023 &#8211; SEI RJ 70193653<\/a><\/p>\n<p><a href=\"https:\/\/uenf.br\/posgraduacao\/ciencias-naturais\/wp-content\/uploads\/sites\/4\/2024\/04\/Ata-de-Reuniao-11-CCPPGCN-18-12-2023-SEI-RJ-70195624.pdf\">Ata de Reuni\u00e3o 11 &#8211; CCPPGCN &#8211; 18 12 2023 &#8211; SEI RJ 70195624<\/a><\/p>\n<h2><strong>CALEND\u00c1RIO DE REUNI\u00d5ES DA CCPPGCN &#8211; 2022<\/strong><\/h2>\n<p><a href=\"https:\/\/uenf.br\/posgraduacao\/ciencias-naturais\/wp-content\/uploads\/sites\/4\/2022\/02\/Calendario-de-reunioes-CCPPGCN-Janeiro-a-dezembro-2022.pdf\">Calend\u00e1rio de reuni\u00f5es CCPPGCN &#8211; Janeiro a dezembro-2022<\/a><\/p>\n<h2><strong>ATAS DE REUNI\u00d5ES CCPPGCN &#8211; 2022<\/strong><\/h2>\n<p><a href=\"https:\/\/uenf.br\/posgraduacao\/ciencias-naturais\/wp-content\/uploads\/sites\/4\/2023\/02\/Ata-Reuniao-CCPPGCN-012-2022-de-20-12-22-SEI_ERJ-46703324.pdf\">Ata Reuni\u00e3o CCPPGCN 012-2022 de 20-12-22-SEI_ERJ &#8211; 46703324<\/a><\/p>\n<p><a href=\"https:\/\/uenf.br\/posgraduacao\/ciencias-naturais\/wp-content\/uploads\/sites\/4\/2023\/02\/Ata-Reuniao-CCPPGCN-012-2022-de-20-12-22-SEI_ERJ-46720740-anexo-1.pdf\">Ata Reuni\u00e3o CCPPGCN 012-2022 de 20-12-22-SEI_ERJ &#8211; 46720740-anexo 1<\/a><\/p>\n<p><a href=\"https:\/\/uenf.br\/posgraduacao\/ciencias-naturais\/wp-content\/uploads\/sites\/4\/2023\/02\/Ata-Reuniao-CCPPGCN-011-2022-de-22-11-22-SEI_ERJ-43654883.pdf\">Ata Reuni\u00e3o CCPPGCN 011-2022 de 22-11-22-SEI_ERJ &#8211; 43654883<\/a><\/p>\n<p><a href=\"https:\/\/uenf.br\/posgraduacao\/ciencias-naturais\/wp-content\/uploads\/sites\/4\/2023\/02\/Ata-Reuniao-CCPPGCN-011-2022-de-22-11-22-SEI_ERJ-43663932-Anexo-1.pdf\">Ata Reuni\u00e3o CCPPGCN 011-2022 de 22-11-22-SEI_ERJ &#8211; 43663932-Anexo 1<\/a><\/p>\n<p><a href=\"https:\/\/uenf.br\/posgraduacao\/ciencias-naturais\/wp-content\/uploads\/sites\/4\/2023\/02\/Ata-Reuniao-CCPPGCN-010-2022-de-04-11-22-SEI_ERJ-42538435.pdf\">Ata Reuni\u00e3o CCPPGCN 010-2022 de 04-11-22-SEI_ERJ &#8211; 42538435<\/a><\/p>\n<p><a href=\"https:\/\/uenf.br\/posgraduacao\/ciencias-naturais\/wp-content\/uploads\/sites\/4\/2023\/02\/Ata-Reuniao-CCPPGCN-010-2022-de-04-11-22-SEI_ERJ-42538435-Anexo-1.pdf\">Ata Reuni\u00e3o CCPPGCN 010-2022 de 04-11-22-SEI_ERJ &#8211; 42538435-Anexo 1<\/a><\/p>\n<p><a href=\"https:\/\/uenf.br\/posgraduacao\/ciencias-naturais\/wp-content\/uploads\/sites\/4\/2023\/02\/Ata-Reuniao-CCPPGCN-010-2022-de-04-11-22-SEI_ERJ-42538435-Anexo-2.pdf\">Ata Reuni\u00e3o CCPPGCN 010-2022 de 04-11-22-SEI_ERJ &#8211; 42538435-Anexo 2<\/a><\/p>\n<p><a href=\"https:\/\/uenf.br\/posgraduacao\/ciencias-naturais\/wp-content\/uploads\/sites\/4\/2023\/02\/Ata-Reuniao-CCPPGCN-009-2022-de-18-10-22-SEI_ERJ-41531576.pdf\">Ata Reuni\u00e3o CCPPGCN 009-2022 de 18-10-22-SEI_ERJ &#8211; 41531576<\/a><\/p>\n<p><a href=\"https:\/\/uenf.br\/posgraduacao\/ciencias-naturais\/wp-content\/uploads\/sites\/4\/2023\/02\/Ata-Reuniao-CCPPGCN-008-2022-de-27-09-22-SEI_ERJ-40890239.pdf\">Ata Reuni\u00e3o CCPPGCN 008-2022 de 27-09-22-SEI_ERJ &#8211; 40890239<\/a><\/p>\n<p><a href=\"https:\/\/uenf.br\/posgraduacao\/ciencias-naturais\/wp-content\/uploads\/sites\/4\/2023\/02\/Ata-Reuniao-CCPPGCN-008-2022-de-27-09-22-SEI_ERJ-40931110-Anexo-1.pdf\">Ata Reuni\u00e3o CCPPGCN 008-2022 de 27-09-22-SEI_ERJ &#8211; 40931110-Anexo 1<\/a><\/p>\n<p><a href=\"https:\/\/uenf.br\/posgraduacao\/ciencias-naturais\/wp-content\/uploads\/sites\/4\/2023\/02\/Ata-Reuniao-CCPPGCN-007-2022-de-23-08-22-SEI_ERJ-39007135.pdf\">Ata Reuni\u00e3o CCPPGCN 007-2022 de 23-08-22-SEI_ERJ &#8211; 39007135<\/a><\/p>\n<p><a href=\"https:\/\/uenf.br\/posgraduacao\/ciencias-naturais\/wp-content\/uploads\/sites\/4\/2023\/02\/Ata-Reuniao-CCPPGCN-007-2022-de-23-08-22-SEI_ERJ-39279629-Anexo-1.pdf\">Ata Reuni\u00e3o CCPPGCN 007-2022 de 23-08-22-SEI_ERJ &#8211; 39279629-Anexo 1<\/a><\/p>\n<p><a href=\"https:\/\/uenf.br\/posgraduacao\/ciencias-naturais\/wp-content\/uploads\/sites\/4\/2022\/09\/Ata-Reuniao-CCPPGCN-006-2022-de-12-07-22-SEI_ERJ-37417945.pdf\" target=\"_blank\" rel=\"noopener\">Ata Reuni\u00e3o CCPPGCN 006-2022 de 12-07-22-SEI_ERJ &#8211; 37417945<\/a><\/p>\n<p><a href=\"https:\/\/uenf.br\/posgraduacao\/ciencias-naturais\/wp-content\/uploads\/sites\/4\/2022\/09\/Ata-Reuniao-CCPPGCN-006-2022-de-12-07-22-SEI_ERJ-37417945-Anexo-1.pdf\" target=\"_blank\" rel=\"noopener\">Ata Reuni\u00e3o CCPPGCN 006-2022 de 12-07-22-SEI_ERJ &#8211; 37417945-Anexo-1<\/a><\/p>\n<p><a href=\"https:\/\/uenf.br\/posgraduacao\/ciencias-naturais\/wp-content\/uploads\/sites\/4\/2022\/09\/Ata-Reuniao-CCPPGCN-005-2022-de-17-05-22-SEI_ERJ-33481019.pdf\" target=\"_blank\" rel=\"noopener\">Ata Reuni\u00e3o CCPPGCN 005-2022 de 17-05-22-SEI_ERJ &#8211; 33481019<\/a><\/p>\n<p><a href=\"https:\/\/uenf.br\/posgraduacao\/ciencias-naturais\/wp-content\/uploads\/sites\/4\/2022\/09\/Ata-Reuniao-CCPPGCN-004-2022-de-19-04-22-SEI_ERJ-32404812.pdf\" target=\"_blank\" rel=\"noopener\">Ata Reuni\u00e3o CCPPGCN 004-2022 de 19-04-22-SEI_ERJ &#8211; 32404812<\/a><\/p>\n<p><a href=\"https:\/\/uenf.br\/posgraduacao\/ciencias-naturais\/wp-content\/uploads\/sites\/4\/2022\/09\/Ata-Reuniao-CCPPGCN-004-2022-de-19-04-22-SEI_ERJ-32404812-Anexo-1.pdf\" target=\"_blank\" rel=\"noopener\">Ata Reuni\u00e3o CCPPGCN 004-2022 de 19-04-22-SEI_ERJ &#8211; 32404812-Anexo-1<\/a><\/p>\n<p><a href=\"https:\/\/uenf.br\/posgraduacao\/ciencias-naturais\/wp-content\/uploads\/sites\/4\/2022\/09\/Ata-Reuniao-CCPPGCN-004-2022-de-19-04-22-SEI_ERJ-32404812-Anexo-2.pdf\" target=\"_blank\" rel=\"noopener\">Ata Reuni\u00e3o CCPPGCN 004-2022 de 19-04-22-SEI_ERJ &#8211; 32404812-Anexo-2<\/a><\/p>\n<p><a href=\"https:\/\/uenf.br\/posgraduacao\/ciencias-naturais\/wp-content\/uploads\/sites\/4\/2022\/09\/Ata-Reuniao-CCPPGCN-004-2022-de-19-04-22-SEI_ERJ-32404812-Anexo-3.pdf\" target=\"_blank\" rel=\"noopener\">Ata Reuni\u00e3o CCPPGCN 004-2022 de 19-04-22-SEI_ERJ &#8211; 32404812-Anexo-3<\/a><\/p>\n<p><a href=\"https:\/\/uenf.br\/posgraduacao\/ciencias-naturais\/wp-content\/uploads\/sites\/4\/2022\/09\/Ata-Reuniao-CCPPGCN-003-2022-de-22-03-22-SEI_ERJ-30991618.pdf\" target=\"_blank\" rel=\"noopener\">Ata Reuni\u00e3o CCPPGCN 003-2022 de 22-03-22-SEI_ERJ &#8211; 30991618<\/a><\/p>\n<p><a href=\"https:\/\/uenf.br\/posgraduacao\/ciencias-naturais\/wp-content\/uploads\/sites\/4\/2022\/09\/Ata-Reuniao-CCPPGCN-002-2022-de-15-02-22-SEI_ERJ-30035242.pdf\" target=\"_blank\" rel=\"noopener\">Ata Reuni\u00e3o CCPPGCN 002-2022 de 15-02-22-SEI_ERJ &#8211; 30035242<\/a><\/p>\n<p><a href=\"https:\/\/uenf.br\/posgraduacao\/ciencias-naturais\/wp-content\/uploads\/sites\/4\/2022\/09\/Ata-Reuniao-CCPPGCN-002-2022-de-15-02-22-SEI_ERJ-30035242-Anexo-1.pdf\" target=\"_blank\" rel=\"noopener\">Ata Reuni\u00e3o CCPPGCN 002-2022 de 15-02-22-SEI_ERJ &#8211; 30035242-Anexo-1<\/a><\/p>\n<p><a href=\"https:\/\/uenf.br\/posgraduacao\/ciencias-naturais\/wp-content\/uploads\/sites\/4\/2022\/09\/Ata-Reuniao-CCPPGCN-002-2022-de-15-02-22-SEI_ERJ-30035242-Anexo-2.pdf\" target=\"_blank\" rel=\"noopener\">Ata Reuni\u00e3o CCPPGCN 002-2022 de 15-02-22-SEI_ERJ &#8211; 30035242-Anexo-2<\/a><\/p>\n<p><a href=\"https:\/\/uenf.br\/posgraduacao\/ciencias-naturais\/wp-content\/uploads\/sites\/4\/2022\/09\/Ata-Reuniao-CCPPGCN-001-2022-de-18-01-22-SEI_ERJ-28182262.pdf\" target=\"_blank\" rel=\"noopener\">Ata Reuni\u00e3o CCPPGCN 001-2022 de 18-01-22-SEI_ERJ &#8211; 28182262<\/a><\/p>\n<h2>CALEND\u00c1RIO DE REUNI\u00d5ES DA CCPPGCN \u2013\u00a0 2021<\/h2>\n<p><a href=\"https:\/\/uenf.br\/posgraduacao\/ciencias-naturais\/wp-content\/uploads\/sites\/4\/2021\/01\/Calendario-de-reunioes-CCPPGCN-Janeiro-a-dezembro-2021-divulgacao-ascom.pdf\" target=\"_blank\" rel=\"noopener\">Calend\u00e1rio de reuni\u00f5es CCPPGCN &#8211; Janeiro a dezembro-2021<\/a><\/p>\n<h2><strong>ATAS DE REUNI\u00d5ES CCPPGCN &#8211; 2021<\/strong><\/h2>\n<p><a href=\"https:\/\/uenf.br\/posgraduacao\/ciencias-naturais\/wp-content\/uploads\/sites\/4\/2022\/02\/Ata-Reuniao-CCPPGCN-023-2021-de-21-12-21-SEI-ERJ-27002627.pdf\">Ata Reuni\u00e3o CCPPGCN 023-2021 de 21-12-21-SEI-ERJ-27002627<\/a><\/p>\n<p><a href=\"https:\/\/uenf.br\/posgraduacao\/ciencias-naturais\/wp-content\/uploads\/sites\/4\/2022\/02\/Ata-Reuniao-CCPPGCN-022-2021-de-07-12-21-SEI-ERJ-26466872.pdf\">Ata Reuni\u00e3o CCPPGCN 022-2021 de 07-12-21-SEI-ERJ-26466872<\/a><\/p>\n<p><a href=\"https:\/\/uenf.br\/posgraduacao\/ciencias-naturais\/wp-content\/uploads\/sites\/4\/2022\/02\/Ata-Reuniao-CCPPGCN-021-2021-de-23-11-21-SEI-ERJ-25711074.pdf\">Ata Reuni\u00e3o CCPPGCN 021-2021 de 23-11-21-SEI-ERJ-25711074<\/a><\/p>\n<p><a href=\"https:\/\/uenf.br\/posgraduacao\/ciencias-naturais\/wp-content\/uploads\/sites\/4\/2022\/02\/Ata-Reuniao-CCPPGCN-020-2021-de-09-11-21-SEI-ERJ-25111798.pdf\">Ata Reuni\u00e3o CCPPGCN 020-2021 de 09-11-21-SEI-ERJ-25111798<\/a><\/p>\n<p><a href=\"https:\/\/uenf.br\/posgraduacao\/ciencias-naturais\/wp-content\/uploads\/sites\/4\/2022\/02\/Ata-Reuniao-CCPPGCN-019-2021-de-19-10-21-SEI-ERJ-23690409.pdf\">Ata Reuni\u00e3o CCPPGCN 019-2021 de 19-10-21-SEI-ERJ-23690409<\/a><\/p>\n<p><a href=\"https:\/\/uenf.br\/posgraduacao\/ciencias-naturais\/wp-content\/uploads\/sites\/4\/2022\/02\/Ata-Reuniao-Extraordinaria-CCPPGCN-001-2021-de-13-10-21-SEI-ERJ-23496960.pdf\">Ata Reuni\u00e3o Extraordin\u00e1ria CCPPGCN 001-2021 de 13-10-21-SEI-ERJ-23496960<\/a><\/p>\n<p><a href=\"https:\/\/uenf.br\/posgraduacao\/ciencias-naturais\/wp-content\/uploads\/sites\/4\/2022\/02\/Ata-Reuniao-CCPPGCN-018-2021-de-28-09-21-SEI-ERJ-23249494.pdf\">Ata Reuni\u00e3o CCPPGCN 018-2021 de 28-09-21-SEI-ERJ-23249494<\/a><\/p>\n<p><a href=\"https:\/\/uenf.br\/posgraduacao\/ciencias-naturais\/wp-content\/uploads\/sites\/4\/2022\/02\/Ata-Reuniao-CCPPGCN-017-2021-de-14-09-21-SEI-ERJ-22183186.pdf\">Ata Reuni\u00e3o CCPPGCN 017-2021 de 14-09-21-SEI-ERJ-22183186<\/a><\/p>\n<p><a href=\"https:\/\/uenf.br\/posgraduacao\/ciencias-naturais\/wp-content\/uploads\/sites\/4\/2022\/02\/Ata-Reuniao-CCPPGCN-016-2021-de-24-08-21-SEI-ERJ-22039548.pdf\">Ata Reuni\u00e3o CCPPGCN 016-2021 de 24-08-21-SEI-ERJ-22039548<\/a><\/p>\n<p><a href=\"https:\/\/uenf.br\/posgraduacao\/ciencias-naturais\/wp-content\/uploads\/sites\/4\/2022\/02\/Ata-Reuniao-CCPPGCN-015-2021-de-10-08-21-SEI-ERJ-21263420.pdf\">Ata Reuni\u00e3o CCPPGCN 015-2021 de 10-08-21-SEI-ERJ-21263420<\/a><\/p>\n<p><a href=\"https:\/\/uenf.br\/posgraduacao\/ciencias-naturais\/wp-content\/uploads\/sites\/4\/2022\/02\/Ata-Reuniao-CCPPGCN-014-2021-de-27-07-21-SEI-ERJ-21150334.pdf\">Ata Reuni\u00e3o CCPPGCN 014-2021 de 27-07-21-SEI-ERJ-21150334<\/a><\/p>\n<p><a href=\"https:\/\/uenf.br\/posgraduacao\/ciencias-naturais\/wp-content\/uploads\/sites\/4\/2022\/02\/Ata-Reuniao-CCPPGCN-013-2021-de-13-07-21-SEI-ERJ-19728966.pdf\">Ata Reuni\u00e3o CCPPGCN 013-2021 de 13-07-21-SEI-ERJ-19728966<\/a><\/p>\n<p><a href=\"https:\/\/uenf.br\/posgraduacao\/ciencias-naturais\/wp-content\/uploads\/sites\/4\/2022\/02\/Ata-Reuniao-CCPPGCN-012-2021-de-29-06-21-SEI-ERJ-19434379.pdf\">Ata Reuni\u00e3o CCPPGCN 012-2021 de 29-06-21-SEI-ERJ-19434379<\/a><\/p>\n<p><a href=\"https:\/\/uenf.br\/posgraduacao\/ciencias-naturais\/wp-content\/uploads\/sites\/4\/2022\/02\/Ata-Reuniao-CCPPGCN-011-2021-de-16-06-21-SEI-ERJ-18665646.pdf\">Ata Reuni\u00e3o CCPPGCN 011-2021 de 16-06-21-SEI-ERJ-18665646<\/a><\/p>\n<p><a href=\"https:\/\/uenf.br\/posgraduacao\/ciencias-naturais\/wp-content\/uploads\/sites\/4\/2022\/02\/Ata-Reuniao-CCPPGCN-010-2021-de-01-06-21-SEI-ERJ-18007833.pdf\">Ata Reuni\u00e3o CCPPGCN 010-2021 de 01-06-21-SEI-ERJ-18007833<\/a><\/p>\n<p><a href=\"https:\/\/uenf.br\/posgraduacao\/ciencias-naturais\/wp-content\/uploads\/sites\/4\/2022\/02\/Ata-Reuniao-CCPPGCN-009-2021-de-18-05-21-SEI-ERJ-17524025.pdf\">Ata Reuni\u00e3o CCPPGCN 009-2021 de 18-05-21-SEI-ERJ-17524025<\/a><\/p>\n<p><a href=\"https:\/\/uenf.br\/posgraduacao\/ciencias-naturais\/wp-content\/uploads\/sites\/4\/2022\/02\/Ata-Reuniao-CCPPGCN-008-2021-de-04-05-21-SEI-ERJ-16997000.pdf\">Ata Reuni\u00e3o CCPPGCN 008-2021 de 04-05-21-SEI-ERJ-16997000<\/a><\/p>\n<p><a href=\"https:\/\/uenf.br\/posgraduacao\/ciencias-naturais\/wp-content\/uploads\/sites\/4\/2022\/02\/Ata-Reuniao-CCPPGCN-007-2021-de-20-04-21-SEI-ERJ-16271157.pdf\">Ata Reuni\u00e3o CCPPGCN 007-2021 de 20-04-21-SEI-ERJ-16271157<\/a><\/p>\n<p><a href=\"https:\/\/uenf.br\/posgraduacao\/ciencias-naturais\/wp-content\/uploads\/sites\/4\/2022\/02\/Ata-Reuniao-CCPPGCN-006-2021-de-06-04-21-SEI-ERJ-15696176.pdf\">Ata Reuni\u00e3o CCPPGCN 006-2021 de 06-04-21-SEI-ERJ-15696176<\/a><\/p>\n<p><a href=\"https:\/\/uenf.br\/posgraduacao\/ciencias-naturais\/wp-content\/uploads\/sites\/4\/2022\/02\/Ata-Reuniao-CCPPGCN-005-2021-de-23-03-21-SEI-ERJ-15127570.pdf\">Ata Reuni\u00e3o CCPPGCN 005-2021 de 23-03-21-SEI-ERJ-15127570<\/a><\/p>\n<p><a href=\"https:\/\/uenf.br\/posgraduacao\/ciencias-naturais\/wp-content\/uploads\/sites\/4\/2022\/02\/Ata-Reuniao-CCPPGCN-004-2021-de-09-03-21-SEI-ERJ-14453676.pdf\">Ata Reuni\u00e3o CCPPGCN 004-2021 de 09-03-21-SEI-ERJ-14453676<\/a><\/p>\n<p><a href=\"https:\/\/uenf.br\/posgraduacao\/ciencias-naturais\/wp-content\/uploads\/sites\/4\/2022\/02\/Ata-Reuniao-CCPPGCN-003-2021-de-23-02-21-SEI-ERJ-14165721.pdf\">Ata Reuni\u00e3o CCPPGCN 003-2021 de 23-02-21-SEI-ERJ-14165721<\/a><\/p>\n<p><a href=\"https:\/\/uenf.br\/posgraduacao\/ciencias-naturais\/wp-content\/uploads\/sites\/4\/2021\/02\/Ata-Reuniao-CCPPGCN-002-2020-de-02-02-21-SEI-ERJ-13481248.pdf\">Ata Reuni\u00e3o CCPPGCN 002-2020 de 02-02-21-SEI-ERJ &#8211; 13481248<\/a><\/p>\n<p><a href=\"https:\/\/uenf.br\/posgraduacao\/ciencias-naturais\/wp-content\/uploads\/sites\/4\/2021\/02\/Ata-Reuniao-CCPPGCN-001-2020-de-19-01-21-SEI-ERJ-12702530.pdf\">Ata Reuni\u00e3o CCPPGCN 001-2020 de 19-01-21-SEI-ERJ-12702530<\/a><\/p>\n<h2><strong>ATAS DE REUNI\u00d5ES CCPPGCN &#8211; 2020<\/strong><\/h2>\n<p><a href=\"https:\/\/uenf.br\/posgraduacao\/ciencias-naturais\/wp-content\/uploads\/sites\/4\/2021\/02\/Ata-Reuniao-CCPPGCN-016-2020-de-15-12-20-SEI-ERJ-11868278-com-anexos.pdf\">Ata\u00a0 Reuni\u00e3o CCPPGCN 16-2020 de 15-12-20-SEI-ERJ &#8211; 11225296<\/a><\/p>\n<p><a href=\"https:\/\/uenf.br\/posgraduacao\/ciencias-naturais\/wp-content\/uploads\/sites\/4\/2020\/12\/Ata-Reuniao-CCPPGCN-015-2020-de-01-12-20-SEI-ERJ-11225296.pdf\" target=\"_blank\" rel=\"noopener\">Ata\u00a0 Reuni\u00e3o CCPPGCN 015-2020 de 01-12-20-SEI-ERJ &#8211; 11225296<\/a><\/p>\n<p><a href=\"https:\/\/uenf.br\/posgraduacao\/ciencias-naturais\/wp-content\/uploads\/sites\/4\/2020\/12\/Ata-Reuniao-CCPPGCN-014-2020-de-17-11-20-SEI-ERJ-10524972.pdf\" target=\"_blank\" rel=\"noopener\">Ata\u00a0 Reuni\u00e3o CCPPGCN 014-2020 de 17-11-20-SEI-ERJ &#8211; 10524972<\/a><\/p>\n<p><a href=\"https:\/\/uenf.br\/posgraduacao\/ciencias-naturais\/wp-content\/uploads\/sites\/4\/2020\/12\/Ata-Reuniao-CCPPGCN-013-2020-de-03-11-20-SEI-ERJ-10082920.pdf\" target=\"_blank\" rel=\"noopener\">Ata\u00a0 Reuni\u00e3o CCPPGCN 013-2020 de 03-11-20-SEI-ERJ &#8211; 10082920<\/a><\/p>\n<p><a href=\"https:\/\/uenf.br\/posgraduacao\/ciencias-naturais\/wp-content\/uploads\/sites\/4\/2020\/12\/Ata-Reuniao-CCPPGCN-012-2020-de-20-10-20-SEI-ERJ-9569482.pdf\" target=\"_blank\" rel=\"noopener\">Ata\u00a0 Reuni\u00e3o CCPPGCN 012-2020 de 20-10-20-SEI-ERJ &#8211; 9569482<\/a><\/p>\n<p><a href=\"https:\/\/uenf.br\/posgraduacao\/ciencias-naturais\/wp-content\/uploads\/sites\/4\/2020\/11\/Ata-Reuniao-CCPPGCN-011-2020-de-06-10-20-SEI-ERJ-9203822-.pdf\">Ata\u00a0 Reuni\u00e3o CCPPGCN 011-2020 de 06-10-20-SEI-ERJ &#8211; 9203822<\/a><\/p>\n<p><a href=\"https:\/\/uenf.br\/posgraduacao\/ciencias-naturais\/wp-content\/uploads\/sites\/4\/2020\/10\/Ata-Reuni\u00e3o-CCPPGCN-010-2020-de-22-09-20-SEI-ERJ-8627140-.pdf\">Ata\u00a0 Reuni\u00e3o CCPPGCN 010-2020 de 22-09-20-SEI-ERJ &#8211; 8627140<\/a><\/p>\n<p><a href=\"https:\/\/uenf.br\/posgraduacao\/ciencias-naturais\/wp-content\/uploads\/sites\/4\/2020\/10\/Ata-Reuni\u00e3o-CCPPGCN-009-2020-de-08-09-20-SEI-ERJ-8102568.pdf\">Ata\u00a0 Reuni\u00e3o CCPPGCN 009-2020 de 08-09-20-SEI-ERJ &#8211; 8102568<\/a><\/p>\n<p><a href=\"https:\/\/uenf.br\/posgraduacao\/ciencias-naturais\/wp-content\/uploads\/sites\/4\/2020\/10\/Ata-Reuni\u00e3o-CCPPGCN-008-2020-de-25-08-20-SEI-ERJ-7583860.pdf\">Ata\u00a0 Reuni\u00e3o CCPPGCN 008-2020 de 25-08-20-SEI-ERJ &#8211; 7583860<\/a><\/p>\n<p><a href=\"https:\/\/uenf.br\/posgraduacao\/ciencias-naturais\/wp-content\/uploads\/sites\/4\/2020\/10\/Ata-Reuni\u00e3o-CCPPGCN-007-2020-de-11-08-20-SEI-ERJ-7146416-.pdf\">Ata Reuni\u00e3o CCPPGCN 007-2020 de 11-08-20-SEI-ERJ &#8211; 7232103<\/a><\/p>\n<p><a href=\"https:\/\/uenf.br\/posgraduacao\/ciencias-naturais\/wp-content\/uploads\/sites\/4\/2020\/08\/Ata-Reuni\u00e3o-CCPPGCN-006-2020-de-28-07-20-SEI-ERJ-6653883.pdf\">Ata\u00a0 Reuni\u00e3o CCPPGCN 006-2020 de 28-07-20-SEI-ERJ &#8211; 6653883<\/a><\/p>\n<p><a href=\"https:\/\/uenf.br\/posgraduacao\/ciencias-naturais\/wp-content\/uploads\/sites\/4\/2020\/08\/Ata-Reuni\u00e3o-CCPPGCN-005-2020-de-14-07-20-SEI-ERJ-6232756.pdf\">Ata\u00a0 Reuni\u00e3o CCPPGCN 005-2020 de 14-07-20-SEI-ERJ &#8211; 6232756<\/a><\/p>\n<p><a href=\"https:\/\/uenf.br\/posgraduacao\/ciencias-naturais\/wp-content\/uploads\/sites\/4\/2020\/08\/Ata-Reuni\u00e3o-CCPPGCN-004-2020-de-30-06-20-SEI-ERJ-6087152.pdf\">Ata\u00a0 Reuni\u00e3o CCPPGCN 004-2020 de 30-06-20-SEI-ERJ &#8211; 6087152<\/a><\/p>\n<p><a href=\"https:\/\/uenf.br\/posgraduacao\/ciencias-naturais\/wp-content\/uploads\/sites\/4\/2020\/08\/Ata-Reuni\u00e3o-CCPPGCN-003-2020-de-07-05-20-SEI-ERJ-6060858-.pdf\">Ata\u00a0 Reuni\u00e3o CCPPGCN 003-2020 de 07-05-20-SEI-ERJ &#8211; 6060858<\/a><\/p>\n<p><a href=\"https:\/\/uenf.br\/posgraduacao\/ciencias-naturais\/wp-content\/uploads\/sites\/4\/2020\/08\/Ata-Reuni\u00e3o-CCPPGCN-002-2020-de-07-04-20ERJ-6060616.pdf\">Ata\u00a0 Reuni\u00e3o CCPPGCN 002-2020 de 07-04-20-SEI-ERJ &#8211; 6060616<\/a><\/p>\n<p><a href=\"https:\/\/uenf.br\/posgraduacao\/ciencias-naturais\/wp-content\/uploads\/sites\/4\/2020\/08\/Ata-Reuni\u00e3o-CCPPGCN-001-20-de-18-02-20-SEI-ERJ-6060476.pdf\">Ata\u00a0 Reuni\u00e3o CCPPGCN 001-2020 de 18-02-20-SEI-ERJ &#8211; 6060476<\/a><\/p>\n<p><a href=\"https:\/\/uenf.br\/posgraduacao\/ciencias-naturais\/wp-content\/uploads\/sites\/4\/2020\/08\/Ata-Reuni\u00e3o-CCPPGCN-14-2019-de-16-12-19-SEI-ERJ-6060392-Ata-de-Reuni\u00e3o.pdf\">Ata\u00a0 Reuni\u00e3o CCPPGCN 014-2019 de 16-12-19-SEI-ERJ &#8211; 6060392<\/a><\/p>\n<p><a href=\"https:\/\/uenf.br\/posgraduacao\/ciencias-naturais\/wp-content\/uploads\/sites\/4\/2020\/08\/Ata-Reuni\u00e3o-CCPPGCN-13-2019-de-02-12-19-SEI-ERJ-6060023-Ata-de-Reuni\u00e3o.pdf\">Ata\u00a0 Reuni\u00e3o CCPPGCN 013-2019 de 02-12-19-SEI-ERJ &#8211; 6060023<\/a><\/p>\n<p><a href=\"https:\/\/uenf.br\/posgraduacao\/ciencias-naturais\/wp-content\/uploads\/sites\/4\/2020\/08\/Ata-Reuni\u00e3o-CCPPGCN-12-2019-de-19-11-19-SEI-ERJ-6059908-Ata-de-Reuni\u00e3o.pdf\">Ata\u00a0 Reuni\u00e3o CCPPGCN 012-2019 de 19-11-19-SEI-ERJ &#8211; 6059908<\/a><\/p>\n<p><a href=\"https:\/\/uenf.br\/posgraduacao\/ciencias-naturais\/wp-content\/uploads\/sites\/4\/2020\/08\/Ata-Reuni\u00e3o-CCPPGCN-11-2019-de-05-11-19-SEI-ERJ-6059721-Ata-de-Reuni\u00e3o.pdf\">Ata\u00a0 Reuni\u00e3o CCPPGCN 011-2019 de 05-11-19-SEI-ERJ &#8211; 6059721<\/a><\/p>\n<div id=\"kpm-root\" class=\"kpm_LTR notranslate\"><\/div>\n<div id=\"kpm-root\" class=\"kpm_LTR notranslate\"><\/div>\n<div id=\"kpm-root\" class=\"kpm_LTR notranslate\"><\/div>\n<div id=\"kpm-root\" class=\"kpm_LTR notranslate\"><\/div>\n<div id=\"kpm-root\" class=\"kpm_LTR notranslate\"><\/div>\n<div id=\"kpm-root\" class=\"kpm_LTR notranslate\"><\/div>\n<div id=\"kpm-root\" class=\"kpm_LTR notranslate\"><\/div>\n<div id=\"kpm-root\" class=\"kpm_LTR notranslate\"><\/div>\n<div id=\"kpm-root\" class=\"kpm_LTR notranslate\"><\/div>\n<div id=\"kpm-root\" class=\"kpm_LTR notranslate\"><\/div>\n<div id=\"kpm-root\" class=\"kpm_LTR notranslate\"><\/div>\n<div id=\"kpm-root\" class=\"kpm_LTR notranslate\"><\/div>\n","protected":false},"excerpt":{"rendered":"<p>CALEND\u00c1RIO DE REUNI\u00d5ES DA CCPPGCN &#8211; 2025 Calend\u00e1rio de Reuni\u00f5es da Comiss\u00e3o Coordenadora do PPGCN ATAS DE REUNI\u00d5ES CCPPGCN &#8211;&#8230;<\/p>\n","protected":false},"author":10,"featured_media":0,"parent":40,"menu_order":5,"comment_status":"closed","ping_status":"closed","template":"","meta":{"footnotes":""},"class_list":["post-2737","page","type-page","status-publish","hentry"],"_links":{"self":[{"href":"https:\/\/uenf.br\/posgraduacao\/ciencias-naturais\/wp-json\/wp\/v2\/pages\/2737","targetHints":{"allow":["GET"]}}],"collection":[{"href":"https:\/\/uenf.br\/posgraduacao\/ciencias-naturais\/wp-json\/wp\/v2\/pages"}],"about":[{"href":"https:\/\/uenf.br\/posgraduacao\/ciencias-naturais\/wp-json\/wp\/v2\/types\/page"}],"author":[{"embeddable":true,"href":"https:\/\/uenf.br\/posgraduacao\/ciencias-naturais\/wp-json\/wp\/v2\/users\/10"}],"replies":[{"embeddable":true,"href":"https:\/\/uenf.br\/posgraduacao\/ciencias-naturais\/wp-json\/wp\/v2\/comments?post=2737"}],"version-history":[{"count":0,"href":"https:\/\/uenf.br\/posgraduacao\/ciencias-naturais\/wp-json\/wp\/v2\/pages\/2737\/revisions"}],"up":[{"embeddable":true,"href":"https:\/\/uenf.br\/posgraduacao\/ciencias-naturais\/wp-json\/wp\/v2\/pages\/40"}],"wp:attachment":[{"href":"https:\/\/uenf.br\/posgraduacao\/ciencias-naturais\/wp-json\/wp\/v2\/media?parent=2737"}],"curies":[{"name":"wp","href":"https:\/\/api.w.org\/{rel}","templated":true}]}}