{"id":2913,"date":"2020-12-24T12:35:15","date_gmt":"2020-12-24T12:35:15","guid":{"rendered":"https:\/\/uenf.br\/posgraduacao\/ciencias-naturais\/?page_id=2913"},"modified":"2022-04-22T14:00:02","modified_gmt":"2022-04-22T14:00:02","slug":"2021-1","status":"publish","type":"page","link":"https:\/\/uenf.br\/posgraduacao\/ciencias-naturais\/mestrado-e-doutorado\/2021-1\/","title":{"rendered":"Processo Seletivo  &#8211; 2021-1"},"content":{"rendered":"<h2 align=\"center\"><span style=\"color: #800080\"><strong><span style=\"color: #ff0000\"><a href=\"https:\/\/uenf.br\/posgraduacao\/ciencias-naturais\/editais-e-processos-seletivos\/acompanhamento-do-processo-seletivo\/ \u200e\" target=\"_blank\" rel=\"noopener\">https:\/\/uenf.br\/posgraduacao\/ciencias-naturais\/editais-e-processos-seletivos\/acompanhamento-d\u2026rocesso-seletivo\/ \u200e<\/a><a href=\"https:\/\/uenf.br\/posgraduacao\/ciencias-naturais\/editais-e-processos-seletivos\/acompanhamento-do-processo-seletivo\/\" target=\"_blank\" rel=\"noopener\"><img loading=\"lazy\" decoding=\"async\" class=\"alignnone wp-image-3173\" src=\"https:\/\/uenf.br\/posgraduacao\/ciencias-naturais\/wp-content\/uploads\/sites\/4\/2021\/03\/icone-de-acompanhamento-do-processo-1-300x96.jpg\" alt=\"\" width=\"450\" height=\"144\" srcset=\"https:\/\/uenf.br\/posgraduacao\/ciencias-naturais\/wp-content\/uploads\/sites\/4\/2021\/03\/icone-de-acompanhamento-do-processo-1-300x96.jpg 300w, https:\/\/uenf.br\/posgraduacao\/ciencias-naturais\/wp-content\/uploads\/sites\/4\/2021\/03\/icone-de-acompanhamento-do-processo-1.jpg 495w\" sizes=\"auto, (max-width: 450px) 100vw, 450px\" \/><\/a><\/span><\/strong><\/span><\/h2>\n<h2 align=\"center\"><span style=\"color: #800080\"><strong><span style=\"color: #ff0000\">INSCRI\u00c7\u00d5ES ENCERRADAS AS 12:00 H DO DIA 05\/03\/2021!<br \/>\n<\/span><\/strong><\/span><\/h2>\n<h3 style=\"text-indent: -59.8pt;line-height: 200%;margin: 4.65pt 20.9pt 0.0001pt 80.25pt;text-align: left\" align=\"center\"><a href=\"https:\/\/uenf.br\/posgraduacao\/ciencias-naturais\/wp-content\/uploads\/sites\/4\/2021\/02\/1-EDITAL-SELECAO-PGCN-2021_1-03-02-2021-1.pdf\">&#8211; EDITAL PGCN-2021-1- PROCESSO SELETIVO: MESTRADO E DOUTORADO ACAD\u00caMICO\u00a0<\/a> \u00a0<strong><span style=\"color: #ff0000\"> &#8211; \u00a0 SUPRIMIDO O ITEM8.2.2.1 POR N\u00c3O SE TRATAR DE ETAPA ELIMINAT\u00d3RIA<\/span><\/strong><\/h3>\n<h3 style=\"text-indent: -59.8pt;line-height: 200%;margin: 4.65pt 20.9pt 0.0001pt 80.25pt;text-align: left\" align=\"center\"><a href=\"https:\/\/uenf.br\/posgraduacao\/ciencias-naturais\/wp-content\/uploads\/sites\/4\/2021\/02\/2-ANEXOS-edital-PGCN-2021-1-1.pdf\">&#8211; ANEXOS DO EDITAL PGCN-2021-1- PROCESSO SELETIVO: MESTRADO E DOUTORADO ACAD\u00caMICO<\/a><\/h3>\n<h3 style=\"text-indent: -59.8pt;line-height: 200%;margin: 4.65pt 20.9pt 0.0001pt 80.25pt;text-align: left\" align=\"center\"><a href=\"https:\/\/uenf.br\/posgraduacao\/ciencias-naturais\/wp-content\/uploads\/sites\/4\/2021\/02\/3-ANEXO-1-edital-PGCN-2021-1-Instrucoes-para-pagamento-da-taxa-de-inscricao-1.pdf\">&#8211; ANEXO-1-edital PGCN-2021-1-Instru\u00e7\u00f5es para pagamento da taxa de inscri\u00e7\u00e3o<\/a><\/h3>\n<p><span style=\"color: #ff0000\"><strong>\u00a0\u00a0\u00a0\u00a0\u00a0\u00a0\u00a0\u00a0\u00a0 ATEN\u00c7\u00c3O:\u00a0 O ACESSO A NOVA P\u00c1GINA DA SECRETARIA DE FAZENDA DEVER\u00c1 SER FEITO PELO LINK:\u00a0\u00a0 <a href=\"http:\/\/www.fazenda.rj.gov.br\/\">http:\/\/www.fazenda.rj.gov.br\/<\/a>\u00a0 <\/strong><\/span><\/p>\n<p><span style=\"color: #ff0000\"><strong>\u00a0\u00a0\u00a0\u00a0\u00a0\u00a0\u00a0\u00a0\u00a0 Ap\u00f3s acessar des\u00e7a a p\u00e1gina e acesse o Portal GRE e siga as instru\u00e7\u00f5es<\/strong><\/span><\/p>\n<h3 style=\"text-indent: -59.8pt;line-height: 200%;margin: 4.65pt 20.9pt 0.0001pt 80.25pt;text-align: left\" align=\"center\"><a href=\"https:\/\/uenf.br\/posgraduacao\/ciencias-naturais\/wp-content\/uploads\/sites\/4\/2021\/02\/4-ANEXO-2-edital-PGCN-2021-1-Instrucoes-especificas-para-candidatos-as-vagas-do-sistema-de-cotas.pdf\">&#8211; ANEXO-2-edital PGCN-2021-1-Instru\u00e7\u00f5es espec\u00edficas para candidatos as vagas do sistema de cotas<\/a><\/h3>\n<h3 style=\"text-indent: -59.8pt;line-height: 200%;margin: 4.65pt 20.9pt 0.0001pt 80.25pt;text-align: left\" align=\"center\">&#8211; <a href=\"https:\/\/uenf.br\/posgraduacao\/ciencias-naturais\/wp-content\/uploads\/sites\/4\/2021\/02\/5ANEXO-3-edital-PGCN-2021-1-Numero-e-perfis-de-vagas.pdf\">ANEXO-3-edital PGCN-2021-1-N\u00famero e perfis de vagas<\/a><\/h3>\n<h3 style=\"text-indent: -59.8pt;line-height: 200%;margin: 4.65pt 20.9pt 0.0001pt 80.25pt;text-align: left\" align=\"center\"><a href=\"https:\/\/uenf.br\/posgraduacao\/ciencias-naturais\/wp-content\/uploads\/sites\/4\/2021\/02\/6-ANEXO-4-Tabela-de-Pontuacao-Curriculo-e-historico-escolar-Mestrado-1.pdf\">&#8211; ANEXO-4 &#8211; Tabela de Pontua\u00e7\u00e3o Curr\u00edculo e hist\u00f3rico escolar &#8211; Mestrado<\/a><\/h3>\n<h3 style=\"text-indent: -59.8pt;line-height: 200%;margin: 4.65pt 20.9pt 0.0001pt 80.25pt;text-align: left\" align=\"center\"><a href=\"https:\/\/uenf.br\/posgraduacao\/ciencias-naturais\/wp-content\/uploads\/sites\/4\/2021\/02\/7-ANEXO-5-Tabela-de-Pontuacao-Curriculo-e-historico-escolar-Doutorado-1.pdf\">&#8211; ANEXO-5 &#8211; Tabela de Pontua\u00e7\u00e3o Curr\u00edculo e hist\u00f3rico escolar &#8211; Doutorado<\/a><\/h3>\n<h3 style=\"text-indent: -59.8pt;line-height: 200%;margin: 4.65pt 20.9pt 0.0001pt 80.25pt;text-align: left\" align=\"center\"><a href=\"https:\/\/uenf.br\/posgraduacao\/ciencias-naturais\/wp-content\/uploads\/sites\/4\/2021\/02\/8-ANEXO-6-edital-PGCN-2021-1-Projeto-de-pesquisa-para-doutorado.pdf\">&#8211; ANEXO-6-edital PGCN-2021-1-Projeto de pesquisa para doutorado<\/a><\/h3>\n<h3 style=\"text-indent: -59.8pt;line-height: 200%;margin: 4.65pt 20.9pt 0.0001pt 80.25pt;text-align: left\" align=\"center\"><a href=\"https:\/\/uenf.br\/posgraduacao\/ciencias-naturais\/wp-content\/uploads\/sites\/4\/2021\/03\/9-ANEXO-7-edital-PGCN-2021-1-Cronograma-1.pdf\">&#8211; ANEXO-7-edital PGCN-2021-1-Cronograma<\/a><\/h3>\n<h3 style=\"text-indent: -59.8pt;line-height: 200%;margin: 4.65pt 20.9pt 0.0001pt 80.25pt;text-align: left\" align=\"center\"><a href=\"https:\/\/uenf.br\/posgraduacao\/ciencias-naturais\/editais-e-processos-seletivos\/mestrado-e-doutorado\/2021-1\/formularios-e-modelos\/\">&#8211; FORMUL\u00c1RIOS E MODELOS<\/a><\/h3>\n<h3 style=\"text-indent: -59.8pt;line-height: 200%;margin: 4.65pt 20.9pt 0.0001pt 80.25pt;text-align: left\" align=\"center\"><a href=\"https:\/\/uenf.br\/posgraduacao\/ciencias-naturais\/editais-e-processos-seletivos\/processo-seletivo-pgcn-2021-1-mestrado-e-doutorado-academico\/materiais-e-artigos-para-a-prova-de-conhecimentos-gerais\/\">&#8211; MATERIAIS E ARTIGOS PARA A PROVA DE CONHECIMENTOS GERAIS &#8211; dispon\u00edvel a partir de 04\/02\/2021<\/a><\/h3>\n<p style=\"text-align: center\"><a href=\"https:\/\/uenf.br\/posgraduacao\/ciencias-naturais\/editais-e-processos-seletivos\/acompanhamento-do-processo-seletivo\/\" target=\"_blank\" rel=\"noopener\">\u00a0<\/a><\/p>\n<div style=\"width: 666px;\" class=\"wp-video\"><video class=\"wp-video-shortcode\" id=\"video-2913-1\" width=\"666\" height=\"374\" preload=\"metadata\" controls=\"controls\"><source type=\"video\/mp4\" src=\"https:\/\/uenf.br\/posgraduacao\/ciencias-naturais\/wp-content\/uploads\/sites\/4\/2021\/02\/Avatar-inscricoes-1.mp4?_=1\" \/><a href=\"https:\/\/uenf.br\/posgraduacao\/ciencias-naturais\/wp-content\/uploads\/sites\/4\/2021\/02\/Avatar-inscricoes-1.mp4\">https:\/\/uenf.br\/posgraduacao\/ciencias-naturais\/wp-content\/uploads\/sites\/4\/2021\/02\/Avatar-inscricoes-1.mp4<\/a><\/video><\/div>\n<p>&nbsp;<\/p>\n<p>VEJA NO V\u00cdDEO ABAIXO COMO SE CADASTRAR NA PLATAFORMA VIRTUAL DA UENF ONDE SER\u00c3O REALIZADAS ALGUMAS ETAPAS DO PROCESSO SELETIVO.<\/p>\n<p>AP\u00d3S ESTAR CADASTRADO E SUA INSCRI\u00c7\u00c3O TER SIDO HOMOLOGADA VOC\u00ca SER\u00c1 \u00a0 INFORMADO SOBRE O ACESSO AOS AMBIENTES PARA CADA ETAPA<\/p>\n<div class=\"video-container\"><iframe loading=\"lazy\" title=\"EAD-UENF - Tutorial 1 - Cadastramento e Acesso\" width=\"500\" height=\"281\" src=\"https:\/\/www.youtube.com\/embed\/pq8UXSGU8MY?feature=oembed\" frameborder=\"0\" allow=\"accelerometer; autoplay; clipboard-write; encrypted-media; gyroscope; picture-in-picture; web-share\" referrerpolicy=\"strict-origin-when-cross-origin\" allowfullscreen><\/iframe><\/div>\n<p>&nbsp;<\/p>\n","protected":false},"excerpt":{"rendered":"<p>https:\/\/uenf.br\/posgraduacao\/ciencias-naturais\/editais-e-processos-seletivos\/acompanhamento-d\u2026rocesso-seletivo\/ \u200e INSCRI\u00c7\u00d5ES ENCERRADAS AS 12:00 H DO DIA 05\/03\/2021! &#8211; EDITAL PGCN-2021-1- PROCESSO SELETIVO: MESTRADO E DOUTORADO ACAD\u00caMICO\u00a0 \u00a0&#8230;<\/p>\n","protected":false},"author":10,"featured_media":0,"parent":3379,"menu_order":55,"comment_status":"closed","ping_status":"closed","template":"","meta":{"footnotes":""},"class_list":["post-2913","page","type-page","status-publish","hentry"],"_links":{"self":[{"href":"https:\/\/uenf.br\/posgraduacao\/ciencias-naturais\/wp-json\/wp\/v2\/pages\/2913","targetHints":{"allow":["GET"]}}],"collection":[{"href":"https:\/\/uenf.br\/posgraduacao\/ciencias-naturais\/wp-json\/wp\/v2\/pages"}],"about":[{"href":"https:\/\/uenf.br\/posgraduacao\/ciencias-naturais\/wp-json\/wp\/v2\/types\/page"}],"author":[{"embeddable":true,"href":"https:\/\/uenf.br\/posgraduacao\/ciencias-naturais\/wp-json\/wp\/v2\/users\/10"}],"replies":[{"embeddable":true,"href":"https:\/\/uenf.br\/posgraduacao\/ciencias-naturais\/wp-json\/wp\/v2\/comments?post=2913"}],"version-history":[{"count":0,"href":"https:\/\/uenf.br\/posgraduacao\/ciencias-naturais\/wp-json\/wp\/v2\/pages\/2913\/revisions"}],"up":[{"embeddable":true,"href":"https:\/\/uenf.br\/posgraduacao\/ciencias-naturais\/wp-json\/wp\/v2\/pages\/3379"}],"wp:attachment":[{"href":"https:\/\/uenf.br\/posgraduacao\/ciencias-naturais\/wp-json\/wp\/v2\/media?parent=2913"}],"curies":[{"name":"wp","href":"https:\/\/api.w.org\/{rel}","templated":true}]}}