{"id":2921,"date":"2020-12-24T12:56:10","date_gmt":"2020-12-24T12:56:10","guid":{"rendered":"https:\/\/uenf.br\/posgraduacao\/ciencias-naturais\/?page_id=2921"},"modified":"2021-09-03T13:47:03","modified_gmt":"2021-09-03T13:47:03","slug":"formularios-e-modelos","status":"publish","type":"page","link":"https:\/\/uenf.br\/posgraduacao\/ciencias-naturais\/mestrado-e-doutorado\/2021-1\/formularios-e-modelos\/","title":{"rendered":"Formul\u00e1rios e Modelos"},"content":{"rendered":"<p><strong>FORMUL\u00c1RIO 1 &#8211;\u00a0 INSCRI\u00c7\u00c3O &#8211; Escolher uma das 3 op\u00e7\u00f5es abaixo, preencher, assinar (aceit\u00e1vel inser\u00e7\u00e3o de assinatura digitalizada em imagem) , digitalizar (se necess\u00e1rio) e nomear e salvar em pdf = <\/strong><span style=\"color: #ff0000\"><strong>Formul\u00e1rio-1-PGCN-2021\/1 \u2013 Nome do (a) candidato(a)<\/strong><\/span><\/p>\n<p><a href=\"https:\/\/uenf.br\/posgraduacao\/ciencias-naturais\/wp-content\/uploads\/sites\/4\/2020\/12\/Formulario-no-1-inscricao-em-word.doc\" target=\"_blank\" rel=\"noopener\">Formul\u00e1rio 1 &#8211;\u00a0 inscri\u00e7\u00e3o (modelo em word)<\/a><\/p>\n<p><a href=\"https:\/\/uenf.br\/posgraduacao\/ciencias-naturais\/wp-content\/uploads\/sites\/4\/2020\/12\/Formulario-no-1-inscricao-em-pdf.pdf\" target=\"_blank\" rel=\"noopener\">Formul\u00e1rio 1 &#8211;\u00a0 inscri\u00e7\u00e3o (modelo em pdf)<\/a><\/p>\n<p><a href=\"https:\/\/uenf.br\/posgraduacao\/ciencias-naturais\/wp-content\/uploads\/sites\/4\/2020\/12\/Formulario-no-1-inscricao-em-pdf-eletronico.pdf\" target=\"_blank\" rel=\"noopener\">Formul\u00e1rio 1 &#8211; inscri\u00e7\u00e3o (modelo em pdf eletr\u00f4nico)<\/a><\/p>\n<p><strong>FORMUL\u00c1RIO 2 &#8211; OP\u00c7\u00c3O DE VAGA E ORIENTA\u00c7\u00c3O &#8211; Escolher uma das 3 op\u00e7\u00f5es abaixo, preencher, assinar (aceit\u00e1vel inser\u00e7\u00e3o de assinatura digitalizada em imagem) , digitalizar (se necess\u00e1rio) e nomear e salvar em pdf =\u00a0 <span style=\"color: #ff0000\">Formul\u00e1rio-2-PGCN-2021\/1 \u2013 Nome do (a) candidato(a)<\/span><\/strong><\/p>\n<p><a href=\"https:\/\/uenf.br\/posgraduacao\/ciencias-naturais\/wp-content\/uploads\/sites\/4\/2020\/12\/Formulario-no-2-escolha-de-vaga-e-orientacao-em-word.doc\" target=\"_blank\" rel=\"noopener\">Formul\u00e1rio n\u00ba-2- escolha de vaga e orienta\u00e7\u00e3o &#8211; (modelo em word)<\/a><\/p>\n<p><a href=\"https:\/\/uenf.br\/posgraduacao\/ciencias-naturais\/wp-content\/uploads\/sites\/4\/2020\/12\/Formulario-no-2-escolha-de-vaga-e-orientacao-em-pdf.pdf\" target=\"_blank\" rel=\"noopener\">Formul\u00e1rio n\u00ba-2- escolha de vaga e orienta\u00e7\u00e3o &#8211; (modelo em pdf)<\/a><\/p>\n<p><a href=\"https:\/\/uenf.br\/posgraduacao\/ciencias-naturais\/wp-content\/uploads\/sites\/4\/2020\/12\/Formulario-no-2-escolha-de-vaga-e-orientacao-em-pdf-eletronico.pdf\" target=\"_blank\" rel=\"noopener\">Formul\u00e1rio n\u00ba-2- escolha de vaga e orienta\u00e7\u00e3o &#8211; (modelo em pdf eletr\u00f4nico)<\/a><\/p>\n<p><strong><a href=\"https:\/\/uenf.br\/posgraduacao\/ciencias-naturais\/wp-content\/uploads\/sites\/4\/2021\/01\/Anexo-4-Tabela-de-Pontuacao-Curriculo-e-historico-escolar-Mestrado-em-word-1.docx\" target=\"_blank\" rel=\"noopener\">https:\/\/uenf.br\/posgraduacao\/ciencias-naturais\/wp-content\/uploads\/sites\/4\/2021\/01\/Anexo-4-Tabela-de-Pontuacao-Curriculo-e-historico-escolar-Mestrado-em-word-1.docx<\/a>ANEXO IV &#8211; Tabela de pontua\u00e7\u00e3o <\/strong><\/p>\n<p><strong>ANEXO IV &#8211; Tabela de pontua\u00e7\u00e3o Curr\u00edculo vitae e hist\u00f3rico escolar &#8211; <span style=\"color: #ff0000\">MESTRADO <\/span><\/strong><\/p>\n<p><strong><span style=\"color: #ff0000\">ATEN\u00c7\u00c3O FORAM CORRIGIDOS OS ITENS\u00a0 2 E 3 DO FORMUL\u00c1RIO POIS ESTAVAM DIVERGENTES EM RELA\u00c7\u00c3O AO EDITAL<\/span><br \/>\n<\/strong><\/p>\n<p><span style=\"color: #ff0000\">(item 2 &#8211; refere-se ao\u00a0 hist\u00f3rico escolar da gradua\u00e7\u00e3o e item 3 &#8211; curso de gradua\u00e7\u00e3o (diploma ou comprovante)<\/span><\/p>\n<p><a href=\"https:\/\/uenf.br\/posgraduacao\/ciencias-naturais\/wp-content\/uploads\/sites\/4\/2021\/02\/Anexo-4-Tabela-de-Pontuacao-Curriculo-e-historico-escolar-Mestrado-em-word.docx\">Anexo-4 &#8211; Tabela de Pontua\u00e7\u00e3o Curr\u00edculo &#8211; Mestrado (modelo em word)<\/a><\/p>\n<p><a href=\"https:\/\/uenf.br\/posgraduacao\/ciencias-naturais\/wp-content\/uploads\/sites\/4\/2021\/02\/Anexo-4-Tabela-de-Pontuacao-Curriculo-e-historico-escolar-Mestrado-em-pdf.pdf\">Anexo-4 &#8211; Tabela de Pontua\u00e7\u00e3o Curr\u00edculo &#8211; Mestrado (modelo em pdf)<\/a><\/p>\n<p><a href=\"https:\/\/uenf.br\/posgraduacao\/ciencias-naturais\/wp-content\/uploads\/sites\/4\/2021\/02\/Anexo-4-Tabela-de-Pontuacao-Curriculo-e-bhistorico-escolar-Mestrado-em-pdf-eletronico.pdf\">Anexo-4 &#8211; Tabela de Pontua\u00e7\u00e3o Curr\u00edculo &#8211; Mestrado (modelo em pdf eletr\u00f4nico)<\/a><\/p>\n<p><strong>ANEXO V &#8211; Tabela de pontua\u00e7\u00e3o Curr\u00edculo vitae e hist\u00f3rico escolar &#8211; <span style=\"color: #ff0000\">DOUTORADO<\/span><br \/>\n<\/strong><\/p>\n<p><a href=\"https:\/\/uenf.br\/posgraduacao\/ciencias-naturais\/wp-content\/uploads\/sites\/4\/2021\/01\/Anexo-5-Tabela-de-Pontuacao-Curriculo-Doutorado.docx\" target=\"_blank\" rel=\"noopener\">Anexo-5 &#8211; Tabela de Pontua\u00e7\u00e3o Curr\u00edculo &#8211; Doutorado (modelo em word)<\/a><\/p>\n<p><a href=\"https:\/\/uenf.br\/posgraduacao\/ciencias-naturais\/wp-content\/uploads\/sites\/4\/2021\/01\/Anexo-5-Tabela-de-Pontuacao-Curriculo-Doutorado-em-pdf.pdf\" target=\"_blank\" rel=\"noopener\">Anexo-5 &#8211; Tabela de Pontua\u00e7\u00e3o Curr\u00edculo &#8211; Doutorado (modelo em pdf)<\/a><\/p>\n<p><a href=\"https:\/\/uenf.br\/posgraduacao\/ciencias-naturais\/wp-content\/uploads\/sites\/4\/2021\/01\/Anexo-5-Tabela-de-Pontuacao-Curriculo-Doutorado-em-pdf-eletronico.pdf\" target=\"_blank\" rel=\"noopener\">Anexo-5 &#8211; Tabela de Pontua\u00e7\u00e3o Curr\u00edculo &#8211; Doutorado (modelo em pdf eletr\u00f4nico)<\/a><\/p>\n<p><strong>FORMUL\u00c1RIO\u00a0 &#8211; CARTA DE RECOMENDA\u00c7\u00c3O &#8211; Os candidatos dever\u00e3o providenciar o encaminhamento de tr\u00eas cartas de refer\u00eancia subscritas por pessoas ligadas \u00e0 forma\u00e7\u00e3o universit\u00e1ria do candidato ou \u00e0s suas atividades profissionais. Escolher uma das 3 op\u00e7\u00f5es de formul\u00e1rio, encaminhar ao declarante (ou enviar os links) para ser preenchido, assinado (aceit\u00e1vel inser\u00e7\u00e3o de assinatura digitalizada em imagem) , digitalizado (se necess\u00e1rio).\u00a0 Nomear e salvar em pdf =\u00a0 <\/strong><strong>Carta de Refer\u00eancia \u2013 Nome do (a) candidato(a)).\u00a0\u00a0 <\/strong><strong>As cartas dever\u00e3o ser enviadas diretamente pelo declarante para o e-mail <a href=\"mailto:pgcn@luenf.br%20\">pgcn@uenf.br <\/a>ate\u0301 a data e hor\u00e1rio limites para inscri\u00e7\u00e3o.<br \/>\n<\/strong><\/p>\n<p><a href=\"https:\/\/uenf.br\/posgraduacao\/ciencias-naturais\/wp-content\/uploads\/sites\/4\/2020\/12\/Formulario-Carta-de-recomendacao-em-word.doc\" target=\"_blank\" rel=\"noopener\">Formul\u00e1rio Carta de recomenda\u00e7\u00e3o &#8211; em word<\/a><\/p>\n<p><a href=\"https:\/\/uenf.br\/posgraduacao\/ciencias-naturais\/wp-content\/uploads\/sites\/4\/2020\/12\/Formulario-Carta-de-recomendacao-em-pdf.pdf\" target=\"_blank\" rel=\"noopener\">Formul\u00e1rio Carta de recomenda\u00e7\u00e3o &#8211; em pdf<\/a><\/p>\n<p><a href=\"https:\/\/uenf.br\/posgraduacao\/ciencias-naturais\/wp-content\/uploads\/sites\/4\/2020\/12\/Formulario-Carta-de-recomendacao-em-pdf-eletronico.pdf\" target=\"_blank\" rel=\"noopener\">Formul\u00e1rio Carta de recomenda\u00e7\u00e3o &#8211; em pdf eletr\u00f4nico<\/a><\/p>\n<p><strong>INSTRU\u00c7\u00d5ES PARA PROPOSTA DE PROJETO DE PESQUISA &#8211; CANDIDATOS AO DOUTORADO<\/strong><\/p>\n<p><a href=\"https:\/\/uenf.br\/posgraduacao\/ciencias-naturais\/wp-content\/uploads\/sites\/4\/2020\/12\/Instrucoes-para-o-projeto-de-pesquisa-doutorado.pdf\" target=\"_blank\" rel=\"noopener\">Instru\u00e7\u00f5es para o projeto de pesquisa &#8211; doutorado<\/a><\/p>\n<p><strong>FORMUL\u00c1RIO DE CONFER\u00caNCIA E COMPROVANTE DE RECEBIMENTO DE INSCRI\u00c7\u00c3O (para uso da secret\u00e1ria do PGCN)<br \/>\n<\/strong><\/p>\n<p><a href=\"https:\/\/uenf.br\/posgraduacao\/ciencias-naturais\/wp-content\/uploads\/sites\/4\/2020\/12\/Comprovante-de-recebimento-de-inscricao.pdf\" target=\"_blank\" rel=\"noopener\">Comprovante de recebimento de inscri\u00e7\u00e3o<\/a><\/p>\n<p><strong>FORMUL\u00c1RIO PARA SOLICITA\u00c7\u00c3O DE RECURSOS (formul\u00e1rio geral &#8211; para cada recurso dever\u00e1 ser preenchido e enviado um formul\u00e1rio apontando o recurso pretendido)<\/strong><\/p>\n<p><a href=\"https:\/\/uenf.br\/posgraduacao\/ciencias-naturais\/wp-content\/uploads\/sites\/4\/2020\/12\/Formulario-para-solicitacao-de-recurso.pdf\" target=\"_blank\" rel=\"noopener\">Formul\u00e1rio para solicita\u00e7\u00e3o de recurso<\/a><\/p>\n<p>&nbsp;<\/p>\n","protected":false},"excerpt":{"rendered":"<p>FORMUL\u00c1RIO 1 &#8211;\u00a0 INSCRI\u00c7\u00c3O &#8211; Escolher uma das 3 op\u00e7\u00f5es abaixo, preencher, assinar (aceit\u00e1vel inser\u00e7\u00e3o de assinatura digitalizada em imagem)&#8230;<\/p>\n","protected":false},"author":10,"featured_media":0,"parent":2913,"menu_order":56,"comment_status":"closed","ping_status":"closed","template":"","meta":{"footnotes":""},"class_list":["post-2921","page","type-page","status-publish","hentry"],"_links":{"self":[{"href":"https:\/\/uenf.br\/posgraduacao\/ciencias-naturais\/wp-json\/wp\/v2\/pages\/2921","targetHints":{"allow":["GET"]}}],"collection":[{"href":"https:\/\/uenf.br\/posgraduacao\/ciencias-naturais\/wp-json\/wp\/v2\/pages"}],"about":[{"href":"https:\/\/uenf.br\/posgraduacao\/ciencias-naturais\/wp-json\/wp\/v2\/types\/page"}],"author":[{"embeddable":true,"href":"https:\/\/uenf.br\/posgraduacao\/ciencias-naturais\/wp-json\/wp\/v2\/users\/10"}],"replies":[{"embeddable":true,"href":"https:\/\/uenf.br\/posgraduacao\/ciencias-naturais\/wp-json\/wp\/v2\/comments?post=2921"}],"version-history":[{"count":0,"href":"https:\/\/uenf.br\/posgraduacao\/ciencias-naturais\/wp-json\/wp\/v2\/pages\/2921\/revisions"}],"up":[{"embeddable":true,"href":"https:\/\/uenf.br\/posgraduacao\/ciencias-naturais\/wp-json\/wp\/v2\/pages\/2913"}],"wp:attachment":[{"href":"https:\/\/uenf.br\/posgraduacao\/ciencias-naturais\/wp-json\/wp\/v2\/media?parent=2921"}],"curies":[{"name":"wp","href":"https:\/\/api.w.org\/{rel}","templated":true}]}}