{"id":3116,"date":"2021-02-09T13:12:00","date_gmt":"2021-02-09T13:12:00","guid":{"rendered":"https:\/\/uenf.br\/posgraduacao\/ciencias-naturais\/?page_id=3116"},"modified":"2021-09-03T13:17:19","modified_gmt":"2021-09-03T13:17:19","slug":"acompanhamento-do-processo-seletivo-2","status":"publish","type":"page","link":"https:\/\/uenf.br\/posgraduacao\/ciencias-naturais\/mestrado-e-doutorado\/2021-1\/acompanhamento-do-processo-seletivo-2\/","title":{"rendered":"Acompanhamento do Processo Seletivo"},"content":{"rendered":"<h2><a href=\"https:\/\/uenf.br\/posgraduacao\/ciencias-naturais\/wp-content\/uploads\/sites\/4\/2021\/03\/Tabela-de-inscricoes-recebidas-ATE-AS-12-H-DE-05-02-2021.pdf\"><strong>ETAPA 1 &#8211; INSCRI\u00c7\u00d5ES RECEBIDAS AT\u00c9 AS 12 :00 H DE 05\/03\/2021<\/strong><\/a><\/h2>\n<p>Obs.\u00a0 Inscri\u00e7\u00f5es ap\u00f3s as 12:00H do dia 05\/03\/2021 n\u00e3o foram processadas.<\/p>\n<h2><a href=\"https:\/\/uenf.br\/posgraduacao\/ciencias-naturais\/wp-content\/uploads\/sites\/4\/2021\/03\/Lista-de-Inscricoes-homologadas-e-nao-homologadas-5.pdf\"><strong>ETAPA 2 &#8211; HOMOLOGA\u00c7\u00c3O DAS INSCRI\u00c7\u00d5ES\u00a0 &#8211; Resultado<\/strong><\/a><strong> \u00a0 (RECURSOS &#8211; DE 10\/03\/2021 a 11\/03\/2021)<\/strong><\/h2>\n<p><strong>\u00a0\u00a0\u00a0\u00a0\u00a0\u00a0\u00a0\u00a0\u00a0\u00a0\u00a0\u00a0\u00a0\u00a0\u00a0\u00a0\u00a0\u00a0\u00a0\u00a0<\/strong><a href=\"https:\/\/uenf.br\/posgraduacao\/ciencias-naturais\/wp-content\/uploads\/sites\/4\/2021\/03\/Lista-de-Inscricoes-homologadas-13-03-2021.pdf\"><strong> LISTA DEFINITIVA DAS INSCRI\u00c7\u00d5ES HOMOLOGADAS E N\u00c3O HOMOLOGADAS<\/strong> &#8211; AP\u00d3S RECURSOS &#8211; DIA 12\/03\/2021 at\u00e9 as 18:00 H<\/a><\/p>\n<h2><a href=\"https:\/\/uenf.br\/posgraduacao\/ciencias-naturais\/wp-content\/uploads\/sites\/4\/2021\/03\/Comissoes-de-Avaliacao-homologada-pela-CCPPGCN-09-03-2021.pdf\"><strong>ETAPA 3 &#8211; COMISS\u00d5ES DE AVALIA\u00c7\u00c3O<\/strong><\/a><strong> \u00a0\u00a0 (<\/strong><strong>RECURSOS &#8211; DE 10\/03\/2021 a 11\/03\/2021)<\/strong><\/h2>\n<p><strong>\u00a0\u00a0\u00a0\u00a0\u00a0\u00a0\u00a0\u00a0\u00a0\u00a0\u00a0\u00a0\u00a0\u00a0\u00a0\u00a0\u00a0\u00a0\u00a0\u00a0 <\/strong><a href=\"https:\/\/uenf.br\/posgraduacao\/ciencias-naturais\/wp-content\/uploads\/sites\/4\/2021\/03\/Comissoes-de-Avaliacao-homologada-pela-CCPPGCN-09-03-2021.pdf\"><strong>LISTAS DEFINITIVAS DAS COMISS\u00d5ES DE AVALIA\u00c7\u00c3O<\/strong>\u00a0 &#8211; AP\u00d3S RECURSOS &#8211; DIA 12\/03\/2021 at\u00e9 as 18:00 H<\/a><\/p>\n<p><strong>\u00a0 \u00a0 \u00a0 \u00a0 \u00a0 \u00a0 \u00a0 \u00a0 \u00a0\u00a0 \u00a0 <a href=\"https:\/\/uenf.br\/posgraduacao\/ciencias-naturais\/wp-content\/uploads\/sites\/4\/2021\/04\/Comissoes-de-Avaliacao-alteracoes-homologadas-ad-referendum-30-03-2021.pdf\">LISTAS DEFINITIVAS DAS COMISS\u00d5ES DE AVALIA\u00c7\u00c3O<\/a><\/strong>\u00a0 &#8211; AP\u00d3S RECURSOS AP\u00d3S ALTERA\u00c7\u00d5ES <em>AD REFERENDUM<\/em> DA COORDENA\u00c7\u00c3O\u00a0 DO PPGCN\u00a0 &#8211; DIA 30\/03\/2021<\/p>\n<p style=\"text-align: center\"><a href=\"http:\/\/ead.uenf.br\/moodle\/course\/view.php?id=824\" target=\"_blank\" rel=\"noopener\"><img loading=\"lazy\" decoding=\"async\" class=\"alignnone wp-image-3225 size-medium\" src=\"https:\/\/uenf.br\/posgraduacao\/ciencias-naturais\/wp-content\/uploads\/sites\/4\/2021\/03\/Ambiente-Virtual-PPGCN-201-1-300x92.png\" alt=\"\" width=\"300\" height=\"92\" srcset=\"https:\/\/uenf.br\/posgraduacao\/ciencias-naturais\/wp-content\/uploads\/sites\/4\/2021\/03\/Ambiente-Virtual-PPGCN-201-1-300x92.png 300w, https:\/\/uenf.br\/posgraduacao\/ciencias-naturais\/wp-content\/uploads\/sites\/4\/2021\/03\/Ambiente-Virtual-PPGCN-201-1.png 497w\" sizes=\"auto, (max-width: 300px) 100vw, 300px\" \/><\/a><\/p>\n<h2>ETAPA 4 &#8211; PROVA DE L\u00cdNGUA ESTRANGEIRA (INGL\u00caS)\/INTERPRETA\u00c7\u00c3O DE ARTIGO CIENT\u00cdFICO &#8211; dia 22\/03\/2021 de 10:00 \u00e0s 12:00 H<\/h2>\n<p>OBSERVAR \u00a0 ITEM 6.2 E 6.3.1 DO EDITAL\u00a0 &#8211; os candidatos receber\u00e3o as instru\u00e7\u00f5es para acesso ao ambiente virtual da prova por e-mail<\/p>\n<p><a href=\"https:\/\/uenf.br\/posgraduacao\/ciencias-naturais\/wp-content\/uploads\/sites\/4\/2021\/03\/Resultado-prova-de-proficiencia-ingles-artigo-cientifico-24-03-2021.pdf\"><strong>RESULTADO DA PROVA DE L\u00cdNGUA ESTRANGEIRA (INGL\u00caS)\/INTERPRETA\u00c7\u00c3O DE ARTIGO CIENT\u00cdFICO<\/strong><\/a> &#8211; Recursos: de\u00a0 24\/03\/2021 \u00e0s 13:00 H at\u00e9 26\/03\/2021 \u00e0s 13:00 H\u00a0 de acordo com o item 9 do edital<\/p>\n<p><a href=\"https:\/\/uenf.br\/posgraduacao\/ciencias-naturais\/wp-content\/uploads\/sites\/4\/2021\/03\/Resultado-prova-de-proficiencia-ingles-artigo-cientifico-26-03-2021-Resultado-Final-1.pdf\"><strong>RESULTADO FINAL DA PROVA DE L\u00cdNGUA ESTRANGEIRA (INGL\u00caS)\/INTERPRETA\u00c7\u00c3O DE ARTIGO CIENT\u00cdFICO<\/strong><\/a><\/p>\n<h2>ETAPA 5 &#8211; PROVA DE CONHECIMENTOS GERAIS &#8211; dia 23\/03\/2021 de 10:00 \u00e0s 12:00 H<\/h2>\n<p>OBSERVAR \u00a0 ITEM 6.2 E 6.3.2 DO EDITAL &#8211; os candidatos receber\u00e3o as instru\u00e7\u00f5es para acesso ao ambiente virtual da prova por e-mail<\/p>\n<p><a href=\"https:\/\/uenf.br\/posgraduacao\/ciencias-naturais\/wp-content\/uploads\/sites\/4\/2021\/03\/Resultado-prova-de-conhecimentos-gerais-24-03-2021.pdf\"><strong>RESULTADO DA PROVA DE CONHECIMENTOS GERAI<\/strong>S<\/a>\u00a0 &#8211; Recursos: de\u00a0 24\/03\/2021 \u00e0s 13:00 H at\u00e9 26\/03\/2021 \u00e0s 13:00 H\u00a0 de acordo com o item 9 do edital<\/p>\n<p><a href=\"https:\/\/uenf.br\/posgraduacao\/ciencias-naturais\/wp-content\/uploads\/sites\/4\/2021\/03\/Resultado-prova-de-conhecimentos-gerais-26-03-2021-Resultado-Final.pdf\"><strong>RESULTADO FINAL\u00a0 DA PROVA DE CONHECIMENTOS GERAI<\/strong>S<\/a><\/p>\n<h2>ETAPA 6 &#8211; AVALIA\u00c7\u00c3O DO CURR\u00cdCULO E HIST\u00d3RICO ESCOLAR (Etapa Classificat\u00f3ria para mestrado e eliminat\u00f3ria para doutorado &#8211; (Item 6.6.3 do edital) &#8211; Divulga\u00e7\u00e3o prevista para dia 29\/03\/2021 at\u00e9 as 12:00 H<\/h2>\n<p><strong><a href=\"https:\/\/uenf.br\/posgraduacao\/ciencias-naturais\/wp-content\/uploads\/sites\/4\/2021\/03\/Resultado-analise-de-curriculo-e-historico-escolar-doutorado-1.pdf\">RESULTADO DA AN\u00c1LISE DE CURR\u00cdCULO E HIST\u00d3RICO ESCOLAR &#8211; DOUTORADO &#8211;\u00a0 Etapa eliminat\u00f3ria<\/a><br \/>\n<\/strong><\/p>\n<p><strong><a href=\"https:\/\/uenf.br\/posgraduacao\/ciencias-naturais\/wp-content\/uploads\/sites\/4\/2021\/03\/Resultado-analise-de-curriculo-e-historico-escolar-mestrado.pdf\">RESULTADO DA AN\u00c1LISE DE CURR\u00cdCULO E HIST\u00d3RICO ESCOLAR &#8211; MESTRADO &#8211; Etapa classificat\u00f3ria<\/a><br \/>\n<\/strong><\/p>\n<p><a href=\"https:\/\/uenf.br\/posgraduacao\/ciencias-naturais\/wp-content\/uploads\/sites\/4\/2021\/03\/Resultado-final-da-analise-de-curriculo-e-historico-escolar-doutorado.pdf\"><strong>RESULTADO FINAL DA AN\u00c1LISE DE CURR\u00cdCULO E HIST\u00d3RICO ESCOLAR &#8211; DOUTORADO &#8211;\u00a0 Etapa eliminat\u00f3ria<\/strong><\/a><\/p>\n<p><a href=\"https:\/\/uenf.br\/posgraduacao\/ciencias-naturais\/wp-content\/uploads\/sites\/4\/2021\/03\/Resultado-final-analise-de-curriculo-e-historico-escolar-mestrado.pdf\"><strong>RESULTADO FINAL DA AN\u00c1LISE DE CURR\u00cdCULO E HIST\u00d3RICO ESCOLAR &#8211; MESTRADO &#8211; Etapa classificat\u00f3ria<\/strong><\/a><\/p>\n<h2>ETAPA 7A &#8211; ENTREVISTAS &#8211; MESTRADO &#8211; Etapa Eliminat\u00f3ria mestrado e doutorado(item 6.6.4 do edital) &#8211; dias 29 e 30\/03\/2021<\/h2>\n<p><a href=\"https:\/\/uenf.br\/posgraduacao\/ciencias-naturais\/wp-content\/uploads\/sites\/4\/2021\/03\/Cronograma-de-entrevistas-PGCBN-2021-1-mestrado.pdf\"><strong>CRONOGRAMA E LINK DAS SALAS VIRTUAIS DAS ENTREVISTAS &#8211; MESTRADO<\/strong><\/a><\/p>\n<p><a href=\"https:\/\/uenf.br\/posgraduacao\/ciencias-naturais\/wp-content\/uploads\/sites\/4\/2021\/04\/Resultado-Entrevista-Mestrado.pdf\"><strong>RESULTADO DA ENTREVISTA &#8211; MESTRADO &#8211; Etapa eliminat\u00f3ria<\/strong><\/a><\/p>\n<p><a href=\"https:\/\/uenf.br\/posgraduacao\/ciencias-naturais\/wp-content\/uploads\/sites\/4\/2021\/04\/Resultado-Final-Entrevistas-Mestrado.pdf\"><strong>RESULTADO FINAL DA ENTREVISTA &#8211; MESTRADO &#8211; Etapa eliminat\u00f3ria &#8211; ap\u00f3s recursos<\/strong><\/a><\/p>\n<h2>ETAPA 7B &#8211; ENTREVISTAS &#8211; DOUTORADO &#8211; Eliminat\u00f3rio mestrado e doutorado(item 6.6.4 do edital) &#8211; dias 01 e 02\/04\/2021<\/h2>\n<p><a href=\"https:\/\/uenf.br\/posgraduacao\/ciencias-naturais\/wp-content\/uploads\/sites\/4\/2021\/03\/Cronograma-de-entrevistas-PGCN-2021-1-Doutorado.pdf\"><strong>CRONOGRAMA E LINK DAS SALAS VIRTUAIS DAS ENTREVISTAS &#8211; DOUTORADO<\/strong><\/a><\/p>\n<p><a href=\"https:\/\/uenf.br\/posgraduacao\/ciencias-naturais\/wp-content\/uploads\/sites\/4\/2021\/04\/Resultado-Entrevista-Doutorado.pdf\"><strong>RESULTADO DA ENTREVISTA &#8211; DOUTORADO &#8211; Etapa eliminat\u00f3ria<\/strong><\/a><\/p>\n<p><a href=\"https:\/\/uenf.br\/posgraduacao\/ciencias-naturais\/wp-content\/uploads\/sites\/4\/2021\/04\/Resultado-Final-Entrevista-Doutorado.pdf\"><strong>RESULTADO FINAL DA ENTREVISTA &#8211; DOUTORADO &#8211; Etapa eliminat\u00f3ria &#8211; ap\u00f3s recursos<\/strong><\/a><\/p>\n<h2>ETAPA 8 &#8211; APRESENTA\u00c7\u00c3O E ARGUI\u00c7\u00c3O DE PROPOSTA DE PROJETO DE DOUTORADO &#8211; Eliminat\u00f3ria\u00a0 doutorado(item 6.6.5 do edital) &#8211; dias 08 e 09\/04\/2021<\/h2>\n<h3><a href=\"https:\/\/uenf.br\/posgraduacao\/ciencias-naturais\/wp-content\/uploads\/sites\/4\/2021\/04\/Cronograma-apresentacao-e-arguicao-projeto-de-pesquisas-PGCN-2021-1-Doutorado.pdf\">Cronograma apresenta\u00e7\u00e3o e argui\u00e7\u00e3o projeto de pesquisas &#8211; PGCN-2021-1 &#8211; Doutorado<\/a><\/h3>\n<p><a href=\"https:\/\/uenf.br\/posgraduacao\/ciencias-naturais\/wp-content\/uploads\/sites\/4\/2021\/04\/Resultado-Apresentacao-e-arguicao-de-projeto-de-pesquisa-doutorado.pdf\"><strong>RESULTADO DA APRESENTA\u00c7\u00c3O E ARGUI\u00c7\u00c3O DE PROJETO DE PESQUISA &#8211; DOUTORADO<\/strong><\/a><\/p>\n<p><a href=\"https:\/\/uenf.br\/posgraduacao\/ciencias-naturais\/wp-content\/uploads\/sites\/4\/2021\/04\/Resultado-Final-Apresentacao-e-arguicao-de-projeto-de-pesquisa-doutorado.pdf\"><strong>RESULTADO DA APRESENTA\u00c7\u00c3O E ARGUI\u00c7\u00c3O DE PROJETO DE PESQUISA &#8211; DOUTORADO<\/strong><\/a><\/p>\n<h2>ETAPA 9 &#8211; NOTA FINAL E RESULTADO PRELIMINAR PROCESSO SELETIVO PPGCN-2021-1 &#8211; MESTRADO E DOUTORADO<\/h2>\n<h3><a href=\"https:\/\/uenf.br\/posgraduacao\/ciencias-naturais\/wp-content\/uploads\/sites\/4\/2021\/04\/Nota-Final-Divulgacao-Preliminar-Mestrado-Ordem-alfabetica-1.pdf\">Nota Final &#8211; Divulga\u00e7\u00e3o Preliminar &#8211; Mestrado &#8211; Ordem alfab\u00e9tica<\/a><\/h3>\n<h3><a href=\"https:\/\/uenf.br\/posgraduacao\/ciencias-naturais\/wp-content\/uploads\/sites\/4\/2021\/04\/Nota-Final-Divulgacao-Preliminar-Mestrado-Ordem-de-Notas-1.pdf\">Nota Final &#8211; Divulga\u00e7\u00e3o Preliminar &#8211; Mestrado &#8211; Ordem de Notas<\/a><\/h3>\n<h3><a href=\"https:\/\/uenf.br\/posgraduacao\/ciencias-naturais\/wp-content\/uploads\/sites\/4\/2021\/04\/Nota-Final-Divulgacao-Preliminar-Doutorado-Ordem-alfabetica.pdf\">Nota Final &#8211; Divulga\u00e7\u00e3o Preliminar &#8211; Doutorado &#8211; Ordem alfab\u00e9tica<\/a><\/h3>\n<h3><a href=\"https:\/\/uenf.br\/posgraduacao\/ciencias-naturais\/wp-content\/uploads\/sites\/4\/2021\/04\/Nota-Final-Divulgacao-Preliminar-Doutorado-Ordem-alfabetica-corrigido-1.pdf\">Nota Final &#8211; Divulga\u00e7\u00e3o Preliminar &#8211; Doutorado &#8211; Ordem alfab\u00e9tica<\/a> <span style=\"color: #ff0000\">&#8211; com corre\u00e7\u00e3o lan\u00e7amento notas e c\u00e1lculo de m\u00e9dias<\/span><\/h3>\n<h3><a href=\"https:\/\/uenf.br\/posgraduacao\/ciencias-naturais\/wp-content\/uploads\/sites\/4\/2021\/04\/Nota-Final-Divulgacao-Preliminar-Doutorado-Ordem-de-Notas.pdf\">Nota Final &#8211; Divulga\u00e7\u00e3o Preliminar &#8211; Doutorado &#8211; Ordem de Notas<\/a><\/h3>\n<h3><a href=\"https:\/\/uenf.br\/posgraduacao\/ciencias-naturais\/wp-content\/uploads\/sites\/4\/2021\/04\/Nota-Final-Divulgacao-Preliminar-Doutorado-Ordem-de-Notas-corrigido-1.pdf\">Nota Final &#8211; Divulga\u00e7\u00e3o Preliminar &#8211; Doutorado &#8211; Ordem de Notas<\/a> <span style=\"color: #ff0000\">&#8211; com corre\u00e7\u00e3o lan\u00e7amento notas e c\u00e1lculo de m\u00e9dias<\/span><\/h3>\n<div id=\"yui_3_17_2_1_1618487040670_973\" class=\"contentwithoutlink \">\n<div id=\"yui_3_17_2_1_1618487040670_972\" class=\"no-overflow\">\n<div id=\"yui_3_17_2_1_1618487040670_971\" class=\"no-overflow\">\n<h3 id=\"yui_3_17_2_1_1618487040670_989\" style=\"text-align: left\" align=\"center\"><b id=\"yui_3_17_2_1_1618487040670_988\">EDITAL &#8211; Item 8.1.7 &#8211; Classificat\u00f3ria<\/b><\/h3>\n<h3 id=\"yui_3_17_2_1_1618487040670_970\" class=\"Default\">8.1.7. A classifica\u00e7\u00e3o final ser\u00e1 por vagas de acordo com a op\u00e7\u00e3o de linha de pesquisa\/orientador\/tema de pesquisa escolhida no ato da inscri\u00e7\u00e3o pelo candidato. Haver\u00e1 lista de espera para candidatos aprovados e n\u00e3o classificados dentro do n\u00famero de vagas em uma mesma op\u00e7\u00e3o de linha de pesquisa\/orientador\/tema. Em hip\u00f3tese alguma um candidato poder\u00e1 ser classificado ou remanejado para outra vaga que n\u00e3o tenha sido a vaga que optou no ato de inscri\u00e7\u00e3o.<\/h3>\n<\/div>\n<\/div>\n<\/div>\n<h3><a href=\"https:\/\/uenf.br\/posgraduacao\/ciencias-naturais\/wp-content\/uploads\/sites\/4\/2021\/04\/Resultado-Preliminar-PPGCN-2021-1-por-linha-de-pesquisa-orientacao-e-tema-1.pdf\">Resultado Preliminar PPGCN-2021-1 &#8211; por linha de pesquisa-orienta\u00e7\u00e3o e tema<\/a><\/h3>\n<h3><a href=\"https:\/\/uenf.br\/posgraduacao\/ciencias-naturais\/wp-content\/uploads\/sites\/4\/2021\/04\/Resultado-Preliminar-PPGCN-2021-1-por-linha-de-pesquisa-orientacao-e-tema-corrigido.pdf\">Resultado Preliminar PPGCN-2021-1 &#8211; por linha de pesquisa-orienta\u00e7\u00e3o e tema<\/a> <span style=\"color: #ff0000\">&#8211; com corre\u00e7\u00e3o lan\u00e7amento notas e c\u00e1lculo de m\u00e9dias<\/span><\/h3>\n<h2>ETAPA 10 &#8211; RESULTADO FINAL PROCESSO SELETIVO PPGCN-2021-1 &#8211; MESTRADO E DOUTORADO<\/h2>\n<h3><a href=\"https:\/\/uenf.br\/posgraduacao\/ciencias-naturais\/wp-content\/uploads\/sites\/4\/2021\/04\/Nota-Final-Resultado-final-Mestrado-Ordem-alfabetica.pdf\">Nota Final &#8211; Resultado final &#8211; Mestrado &#8211; Ordem alfab\u00e9tica<\/a><\/h3>\n<h3><a href=\"https:\/\/uenf.br\/posgraduacao\/ciencias-naturais\/wp-content\/uploads\/sites\/4\/2021\/04\/Nota-Final-Resultado-final-Mestrado-Ordem-de-Notas.pdf\">Nota Final &#8211; Resultado final &#8211; Mestrado &#8211; Ordem de notas<\/a><\/h3>\n<h3><a href=\"https:\/\/uenf.br\/posgraduacao\/ciencias-naturais\/wp-content\/uploads\/sites\/4\/2021\/04\/Nota-Final-Resultado-final-Doutorado-Ordem-alfabetica.pdf\">Nota Final &#8211; Resultado final &#8211; Doutorado &#8211; Ordem alfab\u00e9tica<\/a><\/h3>\n<h3><a href=\"https:\/\/uenf.br\/posgraduacao\/ciencias-naturais\/wp-content\/uploads\/sites\/4\/2021\/04\/Nota-Final-Resultado-final-Doutorado-Ordem-de-Notas-1.pdf\">Nota Final &#8211; Resultado final &#8211; Doutorado &#8211; Ordem de notas<\/a><\/h3>\n<h3><a href=\"https:\/\/uenf.br\/posgraduacao\/ciencias-naturais\/wp-content\/uploads\/sites\/4\/2021\/04\/Resultado-Final-PPGCN-2021-1-por-linha-de-pesquisa-orientacao-e-tema.pdf\">Resultado Final Processo Seletivo\u00a0 PPGCN-2021-1 &#8211; por linha de pesquisa-orienta\u00e7\u00e3o e tema &#8211; mestrado e doutorado<\/a><\/h3>\n","protected":false},"excerpt":{"rendered":"<p>ETAPA 1 &#8211; INSCRI\u00c7\u00d5ES RECEBIDAS AT\u00c9 AS 12 :00 H DE 05\/03\/2021 Obs.\u00a0 Inscri\u00e7\u00f5es ap\u00f3s as 12:00H do dia 05\/03\/2021&#8230;<\/p>\n","protected":false},"author":10,"featured_media":0,"parent":2913,"menu_order":57,"comment_status":"closed","ping_status":"closed","template":"","meta":{"footnotes":""},"class_list":["post-3116","page","type-page","status-publish","hentry"],"_links":{"self":[{"href":"https:\/\/uenf.br\/posgraduacao\/ciencias-naturais\/wp-json\/wp\/v2\/pages\/3116","targetHints":{"allow":["GET"]}}],"collection":[{"href":"https:\/\/uenf.br\/posgraduacao\/ciencias-naturais\/wp-json\/wp\/v2\/pages"}],"about":[{"href":"https:\/\/uenf.br\/posgraduacao\/ciencias-naturais\/wp-json\/wp\/v2\/types\/page"}],"author":[{"embeddable":true,"href":"https:\/\/uenf.br\/posgraduacao\/ciencias-naturais\/wp-json\/wp\/v2\/users\/10"}],"replies":[{"embeddable":true,"href":"https:\/\/uenf.br\/posgraduacao\/ciencias-naturais\/wp-json\/wp\/v2\/comments?post=3116"}],"version-history":[{"count":0,"href":"https:\/\/uenf.br\/posgraduacao\/ciencias-naturais\/wp-json\/wp\/v2\/pages\/3116\/revisions"}],"up":[{"embeddable":true,"href":"https:\/\/uenf.br\/posgraduacao\/ciencias-naturais\/wp-json\/wp\/v2\/pages\/2913"}],"wp:attachment":[{"href":"https:\/\/uenf.br\/posgraduacao\/ciencias-naturais\/wp-json\/wp\/v2\/media?parent=3116"}],"curies":[{"name":"wp","href":"https:\/\/api.w.org\/{rel}","templated":true}]}}