{"id":3376,"date":"2021-09-03T12:44:21","date_gmt":"2021-09-03T12:44:21","guid":{"rendered":"https:\/\/uenf.br\/posgraduacao\/ciencias-naturais\/?page_id=3376"},"modified":"2021-12-01T10:39:56","modified_gmt":"2021-12-01T10:39:56","slug":"processo-seletivo-alunos-regulares-2022-1","status":"publish","type":"page","link":"https:\/\/uenf.br\/posgraduacao\/ciencias-naturais\/mestrado-e-doutorado\/processo-seletivo-alunos-regulares-2022-1\/","title":{"rendered":"Processo Seletivo &#8211; 2022-1"},"content":{"rendered":"<h2 align=\"center\"><strong><span style=\"color: #ff0000\">PER\u00cdODO DE INSCRI\u00c7\u00d5ES:<\/span>\u00a0 <span style=\"color: #ff0000\">de 01 de Novembro de 2021\u00a0 a 30 de Novembro de 2021<\/span><br \/>\n<\/strong><\/h2>\n<p><a href=\"https:\/\/uenf.br\/posgraduacao\/ciencias-naturais\/editais-e-processos-seletivos\/mestrado-e-doutorado\/processo-seletivo-alunos-regulares-2022-1\/etapas-do-processo-seletivo-ppgcn-2022-1\/\" target=\"_blank\" rel=\"https:\/\/uenf.br\/posgraduacao\/ciencias-naturais\/editais-e-processos-seletivos\/mestrado-e-doutorado\/processo-seletivo-alunos-regulares-2022-1\/etapas-do-processo-seletivo-ppgcn-2022-1\/ noopener\"><img loading=\"lazy\" decoding=\"async\" class=\"aligncenter wp-image-4267 size-full\" src=\"https:\/\/uenf.br\/posgraduacao\/ciencias-naturais\/wp-content\/uploads\/sites\/4\/2021\/12\/Imagem-acompanhamento-processo-seletivo.jpg\" alt=\"Etapas do Processo seletivo 202201\" width=\"495\" height=\"158\" srcset=\"https:\/\/uenf.br\/posgraduacao\/ciencias-naturais\/wp-content\/uploads\/sites\/4\/2021\/12\/Imagem-acompanhamento-processo-seletivo.jpg 495w, https:\/\/uenf.br\/posgraduacao\/ciencias-naturais\/wp-content\/uploads\/sites\/4\/2021\/12\/Imagem-acompanhamento-processo-seletivo-300x96.jpg 300w\" sizes=\"auto, (max-width: 495px) 100vw, 495px\" \/><\/a><\/p>\n<h3 style=\"text-align: left\" align=\"center\"><strong>&#8211; <a href=\"https:\/\/uenf.br\/posgraduacao\/ciencias-naturais\/wp-content\/uploads\/sites\/4\/2021\/11\/Edital-de-Selecao-PPGCN-2022-1-errata-2.2.2.1.4.pdf\">Edital de Sele\u00e7\u00e3o PPGCN-2022-1<\/a><br \/>\n<\/strong><\/h3>\n<p><span style=\"color: #ff0000\"><strong>Errata Edital PPGCN-2022-1:\u00a0\u00a0 2.2.2.1.4 \u00a0\u00a0 Documenta\u00e7\u00e3o 3 (c\u00f3pia) dos itens \u201cg\u201d e \u201co\u201d&#8230;&#8230;..leia-se\u00a0 \u201cg\u201d at\u00e9 \u201co\u201d &#8230;&#8230;&#8230;.<\/strong><\/span><\/p>\n<h3 style=\"text-align: left\" align=\"center\"><strong>&#8211; <a href=\"https:\/\/uenf.br\/posgraduacao\/ciencias-naturais\/wp-content\/uploads\/sites\/4\/2021\/10\/Anexos-1-a-7-Edital-de-Selecao-PPGCN-2022-1.pdf\">Anexos 1 a 7 Edital de Sele\u00e7\u00e3o PPGCN-2022-1<\/a><\/strong><\/h3>\n<p><span style=\"color: #0000ff\"><strong>INSCRI\u00c7\u00d5ES<\/strong><\/span><\/p>\n<p><span style=\"color: #0000ff\"><strong><br \/>\n<\/strong><\/span><span style=\"color: #ff0000\"><strong>INSCRI\u00c7\u00d5ES PRESENCIAIS:<\/strong> \u00a0<\/span> ENTREGAR NO LOCAL E HOR\u00c1RIOS ABAIXO UM \u00daNICO\u00a0 ENVELOPE LACRADO CONTENDO TODA A DOCUMENTA\u00c7\u00c3O REFERENTE A INSCRI\u00c7\u00c3O DE ACORDO COM O EDITAL.\u00a0 IDENTIFICAR O ENVELOPE NA PARTE EXTERNA COM:\u00a0 NOME COMPLETO DO CANDIDATO, N\u00cdVEL\u00a0 DA VAGA (MESTRADO OU DOUTORADO), LINHA DE PESQUISA E C\u00d3DIGO DA VAGA.<br \/>\n<strong>LOCAL DE ENTREGA:\u00a0<\/strong> SEGUNDA \u00c0 SEXTA-FEIRA DE 9:00 \u00c0S 12:00 h &#8211; SECRETARIA DO PPGCN\/CCT\/UENF &#8211; Av. Alberto Lamego, 2000, CCT &#8211; predio P3 &#8211; T\u00e9rreo<\/p>\n<p><strong><span style=\"color: #ff0000\">INSCRI\u00c7\u00d5ES ELETR\u00d4NICAS:<\/span>\u00a0<\/strong> Utilizar a op\u00e7\u00e3o 1 caso voc\u00ea utilize e-mail do gmail. \u00a0 Recomenda-se aos candidatos que n\u00e3o possuam um e-mail do gmail\u00a0 que criem uma conta e utuilizem a op\u00e7\u00e3o 1. Caso n\u00e3o deseje criar uma conta gmail o candidato poder\u00e1 optar por utilizar o envio dos documentos pela op\u00e7\u00e3o 2\u00a0 mas se tiver algum problema de envio pela op\u00e7\u00e3o 2 favor abrir uma conta de e-mail no gmail e proceder a utiliza\u00e7\u00e3o da op\u00e7\u00e3o 1.<\/p>\n<ul>\n<li><strong><a href=\"https:\/\/forms.gle\/WQbJUCLF1s7PLFA9A\"><span style=\"color: #ff0000\">OP\u00c7\u00c3O 1 &#8211;<\/span><\/a><\/strong> PARA CANDIDATOS QUE UTILIZAM E-MAIL DO GMAIL<\/li>\n<li><a href=\"https:\/\/formfacade.com\/public\/101922645282037525165\/all\/form\/1FAIpQLSfqQGZs85vhXs5QbtQfzhNrafYYm-btmRr-BQ5ouFrmu2ACtg\"><strong><span style=\"color: #ff0000\">OP\u00c7\u00c3O 2 &#8211;<\/span><\/strong><\/a> PARA CANDIDATOS QUE <strong><span style=\"color: #ff0000\">N\u00c3O<\/span><\/strong> UTILIZAM E <strong><span style=\"color: #ff0000\">N\u00c3O<\/span><\/strong> DESEJEM CRIAR UM E-MAIL DO GMAIL<\/li>\n<\/ul>\n<p><span style=\"color: #0000ff\"><strong>FORMUL\u00c1RIOS E MODELOS &#8211; <span style=\"color: #ff0000\">N\u00c3O SER\u00c3O ACEITOS FORMUL\u00c1RIOS COM\u00a0 ALTERA\u00c7\u00d5ES DE FORMATA\u00c7\u00c3O DEVIDO A CONVERS\u00d5ES DE PDF EM TEXTO, DIGITALIZA\u00c7\u00d5ES QUE N\u00c3O ESTEJAM N\u00cdTIDAS E ALINHADAS OU ARQUIVOS EM OUTROS FORMATOS QUE N\u00c3O SEJAM PDF<\/span><\/strong><\/span><\/p>\n<p><span style=\"color: #800080\"><strong>ATEN\u00c7\u00c3O:\u00a0 para utiliza\u00e7\u00e3o dos formul\u00e1rios pdf eletr\u00f4nicos recomenda-se a instala\u00e7\u00e3o da vers\u00e3o mais recente do <a style=\"color: #800080\" href=\"https:\/\/get.adobe.com\/br\/reader\/\">ADOBE ACROBAT READER DC<\/a>\u00a0 para o seu sistema operacional .\u00a0 Se voc\u00ea est\u00e1 tendo problemas com a utiliza\u00e7\u00e3o da op\u00e7\u00e3o\u00a0 de formul\u00e1rio eletr\u00f4nico, favor utilizar a op\u00e7\u00e3o de formul\u00e1rio manual!<br \/>\n<\/strong><\/span><\/p>\n<p><span style=\"color: #0000ff\"><strong>FORMUL\u00c1RIO 1 &#8211; INSCRI\u00c7\u00c3O<br \/>\n<\/strong><\/span><a href=\"https:\/\/uenf.br\/posgraduacao\/ciencias-naturais\/wp-content\/uploads\/sites\/4\/2021\/10\/Formulario-1-inscricao-pdf-para-impressao.pdf\"><strong><span style=\"color: #ff0000\">&#8211; Op\u00e7\u00e3o 1: <\/span><\/strong><\/a>imprimir, preencher com letra leg\u00edvel, assinar, digitalizar e salvar em pdf nomeando o arquivo conforme instru\u00e7\u00f5es do edital de sele\u00e7\u00e3o.<br \/>\n<span style=\"color: #ff0000\"><strong><a style=\"color: #ff0000\" href=\"https:\/\/uenf.br\/posgraduacao\/ciencias-naturais\/wp-content\/uploads\/sites\/4\/2021\/10\/Formulario-1-inscricao-pdf-eletronico.pdf\">&#8211; Op\u00e7\u00e3o 2:<\/a>\u00a0<\/strong><\/span> preencher eletronicamente, assinar (este formul\u00e1rio aceita a inser\u00e7\u00e3o de arquivo de imagem &#8211; png or jpg -com assinatura) e salvar em pdf nomeando o arquivo conforme instru\u00e7\u00f5es do edital de sele\u00e7\u00e3o<\/p>\n<p><span style=\"color: #0000ff\"><strong>FORMUL\u00c1RIO &#8211; CARTA DE REFER\u00caNCIA<br \/>\n<\/strong><\/span>Os candidatos dever\u00e3o providenciar o encaminhamento de tr\u00eas cartas de refer\u00eancia subscritas por pessoas ligadas \u00e0 forma\u00e7\u00e3o universit\u00e1ria do candidato ou \u00e0s suas atividades profissionais. Escolher uma das op\u00e7\u00f5es de formul\u00e1rio abaixo, preencher as informa\u00e7\u00f5es preliminares referentes a sua inscri\u00e7\u00e3o, salvar o arquivo\u00a0 em pdf nomeando o arquivo como: <strong>Carta de Refer\u00eancia \u2013 Nome completo do (a) candidato(a)).\u00a0<\/strong> Encaminhar ao declarante solicitando o preenchimento e envio para o <strong>e-mail: pgcn@uenf.br. \u00a0<\/strong> Cartas\u00a0 recebidas no e-mail do PPGCN ap\u00f3s a\u00a0 data e hor\u00e1rio limite para inscri\u00e7\u00e3o n\u00e3o ser\u00e3o consideradas.<br \/>\n<a href=\"https:\/\/uenf.br\/posgraduacao\/ciencias-naturais\/wp-content\/uploads\/sites\/4\/2021\/10\/Formulario-2-Carta-de-recomendacao-pdf-para-impressao.pdf\"><span style=\"color: #ff0000\"><strong>&#8211; Op\u00e7\u00e3o 1:<\/strong><\/span><\/a><span style=\"color: #ff0000\"><strong> \u00a0<\/strong><\/span>Imprimir, preencher as informa\u00e7\u00f5es preliminares com letra leg\u00edvel, digitalizar e salvar em pdf nomeando o arquivo e procedendo conforme instru\u00e7\u00f5es acima.<br \/>\n<a href=\"https:\/\/uenf.br\/posgraduacao\/ciencias-naturais\/wp-content\/uploads\/sites\/4\/2021\/11\/Formulario-2-Carta-de-recomendacao-pdf-eletronico.pdf\"><span style=\"color: #ff0000\"><strong>&#8211; Op\u00e7\u00e3o 2:<\/strong><\/span><span style=\"color: #ff0000\"><strong>\u00a0<\/strong><\/span><\/a> Preencher eletronicamente e salvar em pdf nomeando o arquivo e procedendo conforme instru\u00e7\u00f5es acima. (este formul\u00e1rio aceita a inser\u00e7\u00e3o de arquivo de imagem &#8211; png or jpg &#8211; com assinatura).<\/p>\n<p><strong><span style=\"color: #0000ff\">FORMUL\u00c1RIO\u00a0 &#8211; SOLICITA\u00c7\u00c3O DE ISEN\u00c7\u00c3O DE PAGAMENTO DA TAXA DE INSCRI\u00c7\u00c3O<br \/>\n<\/span><\/strong><span style=\"color: #ff0000\"><strong><a style=\"color: #ff0000\" href=\"https:\/\/uenf.br\/posgraduacao\/ciencias-naturais\/wp-content\/uploads\/sites\/4\/2021\/10\/Formulario-requerimento-de-isencao-de-taxa-de-inscricao-pdf-para-impressao.pdf\">&#8211; Op\u00e7\u00e3o 1:<\/a> <\/strong><\/span>imprimir, preencher com letra leg\u00edvel, assinar, digitalizar e salvar em pdf nomeando o arquivo como: Isen\u00e7\u00e3o de taxa &#8211; nome completo do candidato. Enviar para pgcn@uenf.br juntamente com a documenta\u00e7\u00e3o que justifique a solicita\u00e7\u00e3o quando necess\u00e1rio<br \/>\n<span style=\"color: #ff0000\"><strong><a style=\"color: #ff0000\" href=\"https:\/\/uenf.br\/posgraduacao\/ciencias-naturais\/wp-content\/uploads\/sites\/4\/2021\/10\/Formulario-requerimento-de-isencao-de-taxa-de-inscricao-pdf-eletronico.pdf\">&#8211; Op\u00e7\u00e3o 2:<\/a>\u00a0<\/strong> <\/span>preencher eletronicamente, assinar (este formul\u00e1rio aceita a inser\u00e7\u00e3o de arquivo de imagem &#8211; png or jpg -com assinatura) e salvar em pdf nomeando o arquivo como: Isen\u00e7\u00e3o de taxa &#8211; nome completo do candidato. Enviar para pgcn@uenf.br juntamente com a documenta\u00e7\u00e3o que justifique a solicita\u00e7\u00e3o quando necess\u00e1rio<\/p>\n<p><strong><span style=\"color: #0000ff\">FORMUL\u00c1RIO\u00a0 &#8211; SOLICITA\u00c7\u00c3O PARA REALIZA\u00c7\u00c3O DE ETAPAS PRESENCIAIS NA FORMA REMOTA<br \/>\n<\/span><\/strong><a href=\"https:\/\/uenf.br\/posgraduacao\/ciencias-naturais\/wp-content\/uploads\/sites\/4\/2021\/10\/Formulario-requerimento-realizacao-etapas-de-forma-remota-pdf-para-impressao-1.pdf\"><strong><span style=\"color: #ff0000\">&#8211; Op\u00e7\u00e3o 1: <\/span><\/strong><\/a>imprimir, preencher com letra leg\u00edvel, assinar, digitalizar e salvar em pdf nomeando o arquivo como: Etapa remota- nome completo do candidato. Enviar para pgcn@uenf.br juntamente com a documenta\u00e7\u00e3o que justifique a solicita\u00e7\u00e3o<br \/>\n<a href=\"https:\/\/uenf.br\/posgraduacao\/ciencias-naturais\/wp-content\/uploads\/sites\/4\/2021\/10\/Formulario-requerimento-realizacao-etapas-de-forma-remota-pdf-eletronico.pdf\"><strong><span style=\"color: #ff0000\">&#8211; Op\u00e7\u00e3o 2:\u00a0<\/span><\/strong><\/a> preencher eletronicamente, assinar (este formul\u00e1rio aceita a inser\u00e7\u00e3o de arquivo de imagem &#8211; png or jpg -com assinatura) e salvar em pdf nomeando o arquivo como: Etapa remota &#8211; nome completo do candidato. Enviar para pgcn@uenf.br juntamente com a documenta\u00e7\u00e3o que justifique a solicita\u00e7\u00e3o.<\/p>\n<p><strong><span style=\"color: #0000ff\">ANEXO 4 (CANDIDATOS AO MESTRADO) E ANEXO 5 (CANDIDATOS AO DOUTORADO)<\/span> &#8211; Na avalia\u00e7\u00e3o ser\u00e1 observado o preenchimento da autoavalia\u00e7\u00e3o do candidato e a ordena\u00e7\u00e3o correta dos comprovantes de acordo com os itens 8.1.2.1 e 8.1.2.2.(mestrado) e 8.2.2.1 e 8.2.2.2 (doutorado).<br \/>\n<\/strong><\/p>\n<p><strong><span style=\"color: #0000ff\">ANEXO 4 (MESTRADO)<\/span><br \/>\n<\/strong><a href=\"https:\/\/uenf.br\/posgraduacao\/ciencias-naturais\/wp-content\/uploads\/sites\/4\/2021\/10\/Anexo-4-Tabela-de-Pontuacao-Curriculo-e-historico-mestrado-pdf-para-impressao.pdf\"><strong><span style=\"color: #ff0000\">&#8211; Op\u00e7\u00e3o 1: <\/span><\/strong><\/a>imprimir, preencher com letra leg\u00edvel e salvar em pdf nomeando o arquivo como: ANEXO-4-nome completo do candidato. Proceder de acordo com as instru\u00e7\u00f5es dos itens 2.2.2.1.3 (documenta\u00e7\u00e3o 2) e 6.3.1 do edital<br \/>\n<a href=\"https:\/\/uenf.br\/posgraduacao\/ciencias-naturais\/wp-content\/uploads\/sites\/4\/2021\/10\/Anexo-4-Tabela-de-Pontuacao-Curriculo-e-historico-mestrado-pdf-eletronico.pdf\"><strong><span style=\"color: #ff0000\">&#8211; Op\u00e7\u00e3o 2:<\/span><\/strong> <\/a>preencher eletronicamente e salvar em pdf nomeando o arquivo como: ANEXO-4-nome completo do candidato. Proceder de acordo com as instru\u00e7\u00f5es dos itens 2.2.2.1.3 (documenta\u00e7\u00e3o 2) e 6.3.1 do edital<\/p>\n<p><strong><span style=\"color: #0000ff\">ANEXO 5 (DOUTORADO)<\/span><br \/>\n<\/strong><a href=\"https:\/\/uenf.br\/posgraduacao\/ciencias-naturais\/wp-content\/uploads\/sites\/4\/2021\/10\/Anexo-5-Tabela-de-Pontuacao-Curriculo-e-historico-doutorado-pdf-para-impressao.pdf\"><strong><span style=\"color: #ff0000\">&#8211; Op\u00e7\u00e3o 1<\/span><\/strong><strong>: <\/strong><\/a>imprimir, preencher com letra leg\u00edvel e salvar em pdf nomeando o arquivo como: ANEXO-4-nome completo do candidato. Proceder de acordo com as instru\u00e7\u00f5es dos itens 2.2.2.1.3 (documenta\u00e7\u00e3o 2) e 6.3.1 do edital<br \/>\n<a href=\"https:\/\/uenf.br\/posgraduacao\/ciencias-naturais\/wp-content\/uploads\/sites\/4\/2021\/10\/Anexo-5-Tabela-de-Pontuacao-Curriculo-e-historico-doutorado-pdf-eletronico.pdf\"><strong><span style=\"color: #ff0000\">&#8211; Op\u00e7\u00e3o 2:<\/span><\/strong><\/a> preencher eletronicamente e salvar em pdf nomeando o arquivo como: ANEXO-4-nome completo do candidato. Proceder de acordo com as instru\u00e7\u00f5es dos itens 2.2.2.1.3 (documenta\u00e7\u00e3o 2) e 6.3.1 do edital<\/p>\n<p><span style=\"color: #0000ff\"><strong><a href=\"https:\/\/uenf.br\/posgraduacao\/ciencias-naturais\/editais-e-processos-seletivos\/mestrado-e-doutorado\/processo-seletivo-alunos-regulares-2022-1\/materiais-e-artigos-para-a-prova-de-conhecimentos-gerais\/\">MATERIAIS E ARTIGOS PARA A PROVA DE CONHECIMENTOS GERAIS<\/a> <\/strong><\/span><\/p>\n","protected":false},"excerpt":{"rendered":"<p>PER\u00cdODO DE INSCRI\u00c7\u00d5ES:\u00a0 de 01 de Novembro de 2021\u00a0 a 30 de Novembro de 2021 &#8211; Edital de Sele\u00e7\u00e3o PPGCN-2022-1&#8230;<\/p>\n","protected":false},"author":10,"featured_media":0,"parent":3379,"menu_order":58,"comment_status":"closed","ping_status":"closed","template":"","meta":{"footnotes":""},"class_list":["post-3376","page","type-page","status-publish","hentry"],"_links":{"self":[{"href":"https:\/\/uenf.br\/posgraduacao\/ciencias-naturais\/wp-json\/wp\/v2\/pages\/3376","targetHints":{"allow":["GET"]}}],"collection":[{"href":"https:\/\/uenf.br\/posgraduacao\/ciencias-naturais\/wp-json\/wp\/v2\/pages"}],"about":[{"href":"https:\/\/uenf.br\/posgraduacao\/ciencias-naturais\/wp-json\/wp\/v2\/types\/page"}],"author":[{"embeddable":true,"href":"https:\/\/uenf.br\/posgraduacao\/ciencias-naturais\/wp-json\/wp\/v2\/users\/10"}],"replies":[{"embeddable":true,"href":"https:\/\/uenf.br\/posgraduacao\/ciencias-naturais\/wp-json\/wp\/v2\/comments?post=3376"}],"version-history":[{"count":0,"href":"https:\/\/uenf.br\/posgraduacao\/ciencias-naturais\/wp-json\/wp\/v2\/pages\/3376\/revisions"}],"up":[{"embeddable":true,"href":"https:\/\/uenf.br\/posgraduacao\/ciencias-naturais\/wp-json\/wp\/v2\/pages\/3379"}],"wp:attachment":[{"href":"https:\/\/uenf.br\/posgraduacao\/ciencias-naturais\/wp-json\/wp\/v2\/media?parent=3376"}],"curies":[{"name":"wp","href":"https:\/\/api.w.org\/{rel}","templated":true}]}}