{"id":3379,"date":"2021-09-03T12:55:17","date_gmt":"2021-09-03T12:55:17","guid":{"rendered":"https:\/\/uenf.br\/posgraduacao\/ciencias-naturais\/?page_id=3379"},"modified":"2026-04-09T14:08:04","modified_gmt":"2026-04-09T14:08:04","slug":"mestrado-e-doutorado","status":"publish","type":"page","link":"https:\/\/uenf.br\/posgraduacao\/ciencias-naturais\/mestrado-e-doutorado\/","title":{"rendered":"MESTRADO E DOUTORADO"},"content":{"rendered":"<p><span style=\"color: #993300\"><strong>PROCESSO SELETIVO PPGCN 2026.2 &#8211; <\/strong><\/span><span style=\"color: #993300\"><strong>Mestrado e Doutorado<\/strong><\/span><\/p>\n<p><strong><span style=\"color: #993300\">Per\u00edodo de Inscri\u00e7\u00e3o: 09\/04 a 03\/05\/2026<\/span><\/strong><\/p>\n<p><span style=\"color: #993300\">Acesse <a style=\"color: #993300\" href=\"https:\/\/uenf.br\/posgraduacao\/ciencias-naturais\/mestrado-e-doutorado\/processo-seletivo-2026-2\/\">aqui\u00a0<\/a><\/span><\/p>\n<p>&nbsp;<\/p>\n<p>&nbsp;<\/p>\n<p>&nbsp;<\/p>\n<p><a href=\"https:\/\/uenf.br\/posgraduacao\/ciencias-naturais\/mestrado-e-doutorado\/processo-seletivo-2026-1\/\"><img loading=\"lazy\" decoding=\"async\" class=\"alignnone wp-image-8285\" src=\"https:\/\/uenf.br\/posgraduacao\/ciencias-naturais\/wp-content\/uploads\/sites\/4\/2025\/09\/2-Icone-Processo-Seletivo-2026-1-300x60.png\" alt=\"\" width=\"550\" height=\"110\" srcset=\"https:\/\/uenf.br\/posgraduacao\/ciencias-naturais\/wp-content\/uploads\/sites\/4\/2025\/09\/2-Icone-Processo-Seletivo-2026-1-300x60.png 300w, https:\/\/uenf.br\/posgraduacao\/ciencias-naturais\/wp-content\/uploads\/sites\/4\/2025\/09\/2-Icone-Processo-Seletivo-2026-1.png 516w\" sizes=\"auto, (max-width: 550px) 100vw, 550px\" \/><\/a><\/p>\n<p><strong>PROCESSO DE SELE\u00c7\u00c3O ENCERRADO<\/strong><\/p>\n<p><a href=\"https:\/\/uenf.br\/posgraduacao\/ciencias-naturais\/editais-e-processos-seletivos\/mestrado-e-doutorado\/processo-seletivo-2025-2\/\"><img loading=\"lazy\" decoding=\"async\" class=\"alignnone wp-image-8013\" src=\"https:\/\/uenf.br\/posgraduacao\/ciencias-naturais\/wp-content\/uploads\/sites\/4\/2025\/06\/Portugues-300x61.png\" alt=\"\" width=\"556\" height=\"113\" srcset=\"https:\/\/uenf.br\/posgraduacao\/ciencias-naturais\/wp-content\/uploads\/sites\/4\/2025\/06\/Portugues-300x61.png 300w, https:\/\/uenf.br\/posgraduacao\/ciencias-naturais\/wp-content\/uploads\/sites\/4\/2025\/06\/Portugues.png 713w\" sizes=\"auto, (max-width: 556px) 100vw, 556px\" \/><\/a><\/p>\n<p><strong>PROCESSO DE SELE\u00c7\u00c3O ENCERRADO<\/strong><\/p>\n<table style=\"height: 2184px\" border=\"1\" width=\"1168\">\n<tbody>\n<tr>\n<td><a href=\"https:\/\/uenf.br\/posgraduacao\/ciencias-naturais\/editais-e-processos-seletivos\/mestrado-e-doutorado\/processo-seletivo-2025-1\/\" target=\"_blank\" rel=\"noopener\"><img loading=\"lazy\" decoding=\"async\" class=\"alignnone wp-image-7324 size-full\" src=\"https:\/\/uenf.br\/posgraduacao\/ciencias-naturais\/wp-content\/uploads\/sites\/4\/2024\/10\/Icone-processo-seletivo-2025-1-1.jpg\" alt=\"\" width=\"768\" height=\"159\" srcset=\"https:\/\/uenf.br\/posgraduacao\/ciencias-naturais\/wp-content\/uploads\/sites\/4\/2024\/10\/Icone-processo-seletivo-2025-1-1.jpg 768w, https:\/\/uenf.br\/posgraduacao\/ciencias-naturais\/wp-content\/uploads\/sites\/4\/2024\/10\/Icone-processo-seletivo-2025-1-1-300x62.jpg 300w\" sizes=\"auto, (max-width: 768px) 100vw, 768px\" \/><\/a><\/td>\n<td><\/td>\n<td style=\"text-align: center\">\n<p style=\"text-align: center\"><span style=\"color: #000000\"><strong>PROCESSO DE SELE\u00c7\u00c3O ENCERRADO<\/strong><\/span><\/p>\n<p>&nbsp;<\/td>\n<\/tr>\n<tr>\n<td><a href=\"https:\/\/uenf.br\/posgraduacao\/ciencias-naturais\/editais-e-processos-seletivos\/mestrado-e-doutorado\/processo-seletivo-2024-2\/\" target=\"_blank\" rel=\"noopener\"><img loading=\"lazy\" decoding=\"async\" class=\"alignnone wp-image-6949\" src=\"https:\/\/uenf.br\/posgraduacao\/ciencias-naturais\/wp-content\/uploads\/sites\/4\/2024\/05\/2024-2-PORTUGUES.png\" alt=\"\" width=\"746\" height=\"159\" srcset=\"https:\/\/uenf.br\/posgraduacao\/ciencias-naturais\/wp-content\/uploads\/sites\/4\/2024\/05\/2024-2-PORTUGUES.png 765w, https:\/\/uenf.br\/posgraduacao\/ciencias-naturais\/wp-content\/uploads\/sites\/4\/2024\/05\/2024-2-PORTUGUES-300x64.png 300w\" sizes=\"auto, (max-width: 746px) 100vw, 746px\" \/><\/a><\/td>\n<td><\/td>\n<td style=\"text-align: center\"><span style=\"color: #000000\"><strong>PROCESSO DE SELE\u00c7\u00c3O ENCERRADO<\/strong><\/span><\/td>\n<\/tr>\n<tr>\n<td><a href=\"https:\/\/uenf.br\/posgraduacao\/ciencias-naturais\/editais-e-processos-seletivos\/mestrado-e-doutorado\/processo-seletivo-2024-1\/\" target=\"_blank\" rel=\"noopener\"><img loading=\"lazy\" decoding=\"async\" class=\"alignnone wp-image-5998\" src=\"https:\/\/uenf.br\/posgraduacao\/ciencias-naturais\/wp-content\/uploads\/sites\/4\/2023\/07\/2024-1-PORTUGUES.png\" alt=\"\" width=\"761\" height=\"159\" srcset=\"https:\/\/uenf.br\/posgraduacao\/ciencias-naturais\/wp-content\/uploads\/sites\/4\/2023\/07\/2024-1-PORTUGUES.png 790w, https:\/\/uenf.br\/posgraduacao\/ciencias-naturais\/wp-content\/uploads\/sites\/4\/2023\/07\/2024-1-PORTUGUES-300x63.png 300w, https:\/\/uenf.br\/posgraduacao\/ciencias-naturais\/wp-content\/uploads\/sites\/4\/2023\/07\/2024-1-PORTUGUES-768x160.png 768w\" sizes=\"auto, (max-width: 761px) 100vw, 761px\" \/><\/a><\/td>\n<td><\/td>\n<td style=\"text-align: center\"><span style=\"color: #000000\"><strong>PROCESSO DE SELE\u00c7\u00c3O ENCERRADO<\/strong><\/span><\/td>\n<\/tr>\n<tr>\n<td><a href=\"https:\/\/uenf.br\/posgraduacao\/ciencias-naturais\/editais-e-processos-seletivos\/mestrado-e-doutorado\/processo-seletivo-2023-2\/\" target=\"_blank\" rel=\"noopener\"><img loading=\"lazy\" decoding=\"async\" class=\"alignnone wp-image-5628\" src=\"https:\/\/uenf.br\/posgraduacao\/ciencias-naturais\/wp-content\/uploads\/sites\/4\/2023\/03\/2023-2-PORTUGUES.png\" alt=\"\" width=\"769\" height=\"159\" srcset=\"https:\/\/uenf.br\/posgraduacao\/ciencias-naturais\/wp-content\/uploads\/sites\/4\/2023\/03\/2023-2-PORTUGUES.png 788w, https:\/\/uenf.br\/posgraduacao\/ciencias-naturais\/wp-content\/uploads\/sites\/4\/2023\/03\/2023-2-PORTUGUES-300x62.png 300w, https:\/\/uenf.br\/posgraduacao\/ciencias-naturais\/wp-content\/uploads\/sites\/4\/2023\/03\/2023-2-PORTUGUES-768x159.png 768w\" sizes=\"auto, (max-width: 769px) 100vw, 769px\" \/><\/a><\/td>\n<td><\/td>\n<td style=\"text-align: center\"><span style=\"color: #000000\"><strong>PROCESSO DE SELE\u00c7\u00c3O ENCERRADO<\/strong><\/span><\/td>\n<\/tr>\n<tr>\n<td><a href=\"https:\/\/uenf.br\/posgraduacao\/ciencias-naturais\/editais-e-processos-seletivos\/mestrado-e-doutorado\/processo-seletivo-2023-1-2-doutorado\/\" target=\"_blank\" rel=\"noopener\"><img loading=\"lazy\" decoding=\"async\" class=\"alignnone wp-image-5397\" src=\"https:\/\/uenf.br\/posgraduacao\/ciencias-naturais\/wp-content\/uploads\/sites\/4\/2023\/01\/2023-1-2-PORTUGUES.png\" alt=\"\" width=\"756\" height=\"159\" srcset=\"https:\/\/uenf.br\/posgraduacao\/ciencias-naturais\/wp-content\/uploads\/sites\/4\/2023\/01\/2023-1-2-PORTUGUES.png 785w, https:\/\/uenf.br\/posgraduacao\/ciencias-naturais\/wp-content\/uploads\/sites\/4\/2023\/01\/2023-1-2-PORTUGUES-300x63.png 300w, https:\/\/uenf.br\/posgraduacao\/ciencias-naturais\/wp-content\/uploads\/sites\/4\/2023\/01\/2023-1-2-PORTUGUES-768x161.png 768w\" sizes=\"auto, (max-width: 756px) 100vw, 756px\" \/><\/a><\/td>\n<td><\/td>\n<td style=\"text-align: center\"><span style=\"color: #000000\"><strong>PROCESSO DE SELE\u00c7\u00c3O ENCERRADO<\/strong><\/span><\/td>\n<\/tr>\n<tr>\n<td><a href=\"https:\/\/uenf.br\/posgraduacao\/ciencias-naturais\/editais-e-processos-seletivos\/mestrado-e-doutorado\/processo-seletivo-2023-1\/\" target=\"_blank\" rel=\"noopener\"><img loading=\"lazy\" decoding=\"async\" class=\"alignnone wp-image-5025\" src=\"https:\/\/uenf.br\/posgraduacao\/ciencias-naturais\/wp-content\/uploads\/sites\/4\/2022\/11\/2023-1-PORTUGUES-1.png\" alt=\"\" width=\"790\" height=\"159\" srcset=\"https:\/\/uenf.br\/posgraduacao\/ciencias-naturais\/wp-content\/uploads\/sites\/4\/2022\/11\/2023-1-PORTUGUES-1.png 795w, https:\/\/uenf.br\/posgraduacao\/ciencias-naturais\/wp-content\/uploads\/sites\/4\/2022\/11\/2023-1-PORTUGUES-1-300x60.png 300w, https:\/\/uenf.br\/posgraduacao\/ciencias-naturais\/wp-content\/uploads\/sites\/4\/2022\/11\/2023-1-PORTUGUES-1-768x155.png 768w\" sizes=\"auto, (max-width: 790px) 100vw, 790px\" \/><\/a><\/td>\n<td><\/td>\n<td style=\"text-align: center\"><span style=\"color: #000000\"><strong>PROCESSO DE SELE\u00c7\u00c3O ENCERRADO<\/strong><\/span><\/td>\n<\/tr>\n<tr>\n<td><a href=\"https:\/\/uenf.br\/posgraduacao\/ciencias-naturais\/editais-e-processos-seletivos\/mestrado-e-doutorado\/processo-seletivo-2022-2\/\" target=\"_blank\" rel=\"noopener\"><img loading=\"lazy\" decoding=\"async\" class=\"alignnone wp-image-5026\" src=\"https:\/\/uenf.br\/posgraduacao\/ciencias-naturais\/wp-content\/uploads\/sites\/4\/2022\/11\/2022-2-PORTUGUES.png\" alt=\"\" width=\"754\" height=\"159\" srcset=\"https:\/\/uenf.br\/posgraduacao\/ciencias-naturais\/wp-content\/uploads\/sites\/4\/2022\/11\/2022-2-PORTUGUES.png 782w, https:\/\/uenf.br\/posgraduacao\/ciencias-naturais\/wp-content\/uploads\/sites\/4\/2022\/11\/2022-2-PORTUGUES-300x63.png 300w, https:\/\/uenf.br\/posgraduacao\/ciencias-naturais\/wp-content\/uploads\/sites\/4\/2022\/11\/2022-2-PORTUGUES-768x162.png 768w\" sizes=\"auto, (max-width: 754px) 100vw, 754px\" \/><\/a><\/td>\n<td><\/td>\n<td style=\"text-align: center\"><span style=\"color: #000000\"><strong>PROCESSO DE SELE\u00c7\u00c3O ENCERRADO<\/strong><\/span><\/td>\n<\/tr>\n<tr>\n<td><a href=\"https:\/\/uenf.br\/posgraduacao\/ciencias-naturais\/editais-e-processos-seletivos\/mestrado-e-doutorado\/processo-seletivo-alunos-regulares-2022-1\/\" target=\"_blank\" rel=\"noopener\"><img loading=\"lazy\" decoding=\"async\" class=\"alignnone wp-image-5027\" src=\"https:\/\/uenf.br\/posgraduacao\/ciencias-naturais\/wp-content\/uploads\/sites\/4\/2022\/11\/2022-1-PORTUGUES.png\" alt=\"\" width=\"824\" height=\"159\" srcset=\"https:\/\/uenf.br\/posgraduacao\/ciencias-naturais\/wp-content\/uploads\/sites\/4\/2022\/11\/2022-1-PORTUGUES.png 793w, https:\/\/uenf.br\/posgraduacao\/ciencias-naturais\/wp-content\/uploads\/sites\/4\/2022\/11\/2022-1-PORTUGUES-300x58.png 300w, https:\/\/uenf.br\/posgraduacao\/ciencias-naturais\/wp-content\/uploads\/sites\/4\/2022\/11\/2022-1-PORTUGUES-768x148.png 768w\" sizes=\"auto, (max-width: 824px) 100vw, 824px\" \/><\/a><\/td>\n<td><\/td>\n<td style=\"text-align: center\"><span style=\"color: #000000\"><strong>PROCESSO DE SELE\u00c7\u00c3O ENCERRADO<\/strong><\/span><\/td>\n<\/tr>\n<tr>\n<td><a href=\"https:\/\/uenf.br\/posgraduacao\/ciencias-naturais\/editais-e-processos-seletivos\/mestrado-e-doutorado\/2021-1\" target=\"_blank\" rel=\"noopener\"><img loading=\"lazy\" decoding=\"async\" class=\"alignnone wp-image-5028\" src=\"https:\/\/uenf.br\/posgraduacao\/ciencias-naturais\/wp-content\/uploads\/sites\/4\/2022\/11\/2021-1-PORTUGUES.png\" alt=\"\" width=\"793\" height=\"159\" srcset=\"https:\/\/uenf.br\/posgraduacao\/ciencias-naturais\/wp-content\/uploads\/sites\/4\/2022\/11\/2021-1-PORTUGUES.png 793w, https:\/\/uenf.br\/posgraduacao\/ciencias-naturais\/wp-content\/uploads\/sites\/4\/2022\/11\/2021-1-PORTUGUES-300x60.png 300w, https:\/\/uenf.br\/posgraduacao\/ciencias-naturais\/wp-content\/uploads\/sites\/4\/2022\/11\/2021-1-PORTUGUES-768x154.png 768w\" sizes=\"auto, (max-width: 793px) 100vw, 793px\" \/><\/a><\/td>\n<td><\/td>\n<td style=\"text-align: center\"><span style=\"color: #000000\"><strong>PROCESSO DE SELE\u00c7\u00c3O ENCERRADO<\/strong><\/span><\/td>\n<\/tr>\n<tr>\n<td><a href=\"https:\/\/uenf.br\/posgraduacao\/ciencias-naturais\/editais-e-processos-seletivos\/mestrado-e-doutorado\/2020-1-2\/\" target=\"_blank\" rel=\"noopener\"><img loading=\"lazy\" decoding=\"async\" class=\"alignnone wp-image-5029\" src=\"https:\/\/uenf.br\/posgraduacao\/ciencias-naturais\/wp-content\/uploads\/sites\/4\/2022\/11\/2020-1-SO-DOUTORADO-PORTUGUES.png\" alt=\"\" width=\"809\" height=\"159\" srcset=\"https:\/\/uenf.br\/posgraduacao\/ciencias-naturais\/wp-content\/uploads\/sites\/4\/2022\/11\/2020-1-SO-DOUTORADO-PORTUGUES.png 794w, https:\/\/uenf.br\/posgraduacao\/ciencias-naturais\/wp-content\/uploads\/sites\/4\/2022\/11\/2020-1-SO-DOUTORADO-PORTUGUES-300x59.png 300w, https:\/\/uenf.br\/posgraduacao\/ciencias-naturais\/wp-content\/uploads\/sites\/4\/2022\/11\/2020-1-SO-DOUTORADO-PORTUGUES-768x151.png 768w\" sizes=\"auto, (max-width: 809px) 100vw, 809px\" \/><\/a><\/td>\n<td><\/td>\n<td style=\"text-align: center\"><span style=\"color: #000000\"><strong>PROCESSO DE SELE\u00c7\u00c3O ENCERRADO<\/strong><\/span><\/td>\n<\/tr>\n<tr>\n<td><a href=\"https:\/\/uenf.br\/posgraduacao\/ciencias-naturais\/editais-e-processos-seletivos\/mestrado-e-doutorado\/2020-1\/\" target=\"_blank\" rel=\"noopener\"><img loading=\"lazy\" decoding=\"async\" class=\"alignnone wp-image-5030\" src=\"https:\/\/uenf.br\/posgraduacao\/ciencias-naturais\/wp-content\/uploads\/sites\/4\/2022\/11\/2020-1-PORTUGUES.png\" alt=\"\" width=\"784\" height=\"159\" srcset=\"https:\/\/uenf.br\/posgraduacao\/ciencias-naturais\/wp-content\/uploads\/sites\/4\/2022\/11\/2020-1-PORTUGUES.png 794w, https:\/\/uenf.br\/posgraduacao\/ciencias-naturais\/wp-content\/uploads\/sites\/4\/2022\/11\/2020-1-PORTUGUES-300x61.png 300w, https:\/\/uenf.br\/posgraduacao\/ciencias-naturais\/wp-content\/uploads\/sites\/4\/2022\/11\/2020-1-PORTUGUES-768x156.png 768w\" sizes=\"auto, (max-width: 784px) 100vw, 784px\" \/><\/a><\/td>\n<td><\/td>\n<td style=\"text-align: center\"><span style=\"color: #000000\"><strong>PROCESSO DE SELE\u00c7\u00c3O ENCERRADO<\/strong><\/span><\/td>\n<\/tr>\n<tr>\n<td><a href=\"https:\/\/uenf.br\/posgraduacao\/ciencias-naturais\/editais-e-processos-seletivos\/mestrado-e-doutorado\/2019-1\/\" target=\"_blank\" rel=\"noopener\"><img loading=\"lazy\" decoding=\"async\" class=\"alignnone wp-image-5031\" src=\"https:\/\/uenf.br\/posgraduacao\/ciencias-naturais\/wp-content\/uploads\/sites\/4\/2022\/11\/2019-1-PORTUGUES-2.png\" alt=\"\" width=\"813\" height=\"159\" srcset=\"https:\/\/uenf.br\/posgraduacao\/ciencias-naturais\/wp-content\/uploads\/sites\/4\/2022\/11\/2019-1-PORTUGUES-2.png 793w, https:\/\/uenf.br\/posgraduacao\/ciencias-naturais\/wp-content\/uploads\/sites\/4\/2022\/11\/2019-1-PORTUGUES-2-300x59.png 300w, https:\/\/uenf.br\/posgraduacao\/ciencias-naturais\/wp-content\/uploads\/sites\/4\/2022\/11\/2019-1-PORTUGUES-2-768x150.png 768w\" sizes=\"auto, (max-width: 813px) 100vw, 813px\" \/><\/a><\/td>\n<td><\/td>\n<td style=\"text-align: center\"><span style=\"color: #000000\"><strong>PROCESSO DE SELE\u00c7\u00c3O ENCERRADO<\/strong><\/span><\/td>\n<\/tr>\n<tr>\n<td><img loading=\"lazy\" decoding=\"async\" class=\"alignnone wp-image-5033\" src=\"https:\/\/uenf.br\/posgraduacao\/ciencias-naturais\/wp-content\/uploads\/sites\/4\/2022\/11\/2018-1-PORTUGUES-1.png\" alt=\"\" width=\"798\" height=\"159\" srcset=\"https:\/\/uenf.br\/posgraduacao\/ciencias-naturais\/wp-content\/uploads\/sites\/4\/2022\/11\/2018-1-PORTUGUES-1.png 793w, https:\/\/uenf.br\/posgraduacao\/ciencias-naturais\/wp-content\/uploads\/sites\/4\/2022\/11\/2018-1-PORTUGUES-1-300x60.png 300w, https:\/\/uenf.br\/posgraduacao\/ciencias-naturais\/wp-content\/uploads\/sites\/4\/2022\/11\/2018-1-PORTUGUES-1-768x153.png 768w\" sizes=\"auto, (max-width: 798px) 100vw, 798px\" \/><\/td>\n<td><\/td>\n<td style=\"text-align: center\"><span style=\"color: #000000\"><strong>PROCESSO DE SELE\u00c7\u00c3O ENCERRADO<\/strong><\/span><\/td>\n<\/tr>\n<\/tbody>\n<\/table>\n","protected":false},"excerpt":{"rendered":"<p>PROCESSO SELETIVO PPGCN 2026.2 &#8211; Mestrado e Doutorado Per\u00edodo de Inscri\u00e7\u00e3o: 09\/04 a 03\/05\/2026 Acesse aqui\u00a0 &nbsp; &nbsp; &nbsp; PROCESSO&#8230;<\/p>\n","protected":false},"author":10,"featured_media":0,"parent":0,"menu_order":50,"comment_status":"closed","ping_status":"closed","template":"","meta":{"footnotes":""},"class_list":["post-3379","page","type-page","status-publish","hentry"],"_links":{"self":[{"href":"https:\/\/uenf.br\/posgraduacao\/ciencias-naturais\/wp-json\/wp\/v2\/pages\/3379","targetHints":{"allow":["GET"]}}],"collection":[{"href":"https:\/\/uenf.br\/posgraduacao\/ciencias-naturais\/wp-json\/wp\/v2\/pages"}],"about":[{"href":"https:\/\/uenf.br\/posgraduacao\/ciencias-naturais\/wp-json\/wp\/v2\/types\/page"}],"author":[{"embeddable":true,"href":"https:\/\/uenf.br\/posgraduacao\/ciencias-naturais\/wp-json\/wp\/v2\/users\/10"}],"replies":[{"embeddable":true,"href":"https:\/\/uenf.br\/posgraduacao\/ciencias-naturais\/wp-json\/wp\/v2\/comments?post=3379"}],"version-history":[{"count":0,"href":"https:\/\/uenf.br\/posgraduacao\/ciencias-naturais\/wp-json\/wp\/v2\/pages\/3379\/revisions"}],"wp:attachment":[{"href":"https:\/\/uenf.br\/posgraduacao\/ciencias-naturais\/wp-json\/wp\/v2\/media?parent=3379"}],"curies":[{"name":"wp","href":"https:\/\/api.w.org\/{rel}","templated":true}]}}