{"id":3385,"date":"2021-09-03T12:56:44","date_gmt":"2021-09-03T12:56:44","guid":{"rendered":"https:\/\/uenf.br\/posgraduacao\/ciencias-naturais\/?page_id=3385"},"modified":"2025-01-21T12:52:00","modified_gmt":"2025-01-21T12:52:00","slug":"pos-doutorado","status":"publish","type":"page","link":"https:\/\/uenf.br\/posgraduacao\/ciencias-naturais\/editais-e-processos-seletivos\/pos-doutorado\/","title":{"rendered":"P\u00d3S-DOUTORADO"},"content":{"rendered":"<p>&nbsp;<\/p>\n<table border=\"1\">\n<tbody>\n<tr>\n<td><a href=\"https:\/\/uenf.br\/posgraduacao\/ciencias-naturais\/editais-e-processos-seletivos\/pos-doutorado\/edital-pos-doutorado-ppgcn-pipd-01-2024\/\" target=\"_blank\" rel=\"noopener\"><img loading=\"lazy\" decoding=\"async\" class=\"alignnone wp-image-7795 size-full\" src=\"http:\/\/uenf.br\/posgraduacao\/ciencias-naturais\/wp-content\/uploads\/sites\/4\/2025\/01\/Icone-POS-DOC-PPGCN-PIPD-01-2024.png\" alt=\"\" width=\"784\" height=\"180\" srcset=\"https:\/\/uenf.br\/posgraduacao\/ciencias-naturais\/wp-content\/uploads\/sites\/4\/2025\/01\/Icone-POS-DOC-PPGCN-PIPD-01-2024.png 784w, https:\/\/uenf.br\/posgraduacao\/ciencias-naturais\/wp-content\/uploads\/sites\/4\/2025\/01\/Icone-POS-DOC-PPGCN-PIPD-01-2024-300x69.png 300w, https:\/\/uenf.br\/posgraduacao\/ciencias-naturais\/wp-content\/uploads\/sites\/4\/2025\/01\/Icone-POS-DOC-PPGCN-PIPD-01-2024-768x176.png 768w\" sizes=\"auto, (max-width: 784px) 100vw, 784px\" \/><\/a><\/td>\n<td><\/td>\n<td>\n<p style=\"text-align: center\"><span style=\"color: #ff0000\"><strong>INSCRI\u00c7\u00d5ES ABERTAS: DE 18\/12\/2024 A 19\/01\/2025<\/strong><\/span><\/p>\n<\/td>\n<\/tr>\n<tr>\n<td><a href=\"https:\/\/uenf.br\/posgraduacao\/ciencias-naturais\/editais-e-processos-seletivos\/pos-doutorado\/edital-pos-doutorado-ppgcn-pipd-01-2024\/\" target=\"_blank\" rel=\"noopener\"><img loading=\"lazy\" decoding=\"async\" class=\"alignnone wp-image-7736\" src=\"http:\/\/uenf.br\/posgraduacao\/ciencias-naturais\/wp-content\/uploads\/sites\/4\/2024\/12\/Logo-edital-01-2024.jpg\" alt=\"\" width=\"784\" height=\"161\" srcset=\"https:\/\/uenf.br\/posgraduacao\/ciencias-naturais\/wp-content\/uploads\/sites\/4\/2024\/12\/Logo-edital-01-2024.jpg 786w, https:\/\/uenf.br\/posgraduacao\/ciencias-naturais\/wp-content\/uploads\/sites\/4\/2024\/12\/Logo-edital-01-2024-300x61.jpg 300w, https:\/\/uenf.br\/posgraduacao\/ciencias-naturais\/wp-content\/uploads\/sites\/4\/2024\/12\/Logo-edital-01-2024-768x157.jpg 768w\" sizes=\"auto, (max-width: 784px) 100vw, 784px\" \/><\/a><\/td>\n<td><\/td>\n<td style=\"text-align: center\"><span style=\"color: #000000\"><strong>PROCESSO DE SELE\u00c7\u00c3O ENCERRADO<\/strong><\/span><\/td>\n<\/tr>\n<tr>\n<td><a href=\"https:\/\/uenf.br\/posgraduacao\/ciencias-naturais\/editais-e-processos-seletivos\/pos-doutorado\/edital-recem-doutor-01-2022\/\" target=\"_blank\" rel=\"noopener\"><img loading=\"lazy\" decoding=\"async\" class=\"alignleft wp-image-6006\" src=\"https:\/\/uenf.br\/posgraduacao\/ciencias-naturais\/wp-content\/uploads\/sites\/4\/2023\/07\/Logo-EDITAL-01-2022.png\" alt=\"\" width=\"784\" height=\"162\" srcset=\"https:\/\/uenf.br\/posgraduacao\/ciencias-naturais\/wp-content\/uploads\/sites\/4\/2023\/07\/Logo-EDITAL-01-2022.png 788w, https:\/\/uenf.br\/posgraduacao\/ciencias-naturais\/wp-content\/uploads\/sites\/4\/2023\/07\/Logo-EDITAL-01-2022-300x62.png 300w, https:\/\/uenf.br\/posgraduacao\/ciencias-naturais\/wp-content\/uploads\/sites\/4\/2023\/07\/Logo-EDITAL-01-2022-768x159.png 768w\" sizes=\"auto, (max-width: 784px) 100vw, 784px\" \/><\/a><\/td>\n<td><\/td>\n<td style=\"text-align: center\"><span style=\"color: #000000\"><strong>PROCESSO DE SELE\u00c7\u00c3O ENCERRADO<\/strong><\/span><\/td>\n<\/tr>\n<\/tbody>\n<\/table>\n<p>&nbsp;<\/p>\n","protected":false},"excerpt":{"rendered":"<p>&nbsp; INSCRI\u00c7\u00d5ES ABERTAS: DE 18\/12\/2024 A 19\/01\/2025 PROCESSO DE SELE\u00c7\u00c3O ENCERRADO PROCESSO DE SELE\u00c7\u00c3O ENCERRADO &nbsp;<\/p>\n","protected":false},"author":10,"featured_media":0,"parent":2716,"menu_order":75,"comment_status":"closed","ping_status":"closed","template":"","meta":{"footnotes":""},"class_list":["post-3385","page","type-page","status-publish","hentry"],"_links":{"self":[{"href":"https:\/\/uenf.br\/posgraduacao\/ciencias-naturais\/wp-json\/wp\/v2\/pages\/3385","targetHints":{"allow":["GET"]}}],"collection":[{"href":"https:\/\/uenf.br\/posgraduacao\/ciencias-naturais\/wp-json\/wp\/v2\/pages"}],"about":[{"href":"https:\/\/uenf.br\/posgraduacao\/ciencias-naturais\/wp-json\/wp\/v2\/types\/page"}],"author":[{"embeddable":true,"href":"https:\/\/uenf.br\/posgraduacao\/ciencias-naturais\/wp-json\/wp\/v2\/users\/10"}],"replies":[{"embeddable":true,"href":"https:\/\/uenf.br\/posgraduacao\/ciencias-naturais\/wp-json\/wp\/v2\/comments?post=3385"}],"version-history":[{"count":0,"href":"https:\/\/uenf.br\/posgraduacao\/ciencias-naturais\/wp-json\/wp\/v2\/pages\/3385\/revisions"}],"up":[{"embeddable":true,"href":"https:\/\/uenf.br\/posgraduacao\/ciencias-naturais\/wp-json\/wp\/v2\/pages\/2716"}],"wp:attachment":[{"href":"https:\/\/uenf.br\/posgraduacao\/ciencias-naturais\/wp-json\/wp\/v2\/media?parent=3385"}],"curies":[{"name":"wp","href":"https:\/\/api.w.org\/{rel}","templated":true}]}}