{"id":3390,"date":"2021-09-03T13:01:30","date_gmt":"2021-09-03T13:01:30","guid":{"rendered":"https:\/\/uenf.br\/posgraduacao\/ciencias-naturais\/?page_id=3390"},"modified":"2025-09-25T17:55:29","modified_gmt":"2025-09-25T17:55:29","slug":"edital-pdse","status":"publish","type":"page","link":"https:\/\/uenf.br\/posgraduacao\/ciencias-naturais\/editais-e-processos-seletivos\/edital-pdse\/","title":{"rendered":"PROGRAMA DE DOUTORADO SANDUICHE NO EXTERIOR \u2013 PDSE"},"content":{"rendered":"<p><a href=\"https:\/\/uenf.br\/posgraduacao\/ciencias-naturais\/editais-e-processos-seletivos\/edital-pdse\/edital-interno-pgcn-pdse-2025-1-doutorado-sanduiche-no-exterior\/\"><img loading=\"lazy\" decoding=\"async\" class=\"alignnone wp-image-8313\" src=\"http:\/\/uenf.br\/posgraduacao\/ciencias-naturais\/wp-content\/uploads\/sites\/4\/2025\/09\/2025-1-300x62.png\" alt=\"\" width=\"625\" height=\"129\" \/><\/a><\/p>\n<p>PROCESSO DE SELE\u00c7\u00c3O ENCERRADO<\/p>\n<p>&nbsp;<\/p>\n<table border=\"1\">\n<tbody>\n<tr>\n<td><a href=\"https:\/\/uenf.br\/posgraduacao\/ciencias-naturais\/editais-e-processos-seletivos\/edital-pdse\/edital-pdse-2024-3\/\"><img loading=\"lazy\" decoding=\"async\" class=\"alignnone wp-image-7785 size-full\" src=\"http:\/\/uenf.br\/posgraduacao\/ciencias-naturais\/wp-content\/uploads\/sites\/4\/2025\/01\/Icone-PDSE-2024-3.png\" alt=\"\" width=\"782\" height=\"180\" srcset=\"https:\/\/uenf.br\/posgraduacao\/ciencias-naturais\/wp-content\/uploads\/sites\/4\/2025\/01\/Icone-PDSE-2024-3.png 782w, https:\/\/uenf.br\/posgraduacao\/ciencias-naturais\/wp-content\/uploads\/sites\/4\/2025\/01\/Icone-PDSE-2024-3-300x69.png 300w, https:\/\/uenf.br\/posgraduacao\/ciencias-naturais\/wp-content\/uploads\/sites\/4\/2025\/01\/Icone-PDSE-2024-3-768x177.png 768w\" sizes=\"auto, (max-width: 782px) 100vw, 782px\" \/><\/a><\/td>\n<td>&nbsp;<\/p>\n<p>&nbsp;<\/p>\n<p>&nbsp;<\/td>\n<td><span style=\"color: #000000\"><strong>PROCESSO DE SELE\u00c7\u00c3O ENCERRADO<\/strong><\/span><\/td>\n<\/tr>\n<tr>\n<td><a href=\"https:\/\/uenf.br\/posgraduacao\/ciencias-naturais\/editais-e-processos-seletivos\/edital-pdse\/edital-pdse-2024-2\/\" target=\"_blank\" rel=\"noopener\"><img loading=\"lazy\" decoding=\"async\" class=\"alignnone wp-image-7787 size-full\" src=\"http:\/\/uenf.br\/posgraduacao\/ciencias-naturais\/wp-content\/uploads\/sites\/4\/2025\/01\/Icone-PDSE-2024-2.png\" alt=\"\" width=\"784\" height=\"180\" srcset=\"https:\/\/uenf.br\/posgraduacao\/ciencias-naturais\/wp-content\/uploads\/sites\/4\/2025\/01\/Icone-PDSE-2024-2.png 784w, https:\/\/uenf.br\/posgraduacao\/ciencias-naturais\/wp-content\/uploads\/sites\/4\/2025\/01\/Icone-PDSE-2024-2-300x69.png 300w, https:\/\/uenf.br\/posgraduacao\/ciencias-naturais\/wp-content\/uploads\/sites\/4\/2025\/01\/Icone-PDSE-2024-2-768x176.png 768w\" sizes=\"auto, (max-width: 784px) 100vw, 784px\" \/><\/a><\/td>\n<td><\/td>\n<td style=\"text-align: center\"><span style=\"color: #000000\"><strong>PROCESSO DE SELE\u00c7\u00c3O ENCERRADO<\/strong><\/span><\/td>\n<\/tr>\n<tr>\n<td><a href=\"https:\/\/uenf.br\/posgraduacao\/ciencias-naturais\/editais-e-processos-seletivos\/edital-pdse\/edital-pdse-2024\/\"><img loading=\"lazy\" decoding=\"async\" class=\"alignnone wp-image-7788 size-full\" src=\"http:\/\/uenf.br\/posgraduacao\/ciencias-naturais\/wp-content\/uploads\/sites\/4\/2025\/01\/Icone-PDSE-2024.png\" alt=\"\" width=\"784\" height=\"180\" srcset=\"https:\/\/uenf.br\/posgraduacao\/ciencias-naturais\/wp-content\/uploads\/sites\/4\/2025\/01\/Icone-PDSE-2024.png 784w, https:\/\/uenf.br\/posgraduacao\/ciencias-naturais\/wp-content\/uploads\/sites\/4\/2025\/01\/Icone-PDSE-2024-300x69.png 300w, https:\/\/uenf.br\/posgraduacao\/ciencias-naturais\/wp-content\/uploads\/sites\/4\/2025\/01\/Icone-PDSE-2024-768x176.png 768w\" sizes=\"auto, (max-width: 784px) 100vw, 784px\" \/><\/a><\/td>\n<td><\/td>\n<td style=\"text-align: center\"><span style=\"color: #000000\"><strong>PROCESSO DE SELE\u00c7\u00c3O ENCERRADO<\/strong><\/span><\/td>\n<\/tr>\n<tr>\n<td><a href=\"https:\/\/uenf.br\/posgraduacao\/ciencias-naturais\/editais-e-processos-seletivos\/edital-pdse\/edital-pdse-2023\/\" target=\"_blank\" rel=\"noopener\"><img loading=\"lazy\" decoding=\"async\" class=\"alignnone wp-image-7789 size-full\" src=\"http:\/\/uenf.br\/posgraduacao\/ciencias-naturais\/wp-content\/uploads\/sites\/4\/2025\/01\/Icone-PDSE-2023.png\" alt=\"\" width=\"784\" height=\"180\" srcset=\"https:\/\/uenf.br\/posgraduacao\/ciencias-naturais\/wp-content\/uploads\/sites\/4\/2025\/01\/Icone-PDSE-2023.png 784w, https:\/\/uenf.br\/posgraduacao\/ciencias-naturais\/wp-content\/uploads\/sites\/4\/2025\/01\/Icone-PDSE-2023-300x69.png 300w, https:\/\/uenf.br\/posgraduacao\/ciencias-naturais\/wp-content\/uploads\/sites\/4\/2025\/01\/Icone-PDSE-2023-768x176.png 768w\" sizes=\"auto, (max-width: 784px) 100vw, 784px\" \/><\/a><\/td>\n<td><\/td>\n<td style=\"text-align: center\"><span style=\"color: #000000\"><strong>PROCESSO DE SELE\u00c7\u00c3O ENCERRADO<\/strong><\/span><\/td>\n<\/tr>\n<tr>\n<td><a href=\"https:\/\/uenf.br\/posgraduacao\/ciencias-naturais\/editais-e-processos-seletivos\/edital-pdse\/edital-pdse-2018-1\/\" target=\"_blank\" rel=\"noopener\"><img loading=\"lazy\" decoding=\"async\" class=\"alignnone wp-image-7790 size-full\" src=\"http:\/\/uenf.br\/posgraduacao\/ciencias-naturais\/wp-content\/uploads\/sites\/4\/2025\/01\/Icone-PDSE-2019.png\" alt=\"\" width=\"784\" height=\"180\" srcset=\"https:\/\/uenf.br\/posgraduacao\/ciencias-naturais\/wp-content\/uploads\/sites\/4\/2025\/01\/Icone-PDSE-2019.png 784w, https:\/\/uenf.br\/posgraduacao\/ciencias-naturais\/wp-content\/uploads\/sites\/4\/2025\/01\/Icone-PDSE-2019-300x69.png 300w, https:\/\/uenf.br\/posgraduacao\/ciencias-naturais\/wp-content\/uploads\/sites\/4\/2025\/01\/Icone-PDSE-2019-768x176.png 768w\" sizes=\"auto, (max-width: 784px) 100vw, 784px\" \/><\/a><\/td>\n<td><\/td>\n<td style=\"text-align: center\"><span style=\"color: #000000\"><strong>PROCESSO DE SELE\u00c7\u00c3O ENCERRADO<\/strong><\/span><\/td>\n<\/tr>\n<tr>\n<td><a href=\"https:\/\/uenf.br\/posgraduacao\/ciencias-naturais\/editais-e-processos-seletivos\/edital-pdse\/editais-do-pgcn\/\" target=\"_blank\" rel=\"noopener\"><img loading=\"lazy\" decoding=\"async\" class=\"alignnone wp-image-7791 size-full\" src=\"http:\/\/uenf.br\/posgraduacao\/ciencias-naturais\/wp-content\/uploads\/sites\/4\/2025\/01\/Icone-PDSE-2018.png\" alt=\"\" width=\"784\" height=\"180\" srcset=\"https:\/\/uenf.br\/posgraduacao\/ciencias-naturais\/wp-content\/uploads\/sites\/4\/2025\/01\/Icone-PDSE-2018.png 784w, https:\/\/uenf.br\/posgraduacao\/ciencias-naturais\/wp-content\/uploads\/sites\/4\/2025\/01\/Icone-PDSE-2018-300x69.png 300w, https:\/\/uenf.br\/posgraduacao\/ciencias-naturais\/wp-content\/uploads\/sites\/4\/2025\/01\/Icone-PDSE-2018-768x176.png 768w\" sizes=\"auto, (max-width: 784px) 100vw, 784px\" \/><\/a><\/td>\n<td><\/td>\n<td style=\"text-align: center\"><span style=\"color: #000000\"><strong>PROCESSO DE SELE\u00c7\u00c3O ENCERRADO<\/strong><\/span><\/td>\n<\/tr>\n<\/tbody>\n<\/table>\n<p>&nbsp;<\/p>\n","protected":false},"excerpt":{"rendered":"<p>PROCESSO DE SELE\u00c7\u00c3O ENCERRADO &nbsp; &nbsp; &nbsp; &nbsp; PROCESSO DE SELE\u00c7\u00c3O ENCERRADO PROCESSO DE SELE\u00c7\u00c3O ENCERRADO PROCESSO DE SELE\u00c7\u00c3O ENCERRADO&#8230;<\/p>\n","protected":false},"author":10,"featured_media":0,"parent":2716,"menu_order":80,"comment_status":"closed","ping_status":"closed","template":"","meta":{"footnotes":""},"class_list":["post-3390","page","type-page","status-publish","hentry"],"_links":{"self":[{"href":"https:\/\/uenf.br\/posgraduacao\/ciencias-naturais\/wp-json\/wp\/v2\/pages\/3390","targetHints":{"allow":["GET"]}}],"collection":[{"href":"https:\/\/uenf.br\/posgraduacao\/ciencias-naturais\/wp-json\/wp\/v2\/pages"}],"about":[{"href":"https:\/\/uenf.br\/posgraduacao\/ciencias-naturais\/wp-json\/wp\/v2\/types\/page"}],"author":[{"embeddable":true,"href":"https:\/\/uenf.br\/posgraduacao\/ciencias-naturais\/wp-json\/wp\/v2\/users\/10"}],"replies":[{"embeddable":true,"href":"https:\/\/uenf.br\/posgraduacao\/ciencias-naturais\/wp-json\/wp\/v2\/comments?post=3390"}],"version-history":[{"count":0,"href":"https:\/\/uenf.br\/posgraduacao\/ciencias-naturais\/wp-json\/wp\/v2\/pages\/3390\/revisions"}],"up":[{"embeddable":true,"href":"https:\/\/uenf.br\/posgraduacao\/ciencias-naturais\/wp-json\/wp\/v2\/pages\/2716"}],"wp:attachment":[{"href":"https:\/\/uenf.br\/posgraduacao\/ciencias-naturais\/wp-json\/wp\/v2\/media?parent=3390"}],"curies":[{"name":"wp","href":"https:\/\/api.w.org\/{rel}","templated":true}]}}