{"id":3688,"date":"2021-10-10T17:50:02","date_gmt":"2021-10-10T17:50:02","guid":{"rendered":"https:\/\/uenf.br\/posgraduacao\/ciencias-naturais\/?page_id=3688"},"modified":"2025-10-14T13:16:47","modified_gmt":"2025-10-14T13:16:47","slug":"maestro-y-doctorado","status":"publish","type":"page","link":"https:\/\/uenf.br\/posgraduacao\/ciencias-naturais\/avisos-y-procesos-de-seleccion\/maestro-y-doctorado\/","title":{"rendered":"MAESTRIA Y DOCTORADO"},"content":{"rendered":"<p>&nbsp;<\/p>\n<p><a href=\"https:\/\/uenf.br\/posgraduacao\/ciencias-naturais\/8351-2\/\"><img loading=\"lazy\" decoding=\"async\" class=\"alignnone wp-image-8365\" src=\"http:\/\/uenf.br\/posgraduacao\/ciencias-naturais\/wp-content\/uploads\/sites\/4\/2025\/10\/Icone-Espanhol-Processo-Seletivo-2026-1-300x57.png\" alt=\"\" width=\"563\" height=\"107\" srcset=\"https:\/\/uenf.br\/posgraduacao\/ciencias-naturais\/wp-content\/uploads\/sites\/4\/2025\/10\/Icone-Espanhol-Processo-Seletivo-2026-1-300x57.png 300w, https:\/\/uenf.br\/posgraduacao\/ciencias-naturais\/wp-content\/uploads\/sites\/4\/2025\/10\/Icone-Espanhol-Processo-Seletivo-2026-1.png 489w\" sizes=\"auto, (max-width: 563px) 100vw, 563px\" \/> <span style=\"color: #ff0000\">I<\/span><\/a><a href=\"https:\/\/uenf.br\/posgraduacao\/ciencias-naturais\/8351-2\/\" target=\"_blank\" rel=\"noopener\"><span style=\"color: #ff0000\"><strong>NSCRIPCIONES DEL 26\/09\/2025 AL 26\/10\/2025<\/strong><\/span><\/a><\/p>\n<p><a href=\"https:\/\/uenf.br\/posgraduacao\/ciencias-naturais\/proceso-de-seleccion-2025-2\/\"><img loading=\"lazy\" decoding=\"async\" class=\"alignnone wp-image-8069\" src=\"http:\/\/uenf.br\/posgraduacao\/ciencias-naturais\/wp-content\/uploads\/sites\/4\/2025\/06\/Espanhol-1-300x58.png\" alt=\"\" width=\"574\" height=\"111\" srcset=\"https:\/\/uenf.br\/posgraduacao\/ciencias-naturais\/wp-content\/uploads\/sites\/4\/2025\/06\/Espanhol-1-300x58.png 300w, https:\/\/uenf.br\/posgraduacao\/ciencias-naturais\/wp-content\/uploads\/sites\/4\/2025\/06\/Espanhol-1-768x148.png 768w, https:\/\/uenf.br\/posgraduacao\/ciencias-naturais\/wp-content\/uploads\/sites\/4\/2025\/06\/Espanhol-1.png 880w\" sizes=\"auto, (max-width: 574px) 100vw, 574px\" \/><span style=\"color: #000000\"><strong>PROCESO DE SELECCI\u00d3N CERRADO<\/strong><\/span><\/a><\/p>\n<table border=\"1\">\n<tbody>\n<tr>\n<td><a href=\"https:\/\/uenf.br\/posgraduacao\/ciencias-naturais\/avisos-y-procesos-de-seleccion\/maestro-y-doctorado\/proceso-de-seleccion-2025-1\/\" target=\"_blank\" rel=\"noopener\"><img loading=\"lazy\" decoding=\"async\" class=\"alignnone wp-image-7330 size-full\" src=\"http:\/\/uenf.br\/posgraduacao\/ciencias-naturais\/wp-content\/uploads\/sites\/4\/2024\/10\/Icone-proceso-de-seleccion-2025-1.jpg\" alt=\"\" width=\"773\" height=\"163\" srcset=\"https:\/\/uenf.br\/posgraduacao\/ciencias-naturais\/wp-content\/uploads\/sites\/4\/2024\/10\/Icone-proceso-de-seleccion-2025-1.jpg 773w, https:\/\/uenf.br\/posgraduacao\/ciencias-naturais\/wp-content\/uploads\/sites\/4\/2024\/10\/Icone-proceso-de-seleccion-2025-1-300x63.jpg 300w, https:\/\/uenf.br\/posgraduacao\/ciencias-naturais\/wp-content\/uploads\/sites\/4\/2024\/10\/Icone-proceso-de-seleccion-2025-1-768x162.jpg 768w\" sizes=\"auto, (max-width: 773px) 100vw, 773px\" \/><\/a><\/td>\n<td><\/td>\n<td>\n<p style=\"text-align: center\"><span style=\"color: #000000\"><strong>PROCESO DE SELECCI\u00d3N CERRADO<\/strong><\/span><\/p>\n<\/td>\n<\/tr>\n<tr>\n<td><a href=\"https:\/\/uenf.br\/posgraduacao\/ciencias-naturais\/avisos-y-procesos-de-seleccion\/maestro-y-doctorado\/proceso-de-seleccion-2024-2\/\" target=\"_blank\" rel=\"noopener\"><img loading=\"lazy\" decoding=\"async\" class=\"alignnone wp-image-6959\" src=\"https:\/\/uenf.br\/posgraduacao\/ciencias-naturais\/wp-content\/uploads\/sites\/4\/2024\/05\/2024-2-ESPANHOL.png\" alt=\"\" width=\"753\" height=\"159\" srcset=\"https:\/\/uenf.br\/posgraduacao\/ciencias-naturais\/wp-content\/uploads\/sites\/4\/2024\/05\/2024-2-ESPANHOL.png 767w, https:\/\/uenf.br\/posgraduacao\/ciencias-naturais\/wp-content\/uploads\/sites\/4\/2024\/05\/2024-2-ESPANHOL-300x63.png 300w\" sizes=\"auto, (max-width: 753px) 100vw, 753px\" \/><\/a><\/td>\n<td><\/td>\n<td style=\"text-align: center\"><span style=\"color: #000000\"><strong>PROCESO DE SELECCI\u00d3N CERRADO<\/strong><\/span><\/td>\n<\/tr>\n<tr>\n<td><a href=\"https:\/\/uenf.br\/posgraduacao\/ciencias-naturais\/avisos-y-procesos-de-seleccion\/maestro-y-doctorado\/proceso-de-seleccion-2024-1\/\" target=\"_blank\" rel=\"noopener\"><img loading=\"lazy\" decoding=\"async\" class=\"alignnone wp-image-6999\" src=\"https:\/\/uenf.br\/posgraduacao\/ciencias-naturais\/wp-content\/uploads\/sites\/4\/2024\/05\/2024-1-ESPANHOL-1.png\" alt=\"\" width=\"776\" height=\"159\" srcset=\"https:\/\/uenf.br\/posgraduacao\/ciencias-naturais\/wp-content\/uploads\/sites\/4\/2024\/05\/2024-1-ESPANHOL-1.png 766w, https:\/\/uenf.br\/posgraduacao\/ciencias-naturais\/wp-content\/uploads\/sites\/4\/2024\/05\/2024-1-ESPANHOL-1-300x61.png 300w\" sizes=\"auto, (max-width: 776px) 100vw, 776px\" \/><\/a><\/td>\n<td><\/td>\n<td style=\"text-align: center\"><span style=\"color: #000000\"><strong>PROCESO DE SELECCI\u00d3N CERRADO<\/strong><\/span><\/td>\n<\/tr>\n<tr>\n<td><a href=\"https:\/\/uenf.br\/posgraduacao\/ciencias-naturais\/avisos-y-procesos-de-seleccion\/maestro-y-doctorado\/proceso-de-seleccion-2023-2-2\/\" target=\"_blank\" rel=\"noopener\"><img loading=\"lazy\" decoding=\"async\" class=\"alignnone wp-image-7037\" src=\"https:\/\/uenf.br\/posgraduacao\/ciencias-naturais\/wp-content\/uploads\/sites\/4\/2024\/05\/2023-2-ESPANHOL-1.png\" alt=\"\" width=\"767\" height=\"159\" srcset=\"https:\/\/uenf.br\/posgraduacao\/ciencias-naturais\/wp-content\/uploads\/sites\/4\/2024\/05\/2023-2-ESPANHOL-1.png 767w, https:\/\/uenf.br\/posgraduacao\/ciencias-naturais\/wp-content\/uploads\/sites\/4\/2024\/05\/2023-2-ESPANHOL-1-300x62.png 300w\" sizes=\"auto, (max-width: 767px) 100vw, 767px\" \/><\/a><\/td>\n<td><\/td>\n<td style=\"text-align: center\"><span style=\"color: #000000\"><strong>PROCESO DE SELECCI\u00d3N CERRADO<\/strong><\/span><\/td>\n<\/tr>\n<tr>\n<td><a href=\"https:\/\/uenf.br\/posgraduacao\/ciencias-naturais\/avisos-y-procesos-de-seleccion\/maestro-y-doctorado\/proceso-de-seleccion-2023-2-1\/\" target=\"_blank\" rel=\"noopener\"><img loading=\"lazy\" decoding=\"async\" class=\"alignnone wp-image-6958\" src=\"https:\/\/uenf.br\/posgraduacao\/ciencias-naturais\/wp-content\/uploads\/sites\/4\/2024\/05\/2023-1-2-ESPANHOL.png\" alt=\"\" width=\"761\" height=\"159\" srcset=\"https:\/\/uenf.br\/posgraduacao\/ciencias-naturais\/wp-content\/uploads\/sites\/4\/2024\/05\/2023-1-2-ESPANHOL.png 766w, https:\/\/uenf.br\/posgraduacao\/ciencias-naturais\/wp-content\/uploads\/sites\/4\/2024\/05\/2023-1-2-ESPANHOL-300x63.png 300w\" sizes=\"auto, (max-width: 761px) 100vw, 761px\" \/><\/a><\/td>\n<td><\/td>\n<td style=\"text-align: center\"><span style=\"color: #000000\"><strong>PROCESO DE SELECCI\u00d3N CERRADO<\/strong><\/span><\/td>\n<\/tr>\n<tr>\n<td><a href=\"https:\/\/uenf.br\/posgraduacao\/ciencias-naturais\/avisos-y-procesos-de-seleccion\/maestro-y-doctorado\/proceso-de-seleccion-2023-1\/\" target=\"_blank\" rel=\"noopener\"><img loading=\"lazy\" decoding=\"async\" class=\"alignnone wp-image-5055\" src=\"https:\/\/uenf.br\/posgraduacao\/ciencias-naturais\/wp-content\/uploads\/sites\/4\/2022\/11\/2023-1-ESPANHOL.png\" alt=\"\" width=\"798\" height=\"159\" srcset=\"https:\/\/uenf.br\/posgraduacao\/ciencias-naturais\/wp-content\/uploads\/sites\/4\/2022\/11\/2023-1-ESPANHOL.png 798w, https:\/\/uenf.br\/posgraduacao\/ciencias-naturais\/wp-content\/uploads\/sites\/4\/2022\/11\/2023-1-ESPANHOL-300x60.png 300w, https:\/\/uenf.br\/posgraduacao\/ciencias-naturais\/wp-content\/uploads\/sites\/4\/2022\/11\/2023-1-ESPANHOL-768x153.png 768w\" sizes=\"auto, (max-width: 798px) 100vw, 798px\" \/><\/a><\/td>\n<td><\/td>\n<td style=\"text-align: center\"><span style=\"color: #000000\"><strong>PROCESO DE SELECCI\u00d3N CERRADO<\/strong><\/span><\/td>\n<\/tr>\n<tr>\n<td><a href=\"https:\/\/uenf.br\/posgraduacao\/ciencias-naturais\/avisos-y-procesos-de-seleccion\/maestro-y-doctorado\/proceso-de-seleccion-2022-2\/\" target=\"_blank\" rel=\"noopener\"><img loading=\"lazy\" decoding=\"async\" class=\"alignnone wp-image-5056\" src=\"https:\/\/uenf.br\/posgraduacao\/ciencias-naturais\/wp-content\/uploads\/sites\/4\/2022\/11\/2022-2-ESPANHOL.png\" alt=\"\" width=\"799\" height=\"159\" srcset=\"https:\/\/uenf.br\/posgraduacao\/ciencias-naturais\/wp-content\/uploads\/sites\/4\/2022\/11\/2022-2-ESPANHOL.png 799w, https:\/\/uenf.br\/posgraduacao\/ciencias-naturais\/wp-content\/uploads\/sites\/4\/2022\/11\/2022-2-ESPANHOL-300x60.png 300w, https:\/\/uenf.br\/posgraduacao\/ciencias-naturais\/wp-content\/uploads\/sites\/4\/2022\/11\/2022-2-ESPANHOL-768x153.png 768w\" sizes=\"auto, (max-width: 799px) 100vw, 799px\" \/><\/a><\/td>\n<td><\/td>\n<td style=\"text-align: center\"><span style=\"color: #000000\"><strong>PROCESO DE SELECCI\u00d3N CERRADO<\/strong><\/span><\/td>\n<\/tr>\n<tr>\n<td><a href=\"https:\/\/uenf.br\/posgraduacao\/ciencias-naturais\/avisos-y-procesos-de-seleccion\/maestro-y-doctorado\/proceso-de-seleccion-2022-1\/\" target=\"_blank\" rel=\"noopener\"><img loading=\"lazy\" decoding=\"async\" class=\"alignnone wp-image-5057\" src=\"https:\/\/uenf.br\/posgraduacao\/ciencias-naturais\/wp-content\/uploads\/sites\/4\/2022\/11\/2022-1-ESPANHOL.png\" alt=\"\" width=\"796\" height=\"159\" srcset=\"https:\/\/uenf.br\/posgraduacao\/ciencias-naturais\/wp-content\/uploads\/sites\/4\/2022\/11\/2022-1-ESPANHOL.png 801w, https:\/\/uenf.br\/posgraduacao\/ciencias-naturais\/wp-content\/uploads\/sites\/4\/2022\/11\/2022-1-ESPANHOL-300x60.png 300w, https:\/\/uenf.br\/posgraduacao\/ciencias-naturais\/wp-content\/uploads\/sites\/4\/2022\/11\/2022-1-ESPANHOL-768x153.png 768w\" sizes=\"auto, (max-width: 796px) 100vw, 796px\" \/><\/a><\/td>\n<td><\/td>\n<td style=\"text-align: center\"><span style=\"color: #000000\"><strong>PROCESO DE SELECCI\u00d3N CERRADO<\/strong><\/span><\/td>\n<\/tr>\n<tr>\n<td><a href=\"https:\/\/uenf.br\/posgraduacao\/ciencias-naturais\/avisos-y-procesos-de-seleccion\/maestro-y-doctorado\/proceso-de-seleccion-2021-1\/\" target=\"_blank\" rel=\"noopener\"><img loading=\"lazy\" decoding=\"async\" class=\"alignnone wp-image-5058\" src=\"https:\/\/uenf.br\/posgraduacao\/ciencias-naturais\/wp-content\/uploads\/sites\/4\/2022\/11\/2021-1-ESPANHOLpng.png\" alt=\"\" width=\"797\" height=\"159\" srcset=\"https:\/\/uenf.br\/posgraduacao\/ciencias-naturais\/wp-content\/uploads\/sites\/4\/2022\/11\/2021-1-ESPANHOLpng.png 797w, https:\/\/uenf.br\/posgraduacao\/ciencias-naturais\/wp-content\/uploads\/sites\/4\/2022\/11\/2021-1-ESPANHOLpng-300x60.png 300w, https:\/\/uenf.br\/posgraduacao\/ciencias-naturais\/wp-content\/uploads\/sites\/4\/2022\/11\/2021-1-ESPANHOLpng-768x153.png 768w\" sizes=\"auto, (max-width: 797px) 100vw, 797px\" \/><\/a><\/td>\n<td><\/td>\n<td style=\"text-align: center\"><span style=\"color: #000000\"><strong>PROCESO DE SELECCI\u00d3N CERRADO<\/strong><\/span><\/td>\n<\/tr>\n<tr>\n<td><img loading=\"lazy\" decoding=\"async\" class=\"alignnone wp-image-5059\" src=\"https:\/\/uenf.br\/posgraduacao\/ciencias-naturais\/wp-content\/uploads\/sites\/4\/2022\/11\/2020-1-SO-DOUTORADO-ESPANHOL.png\" alt=\"\" width=\"798\" height=\"159\" srcset=\"https:\/\/uenf.br\/posgraduacao\/ciencias-naturais\/wp-content\/uploads\/sites\/4\/2022\/11\/2020-1-SO-DOUTORADO-ESPANHOL.png 798w, https:\/\/uenf.br\/posgraduacao\/ciencias-naturais\/wp-content\/uploads\/sites\/4\/2022\/11\/2020-1-SO-DOUTORADO-ESPANHOL-300x60.png 300w, https:\/\/uenf.br\/posgraduacao\/ciencias-naturais\/wp-content\/uploads\/sites\/4\/2022\/11\/2020-1-SO-DOUTORADO-ESPANHOL-768x153.png 768w\" sizes=\"auto, (max-width: 798px) 100vw, 798px\" \/><\/td>\n<td><\/td>\n<td style=\"text-align: center\"><span style=\"color: #000000\"><strong>PROCESO DE SELECCI\u00d3N CERRADO<\/strong><\/span><\/td>\n<\/tr>\n<tr>\n<td><a href=\"https:\/\/uenf.br\/posgraduacao\/ciencias-naturais\/avisos-y-procesos-de-seleccion\/maestro-y-doctorado\/proceso-de-selec\u20262020-1-doct\" target=\"_blank\" rel=\"noopener\"><img loading=\"lazy\" decoding=\"async\" class=\"alignnone wp-image-5060\" src=\"https:\/\/uenf.br\/posgraduacao\/ciencias-naturais\/wp-content\/uploads\/sites\/4\/2022\/11\/2020-1-espanhol.png\" alt=\"\" width=\"802\" height=\"159\" srcset=\"https:\/\/uenf.br\/posgraduacao\/ciencias-naturais\/wp-content\/uploads\/sites\/4\/2022\/11\/2020-1-espanhol.png 802w, https:\/\/uenf.br\/posgraduacao\/ciencias-naturais\/wp-content\/uploads\/sites\/4\/2022\/11\/2020-1-espanhol-300x59.png 300w, https:\/\/uenf.br\/posgraduacao\/ciencias-naturais\/wp-content\/uploads\/sites\/4\/2022\/11\/2020-1-espanhol-768x152.png 768w, https:\/\/uenf.br\/posgraduacao\/ciencias-naturais\/wp-content\/uploads\/sites\/4\/2022\/11\/2020-1-espanhol-800x159.png 800w\" sizes=\"auto, (max-width: 802px) 100vw, 802px\" \/><\/a><\/td>\n<td><\/td>\n<td style=\"text-align: center\"><span style=\"color: #000000\"><strong>PROCESO DE SELECCI\u00d3N CERRADO<\/strong><\/span><\/td>\n<\/tr>\n<tr>\n<td><a href=\"https:\/\/uenf.br\/posgraduacao\/ciencias-naturais\/avisos-y-procesos-de-seleccion\/maestro-y-doctorado\/proceso-de-seleccion-2019-1-2\/\" target=\"_blank\" rel=\"noopener\"><img loading=\"lazy\" decoding=\"async\" class=\"alignnone wp-image-5061\" src=\"https:\/\/uenf.br\/posgraduacao\/ciencias-naturais\/wp-content\/uploads\/sites\/4\/2022\/11\/2019-1-espanhol.png\" alt=\"\" width=\"791\" height=\"159\" srcset=\"https:\/\/uenf.br\/posgraduacao\/ciencias-naturais\/wp-content\/uploads\/sites\/4\/2022\/11\/2019-1-espanhol.png 801w, https:\/\/uenf.br\/posgraduacao\/ciencias-naturais\/wp-content\/uploads\/sites\/4\/2022\/11\/2019-1-espanhol-300x60.png 300w, https:\/\/uenf.br\/posgraduacao\/ciencias-naturais\/wp-content\/uploads\/sites\/4\/2022\/11\/2019-1-espanhol-768x154.png 768w\" sizes=\"auto, (max-width: 791px) 100vw, 791px\" \/><\/a><\/td>\n<td><\/td>\n<td style=\"text-align: center\"><span style=\"color: #000000\"><strong>PROCESO DE SELECCI\u00d3N CERRADO<\/strong><\/span><\/td>\n<\/tr>\n<tr>\n<td><img loading=\"lazy\" decoding=\"async\" class=\"alignnone wp-image-5062\" src=\"https:\/\/uenf.br\/posgraduacao\/ciencias-naturais\/wp-content\/uploads\/sites\/4\/2022\/11\/2018-1-ESPANHOL.png\" alt=\"\" width=\"806\" height=\"159\" srcset=\"https:\/\/uenf.br\/posgraduacao\/ciencias-naturais\/wp-content\/uploads\/sites\/4\/2022\/11\/2018-1-ESPANHOL.png 801w, https:\/\/uenf.br\/posgraduacao\/ciencias-naturais\/wp-content\/uploads\/sites\/4\/2022\/11\/2018-1-ESPANHOL-300x59.png 300w, https:\/\/uenf.br\/posgraduacao\/ciencias-naturais\/wp-content\/uploads\/sites\/4\/2022\/11\/2018-1-ESPANHOL-768x151.png 768w\" sizes=\"auto, (max-width: 806px) 100vw, 806px\" \/><\/td>\n<td><\/td>\n<td style=\"text-align: center\"><span style=\"color: #000000\"><strong>PROCESO DE SELECCI\u00d3N CERRADO<\/strong><\/span><\/td>\n<\/tr>\n<\/tbody>\n<\/table>\n","protected":false},"excerpt":{"rendered":"<p>&nbsp; INSCRIPCIONES DEL 26\/09\/2025 AL 26\/10\/2025 PROCESO DE SELECCI\u00d3N CERRADO PROCESO DE SELECCI\u00d3N CERRADO PROCESO DE SELECCI\u00d3N CERRADO PROCESO DE&#8230;<\/p>\n","protected":false},"author":10,"featured_media":0,"parent":3684,"menu_order":0,"comment_status":"closed","ping_status":"closed","template":"","meta":{"footnotes":""},"class_list":["post-3688","page","type-page","status-publish","hentry"],"_links":{"self":[{"href":"https:\/\/uenf.br\/posgraduacao\/ciencias-naturais\/wp-json\/wp\/v2\/pages\/3688","targetHints":{"allow":["GET"]}}],"collection":[{"href":"https:\/\/uenf.br\/posgraduacao\/ciencias-naturais\/wp-json\/wp\/v2\/pages"}],"about":[{"href":"https:\/\/uenf.br\/posgraduacao\/ciencias-naturais\/wp-json\/wp\/v2\/types\/page"}],"author":[{"embeddable":true,"href":"https:\/\/uenf.br\/posgraduacao\/ciencias-naturais\/wp-json\/wp\/v2\/users\/10"}],"replies":[{"embeddable":true,"href":"https:\/\/uenf.br\/posgraduacao\/ciencias-naturais\/wp-json\/wp\/v2\/comments?post=3688"}],"version-history":[{"count":0,"href":"https:\/\/uenf.br\/posgraduacao\/ciencias-naturais\/wp-json\/wp\/v2\/pages\/3688\/revisions"}],"up":[{"embeddable":true,"href":"https:\/\/uenf.br\/posgraduacao\/ciencias-naturais\/wp-json\/wp\/v2\/pages\/3684"}],"wp:attachment":[{"href":"https:\/\/uenf.br\/posgraduacao\/ciencias-naturais\/wp-json\/wp\/v2\/media?parent=3688"}],"curies":[{"name":"wp","href":"https:\/\/api.w.org\/{rel}","templated":true}]}}