{"id":3695,"date":"2021-10-10T17:59:13","date_gmt":"2021-10-10T17:59:13","guid":{"rendered":"https:\/\/uenf.br\/posgraduacao\/ciencias-naturais\/?page_id=3695"},"modified":"2021-10-10T18:02:48","modified_gmt":"2021-10-10T18:02:48","slug":"historia","status":"publish","type":"page","link":"https:\/\/uenf.br\/posgraduacao\/ciencias-naturais\/presentacion\/historia\/","title":{"rendered":"Historial del Programa"},"content":{"rendered":"<p>_____________________________________________________________________________________________________<\/p>\n<p>O Programa de P\u00f3s-Gradua\u00e7\u00e3o em Ci\u00eancias Naturais (PPGCN) da UENF foi concebido em 2003, inicialmente com a proposta de ser interdisciplinar, atendendo a pr\u00f3pria caracter\u00edstica da UENF, que foi criada na forma de laborat\u00f3rios tem\u00e1ticos formados por profissionais de v\u00e1rias \u00e1reas e n\u00e3o como departamentos em grandes \u00e1reas. Por\u00e9m, at\u00e9 o ano de 2014, o mesmo esteve credenciado ao Comit\u00ea de Qu\u00edmica. Em um primeiro momento, foi realizado o credenciamento apenas para o mestrado. Antes mesmo do primeiro tri\u00eanio do curso, uma proposta de cria\u00e7\u00e3o do doutorado tamb\u00e9m foi apresentada a CAPES e o PPGCN passou a ter a partir de 2005, mestrado e doutorado, os dois com conceito 4,0, o qual tem se mantido no decorrer destes anos. Com o passar dos anos, o cen\u00e1rio das pesquisas no programa passou por v\u00e1rias mudan\u00e7as, pois a Linha de Pesquisa de Ensino de Ci\u00eancias cresceu de forma sustent\u00e1vel, a Qu\u00edmica Inorg\u00e2nica e Org\u00e2nica aumentaram fortemente a intera\u00e7\u00e3o com a Biologia e a F\u00edsica, a F\u00edsica expandiu suas aplica\u00e7\u00f5es aos processos fisiol\u00f3gicos de frutos, e a \u00e1rea ambiental ampliou-se com participa\u00e7\u00e3o de F\u00edsicos, Qu\u00edmicos e Catal\u00edticos, etc, transformando o programa em um curso bastante interdisciplinar e com diferentes intera\u00e7\u00f5es entre os pesquisadores de diferentes \u00e1reas. No ano de 2014, o programa passou para o Comit\u00ea Multidisciplinar, na \u00e1rea Interdisciplinar.<\/p>\n<p>O n\u00famero atual de professores credenciados no programa \u00e9 26 professores permanentes e 6 professores colaboradores, estando distribu\u00eddos entre professores com forma\u00e7\u00e3o b\u00e1sica em qu\u00edmica, f\u00edsica, biologia, engenharia qu\u00edmica, farm\u00e1cia, agronomia, engenharias, matem\u00e1tica, hist\u00f3ria, etc. At\u00e9 o final de 2016, o PPGCN j\u00e1 possuia 150 disserta\u00e7\u00f5es de mestrado e 67 teses de doutorado defendidas. Tanto a UENF, quanto o PPGCN, cumprem um papel regional sobremaneira importante, pois a regi\u00e3o Norte Fluminense, devido ao baixo IDH (\u00cdndice de Desenvolvimento Humano) da regi\u00e3o, embora esteja localizada na Regi\u00e3o Sudeste, tem grande car\u00eancia na forma\u00e7\u00e3o de recursos humanos. O PPGCN atende uma grande quantidade de alunos formados na pr\u00f3pria UENF, IFF (Instituto Federal Fluminense) da regi\u00e3o Noroeste de Minas Gerais e Esp\u00edrito Santo (IFES e UFES) e vem recebendo alunos de Goi\u00e1s, Mato Grosso do Sul, Distrito Federal, Minas Gerais, Rio de Janeiro (Capital), dentre outros. No caso do mestrado, os alunos que n\u00e3o entram direto para o doutorado, normalmente, j\u00e1 est\u00e3o trabalhando no Ensino M\u00e9dio ou nos Institutos Federais da regi\u00e3o Norte e dos Lagos Fluminenses ou no Esp\u00edrito Santo. No caso do doutorado, o n\u00famero de doutores que j\u00e1 saem empregado em um instituto federal ou mesmo universidade \u00e9 alt\u00edssimo.<\/p>\n","protected":false},"excerpt":{"rendered":"<p>_____________________________________________________________________________________________________ O Programa de P\u00f3s-Gradua\u00e7\u00e3o em Ci\u00eancias Naturais (PPGCN) da UENF foi concebido em 2003, inicialmente com a proposta de&#8230;<\/p>\n","protected":false},"author":10,"featured_media":0,"parent":1604,"menu_order":1,"comment_status":"open","ping_status":"closed","template":"","meta":{"footnotes":""},"class_list":["post-3695","page","type-page","status-publish","hentry"],"_links":{"self":[{"href":"https:\/\/uenf.br\/posgraduacao\/ciencias-naturais\/wp-json\/wp\/v2\/pages\/3695","targetHints":{"allow":["GET"]}}],"collection":[{"href":"https:\/\/uenf.br\/posgraduacao\/ciencias-naturais\/wp-json\/wp\/v2\/pages"}],"about":[{"href":"https:\/\/uenf.br\/posgraduacao\/ciencias-naturais\/wp-json\/wp\/v2\/types\/page"}],"author":[{"embeddable":true,"href":"https:\/\/uenf.br\/posgraduacao\/ciencias-naturais\/wp-json\/wp\/v2\/users\/10"}],"replies":[{"embeddable":true,"href":"https:\/\/uenf.br\/posgraduacao\/ciencias-naturais\/wp-json\/wp\/v2\/comments?post=3695"}],"version-history":[{"count":0,"href":"https:\/\/uenf.br\/posgraduacao\/ciencias-naturais\/wp-json\/wp\/v2\/pages\/3695\/revisions"}],"up":[{"embeddable":true,"href":"https:\/\/uenf.br\/posgraduacao\/ciencias-naturais\/wp-json\/wp\/v2\/pages\/1604"}],"wp:attachment":[{"href":"https:\/\/uenf.br\/posgraduacao\/ciencias-naturais\/wp-json\/wp\/v2\/media?parent=3695"}],"curies":[{"name":"wp","href":"https:\/\/api.w.org\/{rel}","templated":true}]}}