{"id":40,"date":"2014-07-31T15:10:23","date_gmt":"2014-07-31T15:10:23","guid":{"rendered":"http:\/\/uenf.br\/pos-graduacao\/ciencias-naturais\/?page_id=40"},"modified":"2026-04-09T14:10:49","modified_gmt":"2026-04-09T14:10:49","slug":"apresentacao","status":"publish","type":"page","link":"https:\/\/uenf.br\/posgraduacao\/ciencias-naturais\/","title":{"rendered":"APRESENTA\u00c7\u00c3O"},"content":{"rendered":"<h3><img loading=\"lazy\" decoding=\"async\" class=\"wp-image-1115 alignleft\" src=\"https:\/\/uenf.br\/posgraduacao\/ciencias-naturais\/wp-content\/uploads\/sites\/4\/2014\/07\/logPGCN.jpg\" alt=\"logPGCN\" width=\"309\" height=\"310\" \/><\/h3>\n<p>&nbsp;<\/p>\n<h3><span style=\"color: #000000\"><strong>MESTRADO E DOUTORADO (STRICTO SENSU)<\/strong><\/span><\/h3>\n<p><strong><span style=\"color: #000000\">\u00c1REA DE CONCENTRA\u00c7\u00c3O : CI\u00caNCIAS NATURAIS<\/span><br \/>\n<\/strong><\/p>\n<p><span style=\"color: #000000\"><strong>LINHAS DE PESQUISA:<a href=\"https:\/\/sucupira.capes.gov.br\/sucupira\/public\/consultas\/coleta\/programa\/viewPrograma.xhtml?popup=true&amp;cd_programa=31033016013P0\" target=\"_blank\" rel=\"noopener\"><img loading=\"lazy\" decoding=\"async\" class=\"alignright wp-image-4701\" src=\"https:\/\/uenf.br\/posgraduacao\/ciencias-naturais\/wp-content\/uploads\/sites\/4\/2022\/09\/logo-capes.png\" alt=\"\" width=\"167\" height=\"131\" srcset=\"https:\/\/uenf.br\/posgraduacao\/ciencias-naturais\/wp-content\/uploads\/sites\/4\/2022\/09\/logo-capes.png 909w, https:\/\/uenf.br\/posgraduacao\/ciencias-naturais\/wp-content\/uploads\/sites\/4\/2022\/09\/logo-capes-300x235.png 300w, https:\/\/uenf.br\/posgraduacao\/ciencias-naturais\/wp-content\/uploads\/sites\/4\/2022\/09\/logo-capes-768x602.png 768w\" sizes=\"auto, (max-width: 167px) 100vw, 167px\" \/><\/a><\/strong><\/span><\/p>\n<p style=\"padding-left: 200px\"><span style=\"color: #000000\"><a style=\"color: #000000\" href=\"https:\/\/uenf.br\/posgraduacao\/ciencias-naturais\/linhas-de-pesquisa\/bio-organica-e-bio-inorganica\/\" target=\"_blank\" rel=\"noopener\">Bio-org\u00e2nica e Bio-inorg\u00e2nica<\/a><\/span><\/p>\n<p style=\"padding-left: 200px\"><span style=\"color: #000000\"><a style=\"color: #000000\" href=\"https:\/\/uenf.br\/posgraduacao\/ciencias-naturais\/linhas-de-pesquisa\/ciencias-ambientais\/\" target=\"_blank\" rel=\"noopener\">Ci\u00eancias Ambientais<\/a><\/span><\/p>\n<p style=\"padding-left: 200px\"><span style=\"color: #000000\"><a style=\"color: #000000\" href=\"https:\/\/uenf.br\/posgraduacao\/ciencias-naturais\/linhas-de-pesquisa\/ciencia-e-tecnologia-de-materiais\/\" target=\"_blank\" rel=\"noopener\">Ci\u00eancia e Tecnologia de Materiais<\/a>\u00a0 \u00a0 \u00a0\u00a0<\/span><\/p>\n<p style=\"padding-left: 200px\"><span style=\"color: #000000\"><a style=\"color: #000000\" href=\"https:\/\/uenf.br\/posgraduacao\/ciencias-naturais\/linhas-de-pesquisa\/ensino-de-ciencias\/\" target=\"_blank\" rel=\"noopener\">Ensino de Ci\u00eancias<\/a>\u00a0<\/span><span style=\"color: #000000\"><strong><a style=\"color: #000000\" href=\"https:\/\/uenf.br\/posgraduacao\/ciencias-naturais\/linhas-de-pesquisa\/ciencia-e-tecnologia-de-materiais\/\" target=\"_blank\" rel=\"noopener\"><img loading=\"lazy\" decoding=\"async\" class=\"alignright wp-image-5166\" src=\"https:\/\/uenf.br\/posgraduacao\/ciencias-naturais\/wp-content\/uploads\/sites\/4\/2022\/11\/Conceito-5.png\" alt=\"\" width=\"133\" height=\"63\" srcset=\"https:\/\/uenf.br\/posgraduacao\/ciencias-naturais\/wp-content\/uploads\/sites\/4\/2022\/11\/Conceito-5.png 361w, https:\/\/uenf.br\/posgraduacao\/ciencias-naturais\/wp-content\/uploads\/sites\/4\/2022\/11\/Conceito-5-300x142.png 300w\" sizes=\"auto, (max-width: 133px) 100vw, 133px\" \/><\/a><\/strong><\/span><\/p>\n<h5><\/h5>\n<h5 style=\"padding-left: 40px;text-align: justify\"><span style=\"color: #000000\">O Programa de P\u00f3s-gradua\u00e7\u00e3o em Ci\u00eancias Naturais (PPGCN) \u00e9 um Programa de P\u00f3s-Gradua\u00e7\u00e3o Interdisciplinar envolvendo\u00a0 principalmente as \u00e1reas da Qu\u00edmica, F\u00edsica, Biologia, Educa\u00e7\u00e3o, Agronomia e Matem\u00e1tica. A forma\u00e7\u00e3o de recursos humanos, os projetos e as pesquisas de forma interdisciplinar \u00e9 resultado de uma demanda da Ci\u00eancia atual.\u00a0 A interliga\u00e7\u00e3o das diferentes \u00e1reas se tornou essencial para solucionar problemas reais da natureza. Os alunos ingressantes possuem perfis variados,\u00a0 se identificando com o programa pela possibilidade de forma\u00e7\u00e3o e atua\u00e7\u00e3o interdisciplinar.\u00a0 A forma\u00e7\u00e3o e a experi\u00eancia acad\u00eamica lhes permite atuar com sucesso no mercado de trabalho na Educa\u00e7\u00e3o B\u00e1sica, na Educa\u00e7\u00e3o Superior, na Educa\u00e7\u00e3o T\u00e9cnica, na Pesquisa, na Tecnologia ou na Ind\u00fastria, atendendo principalmente as demandas da Regi\u00e3o Norte e Noroeste Fluminense como tamb\u00e9m do Estado do Rio de Janeiro e do Pa\u00eds.<\/span><\/h5>\n<h5 style=\"padding-left: 40px;text-align: justify\"><a href=\"http:\/\/ead.uenf.br\/moodle\/course\/index.php?categoryid=43\" target=\"_blank\" rel=\"noopener\"><img loading=\"lazy\" decoding=\"async\" class=\"wp-image-2837 alignright\" src=\"https:\/\/uenf.br\/posgraduacao\/ciencias-naturais\/wp-content\/uploads\/sites\/4\/2020\/12\/Acesse-nossa-plataforma-virtual-300x93.png\" alt=\"Acesse nossa plataforma virtual\" width=\"297\" height=\"92\" srcset=\"https:\/\/uenf.br\/posgraduacao\/ciencias-naturais\/wp-content\/uploads\/sites\/4\/2020\/12\/Acesse-nossa-plataforma-virtual-300x93.png 300w, https:\/\/uenf.br\/posgraduacao\/ciencias-naturais\/wp-content\/uploads\/sites\/4\/2020\/12\/Acesse-nossa-plataforma-virtual.png 684w\" sizes=\"auto, (max-width: 297px) 100vw, 297px\" \/><\/a><\/h5>\n<h5><a href=\"https:\/\/uenf.br\/posgraduacao\/ciencias-naturais\/editais-e-processos-seletivos\/\" target=\"_blank\" rel=\"noopener\"><img loading=\"lazy\" decoding=\"async\" class=\"wp-image-3933 alignnone\" src=\"https:\/\/uenf.br\/posgraduacao\/ciencias-naturais\/wp-content\/uploads\/sites\/4\/2021\/10\/Processos-seletivos-portugues.png\" alt=\"\" width=\"406\" height=\"92\" srcset=\"https:\/\/uenf.br\/posgraduacao\/ciencias-naturais\/wp-content\/uploads\/sites\/4\/2021\/10\/Processos-seletivos-portugues.png 406w, https:\/\/uenf.br\/posgraduacao\/ciencias-naturais\/wp-content\/uploads\/sites\/4\/2021\/10\/Processos-seletivos-portugues-300x68.png 300w\" sizes=\"auto, (max-width: 406px) 100vw, 406px\" \/><\/a><\/h5>\n<h5><\/h5>\n<p><a href=\"https:\/\/www.youtube.com\/channel\/UC3VTew5Zpz0qeTYyF9cm9hQ\" target=\"_blank\" rel=\"noopener\"><img loading=\"lazy\" decoding=\"async\" class=\"wp-image-2844 alignleft\" src=\"https:\/\/uenf.br\/posgraduacao\/ciencias-naturais\/wp-content\/uploads\/sites\/4\/2020\/12\/Logo-youtube.png\" alt=\"\" width=\"78\" height=\"80\" srcset=\"https:\/\/uenf.br\/posgraduacao\/ciencias-naturais\/wp-content\/uploads\/sites\/4\/2020\/12\/Logo-youtube.png 316w, https:\/\/uenf.br\/posgraduacao\/ciencias-naturais\/wp-content\/uploads\/sites\/4\/2020\/12\/Logo-youtube-293x300.png 293w\" sizes=\"auto, (max-width: 78px) 100vw, 78px\" \/><\/a><a href=\"https:\/\/www.facebook.com\/pgcienciasnaturais\" target=\"_blank\" rel=\"noopener\"><img loading=\"lazy\" decoding=\"async\" class=\"wp-image-2843 alignleft\" src=\"https:\/\/uenf.br\/posgraduacao\/ciencias-naturais\/wp-content\/uploads\/sites\/4\/2020\/12\/Logo-facebook.png\" alt=\"\" width=\"80\" height=\"83\" srcset=\"https:\/\/uenf.br\/posgraduacao\/ciencias-naturais\/wp-content\/uploads\/sites\/4\/2020\/12\/Logo-facebook.png 314w, https:\/\/uenf.br\/posgraduacao\/ciencias-naturais\/wp-content\/uploads\/sites\/4\/2020\/12\/Logo-facebook-290x300.png 290w\" sizes=\"auto, (max-width: 80px) 100vw, 80px\" \/><\/a><a href=\"https:\/\/www.instagram.com\/pgcnuenf\/\" target=\"_blank\" rel=\"noopener\"><img loading=\"lazy\" decoding=\"async\" class=\"wp-image-4229 alignleft\" src=\"https:\/\/uenf.br\/posgraduacao\/ciencias-naturais\/wp-content\/uploads\/sites\/4\/2021\/11\/icone-instagram.jpg\" alt=\"\" width=\"87\" height=\"87\" srcset=\"https:\/\/uenf.br\/posgraduacao\/ciencias-naturais\/wp-content\/uploads\/sites\/4\/2021\/11\/icone-instagram.jpg 228w, https:\/\/uenf.br\/posgraduacao\/ciencias-naturais\/wp-content\/uploads\/sites\/4\/2021\/11\/icone-instagram-150x150.jpg 150w\" sizes=\"auto, (max-width: 87px) 100vw, 87px\" \/><\/a> <a href=\"https:\/\/twitter.com\/pgcnuenf\" target=\"_blank\" rel=\"noopener\"><img loading=\"lazy\" decoding=\"async\" class=\"wp-image-4234 alignleft\" src=\"https:\/\/uenf.br\/posgraduacao\/ciencias-naturais\/wp-content\/uploads\/sites\/4\/2021\/11\/logo-twitter.png\" alt=\"\" width=\"108\" height=\"98\" \/><\/a><a href=\"mailto:pgcn@uenf.br\"><img loading=\"lazy\" decoding=\"async\" class=\"alignnone wp-image-6640\" src=\"https:\/\/uenf.br\/posgraduacao\/ciencias-naturais\/wp-content\/uploads\/sites\/4\/2023\/12\/mailto.jpg\" alt=\"\" width=\"87\" height=\"71\" \/><\/a><\/p>\n<h3><\/h3>\n<h3><\/h3>\n<h3><\/h3>\n<p>&nbsp;<\/p>\n<p><!--more--><\/p>\n","protected":false},"excerpt":{"rendered":"<p>&nbsp; MESTRADO E DOUTORADO (STRICTO SENSU) \u00c1REA DE CONCENTRA\u00c7\u00c3O : CI\u00caNCIAS NATURAIS LINHAS DE PESQUISA: Bio-org\u00e2nica e Bio-inorg\u00e2nica Ci\u00eancias Ambientais&#8230;<\/p>\n","protected":false},"author":10,"featured_media":0,"parent":0,"menu_order":0,"comment_status":"closed","ping_status":"open","template":"","meta":{"footnotes":""},"class_list":["post-40","page","type-page","status-publish","hentry"],"_links":{"self":[{"href":"https:\/\/uenf.br\/posgraduacao\/ciencias-naturais\/wp-json\/wp\/v2\/pages\/40","targetHints":{"allow":["GET"]}}],"collection":[{"href":"https:\/\/uenf.br\/posgraduacao\/ciencias-naturais\/wp-json\/wp\/v2\/pages"}],"about":[{"href":"https:\/\/uenf.br\/posgraduacao\/ciencias-naturais\/wp-json\/wp\/v2\/types\/page"}],"author":[{"embeddable":true,"href":"https:\/\/uenf.br\/posgraduacao\/ciencias-naturais\/wp-json\/wp\/v2\/users\/10"}],"replies":[{"embeddable":true,"href":"https:\/\/uenf.br\/posgraduacao\/ciencias-naturais\/wp-json\/wp\/v2\/comments?post=40"}],"version-history":[{"count":0,"href":"https:\/\/uenf.br\/posgraduacao\/ciencias-naturais\/wp-json\/wp\/v2\/pages\/40\/revisions"}],"wp:attachment":[{"href":"https:\/\/uenf.br\/posgraduacao\/ciencias-naturais\/wp-json\/wp\/v2\/media?parent=40"}],"curies":[{"name":"wp","href":"https:\/\/api.w.org\/{rel}","templated":true}]}}